{"id":5389,"date":"2016-05-03T17:42:44","date_gmt":"2016-05-03T15:42:44","guid":{"rendered":"http:\/\/culturesconnection.com\/fr\/?page_id=5389"},"modified":"2022-11-09T16:53:33","modified_gmt":"2022-11-09T15:53:33","slug":"traduction-financiere-allemand","status":"publish","type":"page","link":"https:\/\/culturesconnection.com\/fr\/services-de-traduction-allemand\/traduction-financiere-allemand\/","title":{"rendered":"Agence de traduction financi\u00e8re en allemand"},"content":{"rendered":"\n<h2 class=\"wp-block-heading\">La traduction financi\u00e8re allemand &#8211; fran\u00e7ais, une question d\u2019exactitude<\/h2>\n\n\n\n<p>La traduction de documents financiers en allemand exige de la pr\u00e9cision, de la rigueur ainsi qu\u2019une solide connaissance du monde financier, de sa terminologie et de ses r\u00e9glementations. Le traducteur professionnel \u00e0 qui vous confiez la traduction de votre projet doit \u00eatre une personne fiable, capable de vous assurer le meilleur r\u00e9sultat en termes de qualit\u00e9. Toute erreur entra\u00eene une s\u00e9rie de r\u00e9percussions, le plus souvent financi\u00e8res, qui peuvent s\u2019av\u00e9rer graves. Il est par exemple fr\u00e9quent que des entreprises perdent petit \u00e0 petit leurs clients \u00e0 la suite de mauvaises traductions qui ont provoqu\u00e9 la confusion et la m\u00e9fiance chez ces derniers. En d\u2019autres termes, choisir une <a href=\"https:\/\/culturesconnection.com\/fr\/\">agence de traduction<\/a> de confiance est primordial.<\/p>\n\n\n\n<h2 class=\"wp-block-heading\">Notre entreprise de traduction<\/h2>\n\n\n\n<p>Chez Cultures Connection nous vous proposons de nombreux <a href=\"https:\/\/culturesconnection.com\/fr\/services-de-traduction\/\">services de traduction<\/a>. Afin de vous fournir des <a href=\"https:\/\/culturesconnection.com\/fr\/traduction-financiere\/\">traductions financi\u00e8res <\/a>de qualit\u00e9 en allemand, nous travaillons uniquement en collaboration avec des traducteurs professionnels forts de plusieurs ann\u00e9es d\u2019exp\u00e9rience. Ils sont tous s\u00e9lectionn\u00e9s en fonction de leurs qualifications et sont soumis \u00e0 des tests rigoureux. Vos projets sont confi\u00e9s \u00e0 des experts de la finance qui ma\u00eetrisent le fran\u00e7ais et l\u2019allemand \u00e0 la perfection et traduisent toujours vers leur langue maternelle. Si vous \u00eates \u00e0 la recherche d\u2019une traduction de documents financiers en allemand, vous avez frapp\u00e9 \u00e0 la bonne porte.<\/p>\n\n\n\n<h2 class=\"wp-block-heading\">Vos documents financiers en allemand<\/h2>\n\n\n\n<p>Voici une liste non exhaustive de types de documents financiers que notre agence traduit fr\u00e9quemment depuis et vers l\u2019allemand :<\/p>\n\n\n\n<ul class=\"wp-block-list\"><li>Contenus relatifs \u00e0 la bourse<\/li><li>Prospectus<\/li><li>Documents bancaires<\/li><li>Rapports d\u2019audits<\/li><li>Bilans<\/li><li>Lettres d\u2019informations financi\u00e8res<\/li><li>Documents de gestion du risque et de gestion d\u2019actifs<\/li><li>Textes de fusions et d\u2019acquisitions<\/li><li>Papiers de recherche<\/li><li>Rapports de fonds d\u2019investissement<\/li><li>Rapports d\u2019activit\u00e9<\/li><li>Documents d\u2019informations cl\u00e9s pour l\u2019investisseur (DICI)<\/li><\/ul>\n","protected":false},"excerpt":{"rendered":"<p>La traduction financi\u00e8re allemand &#8211; fran\u00e7ais, une question d\u2019exactitude La traduction de documents financiers en allemand exige de la pr\u00e9cision, de la rigueur ainsi qu\u2019une [&#8230;]<\/p>\n<p><a class=\"btn btn-secondary understrap-read-more-link\" href=\"https:\/\/culturesconnection.com\/fr\/services-de-traduction-allemand\/traduction-financiere-allemand\/\">Lire la suite\u2026<span class=\"screen-reader-text\"> from Agence de traduction financi\u00e8re en allemand<\/span><\/a><\/p>\n","protected":false},"author":32,"featured_media":24329,"parent":5601,"menu_order":0,"comment_status":"closed","ping_status":"closed","template":"","meta":{"_acf_changed":false,"_editorskit_title_hidden":false,"_editorskit_reading_time":0,"_editorskit_is_block_options_detached":false,"_editorskit_block_options_position":"{}","footnotes":""},"class_list":["post-5389","page","type-page","status-publish","has-post-thumbnail","hentry"],"acf":[],"_links":{"self":[{"href":"https:\/\/culturesconnection.com\/fr\/wp-json\/wp\/v2\/pages\/5389","targetHints":{"allow":["GET"]}}],"collection":[{"href":"https:\/\/culturesconnection.com\/fr\/wp-json\/wp\/v2\/pages"}],"about":[{"href":"https:\/\/culturesconnection.com\/fr\/wp-json\/wp\/v2\/types\/page"}],"author":[{"embeddable":true,"href":"https:\/\/culturesconnection.com\/fr\/wp-json\/wp\/v2\/users\/32"}],"replies":[{"embeddable":true,"href":"https:\/\/culturesconnection.com\/fr\/wp-json\/wp\/v2\/comments?post=5389"}],"version-history":[{"count":0,"href":"https:\/\/culturesconnection.com\/fr\/wp-json\/wp\/v2\/pages\/5389\/revisions"}],"up":[{"embeddable":true,"href":"https:\/\/culturesconnection.com\/fr\/wp-json\/wp\/v2\/pages\/5601"}],"wp:featuredmedia":[{"embeddable":true,"href":"https:\/\/culturesconnection.com\/fr\/wp-json\/wp\/v2\/media\/24329"}],"wp:attachment":[{"href":"https:\/\/culturesconnection.com\/fr\/wp-json\/wp\/v2\/media?parent=5389"}],"curies":[{"name":"wp","href":"https:\/\/api.w.org\/{rel}","templated":true}]}}