{"id":5384,"date":"2016-05-03T17:25:47","date_gmt":"2016-05-03T15:25:47","guid":{"rendered":"http:\/\/culturesconnection.com\/fr\/?page_id=5384"},"modified":"2022-12-05T10:58:17","modified_gmt":"2022-12-05T09:58:17","slug":"traduction-financiere-anglais","status":"publish","type":"page","link":"https:\/\/culturesconnection.com\/fr\/traduction-financiere-anglais\/","title":{"rendered":"Agence de traduction financi\u00e8re en anglais"},"content":{"rendered":"\n<h2 class=\"wp-block-heading\">Un service r\u00e9alis\u00e9 par des sp\u00e9cialistes de la traduction financi\u00e8re anglais &#8211; fran\u00e7ais<\/h2>\n\n\n\n<p>Notre <a href=\"https:\/\/culturesconnection.com\/fr\/\">agence de traduction<\/a> r\u00e9alise de nombreuses traductions financi\u00e8res. La traduction financi\u00e8re exige une connaissance pointue de ce domaine d\u2019activit\u00e9 ainsi qu\u2019une parfaite ma\u00eetrise de la terminologie qui s\u2019y rapporte. Dans le secteur de la finance, la rigueur et la pr\u00e9cision sont de mise. Une seule erreur dans un document financier peut entra\u00eener des incompr\u00e9hensions et des malentendus chez le lecteur, ce qui affectera sa prise de d\u00e9cision. Afin d\u2019\u00e9viter ces \u00e9carts et d\u2019assurer des <a href=\"https:\/\/culturesconnection.com\/fr\/services-de-traduction\/\">services de traduction<\/a> de qualit\u00e9, nous mettons \u00e0 votre disposition les comp\u00e9tences d\u2019un large r\u00e9seau de traducteurs, sp\u00e9cialistes de la traduction financi\u00e8re en anglais. Ils sont s\u00e9lectionn\u00e9s sur base de leur exp\u00e9rience, de leurs qualifications et de leurs dipl\u00f4mes. Tous ont derri\u00e8re eux plusieurs ann\u00e9es d\u2019exp\u00e9rience dans le domaine de la traduction financi\u00e8re et ont \u00e9t\u00e9 test\u00e9s par nos soins.<\/p>\n\n\n\n<h2 class=\"wp-block-heading\">Notre agence de traduction professionnelle<\/h2>\n\n\n\n<p>Choisir Cultures Connection pour vos traductions financi\u00e8res en anglais, c\u2019est choisir la rapidit\u00e9, la qualit\u00e9 et la fiabilit\u00e9. Notre cabinet de traduction est fort d\u2019une longue exp\u00e9rience dans ce secteur. Chaque projet est pris en charge par des traducteurs financiers qualifi\u00e9s, qui r\u00e9pondront \u00e0 vos exigences et vous fourniront des r\u00e9sultats qualitatifs \u00e0 des prix comp\u00e9titifs. Ils connaissent sur le bout des doigts la langue anglaise, sont sp\u00e9cialis\u00e9s dans le domaine de la <a href=\"https:\/\/culturesconnection.com\/fr\/traduction-financiere\/\">traduction financi\u00e8re<\/a> et respectent les crit\u00e8res et les valeurs de notre entreprise de traduction.<\/p>\n\n\n\n<h2 class=\"wp-block-heading\">Vos documents financiers en anglais<\/h2>\n\n\n\n<p>Voici une liste d\u2019exemples de documents financiers que notre cabinet a l\u2019habitude de traduire de et vers l\u2019anglais. Cette liste comprend notamment :<\/p>\n\n\n\n<ul class=\"wp-block-list\"><li>Documents relatifs \u00e0 la bourse<\/li><li>Prospectus<\/li><li>Documents bancaires<\/li><li>Rapports d\u2019audits<\/li><li>Bilans<\/li><li>Lettres d\u2019informations financi\u00e8res<\/li><li>Documents de gestion du risque et de gestion d\u2019actifs<\/li><li>Textes de fusions et d\u2019acquisitions<\/li><li>Articles universitaires et m\u00e9dias<\/li><li>Rapports de fonds d\u2019investissement<\/li><li>Rapports d\u2019activit\u00e9<\/li><li>Documents d\u2019informations cl\u00e9s pour l\u2019investisseur (DICI)<\/li><\/ul>\n","protected":false},"excerpt":{"rendered":"<p>Un service r\u00e9alis\u00e9 par des sp\u00e9cialistes de la traduction financi\u00e8re anglais &#8211; fran\u00e7ais Notre agence de traduction r\u00e9alise de nombreuses traductions financi\u00e8res. La traduction financi\u00e8re [&#8230;]<\/p>\n<p><a class=\"btn btn-secondary understrap-read-more-link\" href=\"https:\/\/culturesconnection.com\/fr\/traduction-financiere-anglais\/\">Lire la suite\u2026<span class=\"screen-reader-text\"> from Agence de traduction financi\u00e8re en anglais<\/span><\/a><\/p>\n","protected":false},"author":32,"featured_media":24329,"parent":0,"menu_order":0,"comment_status":"closed","ping_status":"closed","template":"","meta":{"_acf_changed":false,"_editorskit_title_hidden":false,"_editorskit_reading_time":1,"_editorskit_is_block_options_detached":false,"_editorskit_block_options_position":"{}","footnotes":""},"class_list":["post-5384","page","type-page","status-publish","has-post-thumbnail","hentry"],"acf":[],"_links":{"self":[{"href":"https:\/\/culturesconnection.com\/fr\/wp-json\/wp\/v2\/pages\/5384","targetHints":{"allow":["GET"]}}],"collection":[{"href":"https:\/\/culturesconnection.com\/fr\/wp-json\/wp\/v2\/pages"}],"about":[{"href":"https:\/\/culturesconnection.com\/fr\/wp-json\/wp\/v2\/types\/page"}],"author":[{"embeddable":true,"href":"https:\/\/culturesconnection.com\/fr\/wp-json\/wp\/v2\/users\/32"}],"replies":[{"embeddable":true,"href":"https:\/\/culturesconnection.com\/fr\/wp-json\/wp\/v2\/comments?post=5384"}],"version-history":[{"count":0,"href":"https:\/\/culturesconnection.com\/fr\/wp-json\/wp\/v2\/pages\/5384\/revisions"}],"wp:featuredmedia":[{"embeddable":true,"href":"https:\/\/culturesconnection.com\/fr\/wp-json\/wp\/v2\/media\/24329"}],"wp:attachment":[{"href":"https:\/\/culturesconnection.com\/fr\/wp-json\/wp\/v2\/media?parent=5384"}],"curies":[{"name":"wp","href":"https:\/\/api.w.org\/{rel}","templated":true}]}}