{"id":5174,"date":"2016-03-11T18:08:00","date_gmt":"2016-03-11T16:08:00","guid":{"rendered":"http:\/\/culturesconnection.com\/fr\/?page_id=5174"},"modified":"2025-06-03T10:40:36","modified_gmt":"2025-06-03T08:40:36","slug":"interpretation-consecutive","status":"publish","type":"page","link":"https:\/\/culturesconnection.com\/fr\/interpretation-consecutive\/","title":{"rendered":"Nos services d&rsquo;interpr\u00e9tation cons\u00e9cutive"},"content":{"rendered":"\n<h2 class=\"wp-block-heading\">Agence d\u2019interpr\u00e9tation cons\u00e9cutive <\/h2>\n\n\n\n<p>Vous organisez un \u00e9v\u00e9nement regroupant des participants dont les langues et cultures diff\u00e8rent ? Vous allez avoir besoin d\u2019interpr\u00e8tes. Mais quel <a href=\"https:\/\/culturesconnection.com\/fr\/interpretation\/\">service d\u2019interpr\u00e9tation<\/a> choisir ? Tout d\u00e9pend du type d\u2019\u00e9v\u00e9nement, de l\u2019endroit, du temps disponible, du budget et du nombre de participants. Qu\u2019elle soit de conf\u00e9rence, de liaison ou cons\u00e9cutive, chaque interpr\u00e9tation est adapt\u00e9e \u00e0 divers types de situations.<\/p>\n\n\n\n<p>L\u2019interpr\u00e9tation cons\u00e9cutive joue un r\u00f4le majeur dans la r\u00e9alit\u00e9 professionnelle des interpr\u00e8tes. Les discours interpr\u00e9t\u00e9s en cons\u00e9cutive ne sont pas syst\u00e9matiquement des allocutions formelles. Comme <strong>ce mode d\u2019interpr\u00e9tation n\u2019exige pas de mat\u00e9riel particulier<\/strong>, il est ad\u00e9quat pour bon nombre de situations&nbsp;: banquets, r\u00e9ceptions, inaugurations d\u2019\u00e9v\u00e9nements, visites guid\u00e9es, voyages d\u2019affaires, visites diplomatiques ou de personnalit\u00e9s, n\u00e9gociations autour d\u2019une table, voyage incentive\u2026<\/p>\n\n\n\n<h2 class=\"wp-block-heading\">L\u2019interpr\u00e9tation cons\u00e9cutive : une m\u00e9thode simple et conviviale<\/h2>\n\n\n\n<p>Quand avoir recours \u00e0 un interpr\u00e8te en cons\u00e9cutive ? Assis aupr\u00e8s de vous, l\u2019interpr\u00e8te prend des notes qui l\u2019aideront \u00e0 reproduire fid\u00e8lement et int\u00e9gralement en une fois ou en plusieurs fois le discours dans la langue cible. Contrairement \u00e0 l\u2019interpr\u00e9tation simultan\u00e9e, nul besoin de se munir de mat\u00e9riel sophistiqu\u00e9 : un bloc-notes et un crayon suffiront.<\/p>\n\n\n\n<h2 class=\"wp-block-heading\">Services d\u2019interpr\u00e9tation \u00e0 Paris et \u00e0 l\u2019\u00e9tranger<\/h2>\n\n\n\n<p>Notre <a href=\"https:\/\/culturesconnection.com\/fr\/\">agence d\u2019interpr\u00e9tation<\/a> collabore avec des interpr\u00e8tes professionnels reconnus pour leur dipl\u00f4me et leur exp\u00e9rience dans leur domaine. Avec pr\u00e8s de 80 paires de langues (anglais, fran\u00e7ais, allemand, espagnol, chinois, russe, italien, finlandais, croate, turc, ourdou\u2026), Cultures Connection est votre prestataire de services d\u2019interpr\u00e9tation \u00e0 Paris, Nice, Buenos Aires et dans le monde pour toutes vos communications multilingues.<\/p>\n","protected":false},"excerpt":{"rendered":"<p>Agence d\u2019interpr\u00e9tation cons\u00e9cutive Vous organisez un \u00e9v\u00e9nement regroupant des participants dont les langues et cultures diff\u00e8rent ? Vous allez avoir besoin d\u2019interpr\u00e8tes. Mais quel service [&#8230;]<\/p>\n<p><a class=\"btn btn-secondary understrap-read-more-link\" href=\"https:\/\/culturesconnection.com\/fr\/interpretation-consecutive\/\">Lire la suite\u2026<span class=\"screen-reader-text\"> from Nos services d&rsquo;interpr\u00e9tation cons\u00e9cutive<\/span><\/a><\/p>\n","protected":false},"author":26,"featured_media":5178,"parent":0,"menu_order":0,"comment_status":"closed","ping_status":"closed","template":"","meta":{"_acf_changed":false,"_editorskit_title_hidden":false,"_editorskit_reading_time":0,"_editorskit_is_block_options_detached":false,"_editorskit_block_options_position":"{}","footnotes":""},"class_list":["post-5174","page","type-page","status-publish","has-post-thumbnail","hentry"],"acf":[],"_links":{"self":[{"href":"https:\/\/culturesconnection.com\/fr\/wp-json\/wp\/v2\/pages\/5174","targetHints":{"allow":["GET"]}}],"collection":[{"href":"https:\/\/culturesconnection.com\/fr\/wp-json\/wp\/v2\/pages"}],"about":[{"href":"https:\/\/culturesconnection.com\/fr\/wp-json\/wp\/v2\/types\/page"}],"author":[{"embeddable":true,"href":"https:\/\/culturesconnection.com\/fr\/wp-json\/wp\/v2\/users\/26"}],"replies":[{"embeddable":true,"href":"https:\/\/culturesconnection.com\/fr\/wp-json\/wp\/v2\/comments?post=5174"}],"version-history":[{"count":0,"href":"https:\/\/culturesconnection.com\/fr\/wp-json\/wp\/v2\/pages\/5174\/revisions"}],"wp:featuredmedia":[{"embeddable":true,"href":"https:\/\/culturesconnection.com\/fr\/wp-json\/wp\/v2\/media\/5178"}],"wp:attachment":[{"href":"https:\/\/culturesconnection.com\/fr\/wp-json\/wp\/v2\/media?parent=5174"}],"curies":[{"name":"wp","href":"https:\/\/api.w.org\/{rel}","templated":true}]}}