{"id":4456,"date":"2015-11-18T20:58:37","date_gmt":"2015-11-18T18:58:37","guid":{"rendered":"http:\/\/culturesconnection.com\/fr\/?page_id=4456"},"modified":"2023-12-24T21:59:26","modified_gmt":"2023-12-24T20:59:26","slug":"services-de-traduction","status":"publish","type":"page","link":"https:\/\/culturesconnection.com\/fr\/services-de-traduction\/","title":{"rendered":"Nos Services de Traduction | Services de qualit\u00e9 dans toutes les langues"},"content":{"rendered":"\n<h2 class=\"wp-block-heading\">Des services de traduction professionnels<\/h2>\n\n\n\n<p>Votre entreprise a besoin de services de traduction professionnels ? Cultures Connection accompagne votre soci\u00e9t\u00e9 dans son d\u00e9veloppement \u00e0 l\u2019international en vous proposant un large \u00e9ventail de services de traduction pour vos contenus dans votre secteur, allant de la <strong>traduction m\u00e9dicale<\/strong> ou la <strong>traduction technique<\/strong> \u00e0 la <strong>traduction de sites web<\/strong>.&nbsp;Faites appel \u00e0 notre \u00e9quipe pour tout service de traduction. L\u2019implantation de notre agence professionnelle \u00e0 <a href=\"https:\/\/culturesconnection.com\/fr\/agence-de-traduction-paris\/\">Paris<\/a>, <a href=\"https:\/\/culturesconnection.com\/fr\/agence-de-traduction-nice\/\">Nice<\/a>, <a href=\"https:\/\/culturesconnection.com\/fr\/agence-de-traduction-buenos-aires\/\">Buenos Aires<\/a> et <a href=\"https:\/\/culturesconnection.com\/fr\/agence-de-traduction-a-new-york\/\">New York<\/a> nous permet une r\u00e9activit\u00e9 optimale pour traiter les demandes de nos clients.<\/p>\n\n\n\n<p>Vous avez besoin d\u2019une traduction urgente ? Vous pouvez compter sur notre \u00e9quipe pour traduire votre document dans la langue ou les langues que vous souhaitez. Notre agence de traduction est \u00e0 votre disposition plus de <strong><span style=\"color: #000000;\">18&nbsp;heures<\/span><\/strong> par jour.<\/p>\n\n\n\n<h2 class=\"wp-block-heading\">Pourquoi utiliser des traductions de qualit\u00e9 faites par des experts ?<\/h2>\n\n\n\n<p>Faire appel \u00e0 des traducteurs professionnels pour tout service de traduction, de localisation ou de sous-titrage est essentiel. Votre entreprise ou votre organisme a besoin d\u2019une \u00e9quipe de traducteurs capable de traduire chaque contenu parfaitement. Notre agence met un point d\u2019honneur \u00e0 fournir des traductions de qualit\u00e9 \u00e0 ses clients. Nous travaillons avec un formidable r\u00e9seau de <strong>740 traducteurs professionnels<\/strong> \u00e0 travers le monde. Chaque traducteur traduit vers sa langue maternelle. Pour votre projet de traduction multilingue, nous constituons une \u00e9quipe professionnelle, la langue cible pouvant \u00eatre l\u2019anglais, le fran\u00e7ais, l\u2019espagnol, l\u2019allemand, le chinois, l\u2019hindi, le japonais et des dizaines d\u2019autres langues. Nos traducteurs sont s\u00e9lectionn\u00e9s sur la base de leurs dipl\u00f4mes et de leur exp\u00e9rience. En outre, ils doivent r\u00e9ussir un test de traduction dans leurs domaines de sp\u00e9cialisation. Tous utilisent des logiciels d\u2019aide \u00e0 la traduction afin d\u2019\u00eatre rapides, rigoureux et efficaces. Leur grande expertise leur permet de traduire des textes de fa\u00e7on professionnelle pour les entreprises et les institutions.<\/p>\n\n\n\n<h2 class=\"wp-block-heading\">Quels sont nos services de traduction ?<\/h2>\n\n\n\n<p>Nos <strong>services de traduction<\/strong> se d\u00e9clinent en quatre formules con\u00e7ues sp\u00e9cialement pour r\u00e9pondre aux besoins de nos clients :<\/p>\n\n\n\n<ul class=\"wp-block-list\">\n<li><strong>Basique&nbsp;<\/strong>: traduction rapide et \u00e0 faible co\u00fbt pour des documents avec un contenu \u00e0 caract\u00e8re informatif que nos clients vont utiliser en interne.<\/li>\n\n\n\n<li><strong>Standard<\/strong> :&nbsp;traduction \u00e9conomique et rapide pour des documents volumineux, des rapports ou encore des documents informatifs.<\/li>\n\n\n\n<li><strong>Professionnelle<\/strong> : id\u00e9ale pour les traductions de documents commerciaux et marketing o\u00f9 la qualit\u00e9 prime avant tout.<\/li>\n\n\n\n<li><strong>Premium<\/strong> : traduction puis r\u00e9vision par des experts, ce service est adapt\u00e9 aux traductions de documents sp\u00e9cialis\u00e9s (documents techniques, scientifiques et financiers) destin\u00e9s \u00e0 \u00eatre diffus\u00e9s \u00e0 un large public.<\/li>\n<\/ul>\n\n\n\n<p>Parce que la qualit\u00e9 est toujours le meilleur choix, notre <a href=\"https:\/\/culturesconnection.com\/fr\/\">agence de traduction<\/a> vous propose des services de relecture, de r\u00e9vision, de mise en page (PAO) et d\u2019assurance qualit\u00e9.<\/p>\n\n\n\n<p>Chaque projet est supervis\u00e9 par un chef de projet. Un service de r\u00e9vision et\/ou un service de relecture et\/ou un service de contr\u00f4le qualit\u00e9 sont ajout\u00e9s en fonction de la formule souhait\u00e9e par le client.&nbsp;<\/p>\n\n\n\n<h2 class=\"wp-block-heading\">Quels sont les domaines de traduction ?<\/h2>\n\n\n\n<p>Notre force ? La gestion de projets de traduction pour des secteurs d\u2019activit\u00e9s tr\u00e8s distincts qui ont besoin de faire traduire des documents aux contenus vari\u00e9s. <\/p>\n\n\n\n<p>Quel que soit le domaine de votre entreprise, pour la traduction du contenu de vos document, de votre site internet et de vos vid\u00e9os, Cultures Connection est au rendez-vous. Nous savons traduire dans <strong>les domaines de traduction <\/strong>suivants&nbsp;: le marketing, la m\u00e9decine, le droit, l\u2019audiovisuel, le luxe, les sciences, la finance, l\u2019&rsquo;IT et les sites web, la culture, et tous les domaines techniques.<\/p>\n\n\n\n<p>Gr\u00e2ce \u00e0 notre r\u00e9seau de traducteurs en constante augmentation, nous sommes \u00e0 m\u00eame de vous accompagner dans l\u2019internationalisation de votre communication, selon votre secteur ou domaine d\u2019activit\u00e9. Notre agence de traduction a pour mission de trouver le traducteur ad\u00e9quat pour vos traductions sp\u00e9cialis\u00e9es. Contactez-nous&nbsp;!<\/p>\n","protected":false},"excerpt":{"rendered":"<p>Des services de traduction professionnels Votre entreprise a besoin de services de traduction professionnels ? Cultures Connection accompagne votre soci\u00e9t\u00e9 dans son d\u00e9veloppement \u00e0 l\u2019international [&#8230;]<\/p>\n<p><a class=\"btn btn-secondary understrap-read-more-link\" href=\"https:\/\/culturesconnection.com\/fr\/services-de-traduction\/\">Lire la suite\u2026<span class=\"screen-reader-text\"> from Nos Services de Traduction | Services de qualit\u00e9 dans toutes les langues<\/span><\/a><\/p>\n","protected":false},"author":26,"featured_media":19492,"parent":0,"menu_order":0,"comment_status":"closed","ping_status":"closed","template":"","meta":{"_acf_changed":false,"_editorskit_title_hidden":false,"_editorskit_reading_time":2,"_editorskit_is_block_options_detached":false,"_editorskit_block_options_position":"{}","footnotes":""},"class_list":["post-4456","page","type-page","status-publish","has-post-thumbnail","hentry"],"acf":[],"yoast_head":"<!-- This site is optimized with the Yoast SEO Premium plugin v23.4 (Yoast SEO v27.3) - https:\/\/yoast.com\/product\/yoast-seo-premium-wordpress\/ -->\n<title>Services de traduction professionnelle<\/title>\n<meta name=\"description\" content=\"Culture Connection propose diff\u00e9rents types de services de traduction pour accompagner votre entreprise dans son expansion internationale. Devis gratuit.\" \/>\n<meta name=\"robots\" content=\"index, follow, max-snippet:-1, max-image-preview:large, max-video-preview:-1\" \/>\n<link rel=\"canonical\" href=\"https:\/\/culturesconnection.com\/fr\/services-de-traduction\/\" \/>\n<meta property=\"og:locale\" content=\"fr_FR\" \/>\n<meta property=\"og:type\" content=\"article\" \/>\n<meta property=\"og:title\" content=\"Nos Services de Traduction | Services de qualit\u00e9 dans toutes les langues\" \/>\n<meta property=\"og:description\" content=\"Culture Connection propose diff\u00e9rents types de services de traduction pour accompagner votre entreprise dans son expansion internationale. Devis gratuit.\" \/>\n<meta property=\"og:url\" content=\"https:\/\/culturesconnection.com\/fr\/services-de-traduction\/\" \/>\n<meta property=\"og:site_name\" content=\"Cultures Connection\" \/>\n<meta property=\"article:publisher\" content=\"https:\/\/www.facebook.com\/CulturesConnection\" \/>\n<meta property=\"article:modified_time\" content=\"2023-12-24T20:59:26+00:00\" \/>\n<meta property=\"og:image\" content=\"https:\/\/culturesconnection.com\/wp-content\/uploads\/2020\/03\/02-Servicios-de-Traducci\u00f3n.png\" \/>\n\t<meta property=\"og:image:width\" content=\"1417\" \/>\n\t<meta property=\"og:image:height\" content=\"561\" \/>\n\t<meta property=\"og:image:type\" content=\"image\/png\" \/>\n<meta name=\"twitter:card\" content=\"summary_large_image\" \/>\n<meta name=\"twitter:site\" content=\"@CulturesCo_\" \/>\n<meta name=\"twitter:label1\" content=\"Dur\u00e9e de lecture estim\u00e9e\" \/>\n\t<meta name=\"twitter:data1\" content=\"3 minutes\" \/>\n<script type=\"application\/ld+json\" class=\"yoast-schema-graph\">{\"@context\":\"https:\\\/\\\/schema.org\",\"@graph\":[{\"@type\":\"WebPage\",\"@id\":\"https:\\\/\\\/culturesconnection.com\\\/fr\\\/services-de-traduction\\\/\",\"url\":\"https:\\\/\\\/culturesconnection.com\\\/fr\\\/services-de-traduction\\\/\",\"name\":\"Services de traduction professionnelle\",\"isPartOf\":{\"@id\":\"https:\\\/\\\/culturesconnection.com\\\/fr\\\/#website\"},\"primaryImageOfPage\":{\"@id\":\"https:\\\/\\\/culturesconnection.com\\\/fr\\\/services-de-traduction\\\/#primaryimage\"},\"image\":{\"@id\":\"https:\\\/\\\/culturesconnection.com\\\/fr\\\/services-de-traduction\\\/#primaryimage\"},\"thumbnailUrl\":\"https:\\\/\\\/culturesconnection.com\\\/wp-content\\\/uploads\\\/2020\\\/03\\\/02-Servicios-de-Traducci\u00f3n.png\",\"datePublished\":\"2015-11-18T18:58:37+00:00\",\"dateModified\":\"2023-12-24T20:59:26+00:00\",\"description\":\"Culture Connection propose diff\u00e9rents types de services de traduction pour accompagner votre entreprise dans son expansion internationale. Devis gratuit.\",\"breadcrumb\":{\"@id\":\"https:\\\/\\\/culturesconnection.com\\\/fr\\\/services-de-traduction\\\/#breadcrumb\"},\"inLanguage\":\"fr-FR\",\"potentialAction\":[{\"@type\":\"ReadAction\",\"target\":[\"https:\\\/\\\/culturesconnection.com\\\/fr\\\/services-de-traduction\\\/\"]}]},{\"@type\":\"ImageObject\",\"inLanguage\":\"fr-FR\",\"@id\":\"https:\\\/\\\/culturesconnection.com\\\/fr\\\/services-de-traduction\\\/#primaryimage\",\"url\":\"https:\\\/\\\/culturesconnection.com\\\/wp-content\\\/uploads\\\/2020\\\/03\\\/02-Servicios-de-Traducci\u00f3n.png\",\"contentUrl\":\"https:\\\/\\\/culturesconnection.com\\\/wp-content\\\/uploads\\\/2020\\\/03\\\/02-Servicios-de-Traducci\u00f3n.png\",\"width\":1417,\"height\":561},{\"@type\":\"BreadcrumbList\",\"@id\":\"https:\\\/\\\/culturesconnection.com\\\/fr\\\/services-de-traduction\\\/#breadcrumb\",\"itemListElement\":[{\"@type\":\"ListItem\",\"position\":1,\"name\":\"Home\",\"item\":\"https:\\\/\\\/culturesconnection.com\\\/fr\\\/\"},{\"@type\":\"ListItem\",\"position\":2,\"name\":\"Nos Services de Traduction | Services de qualit\u00e9 dans toutes les langues\"}]},{\"@type\":\"WebSite\",\"@id\":\"https:\\\/\\\/culturesconnection.com\\\/fr\\\/#website\",\"url\":\"https:\\\/\\\/culturesconnection.com\\\/fr\\\/\",\"name\":\"Cultures Connection\",\"description\":\"Cultures Connection is a translation agency dedicated to the success of its international clients.\",\"publisher\":{\"@id\":\"https:\\\/\\\/culturesconnection.com\\\/fr\\\/#organization\"},\"potentialAction\":[{\"@type\":\"SearchAction\",\"target\":{\"@type\":\"EntryPoint\",\"urlTemplate\":\"https:\\\/\\\/culturesconnection.com\\\/fr\\\/?s={search_term_string}\"},\"query-input\":{\"@type\":\"PropertyValueSpecification\",\"valueRequired\":true,\"valueName\":\"search_term_string\"}}],\"inLanguage\":\"fr-FR\"},{\"@type\":\"Organization\",\"@id\":\"https:\\\/\\\/culturesconnection.com\\\/fr\\\/#organization\",\"name\":\"Cultures Connection\",\"url\":\"https:\\\/\\\/culturesconnection.com\\\/fr\\\/\",\"logo\":{\"@type\":\"ImageObject\",\"inLanguage\":\"fr-FR\",\"@id\":\"https:\\\/\\\/culturesconnection.com\\\/fr\\\/#\\\/schema\\\/logo\\\/image\\\/\",\"url\":\"https:\\\/\\\/culturesconnection.com\\\/wp-content\\\/uploads\\\/2022\\\/06\\\/cropped-favicon512x512.png\",\"contentUrl\":\"https:\\\/\\\/culturesconnection.com\\\/wp-content\\\/uploads\\\/2022\\\/06\\\/cropped-favicon512x512.png\",\"width\":512,\"height\":512,\"caption\":\"Cultures Connection\"},\"image\":{\"@id\":\"https:\\\/\\\/culturesconnection.com\\\/fr\\\/#\\\/schema\\\/logo\\\/image\\\/\"},\"sameAs\":[\"https:\\\/\\\/www.facebook.com\\\/CulturesConnection\",\"https:\\\/\\\/x.com\\\/CulturesCo_\"]}]}<\/script>\n<!-- \/ Yoast SEO Premium plugin. -->","yoast_head_json":{"title":"Services de traduction professionnelle","description":"Culture Connection propose diff\u00e9rents types de services de traduction pour accompagner votre entreprise dans son expansion internationale. Devis gratuit.","robots":{"index":"index","follow":"follow","max-snippet":"max-snippet:-1","max-image-preview":"max-image-preview:large","max-video-preview":"max-video-preview:-1"},"canonical":"https:\/\/culturesconnection.com\/fr\/services-de-traduction\/","og_locale":"fr_FR","og_type":"article","og_title":"Nos Services de Traduction | Services de qualit\u00e9 dans toutes les langues","og_description":"Culture Connection propose diff\u00e9rents types de services de traduction pour accompagner votre entreprise dans son expansion internationale. Devis gratuit.","og_url":"https:\/\/culturesconnection.com\/fr\/services-de-traduction\/","og_site_name":"Cultures Connection","article_publisher":"https:\/\/www.facebook.com\/CulturesConnection","article_modified_time":"2023-12-24T20:59:26+00:00","og_image":[{"width":1417,"height":561,"url":"https:\/\/culturesconnection.com\/wp-content\/uploads\/2020\/03\/02-Servicios-de-Traducci\u00f3n.png","type":"image\/png"}],"twitter_card":"summary_large_image","twitter_site":"@CulturesCo_","twitter_misc":{"Dur\u00e9e de lecture estim\u00e9e":"3 minutes"},"schema":{"@context":"https:\/\/schema.org","@graph":[{"@type":"WebPage","@id":"https:\/\/culturesconnection.com\/fr\/services-de-traduction\/","url":"https:\/\/culturesconnection.com\/fr\/services-de-traduction\/","name":"Services de traduction professionnelle","isPartOf":{"@id":"https:\/\/culturesconnection.com\/fr\/#website"},"primaryImageOfPage":{"@id":"https:\/\/culturesconnection.com\/fr\/services-de-traduction\/#primaryimage"},"image":{"@id":"https:\/\/culturesconnection.com\/fr\/services-de-traduction\/#primaryimage"},"thumbnailUrl":"https:\/\/culturesconnection.com\/wp-content\/uploads\/2020\/03\/02-Servicios-de-Traducci\u00f3n.png","datePublished":"2015-11-18T18:58:37+00:00","dateModified":"2023-12-24T20:59:26+00:00","description":"Culture Connection propose diff\u00e9rents types de services de traduction pour accompagner votre entreprise dans son expansion internationale. Devis gratuit.","breadcrumb":{"@id":"https:\/\/culturesconnection.com\/fr\/services-de-traduction\/#breadcrumb"},"inLanguage":"fr-FR","potentialAction":[{"@type":"ReadAction","target":["https:\/\/culturesconnection.com\/fr\/services-de-traduction\/"]}]},{"@type":"ImageObject","inLanguage":"fr-FR","@id":"https:\/\/culturesconnection.com\/fr\/services-de-traduction\/#primaryimage","url":"https:\/\/culturesconnection.com\/wp-content\/uploads\/2020\/03\/02-Servicios-de-Traducci\u00f3n.png","contentUrl":"https:\/\/culturesconnection.com\/wp-content\/uploads\/2020\/03\/02-Servicios-de-Traducci\u00f3n.png","width":1417,"height":561},{"@type":"BreadcrumbList","@id":"https:\/\/culturesconnection.com\/fr\/services-de-traduction\/#breadcrumb","itemListElement":[{"@type":"ListItem","position":1,"name":"Home","item":"https:\/\/culturesconnection.com\/fr\/"},{"@type":"ListItem","position":2,"name":"Nos Services de Traduction | Services de qualit\u00e9 dans toutes les langues"}]},{"@type":"WebSite","@id":"https:\/\/culturesconnection.com\/fr\/#website","url":"https:\/\/culturesconnection.com\/fr\/","name":"Cultures Connection","description":"Cultures Connection is a translation agency dedicated to the success of its international clients.","publisher":{"@id":"https:\/\/culturesconnection.com\/fr\/#organization"},"potentialAction":[{"@type":"SearchAction","target":{"@type":"EntryPoint","urlTemplate":"https:\/\/culturesconnection.com\/fr\/?s={search_term_string}"},"query-input":{"@type":"PropertyValueSpecification","valueRequired":true,"valueName":"search_term_string"}}],"inLanguage":"fr-FR"},{"@type":"Organization","@id":"https:\/\/culturesconnection.com\/fr\/#organization","name":"Cultures Connection","url":"https:\/\/culturesconnection.com\/fr\/","logo":{"@type":"ImageObject","inLanguage":"fr-FR","@id":"https:\/\/culturesconnection.com\/fr\/#\/schema\/logo\/image\/","url":"https:\/\/culturesconnection.com\/wp-content\/uploads\/2022\/06\/cropped-favicon512x512.png","contentUrl":"https:\/\/culturesconnection.com\/wp-content\/uploads\/2022\/06\/cropped-favicon512x512.png","width":512,"height":512,"caption":"Cultures Connection"},"image":{"@id":"https:\/\/culturesconnection.com\/fr\/#\/schema\/logo\/image\/"},"sameAs":["https:\/\/www.facebook.com\/CulturesConnection","https:\/\/x.com\/CulturesCo_"]}]}},"_links":{"self":[{"href":"https:\/\/culturesconnection.com\/fr\/wp-json\/wp\/v2\/pages\/4456","targetHints":{"allow":["GET"]}}],"collection":[{"href":"https:\/\/culturesconnection.com\/fr\/wp-json\/wp\/v2\/pages"}],"about":[{"href":"https:\/\/culturesconnection.com\/fr\/wp-json\/wp\/v2\/types\/page"}],"author":[{"embeddable":true,"href":"https:\/\/culturesconnection.com\/fr\/wp-json\/wp\/v2\/users\/26"}],"replies":[{"embeddable":true,"href":"https:\/\/culturesconnection.com\/fr\/wp-json\/wp\/v2\/comments?post=4456"}],"version-history":[{"count":0,"href":"https:\/\/culturesconnection.com\/fr\/wp-json\/wp\/v2\/pages\/4456\/revisions"}],"wp:featuredmedia":[{"embeddable":true,"href":"https:\/\/culturesconnection.com\/fr\/wp-json\/wp\/v2\/media\/19492"}],"wp:attachment":[{"href":"https:\/\/culturesconnection.com\/fr\/wp-json\/wp\/v2\/media?parent=4456"}],"curies":[{"name":"wp","href":"https:\/\/api.w.org\/{rel}","templated":true}]}}