{"id":4427,"date":"2015-11-11T18:31:48","date_gmt":"2015-11-11T16:31:48","guid":{"rendered":"http:\/\/culturesconnection.com\/fr\/?page_id=4427"},"modified":"2023-05-10T23:57:27","modified_gmt":"2023-05-10T21:57:27","slug":"agence-de-traduction-buenos-aires","status":"publish","type":"page","link":"https:\/\/culturesconnection.com\/fr\/agence-de-traduction-buenos-aires\/","title":{"rendered":"Notre agence de traduction \u00e0 Buenos Aires"},"content":{"rendered":"\n<h2 class=\"wp-block-heading\">Cultures Connection, meilleure agence de traduction de Buenos Aires<\/h2>\n\n\n\n<p>Buenos Aires, destination incontournable en Am\u00e9rique du Sud.<\/p>\n\n\n\n<p>Figurant parmi les villes les plus extraordinaires et anim\u00e9es du continent, elle est \u00e9galement un foyer d\u2019entreprises internationales. M\u00eame si son activit\u00e9 \u00e9conomique est principalement d\u00e9di\u00e9e aux services financiers, sa grande diversit\u00e9 fourmillant de possibilit\u00e9s de d\u00e9veloppement conduit les jeunes entrepreneurs, venant d&rsquo;horizons divers et de toute la plan\u00e8te, \u00e0 se tourner vers la capitale argentine dans le but d\u2019y promouvoir leur activit\u00e9.<\/p>\n\n\n\n<p><a href=\"https:\/\/culturesconnection.com\/fr\/\">Cultures Connection<\/a> a ouvert une agence \u00e0 Buenos Aires et propose des services de traduction et d\u2019interpr\u00e9tation <a href=\"https:\/\/culturesconnection.com\/fr\/traducteur-professionnel\/\">dans de nombreuses langues et dans plus de 40&nbsp;combinaisons linguistiques<\/a> \u00e0 des organismes priv\u00e9s comme publics pr\u00e9sents dans toute l\u2019Am\u00e9rique du Sud.<\/p>\n\n\n\n<p>Un march\u00e9 exigeant requiert un service fiable.<\/p>\n\n\n\n<h2 class=\"wp-block-heading\">Buenos Aires, haut lieu d\u2019opportunit\u00e9s internationales<\/h2>\n\n\n\n<p>Buenos Aires se classe comme la troisi\u00e8me ville au monde en termes d\u2019\u00e9conomie la plus diversifi\u00e9e.<\/p>\n\n\n\n<p>Plus de 20&nbsp;% des 600&nbsp;000&nbsp;entreprises install\u00e9es en Argentine se trouvent dans la capitale et se r\u00e9partissent entre activit\u00e9s commerciales et services. Sa position strat\u00e9gique au sein d\u2019un pays et d\u2019un continent regorgeant d\u2019opportunit\u00e9s de d\u00e9veloppement \u00e9nerg\u00e9tique, industriel et financier, fait que Buenos Aires attire chaque ann\u00e9e de plus en plus de jeunes professionnels internationaux. Les chiffres parlent d\u2019eux-m\u00eames : 21,1&nbsp;% des 1&nbsp;805&nbsp;957 \u00e9trangers vivant dans le pays connaissant la plus importante immigration sud-am\u00e9ricaine, r\u00e9sident \u00e0 Buenos Aires.<\/p>\n\n\n\n<p>Une bonne partie de cette population est originaire de pays voisins tels que la Bolivie, le Paraguay et le Venezuela&nbsp;: la communaut\u00e9 latine se r\u00e9v\u00e8le en effet pr\u00e9pond\u00e9rante. Des minorit\u00e9s d\u2019Espagnols, d\u2019Italiens et de Fran\u00e7ais ont toujours eu une pr\u00e9sence significative, tout comme les communaut\u00e9s asiatiques et africaines. C\u2019est cette diversit\u00e9 qui a fa\u00e7onn\u00e9 le <em>porte\u00f1o<\/em> (habitant de Buenos Aires) tout au long de l\u2019Histoire.<\/p>\n\n\n\n<p>D\u2019autre part, Buenos Aires est l\u2019une des destinations touristiques les plus pris\u00e9es, en raison de son incroyable offre culturelle de mus\u00e9es, th\u00e9\u00e2tres, concerts et carnavals&nbsp;: la ville accueille 5,5&nbsp;millions de visiteurs par an. Les institutions politiques et les b\u00e2timents anciens du centre-ville historique, le quartier boh\u00e8me de San Telmo, La Boca et son patrimoine immigrant constituent quelques-unes des promenades incontournables pour les amateurs de voyages. Tout cela g\u00e9n\u00e8re une multitude d&rsquo;entreprises de l\u2019h\u00f4tellerie, de la gastronomie et des loisirs.<\/p>\n\n\n\n<p>Un m\u00e9lange in\u00e9gal\u00e9 de cultures.<\/p>\n\n\n\n<h2 class=\"wp-block-heading\">Traductions pour un march\u00e9 \u00e0 fort potentiel<\/h2>\n\n\n\n<p>Les traductions franchissent les fronti\u00e8res.<\/p>\n\n\n\n<p>Implant\u00e9e \u00e0 Buenos Aires depuis plus de 10&nbsp;ans, Cultures Connection offre des <a href=\"https:\/\/culturesconnection.com\/fr\/services-de-traduction\/\">services de traduction<\/a> de documents relevant de domaines tr\u00e8s vari\u00e9s, et travaille avec des clients \u00e9tablis dans toute l\u2019Am\u00e9rique du Sud.<\/p>\n\n\n\n<p>Collaborant avec un r\u00e9seau international de plus de 740&nbsp;professionnels, s\u00e9lectionn\u00e9s pour leur disponibilit\u00e9 imm\u00e9diate, leur formation et leur exp\u00e9rience en langues et domaines sollicit\u00e9s, nous accordons la plus grande attention aux particularit\u00e9s linguistiques, aux expressions relatives au domaine d\u2019expertise et aux r\u00e9f\u00e9rences culturelles du destinataire des contenus traduits. Ainsi, nous garantissons des traductions compr\u00e9hensibles et fid\u00e8les effectu\u00e9es par des linguistes travaillant vers leur langue maternelle.<\/p>\n\n\n\n<p>Avec nous, vos documents sont vraiment entre de bonnes mains.<\/p>\n\n\n\n<iframe src=\"https:\/\/www.google.com\/maps\/embed?pb=!1m14!1m8!1m3!1d6571.042431457632!2d-58.436823!3d-34.565676!3m2!1i1024!2i768!4f13.1!3m3!1m2!1s0x95bcb5b9a92d7155%3A0x92a6bc37f082fb54!2sGorostiaga%201663%2C%20C1426CTC%20CABA!5e0!3m2!1sen!2sar!4v1655497208682!5m2!1sen!2sar\" width=\"100%\" height=\"450\" style=\"border:0;\" allowfullscreen=\"\" loading=\"lazy\" referrerpolicy=\"no-referrer-when-downgrade\"><\/iframe>\n\n\n\n<h2 class=\"wp-block-heading\">Interpr\u00e9tations de qualit\u00e9 \u00e0 Buenos Aires<\/h2>\n\n\n\n<p>Une conf\u00e9rence technique entre sp\u00e9cialistes \u00e9trangers destin\u00e9e \u00e0 un public local ? Des dirigeants de multinationale devant se rendre d\u2019urgence \u00e0 leur filiale ?<\/p>\n\n\n\n<p>Cultures Connection propose des <a href=\"https:\/\/culturesconnection.com\/fr\/interpretation\/\">services d\u2019interpr\u00e9tation<\/a> de conf\u00e9rence, simultan\u00e9e et de liaison en nombreuses langues afin que vos petites et grandes r\u00e9unions, en une seule ou plusieurs langues, en simultan\u00e9 et pendant plusieurs jours, soient toujours r\u00e9ussies.<\/p>\n\n\n\n<p>De plus, nous fournissons le mat\u00e9riel afin que les interpr\u00e9tations, quel que soit le lieu o\u00f9 elles se d\u00e9roulent, \u00e0 Buenos Aires, en Argentine ou en Am\u00e9rique latine, ne se heurtent \u00e0 aucun probl\u00e8me technique pouvant compromettre une compr\u00e9hension ad\u00e9quate.<\/p>\n\n\n\n<p>Avec nous, vos pr\u00e9sentations sont vraiment entre de bonnes mains.<\/p>\n","protected":false},"excerpt":{"rendered":"<p>Cultures Connection, meilleure agence de traduction de Buenos Aires Buenos Aires, destination incontournable en Am\u00e9rique du Sud. Figurant parmi les villes les plus extraordinaires et [&#8230;]<\/p>\n<p><a class=\"btn btn-secondary understrap-read-more-link\" href=\"https:\/\/culturesconnection.com\/fr\/agence-de-traduction-buenos-aires\/\">Lire la suite\u2026<span class=\"screen-reader-text\"> from Notre agence de traduction \u00e0 Buenos Aires<\/span><\/a><\/p>\n","protected":false},"author":26,"featured_media":19580,"parent":0,"menu_order":0,"comment_status":"closed","ping_status":"closed","template":"","meta":{"_acf_changed":false,"_editorskit_title_hidden":false,"_editorskit_reading_time":2,"_editorskit_is_block_options_detached":false,"_editorskit_block_options_position":"{}","footnotes":""},"class_list":["post-4427","page","type-page","status-publish","has-post-thumbnail","hentry"],"acf":[],"_links":{"self":[{"href":"https:\/\/culturesconnection.com\/fr\/wp-json\/wp\/v2\/pages\/4427","targetHints":{"allow":["GET"]}}],"collection":[{"href":"https:\/\/culturesconnection.com\/fr\/wp-json\/wp\/v2\/pages"}],"about":[{"href":"https:\/\/culturesconnection.com\/fr\/wp-json\/wp\/v2\/types\/page"}],"author":[{"embeddable":true,"href":"https:\/\/culturesconnection.com\/fr\/wp-json\/wp\/v2\/users\/26"}],"replies":[{"embeddable":true,"href":"https:\/\/culturesconnection.com\/fr\/wp-json\/wp\/v2\/comments?post=4427"}],"version-history":[{"count":0,"href":"https:\/\/culturesconnection.com\/fr\/wp-json\/wp\/v2\/pages\/4427\/revisions"}],"wp:featuredmedia":[{"embeddable":true,"href":"https:\/\/culturesconnection.com\/fr\/wp-json\/wp\/v2\/media\/19580"}],"wp:attachment":[{"href":"https:\/\/culturesconnection.com\/fr\/wp-json\/wp\/v2\/media?parent=4427"}],"curies":[{"name":"wp","href":"https:\/\/api.w.org\/{rel}","templated":true}]}}