{"id":3402,"date":"2015-05-26T17:26:48","date_gmt":"2015-05-26T15:26:48","guid":{"rendered":"http:\/\/culturesconnection.com\/?page_id=3402"},"modified":"2025-06-03T10:37:59","modified_gmt":"2025-06-03T08:37:59","slug":"interpretation","status":"publish","type":"page","link":"https:\/\/culturesconnection.com\/fr\/interpretation\/","title":{"rendered":"Nos services d&rsquo;interpr\u00e9tation"},"content":{"rendered":"\n<h2 class=\"wp-block-heading\">Votre service d&rsquo;interpr\u00e9tation<\/h2>\n\n\n\n<p>Vous avez besoin d\u2019un <strong>service d\u2019interpr\u00e9tariat avec des interpr\u00e8tes professionnels<\/strong>&nbsp;? Organiser une conf\u00e9rence, un congr\u00e8s, un colloque ou une r\u00e9union d\u2019affaires peut vite s\u2019av\u00e9rer un casse-t\u00eate lorsque les interlocuteurs ne parlent pas la m\u00eame langue. Afin de faciliter la compr\u00e9hension entre tous les participants vous pourrez compter sur l\u2019exp\u00e9rience et le professionnalisme des interpr\u00e8tes de notre <a href=\"https:\/\/culturesconnection.com\/fr\/\">agence de traduction<\/a>.<\/p>\n\n\n\n<p>Cultures Connection&nbsp;dispose d\u2019un vaste r\u00e9seau d\u2019interpr\u00e8tes s\u00e9lectionn\u00e9s pour leurs comp\u00e9tences et leur fiabilit\u00e9. <strong>Anglais, fran\u00e7ais,&nbsp;allemand, espagnol, portugais, italien, chinois ou russe<\/strong> : au total, ce sont pr\u00e8s de 80&nbsp;combinaisons de langues possibles. Avant de choisir un coll\u00e8gue soi-disant \u00ab bilingue \u00bb pour transposer \u00e0 l\u2019oral vos propos dans une langue \u00e9trang\u00e8re, n\u2019oubliez pas que le succ\u00e8s de votre r\u00e9union d\u00e9pend en partie de la qualit\u00e9 de votre interpr\u00e8te de conf\u00e9rence et qu\u2019il s\u2019agit d\u2019une profession exigeante qui ne s\u2019improvise pas.<\/p>\n\n\n\n<p>Nous fournissons \u00e0 chaque client des prestations adapt\u00e9es \u00e0 ses exigences et \u00e0 ses besoins. \u00c0 vous de s\u00e9lectionner la formule qui vous convient entre interpr\u00e9tation cons\u00e9cutive, interpr\u00e9tation de liaison ou interpr\u00e9tation simultan\u00e9e. Nous proposons \u00e9galement la<strong> location de mat\u00e9riel d\u2019interpr\u00e9tation<\/strong> (casques, micros, cabines d\u2019interpr\u00e9tation, etc.) ainsi que leur installation par un technicien sp\u00e9cialis\u00e9.<\/p>\n\n\n\n<h2 class=\"wp-block-heading\">Interpr\u00e9tation de conf\u00e9rence, cons\u00e9cutive ou de liaison ? Interpr\u00e9tation \u00e0 distance&nbsp;?<\/h2>\n\n\n\n<p>Vous organisez une conf\u00e9rence et avez besoin d\u2019un interpr\u00e8te \u00e0 Paris ? Un groupe d\u2019industriels indiens souhaite visiter vos locaux&nbsp;? Vous avez une n\u00e9gociation importante avec des clients chinois&nbsp;? Selon le type d\u2019\u00e9v\u00e9nement, l\u2019endroit, le temps disponible et le nombre de participants, nous sommes en mesure de vous offrir diff\u00e9rents services d\u2019interpr\u00e9tation (ou interpr\u00e9tariat)&nbsp;:<\/p>\n\n\n\n<p><strong><a href=\"https:\/\/culturesconnection.com\/fr\/interpretation-consecutive\/\">Interpr\u00e9tation cons\u00e9cutive <\/a><\/strong>: le discours de l\u2019orateur est traduit lorsque celui-ci a termin\u00e9 de parler.<\/p>\n\n\n\n<p><strong><a href=\"https:\/\/culturesconnection.com\/fr\/interpretariat-de-liaison\/\">Interpr\u00e9tation de liaison <\/a><\/strong>: ce type d\u2019interpr\u00e9tariat vise \u00e0 traduire les propos de l\u2019orateur \u00e0 intervalles r\u00e9guliers.<\/p>\n\n\n\n<p><strong><a href=\"https:\/\/culturesconnection.com\/fr\/interpretation-de-conference\/\">Interpr\u00e9tation de conf\u00e9rence <\/a><\/strong>: aussi appel\u00e9e interpr\u00e9tation simultan\u00e9e (et non traduction simultan\u00e9e), le discours de l\u2019intervenant est traduit au fur et \u00e0 mesure de son intervention. Ce type de prestation n\u00e9cessite l\u2019intervention de deux professionnels qui interpr\u00e8tent \u00e0 tour de r\u00f4le (la rotation toutes les 20 minutes est une exigence l\u00e9gale).<\/p>\n\n\n\n<p><a href=\"https:\/\/culturesconnection.com\/fr\/interpretation-a-distance\/\" class=\"ek-link\"><strong>Interpr\u00e9tation \u00e0 distance :<\/strong><\/a> ce service permet de faire appel \u00e0 des interpr\u00e8tes \u00e0 distance partout dans le monde, avec une prestation t\u00e9l\u00e9phonique ou via une plateforme de visioconf\u00e9rence. Avec les plateformes d\u00e9di\u00e9es sur internet, il est possible de traduire oralement en autant de langues que pour les services d\u2019interpr\u00e9tation sur site. Ce type de prestation est tr\u00e8s pratique pour les r\u00e9unions internationales, les conf\u00e9rences, les \u00e9v\u00e9nements de communication.<\/p>\n\n\n\n<h2 class=\"wp-block-heading\" id=\"anchor\">Les services d&rsquo;interpr\u00e9tariat pour nos clients<\/h2>\n\n\n\n<p>Cultures Connection trouve l\u2019interpr\u00e8te ou les interpr\u00e8tes qu\u2019il faut dans votre domaine, en toutes circonstances, dans n\u2019importe quel pays. Pour nos clients du monde de l\u2019entreprise, les organisations internationales, les universit\u00e9s, les associations, ou les particuliers, nous proposons des services sur mesure.<\/p>\n\n\n\n<p>Nous fournissons r\u00e9guli\u00e8rement ces services linguistiques \u00e0 des entit\u00e9s de l\u2019ONU pour tout type d\u2019\u00e9v\u00e9nement. Nos clients dans le domaine m\u00e9dical, l\u2019environnement, l\u2019agro-alimentaire, la formation, le luxe, et diff\u00e9rents secteurs d\u2019industrie n\u00e9cessitant des r\u00e9unions internationales, des visites d\u2019usines, ou encore des salons professionnels, comme l\u2019automobile par exemple, nous contactent quand ils souhaitent des services de qualit\u00e9.<\/p>\n\n\n\n<p>D\u00e9couvrez notre exp\u00e9rience en interpr\u00e9tariat&nbsp;! <a href=\"https:\/\/culturesconnection.com\/fr\/category\/prestation\/service-dinterpretation\/\" class=\"ek-link\">Consultez des exemples de nos interpr\u00e9tations lors d&rsquo;\u00e9v\u00e9nements<\/a>.<\/p>\n","protected":false},"excerpt":{"rendered":"<p>Votre service d&rsquo;interpr\u00e9tation Vous avez besoin d\u2019un service d\u2019interpr\u00e9tariat avec des interpr\u00e8tes professionnels&nbsp;? Organiser une conf\u00e9rence, un congr\u00e8s, un colloque ou une r\u00e9union d\u2019affaires peut [&#8230;]<\/p>\n<p><a class=\"btn btn-secondary understrap-read-more-link\" href=\"https:\/\/culturesconnection.com\/fr\/interpretation\/\">Lire la suite\u2026<span class=\"screen-reader-text\"> from Nos services d&rsquo;interpr\u00e9tation<\/span><\/a><\/p>\n","protected":false},"author":26,"featured_media":4511,"parent":0,"menu_order":0,"comment_status":"closed","ping_status":"closed","template":"","meta":{"_acf_changed":true,"_editorskit_title_hidden":false,"_editorskit_reading_time":2,"_editorskit_is_block_options_detached":false,"_editorskit_block_options_position":"{}","footnotes":""},"class_list":["post-3402","page","type-page","status-publish","has-post-thumbnail","hentry"],"acf":[],"_links":{"self":[{"href":"https:\/\/culturesconnection.com\/fr\/wp-json\/wp\/v2\/pages\/3402","targetHints":{"allow":["GET"]}}],"collection":[{"href":"https:\/\/culturesconnection.com\/fr\/wp-json\/wp\/v2\/pages"}],"about":[{"href":"https:\/\/culturesconnection.com\/fr\/wp-json\/wp\/v2\/types\/page"}],"author":[{"embeddable":true,"href":"https:\/\/culturesconnection.com\/fr\/wp-json\/wp\/v2\/users\/26"}],"replies":[{"embeddable":true,"href":"https:\/\/culturesconnection.com\/fr\/wp-json\/wp\/v2\/comments?post=3402"}],"version-history":[{"count":0,"href":"https:\/\/culturesconnection.com\/fr\/wp-json\/wp\/v2\/pages\/3402\/revisions"}],"wp:featuredmedia":[{"embeddable":true,"href":"https:\/\/culturesconnection.com\/fr\/wp-json\/wp\/v2\/media\/4511"}],"wp:attachment":[{"href":"https:\/\/culturesconnection.com\/fr\/wp-json\/wp\/v2\/media?parent=3402"}],"curies":[{"name":"wp","href":"https:\/\/api.w.org\/{rel}","templated":true}]}}