{"id":28881,"date":"2021-08-25T16:42:45","date_gmt":"2021-08-25T15:42:45","guid":{"rendered":"https:\/\/culturesconnection.com\/?page_id=28881"},"modified":"2023-09-20T13:37:20","modified_gmt":"2023-09-20T11:37:20","slug":"nos-services-de-traduction-luxe-et-mode","status":"publish","type":"page","link":"https:\/\/culturesconnection.com\/fr\/nos-services-de-traduction-luxe-et-mode\/","title":{"rendered":"Nos services de traduction Luxe et Mode"},"content":{"rendered":"\n<h2 class=\"wp-block-heading\">Agence de traduction luxe au service de l\u2019art du beau<\/h2>\n\n\n\n<p>La traduction du luxe ? Notre atout c\u0153ur ! Sensible au caract\u00e8re exceptionnel du luxe, fid\u00e8le \u00e0 l\u2019art du beau, adepte de la cr\u00e9ativit\u00e9 et de l\u2019excellence rare, l\u2019agence Cultures Connection comprend \u00e0 quel point ses clients du secteur du luxe sont passionn\u00e9s par leur domaine et leur m\u00e9tier hors normes. Notre \u00e9quipe a \u00e9galement conscience des enjeux strat\u00e9giques et \u00e9conomiques des secteurs du luxe, de la mode et de la beaut\u00e9. Nous savons <strong>marier l\u2019art du beau et l\u2019art de la traduction<\/strong> pour mieux mettre en valeur les documents, vid\u00e9os et \u00e9v\u00e9nements d\u00e9di\u00e9s \u00e0 l\u2019ensemble de vos cr\u00e9ations textiles, vos bijoux, vos parfums, vos collections d\u00e9coration et mobilier, vos articles de maroquinerie de luxe, ou encore vos innovations maquillage&nbsp;!<\/p>\n\n\n\n<h2 class=\"wp-block-heading\">Traduire le luxe et la beaut\u00e9 pour faire scintiller vos marques<\/h2>\n\n\n\n<p>Qui contacter pour des traductions multilingues de vos collections ? Notre agence de traduction professionnelle est \u00e0 vos c\u00f4t\u00e9s pour accompagner \u00e0 l\u2019international le destin de vos cr\u00e9ations de luxe, dans la langue ou les langues de votre choix, avec une communication haut de gamme. Confiez-nous vos textes sophistiqu\u00e9s : nous vous proposerons le traducteur du secteur luxe qu\u2019il vous faut. Nos linguistes, des orf\u00e8vres de la langue, savent fid\u00e8lement traduire un texte avec style, de fa\u00e7on \u00e0 rester au plus pr\u00e8s de l\u2019identit\u00e9 de votre marque et \u00e0 toucher vos clients consommateurs de luxe. Pour chaque <strong>nouvelle collection<\/strong>, pour chaque <strong>campagne publicitaire<\/strong>, Cultures Connection accompagne votre strat\u00e9gie marketing avec efficacit\u00e9 et s\u00e9rieux, tout en pr\u00e9servant la plus grande confidentialit\u00e9. La grande exp\u00e9rience de notre agence en projets de traduction multilingue permet de r\u00e9pondre \u00e0 vos attentes et \u00e0 celles de votre client\u00e8le \u00e9trang\u00e8re d\u00e9sireuse de d\u00e9couvrir vos nouveaut\u00e9s et de suivre les <strong>tendances<\/strong> <strong>mode et beaut\u00e9<\/strong>.<\/p>\n\n\n\n<h2 class=\"wp-block-heading\">Notre savoir-faire dans tous les domaines<\/h2>\n\n\n\n<p>Haute couture, maroquinerie, maquillage, joaillerie, horlogerie, parfums, d\u00e9coration, lunettes, ou encore soins cosm\u00e9tiques&nbsp;: Cultures Connection vous propose des <strong>services de traduction de qualit\u00e9 adapt\u00e9s \u00e0 vos besoins<\/strong>. Nos traducteurs professionnels, experts en traduction dans le domaine du luxe et de la beaut\u00e9, deviendront vos alli\u00e9s pour la r\u00e9ussite et ce partout dans le monde. Des maisons prestigieuses, de m\u00eame que les grands groupes du luxe et de la mode, nous font confiance pour traduire leur univers et leur image. Nous fournissons \u00e9galement des traductions \u00e0 des soci\u00e9t\u00e9s de production et des agences de communication internationales qui collaborent avec les marques de luxe les plus connues dans le monde. Au-del\u00e0 de l\u2019incontournable anglais, notre large \u00e9quipe de traducteurs est capable de traduire depuis le fran\u00e7ais vers les langues europ\u00e9ennes, asiatiques, du Moyen-Orient, d\u2019Am\u00e9rique latine, et vice-versa, ou en combinant plusieurs langues \u00e9trang\u00e8res. En plus des traductions en communication, nous valorisons les produits de vos cr\u00e9ateurs avec la r\u00e9daction d\u2019un contenu marketing cibl\u00e9 et avec un service de transcr\u00e9ation, pour faire briller votre griffe \u00e0 l\u2019international. C\u2019est le moment de faire appel \u00e0 une agence sp\u00e9cialis\u00e9e dans votre domaine !<\/p>\n\n\n\n<h2 class=\"wp-block-heading\">Pour vos besoins en traduction<\/h2>\n\n\n\n<p>Vous pouvez nous confier tout type de fichier car nous assurons la traduction de l\u2019ensemble des formats existants, y compris les sous-titres de vos contenus audiovisuels&nbsp;:<\/p>\n\n\n\n<ul class=\"wp-block-list\">\n<li>Publicit\u00e9s TV et internet<\/li>\n\n\n\n<li>Catalogues, notices et fiches produits<\/li>\n\n\n\n<li>Programmes de d\u00e9fil\u00e9s<\/li>\n\n\n\n<li>Interviews et articles magazines<\/li>\n\n\n\n<li>\u00c9tudes de march\u00e9 et tests marketing<\/li>\n\n\n\n<li>Pr\u00e9sentations<\/li>\n\n\n\n<li>Ateliers, formations, tutoriels, guides<\/li>\n\n\n\n<li>Campagnes de communication num\u00e9rique<\/li>\n\n\n\n<li>Newsletters et blogs<\/li>\n\n\n\n<li>Sites internet et applications<\/li>\n\n\n\n<li>Plans strat\u00e9giques<\/li>\n<\/ul>\n","protected":false},"excerpt":{"rendered":"<p>Agence de traduction luxe au service de l\u2019art du beau La traduction du luxe ? Notre atout c\u0153ur ! Sensible au caract\u00e8re exceptionnel du luxe, [&#8230;]<\/p>\n<p><a class=\"btn btn-secondary understrap-read-more-link\" href=\"https:\/\/culturesconnection.com\/fr\/nos-services-de-traduction-luxe-et-mode\/\">Lire la suite\u2026<span class=\"screen-reader-text\"> from Nos services de traduction Luxe et Mode<\/span><\/a><\/p>\n","protected":false},"author":73,"featured_media":0,"parent":0,"menu_order":0,"comment_status":"closed","ping_status":"closed","template":"","meta":{"_acf_changed":false,"_editorskit_title_hidden":false,"_editorskit_reading_time":2,"_editorskit_is_block_options_detached":false,"_editorskit_block_options_position":"{}","footnotes":""},"class_list":["post-28881","page","type-page","status-publish","hentry"],"acf":[],"_links":{"self":[{"href":"https:\/\/culturesconnection.com\/fr\/wp-json\/wp\/v2\/pages\/28881","targetHints":{"allow":["GET"]}}],"collection":[{"href":"https:\/\/culturesconnection.com\/fr\/wp-json\/wp\/v2\/pages"}],"about":[{"href":"https:\/\/culturesconnection.com\/fr\/wp-json\/wp\/v2\/types\/page"}],"author":[{"embeddable":true,"href":"https:\/\/culturesconnection.com\/fr\/wp-json\/wp\/v2\/users\/73"}],"replies":[{"embeddable":true,"href":"https:\/\/culturesconnection.com\/fr\/wp-json\/wp\/v2\/comments?post=28881"}],"version-history":[{"count":0,"href":"https:\/\/culturesconnection.com\/fr\/wp-json\/wp\/v2\/pages\/28881\/revisions"}],"wp:attachment":[{"href":"https:\/\/culturesconnection.com\/fr\/wp-json\/wp\/v2\/media?parent=28881"}],"curies":[{"name":"wp","href":"https:\/\/api.w.org\/{rel}","templated":true}]}}