{"id":28862,"date":"2021-07-20T15:48:52","date_gmt":"2021-07-20T14:48:52","guid":{"rendered":"https:\/\/culturesconnection.com\/?page_id=28862"},"modified":"2025-06-03T10:35:21","modified_gmt":"2025-06-03T08:35:21","slug":"interpretation-a-distance","status":"publish","type":"page","link":"https:\/\/culturesconnection.com\/fr\/interpretation-a-distance\/","title":{"rendered":"Interpr\u00e9tation \u00e0 distance"},"content":{"rendered":"\n<h2 class=\"wp-block-heading\">La solution pour \u00e9viter les d\u00e9placements<\/h2>\n\n\n\n<p>Opter pour des <strong>interpr\u00e8tes \u00e0 distance<\/strong>, qui traduisent vos \u00e9changes et pr\u00e9sentations en temps r\u00e9el comme s\u2019ils \u00e9taient \u00e0 vos c\u00f4t\u00e9s, permet d\u2019\u00e9viter une logistique compliqu\u00e9e et plus co\u00fbteuse impliquant l\u2019organisation des trajets et l\u2019h\u00e9bergement des interpr\u00e8tes, ainsi que la location et l\u2019installation d\u2019un \u00e9quipement technique. Notre <a href=\"https:\/\/culturesconnection.com\/fr\/\">agence Cultures Connection<\/a> vous propose une solution plus facile qui \u00e9limine les obstacles, avec le m\u00eame niveau de professionnalisme et d\u2019expertise que pour l\u2019interpr\u00e9tariat physique, de mani\u00e8re \u00e0 assurer le bon d\u00e9roulement de vos r\u00e9unions et autres rendez-vous professionnels. En effet, nos interpr\u00e8tes sont s\u00e9lectionn\u00e9s selon les m\u00eames crit\u00e8res que pour l\u2019interpr\u00e9tariat en pr\u00e9sentiel, en fonction de leurs dipl\u00f4mes, de leurs ann\u00e9es d\u2019exp\u00e9rience, de leurs domaines de sp\u00e9cialit\u00e9s et de leur fiabilit\u00e9. Nous disposons d\u2019un large r\u00e9seau d\u2019interpr\u00e8tes dans pr\u00e8s de 80 combinaisons linguistiques. Tous nos linguistes respectent le secret professionnel, et \u00e0 votre demande, ils peuvent signer des accords de confidentialit\u00e9. L\u2019interpr\u00e9tation instantan\u00e9e par vid\u00e9o ou t\u00e9l\u00e9phone, voil\u00e0 une solution efficace et actuelle !<\/p>\n\n\n\n<h2 class=\"wp-block-heading\">Interpr\u00e9tation \u00e0 distance par vid\u00e9o<\/h2>\n\n\n\n<p>Gr\u00e2ce \u00e0 des plateformes d\u00e9di\u00e9es par internet, \u00e0 la technologie innovante et \u00e0 l\u2019utilisation simplissime, Cultures Connection met \u00e0 votre disposition un <strong>service d\u2019interpr\u00e9tation vid\u00e9o sur mesure<\/strong> qui r\u00e9pondra parfaitement \u00e0 vos attentes. Nous assurons des communications s\u00e9curis\u00e9es et une qualit\u00e9 qui sont conformes aux meilleurs standards, pour offrir \u00e0 vos \u00e9changes et \u00e9v\u00e9nements un environnement num\u00e9rique optimal et confidentiel sous forme de vid\u00e9oconf\u00e9rence. La communication multilingue avec vos coll\u00e8gues, clients, partenaires commerciaux, \u00e9tudiants, est assur\u00e9e dans les meilleures conditions. L\u2019interpr\u00e9tation par vid\u00e9o \u00e9largit votre public&nbsp;: au lieu des murs d\u2019une salle de r\u00e9union, de spectacle ou de classe qui limitent les capacit\u00e9s d\u2019accueil, il devient par exemple possible \u00e0 une entreprise enti\u00e8re et \u00e0 ses filiales \u00e0 l\u2019\u00e9tranger d\u2019assister aux \u00e9changes et d\u2019y participer. Le mat\u00e9riel requis est \u00e0 la port\u00e9e de tous&nbsp;: un ordinateur, un casque ou des \u00e9couteurs et une connexion \u00e0 internet.<\/p>\n\n\n\n<h2 class=\"wp-block-heading\">Interpr\u00e9tation par t\u00e9l\u00e9phone<\/h2>\n\n\n\n<p>De m\u00eame, Cultures Connection met \u00e0 votre disposition un <strong>service d\u2019interpr\u00e9tation par t\u00e9l\u00e9phone<\/strong> sur mesure en fonction de vos besoins. Ce service semble le plus propice dans le cas d\u2019entretiens ou de r\u00e9unions \u00e0 la dur\u00e9e limit\u00e9e, et vise \u00e0 l\u2019efficacit\u00e9. Nous proposons des interpr\u00e8tes dans de nombreuses paires de langues, qui sont disponibles pour travailler avec professionnalisme dans votre domaine ou votre industrie. Il s\u2019agit de la solution la plus simple, celle qui n\u00e9cessite le moins de mat\u00e9riel et qui limite les al\u00e9as, tout en r\u00e9pondant \u00e0 vos imp\u00e9ratifs de communication aupr\u00e8s d\u2019un public multilingue.<\/p>\n\n\n\n<h2 class=\"wp-block-heading\">Quel mode d\u2019interpr\u00e9tation ?<\/h2>\n\n\n\n<p>Non seulement la traduction et l\u2019interpr\u00e9tation sont des services bien distincts, mais il existe diff\u00e9rents modes d\u2019interpr\u00e9tation. Pour rappel, la traduction se limite exclusivement aux textes \u00e9crits, alors que l\u2019interpr\u00e9tation concerne la communication orale. Trois modes d\u2019interpr\u00e9tation existent principalement&nbsp;: l\u2019interpr\u00e9tation <a href=\"https:\/\/culturesconnection.com\/fr\/interpretation-consecutive\/\">cons\u00e9cutive<\/a>, l\u2019interpr\u00e9tation <a href=\"https:\/\/culturesconnection.com\/fr\/interpretariat-de-liaison\/\">de liaison<\/a><strong>&nbsp;<\/strong>et l\u2019interpr\u00e9tation <a href=\"https:\/\/culturesconnection.com\/fr\/interpretation-de-conference\/\">de conf\u00e9rence<\/a>.<\/p>\n","protected":false},"excerpt":{"rendered":"<p>La solution pour \u00e9viter les d\u00e9placements Opter pour des interpr\u00e8tes \u00e0 distance, qui traduisent vos \u00e9changes et pr\u00e9sentations en temps r\u00e9el comme s\u2019ils \u00e9taient \u00e0 [&#8230;]<\/p>\n<p><a class=\"btn btn-secondary understrap-read-more-link\" href=\"https:\/\/culturesconnection.com\/fr\/interpretation-a-distance\/\">Lire la suite\u2026<span class=\"screen-reader-text\"> from Interpr\u00e9tation \u00e0 distance<\/span><\/a><\/p>\n","protected":false},"author":73,"featured_media":0,"parent":0,"menu_order":0,"comment_status":"closed","ping_status":"closed","template":"","meta":{"_acf_changed":true,"_editorskit_title_hidden":false,"_editorskit_reading_time":0,"_editorskit_is_block_options_detached":false,"_editorskit_block_options_position":"{}","footnotes":""},"class_list":["post-28862","page","type-page","status-publish","hentry"],"acf":[],"_links":{"self":[{"href":"https:\/\/culturesconnection.com\/fr\/wp-json\/wp\/v2\/pages\/28862","targetHints":{"allow":["GET"]}}],"collection":[{"href":"https:\/\/culturesconnection.com\/fr\/wp-json\/wp\/v2\/pages"}],"about":[{"href":"https:\/\/culturesconnection.com\/fr\/wp-json\/wp\/v2\/types\/page"}],"author":[{"embeddable":true,"href":"https:\/\/culturesconnection.com\/fr\/wp-json\/wp\/v2\/users\/73"}],"replies":[{"embeddable":true,"href":"https:\/\/culturesconnection.com\/fr\/wp-json\/wp\/v2\/comments?post=28862"}],"version-history":[{"count":0,"href":"https:\/\/culturesconnection.com\/fr\/wp-json\/wp\/v2\/pages\/28862\/revisions"}],"wp:attachment":[{"href":"https:\/\/culturesconnection.com\/fr\/wp-json\/wp\/v2\/media?parent=28862"}],"curies":[{"name":"wp","href":"https:\/\/api.w.org\/{rel}","templated":true}]}}