{"id":271,"date":"2013-06-16T07:21:48","date_gmt":"2013-06-16T07:21:48","guid":{"rendered":"http:\/\/cultures.dev:8888\/?page_id=271"},"modified":"2023-09-11T16:56:07","modified_gmt":"2023-09-11T14:56:07","slug":"traduction-medicale","status":"publish","type":"page","link":"https:\/\/culturesconnection.com\/fr\/traduction-medicale\/","title":{"rendered":"Nos services de traduction m\u00e9dicale"},"content":{"rendered":"\n<h2 class=\"wp-block-heading\">Notre agence de traduction m\u00e9dicale : la pr\u00e9cision avant tout<\/h2>\n\n\n\n<p>Tout document m\u00e9dical d\u00e9veloppe des id\u00e9es techniques au moyen de termes pr\u00e9cis et sp\u00e9cifiques. Cette terminologie doit \u00eatre respect\u00e9e \u00e0 tout prix. En outre, <strong>la traduction m\u00e9dicale s\u2019articule autour de nombreuses sp\u00e9cialit\u00e9s diff\u00e9rentes<\/strong>. Il convient donc de faire appel \u00e0 un sp\u00e9cialiste qualifi\u00e9 et exp\u00e9riment\u00e9 pour prendre en charge votre projet, \u00e0 savoir un expert comptant \u00e0 son actif de nombreuses traductions m\u00e9dicales av\u00e9r\u00e9es et valid\u00e9es par un professionnel de sant\u00e9. Tout comme vous vous adresseriez \u00e0 un cardiologue pour un probl\u00e8me cardiaque, tournez-vous vers un traducteur sp\u00e9cialiste du domaine trait\u00e9 dans votre document pour traduire votre texte. Ne pas confier votre traduction \u00e0 un expert du secteur reviendrait \u00e0 vous adresser \u00e0 un m\u00e9decin g\u00e9n\u00e9raliste pour pratiquer une intervention chirurgicale. Consciente des enjeux de qualit\u00e9 et de s\u00e9rieux que constitue toute traduction m\u00e9dicale, notre <a href=\"https:\/\/culturesconnection.com\/fr\/\">agence&nbsp;de traduction<\/a> se charge de trouver ce professionnel pour assurer ce service.<\/p>\n\n\n\n<h2 class=\"wp-block-heading\">Traduction m\u00e9dicale et pharmaceutique<\/h2>\n\n\n\n<p>Qui contacter pour une traduction m\u00e9dicale ? Dans le domaine de la traduction m\u00e9dicale et pharmaceutique, les erreurs de terminologie, les contresens et les impr\u00e9cisions sont \u00e0 bannir. Elles pourraient engendrer de lourdes cons\u00e9quences en termes de sant\u00e9 des patients, de co\u00fbt et de cr\u00e9dibilit\u00e9 professionnelle. Ne confiez pas la traduction de votre support m\u00e9dical \u00e0 n\u2019importe qui ! Qu\u2019il s\u2019agisse d\u2019une <strong>brochure m\u00e9dicale, d\u2019un ouvrage de vulgarisation, d\u2019une notice<\/strong> ou encore de la posologie d\u2019un nouveau produit, seul un traducteur m\u00e9dical ayant suivi une formation dans le domaine de la sant\u00e9 peut se charger de ce service linguistique. Vous pouvez faire confiance \u00e0 Cultures Connection, situ\u00e9e en Europe et aux \u00c9tats-Unis, pour s\u00e9lectionner le meilleur traducteur ou le meilleur interpr\u00e8te dans le domaine m\u00e9dical et dans les langues dont vous avez besoin. Nos clients, issus de divers secteurs, peuvent t\u00e9moigner de l\u2019importance que nous accordons \u00e0 la qualit\u00e9. Nous fournissons des traductions dans plus de 40 langues et 80 combinaisons de langues. M\u00eame en cas d\u2019urgence, vous pouvez nous demander la traduction d&rsquo;un document m\u00e9dical.<\/p>\n\n\n\n<h2 class=\"wp-block-heading\">Agence de traduction professionnelle<\/h2>\n\n\n\n<p>Au fil des ans, Cultures Connection a su s\u2019entourer d\u2019un vaste r\u00e9seau de traducteurs m\u00e9dicaux professionnels, pour l\u2019anglais et le fran\u00e7ais, pour les autres langues europ\u00e9ennes, comme pour les principales langues d\u2019Asie, du Moyen-Orient et de l\u2019Afrique. La proc\u00e9dure de recrutement d\u2019un traducteur m\u00e9dical est extr\u00eamement stricte : les traducteurs sont s\u00e9lectionn\u00e9s en fonction de leurs dipl\u00f4mes, de leur longue exp\u00e9rience en traductions m\u00e9dicales et de leurs comp\u00e9tences linguistiques et techniques. Certains d\u2019entre eux ont exerc\u00e9 la m\u00e9decine pendant de nombreuses ann\u00e9es et poss\u00e8dent une compr\u00e9hension approfondie des documents m\u00e9dicaux et pharmaceutiques. Nos experts scientifiques sont soumis \u00e0 plusieurs tests tout au long de leur collaboration avec notre bureau de traduction, de fa\u00e7on \u00e0 vous garantir des <a href=\"https:\/\/culturesconnection.com\/fr\/services-de-traduction\/\">services de traduction <\/a>d\u2019une qualit\u00e9 irr\u00e9prochable. Les linguistes hors pair de notre \u00e9quipe ma\u00eetrisent \u00e0 la perfection leurs langues de travail ainsi que les r\u00e9glementations en vigueur dans les pays cibl\u00e9s par vos documents m\u00e9dicaux et pharmaceutiques.<\/p>\n\n\n\n<h2 class=\"wp-block-heading\">Traduire un document m\u00e9dical : un large \u00e9ventail de choix<\/h2>\n\n\n\n<p>Voici une liste non exhaustive des demandes de <a href=\"https:\/\/culturesconnection.com\/fr\/traduction-medicale\/\">traduction m\u00e9dicale<\/a> auxquelles notre agence peut r\u00e9pondre :<\/p>\n\n\n\n<ul class=\"wp-block-list\">\n<li>Revues, actes de conf\u00e9rence, publications scientifiques<\/li>\n\n\n\n<li>Projets et comptes rendus de recherche<\/li>\n\n\n\n<li>R\u00e9sultats d\u2019\u00e9tudes et \u00e9tats de nouvelles recherches<\/li>\n\n\n\n<li>Logiciels m\u00e9dicaux et logiciels de fabrication de produits pharmaceutiques<\/li>\n\n\n\n<li>Ouvrages de vulgarisation scientifique, information sant\u00e9<\/li>\n\n\n\n<li>Rapports d\u2019essais et analyses de donn\u00e9es<\/li>\n\n\n\n<li>Questionnaires patients<\/li>\n\n\n\n<li>Localisation de site web m\u00e9dical<\/li>\n\n\n\n<li>Posologies de nouveaux produits<\/li>\n\n\n\n<li>R\u00e9sultats d\u2019essais cliniques<\/li>\n\n\n\n<li>R\u00e9glementations pharmaceutiques<\/li>\n\n\n\n<li>Rapports d\u2019expertise m\u00e9dicale<\/li>\n\n\n\n<li>Formations m\u00e9dicales<\/li>\n\n\n\n<li>Comptes rendus d\u2019hospitalisation<\/li>\n<\/ul>\n\n\n\n<p>Dans le cadre des services linguistiques de l\u2019agence, Cultures Connection propose \u00e9galement un service d\u2019interpr\u00e9tation avec des interpr\u00e8tes professionnels dans le secteur de la sant\u00e9 et de la m\u00e9decine. D\u00e9couvrez nos <a href=\"https:\/\/culturesconnection.com\/fr\/interpretation\/\" class=\"ek-link\">services d\u2019interpr\u00e9tation<\/a> !<\/p>\n","protected":false},"excerpt":{"rendered":"<p>Notre agence de traduction m\u00e9dicale : la pr\u00e9cision avant tout Tout document m\u00e9dical d\u00e9veloppe des id\u00e9es techniques au moyen de termes pr\u00e9cis et sp\u00e9cifiques. Cette [&#8230;]<\/p>\n<p><a class=\"btn btn-secondary understrap-read-more-link\" href=\"https:\/\/culturesconnection.com\/fr\/traduction-medicale\/\">Lire la suite\u2026<span class=\"screen-reader-text\"> from Nos services de traduction m\u00e9dicale<\/span><\/a><\/p>\n","protected":false},"author":2,"featured_media":5862,"parent":0,"menu_order":0,"comment_status":"closed","ping_status":"closed","template":"","meta":{"_acf_changed":false,"_editorskit_title_hidden":false,"_editorskit_reading_time":2,"_editorskit_is_block_options_detached":false,"_editorskit_block_options_position":"{}","footnotes":""},"class_list":["post-271","page","type-page","status-publish","has-post-thumbnail","hentry"],"acf":[],"_links":{"self":[{"href":"https:\/\/culturesconnection.com\/fr\/wp-json\/wp\/v2\/pages\/271","targetHints":{"allow":["GET"]}}],"collection":[{"href":"https:\/\/culturesconnection.com\/fr\/wp-json\/wp\/v2\/pages"}],"about":[{"href":"https:\/\/culturesconnection.com\/fr\/wp-json\/wp\/v2\/types\/page"}],"author":[{"embeddable":true,"href":"https:\/\/culturesconnection.com\/fr\/wp-json\/wp\/v2\/users\/2"}],"replies":[{"embeddable":true,"href":"https:\/\/culturesconnection.com\/fr\/wp-json\/wp\/v2\/comments?post=271"}],"version-history":[{"count":0,"href":"https:\/\/culturesconnection.com\/fr\/wp-json\/wp\/v2\/pages\/271\/revisions"}],"wp:featuredmedia":[{"embeddable":true,"href":"https:\/\/culturesconnection.com\/fr\/wp-json\/wp\/v2\/media\/5862"}],"wp:attachment":[{"href":"https:\/\/culturesconnection.com\/fr\/wp-json\/wp\/v2\/media?parent=271"}],"curies":[{"name":"wp","href":"https:\/\/api.w.org\/{rel}","templated":true}]}}