{"id":257,"date":"2013-06-16T07:23:03","date_gmt":"2013-06-16T06:23:03","guid":{"rendered":"http:\/\/cultures.dev:8888\/?page_id=257"},"modified":"2023-12-25T01:50:44","modified_gmt":"2023-12-25T00:50:44","slug":"traduction-juridique","status":"publish","type":"page","link":"https:\/\/culturesconnection.com\/fr\/traduction-juridique\/","title":{"rendered":"Nos services de traduction juridique"},"content":{"rendered":"\n<h2 class=\"wp-block-heading\">La traduction juridique professionnelle : exp\u00e9rience et compr\u00e9hension<\/h2>\n\n\n\n<p>Avez-vous besoin de <strong>traduire un document juridique<\/strong>&nbsp;? La traduction juridique est un exercice intellectuel complexe. Les experts de notre agence savent que le droit emploie une langue qui lui est propre. En outre, certains concepts et termes juridiques ne sont pas partag\u00e9s par tous les pays, varient selon les juridictions et peuvent ne pas avoir d\u2019exact \u00e9quivalent. Une connaissance approfondie des questions l\u00e9gales pr\u00e9sentes dans un texte source et n\u00e9cessaires dans le texte cible (le texte traduit) se r\u00e9v\u00e8le donc essentielle. Sans compter que toute erreur de traduction peut avoir des cons\u00e9quences graves, notamment en mati\u00e8re de droit des soci\u00e9t\u00e9s. Il va sans dire qu\u2019en droit, le langage et sa pr\u00e9cision sont tr\u00e8s importants, y compris dans les traductions. C\u2019est pourquoi il faut faire appel \u00e0 un cabinet professionnel.<\/p>\n\n\n\n<h2 class=\"wp-block-heading\">Notre agence&nbsp;de traduction juridique<\/h2>\n\n\n\n<p>Pourquoi choisir notre <strong><a href=\"https:\/\/culturesconnection.com\/fr\/\">agence&nbsp;de traduction<\/a> juridique<\/strong>&nbsp;? Chez Cultures Connection, nous avons une vaste exp\u00e9rience de la traduction de documents juridiques tr\u00e8s divers, en fran\u00e7ais, en anglais, en allemand et dans de nombreuses autres langues en Europe et dans le reste du monde. Notre \u00e9quipe offre la garantie de services de traduction et localisation fiables pour vos projets, avec des traductions de qualit\u00e9, pr\u00e9cises et rapides. Nous respectons des standards extr\u00eamement \u00e9lev\u00e9s en ne confiant les documents de droit qu\u2019\u00e0 notre \u00e9quipe de professionnels, des experts de la traduction juridique. Nos traducteurs et relecteurs ont soit une exp\u00e9rience approfondie du droit parce qu\u2019ils ont travaill\u00e9 dans ce milieu (comme avocats ou juristes), soit une certification dans le domaine de la traduction juridique suite \u00e0 une formation pointue. Il faut ma\u00eetriser l\u2019interpr\u00e9tation du droit et les finesses inh\u00e9rentes \u00e0 un contrat, par exemple, pour bien traduire un contenu juridique. Pour les documents officiels administratifs, certains de nos traducteurs peuvent assurer une traduction asserment\u00e9e, car ils poss\u00e8dent l\u2019agr\u00e9ment de traducteur expert judiciaire. Ce type de <a href=\"https:\/\/culturesconnection.com\/fr\/services-de-traduction\/\">service de traduction<\/a> est g\u00e9n\u00e9ralement plus co\u00fbteux que lorsqu\u2019il s\u2019agit d\u2019un texte moins complexe.<\/p>\n\n\n\n<h2 class=\"wp-block-heading\">Glossaires de terminologie juridique<\/h2>\n\n\n\n<p>Notre \u00e9quipe de traducteurs juridiques cr\u00e9e \u00e9galement et met \u00e0 jour des glossaires de&nbsp;<strong>terminologie juridique<\/strong>. Nos linguistes constituent des lexiques sp\u00e9cialis\u00e9s. Pour nos clients r\u00e9guliers, les documents de r\u00e9f\u00e9rence en plusieurs langues tels que les glossaires contiennent toute la terminologie et tout le jargon sp\u00e9cifiques \u00e0 leur secteur et \u00e0 leur entreprise. Ce souci m\u00e9ticuleux des d\u00e9tails linguistiques et juridiques, ainsi que la d\u00e9marche et les processus qualit\u00e9 de notre agence de traduction, nous ont permis de d\u00e9velopper des relations solides et des contrats de longue dur\u00e9e \u00e0 la fois avec d\u2019importants cabinets d\u2019avocats et avec les services juridiques d\u2019entreprises multinationales. \u00c0 votre tour, contactez-nous pour faire traduire vos contenus&nbsp;!<\/p>\n\n\n\n<h2 class=\"wp-block-heading\">Services de traduction juridique professionnels<\/h2>\n\n\n\n<p>Voici quelques exemples de documents que Cultures Connection traduit, des langues les plus courantes (anglais, fran\u00e7ais, espagnol) aux plus rares :<\/p>\n\n\n\n<ul class=\"wp-block-list\">\n<li>Contrats commerciaux, contrats de vente, contrats de travail, contrats de distribution<\/li>\n\n\n\n<li>Clauses de non-confidentialit\u00e9, clauses&nbsp;de non-concurrence<\/li>\n\n\n\n<li>Documents de propri\u00e9t\u00e9 intellectuelle, brevets<\/li>\n\n\n\n<li>Conditions g\u00e9n\u00e9rales<\/li>\n\n\n\n<li>R\u00e8glements<\/li>\n\n\n\n<li>D\u00e9p\u00f4ts de plainte<\/li>\n\n\n\n<li>Procurations<\/li>\n\n\n\n<li>Dossiers de succession<\/li>\n\n\n\n<li>Proc\u00e9dures p\u00e9nales<\/li>\n\n\n\n<li>Assignations en divorce<\/li>\n\n\n\n<li>Mainlev\u00e9es judiciaires<\/li>\n\n\n\n<li>Lettres d\u2019intention<\/li>\n\n\n\n<li>Statuts de soci\u00e9t\u00e9<\/li>\n\n\n\n<li>Rapports d\u2019expertise\u2026<\/li>\n<\/ul>\n\n\n\n<p>Faites appel \u00e0 notre \u00e9quipe pour une traduction de textes juridiques dans votre domaine !<\/p>\n","protected":false},"excerpt":{"rendered":"<p>La traduction juridique professionnelle : exp\u00e9rience et compr\u00e9hension Avez-vous besoin de traduire un document juridique&nbsp;? La traduction juridique est un exercice intellectuel complexe. Les experts [&#8230;]<\/p>\n<p><a class=\"btn btn-secondary understrap-read-more-link\" href=\"https:\/\/culturesconnection.com\/fr\/traduction-juridique\/\">Lire la suite\u2026<span class=\"screen-reader-text\"> from Nos services de traduction juridique<\/span><\/a><\/p>\n","protected":false},"author":2,"featured_media":4897,"parent":0,"menu_order":0,"comment_status":"closed","ping_status":"closed","template":"","meta":{"_acf_changed":false,"_editorskit_title_hidden":false,"_editorskit_reading_time":2,"_editorskit_is_block_options_detached":false,"_editorskit_block_options_position":"{}","footnotes":""},"class_list":["post-257","page","type-page","status-publish","has-post-thumbnail","hentry"],"acf":[],"_links":{"self":[{"href":"https:\/\/culturesconnection.com\/fr\/wp-json\/wp\/v2\/pages\/257","targetHints":{"allow":["GET"]}}],"collection":[{"href":"https:\/\/culturesconnection.com\/fr\/wp-json\/wp\/v2\/pages"}],"about":[{"href":"https:\/\/culturesconnection.com\/fr\/wp-json\/wp\/v2\/types\/page"}],"author":[{"embeddable":true,"href":"https:\/\/culturesconnection.com\/fr\/wp-json\/wp\/v2\/users\/2"}],"replies":[{"embeddable":true,"href":"https:\/\/culturesconnection.com\/fr\/wp-json\/wp\/v2\/comments?post=257"}],"version-history":[{"count":0,"href":"https:\/\/culturesconnection.com\/fr\/wp-json\/wp\/v2\/pages\/257\/revisions"}],"wp:featuredmedia":[{"embeddable":true,"href":"https:\/\/culturesconnection.com\/fr\/wp-json\/wp\/v2\/media\/4897"}],"wp:attachment":[{"href":"https:\/\/culturesconnection.com\/fr\/wp-json\/wp\/v2\/media?parent=257"}],"curies":[{"name":"wp","href":"https:\/\/api.w.org\/{rel}","templated":true}]}}