{"id":248,"date":"2013-06-16T06:52:04","date_gmt":"2013-06-16T06:52:04","guid":{"rendered":"http:\/\/cultures.dev:8888\/?page_id=248"},"modified":"2023-09-07T13:19:32","modified_gmt":"2023-09-07T11:19:32","slug":"traduction-financiere","status":"publish","type":"page","link":"https:\/\/culturesconnection.com\/fr\/traduction-financiere\/","title":{"rendered":"Nos services de traduction financi\u00e8re"},"content":{"rendered":"\n<h2 class=\"wp-block-heading\">Les services de&nbsp;traduction financi\u00e8re,<br>une question de pr\u00e9cision<\/h2>\n\n\n\n<p>Pourquoi contacter notre agence de traduction financi\u00e8re ? La traduction financi\u00e8re est demand\u00e9e en premier lieu par les principaux acteurs du secteur, comme les banques, les assurances, les fonds d\u2019investissement, les auxiliaires financiers, ainsi que les cabinets comptables, et plus g\u00e9n\u00e9ralement des entreprises internationales. L\u2019expansion du secteur fintech, en raison de son fonctionnement num\u00e9rique, d\u00e9multiplie les besoins en traduction multilingue pour tous les services en ligne. Traduire des documents financiers requiert&nbsp;une&nbsp;connaissance pointue du&nbsp;domaine d\u2019activit\u00e9 et une parfaite&nbsp;ma\u00eetrise de la terminologie&nbsp;associ\u00e9e. La finance est un domaine o\u00f9 l\u2019exactitude et la rigueur sont fondamentales. Chaque&nbsp;erreur de traduction&nbsp;dans cette sp\u00e9cialit\u00e9 peut entra\u00eener&nbsp;des incompr\u00e9hensions chez le lecteur et affecter sa prise de d\u00e9cision. Consciente des cons\u00e9quences, parfois d\u00e9sastreuses, que peuvent entra\u00eener des impr\u00e9cisions, notre <a href=\"https:\/\/culturesconnection.com\/fr\/\">agence de traduction<\/a> s\u00e9lectionne pour vous des professionnels de la traduction financi\u00e8re sur la base de leurs dipl\u00f4mes et de leur exp\u00e9rience. Choisir Cultures Connection, c\u2019est la garantie d\u2019un<strong> <a href=\"https:\/\/culturesconnection.com\/services-de-traduction\/\" class=\"ek-link\">service de traduction<\/a> financi\u00e8re professionnelle et de qualit\u00e9<\/strong>.<\/p>\n\n\n\n<h2 class=\"wp-block-heading\">Traduction de documents financiers<\/h2>\n\n\n\n<p>Quel est le contenu des textes du secteur de la traduction financi\u00e8re et \u00e9conomique ? Nos experts en documents financiers et boursiers ont l\u2019habitude de traduire des documents aux contenus tr\u00e8s divers et dans un grand nombre de langues : documents d\u2019informations cl\u00e9s pour l\u2019investisseur (DICI), prospectus, rapports de fonds d\u2019investissement, rapports d\u2019activit\u00e9, bilans, bourse, documents bancaires, lettres d\u2019informations financi\u00e8res, papiers de recherche, documents de gestion du risque et de gestion d\u2019actifs, rapports d\u2019audits, ou encore textes de fusions et d\u2019acquisitions. Pour nos clients des entreprises financi\u00e8res, notre \u00e9quipe traduit \u00e9galement des sites web, des applications et des logiciels.<\/p>\n\n\n\n<p><strong>La traduction de documents financiers constitue un exercice d\u00e9licat<\/strong> en raison de la sp\u00e9cificit\u00e9 du vocabulaire financier. Le besoin de faire appel \u00e0 des traducteurs financiers professionnels est donc crucial. Notre soci\u00e9t\u00e9 de traduction peut compter sur son vaste r\u00e9seau de traducteurs professionnels rigoureusement s\u00e9lectionn\u00e9s sur la base de leurs exp\u00e9riences et de leurs dipl\u00f4mes. Si vous avez un doute sur une traduction r\u00e9alis\u00e9e en interne dans votre entreprise et que vous souhaitez une v\u00e9rification ou une seconde traduction de vos documents, Cultures Connection propose aussi un service de r\u00e9vision et de relecture. Notre gamme de services linguistiques et l&rsquo;exp\u00e9rience de nos traducteurs sauront vous convaincre.<\/p>\n\n\n\n<h2 class=\"wp-block-heading\">Traduction de documents d&rsquo;assurance :<br>un besoin analogue de qualit\u00e9<\/h2>\n\n\n\n<p>Le domaine des assurances fait appel \u00e0 un vocabulaire proche de celui du secteur financier. De la m\u00eame mani\u00e8re, la qualit\u00e9 des traductions est cruciale dans ce secteur. Une traduction de documents d\u2019assurance erron\u00e9e ou de mauvaise qualit\u00e9 pourrait non seulement vous emp\u00eacher de trouver de nouveaux clients, mais aussi affecter les garanties faites \u00e0 ces derniers.<\/p>\n\n\n\n<p>Les cons\u00e9quences d\u2019une traduction de mauvaise qualit\u00e9 peuvent \u00eatre lourdes sur le plan financier. Les documents d\u2019assurance sont transversaux et contiennent non seulement des informations relatives aux conditions et donn\u00e9es concernant l\u2019assurance, mais aussi des informations l\u00e9gales, financi\u00e8res, m\u00e9dicales, souvent de nature tr\u00e8s sp\u00e9cifique. Il vaut mieux confier une traduction financi\u00e8re et bancaire \u00e0 une agence qui vous proposera des sp\u00e9cialistes de la finance, mais aussi du juridique, du marketing et de la communication dans votre secteur d\u2019activit\u00e9. Contactez-nous !<\/p>\n","protected":false},"excerpt":{"rendered":"<p>Les services de&nbsp;traduction financi\u00e8re,une question de pr\u00e9cision Pourquoi contacter notre agence de traduction financi\u00e8re ? La traduction financi\u00e8re est demand\u00e9e en premier lieu par les [&#8230;]<\/p>\n<p><a class=\"btn btn-secondary understrap-read-more-link\" href=\"https:\/\/culturesconnection.com\/fr\/traduction-financiere\/\">Lire la suite\u2026<span class=\"screen-reader-text\"> from Nos services de traduction financi\u00e8re<\/span><\/a><\/p>\n","protected":false},"author":2,"featured_media":4866,"parent":0,"menu_order":0,"comment_status":"closed","ping_status":"closed","template":"","meta":{"_acf_changed":false,"_editorskit_title_hidden":false,"_editorskit_reading_time":2,"_editorskit_is_block_options_detached":false,"_editorskit_block_options_position":"{}","footnotes":""},"class_list":["post-248","page","type-page","status-publish","has-post-thumbnail","hentry"],"acf":[],"_links":{"self":[{"href":"https:\/\/culturesconnection.com\/fr\/wp-json\/wp\/v2\/pages\/248","targetHints":{"allow":["GET"]}}],"collection":[{"href":"https:\/\/culturesconnection.com\/fr\/wp-json\/wp\/v2\/pages"}],"about":[{"href":"https:\/\/culturesconnection.com\/fr\/wp-json\/wp\/v2\/types\/page"}],"author":[{"embeddable":true,"href":"https:\/\/culturesconnection.com\/fr\/wp-json\/wp\/v2\/users\/2"}],"replies":[{"embeddable":true,"href":"https:\/\/culturesconnection.com\/fr\/wp-json\/wp\/v2\/comments?post=248"}],"version-history":[{"count":0,"href":"https:\/\/culturesconnection.com\/fr\/wp-json\/wp\/v2\/pages\/248\/revisions"}],"wp:featuredmedia":[{"embeddable":true,"href":"https:\/\/culturesconnection.com\/fr\/wp-json\/wp\/v2\/media\/4866"}],"wp:attachment":[{"href":"https:\/\/culturesconnection.com\/fr\/wp-json\/wp\/v2\/media?parent=248"}],"curies":[{"name":"wp","href":"https:\/\/api.w.org\/{rel}","templated":true}]}}