{"id":20288,"date":"2020-05-28T11:37:20","date_gmt":"2020-05-28T10:37:20","guid":{"rendered":"http:\/\/culturesconnection.com\/?page_id=20288"},"modified":"2022-12-15T13:37:51","modified_gmt":"2022-12-15T12:37:51","slug":"notre-materiel-dinterpretation","status":"publish","type":"page","link":"https:\/\/culturesconnection.com\/fr\/notre-materiel-dinterpretation\/","title":{"rendered":"Notre mat\u00e9riel d\u2019interpr\u00e9tation"},"content":{"rendered":"\n<h2 class=\"wp-block-heading\">Un \u00e9quipement technique pour une interpr\u00e9tation de qualit\u00e9<\/h2>\n\n\n\n<p>Faire appel \u00e0 des interpr\u00e8tes peut ne pas \u00eatre la seule d\u00e9marche \u00e0 entreprendre pour organiser avec succ\u00e8s un \u00e9v\u00e9nement en plusieurs langues. Les congr\u00e8s avec une assistance nombreuse n\u00e9cessitent des cabines insonoris\u00e9es, des consoles audio, des casques et des micros afin que les professionnels puissent interpr\u00e9ter en m\u00eame temps qu\u2019un orateur parle et que l\u2019assistance puisse entendre sans probl\u00e8me dans sa langue maternelle. Les visites guid\u00e9es dans les mus\u00e9es peuvent requ\u00e9rir un mat\u00e9riel portable (de type Infoport) pour une assistance qui se trouve \u00e0 des distances vari\u00e9es de l\u2019interpr\u00e8te. Une conf\u00e9rence de presse peut exiger, au minimum, des micros et un syst\u00e8me audio pour une bonne transmission.<\/p>\n\n\n\n<p>Trouver un prestataire pour l\u2019\u00e9quipement et louer l\u2019\u00e9quipement pour un <a href=\"https:\/\/culturesconnection.com\/fr\/interpretation\/\">service d\u2019interpr\u00e9tation<\/a> peut s\u2019av\u00e9rer fastidieux lorsqu\u2019on ne conna\u00eet pas le secteur. C\u2019est pourquoi <a href=\"https:\/\/culturesconnection.com\/fr\/\">Cultures Connection<\/a> fournit un service de location d\u2019\u00e9quipement d\u2019interpr\u00e9tation pour l\u2019organisation d\u2019\u00e9v\u00e9nements internationaux, qui est adapt\u00e9 aux besoins du client et aux exigences li\u00e9es \u00e0 l\u2019\u00e9v\u00e9nement. Nous proposons un service complet d\u2019interpr\u00e9tation et de location d\u2019\u00e9quipement technique afin de r\u00e9pondre \u00e0 vos besoins en offrant la meilleure qualit\u00e9, sans perdre de temps et au meilleur prix.<\/p>\n\n\n\n<h2 class=\"wp-block-heading\">\u00c9quipement fixe<\/h2>\n\n\n\n<p><strong>Les cabines fixes<\/strong><br>Si le lieu de l\u2019\u00e9v\u00e9nement comprend des cabines fixes pour des services d\u2019interpr\u00e9tation simultan\u00e9e, nous nous assurons que les interpr\u00e8tes ont \u00e0 leur disposition tout l\u2019\u00e9quipement n\u00e9cessaire r\u00e9pondant aux normes ISO. La cabine doit \u00eatre insonoris\u00e9e et offrir des conditions de travail ad\u00e9quates en termes de ventilation, d\u2019\u00e9clairage et d\u2019espace. La cabine devra \u00eatre \u00e9quip\u00e9e de consoles et de commandes individuelles pour chaque interpr\u00e8te, de casques, de micros et de lampes de lecture. L\u2019installation de l\u2019\u00e9quipement est assur\u00e9e par une \u00e9quipe technique.<\/p>\n\n\n\n<figure class=\"wp-block-table\"><table><tbody><tr><td>\n<div class=\"mceTemp\">&nbsp;<\/div>\n<figure><a href=\"https:\/\/culturesconnection.com\/wp-content\/uploads\/2020\/03\/Pupitres-04.jpg\"><img loading=\"lazy\" decoding=\"async\" class=\"wp-image-19684 aligncenter\" src=\"https:\/\/culturesconnection.com\/wp-content\/uploads\/2020\/03\/Pupitres-04.jpg\" alt=\"Cabinas fijas\" width=\"253\" height=\"210\" srcset=\"https:\/\/culturesconnection.com\/wp-content\/uploads\/2020\/03\/Pupitres-04.jpg 610w, https:\/\/culturesconnection.com\/wp-content\/uploads\/2020\/03\/Pupitres-04-300x248.jpg 300w\" sizes=\"auto, (max-width: 253px) 100vw, 253px\" \/><\/a><\/figure><p><\/p>\n<\/td><td>&#8211; Transmetteurs fixes, jusqu\u2019\u00e0 32 canaux<br>&#8211; Transmetteurs de poche, jusqu\u2019\u00e0 32 canaux<br>&#8211; Micros de consoles, de 4 \u00e0 32 canaux<br>&#8211; Micros mains, jusqu\u2019\u00e0 32 canaux<br>&#8211; R\u00e9cepteurs, jusqu\u2019\u00e0 32 canaux<br>&#8211; Casques r\u00e9cepteurs, 6 canaux<\/td><\/tr><\/tbody><\/table><\/figure>\n\n\n\n<h2 class=\"wp-block-heading\">\u00c9quipement portatif<\/h2>\n\n\n\n<p><strong>Les cabines mobiles<\/strong><br>Nous travaillons avec des cabines mobiles pour les salles de congr\u00e8s qui ne disposent pas de cabines incorpor\u00e9es. Ces espaces de travail pr\u00e9sentent des caract\u00e9ristiques similaires \u00e0 celles des cabines fixes. Dans ce cas, nous nous assurons de travailler \u00e9galement avec du mat\u00e9riel de qualit\u00e9 respectant les normes ISO&nbsp;: les cabines doivent avoir un bon \u00e9clairage, une bonne ventilation et l\u2019espace ad\u00e9quat pour le confort de deux \u00e0 quatre interpr\u00e8tes (leur nombre varie en fonction des langues et du type de travail pour l\u2019\u00e9v\u00e9nement). De plus, notre service technique se charge de l\u2019installation \u00e0 l\u2019endroit qui offre la meilleure visibilit\u00e9 de la salle, des orateurs et de l\u2019\u00e9cran de pr\u00e9sentation. Ces cabines sont utilis\u00e9es pour des \u00e9v\u00e9nements rassemblant de tr\u00e8s nombreux participants qui requi\u00e8rent une interpr\u00e9tation simultan\u00e9e.<\/p>\n\n\n\n<figure class=\"wp-block-table\"><table><tbody><tr><td><a href=\"https:\/\/culturesconnection.com\/wp-content\/uploads\/2020\/03\/Cabina-port\u00e1til.jpg\"><img loading=\"lazy\" decoding=\"async\" class=\" wp-image-19693\" src=\"https:\/\/culturesconnection.com\/wp-content\/uploads\/2020\/03\/Cabina-port\u00e1til.jpg\" alt=\"Cabina port\u00e1til\" width=\"268\" height=\"268\" srcset=\"https:\/\/culturesconnection.com\/wp-content\/uploads\/2020\/03\/Cabina-port\u00e1til.jpg 800w, https:\/\/culturesconnection.com\/wp-content\/uploads\/2020\/03\/Cabina-port\u00e1til-300x300.jpg 300w, https:\/\/culturesconnection.com\/wp-content\/uploads\/2020\/03\/Cabina-port\u00e1til-150x150.jpg 150w, https:\/\/culturesconnection.com\/wp-content\/uploads\/2020\/03\/Cabina-port\u00e1til-768x768.jpg 768w\" sizes=\"auto, (max-width: 268px) 100vw, 268px\" \/><\/a><\/td><td>\n<p style=\"text-align: left;\">&#8211; Normes ISO<br>&#8211; Dimensions : 1,60 m x 1,60 m x 2 m<br>&#8211; Espace pour un ou deux interpr\u00e8tes<br>&#8211; Extension possible pour trois \u00e0 quatre interpr\u00e8tes<br>&#8211; Insonorisation<br>&#8211; Ventilation int\u00e9gr\u00e9e<\/p>\n<\/td><\/tr><\/tbody><\/table><\/figure>\n\n\n\n<figure class=\"wp-block-table\"><table><tbody><tr><td><a href=\"https:\/\/culturesconnection.com\/wp-content\/uploads\/2020\/03\/Cabina-sobre-mesa-02.jpg\"><img loading=\"lazy\" decoding=\"async\" class=\" wp-image-19702\" src=\"https:\/\/culturesconnection.com\/wp-content\/uploads\/2020\/03\/Cabina-sobre-mesa-02.jpg\" alt=\"Cabina sobre mesa\" width=\"281\" height=\"281\" srcset=\"https:\/\/culturesconnection.com\/wp-content\/uploads\/2020\/03\/Cabina-sobre-mesa-02.jpg 1280w, https:\/\/culturesconnection.com\/wp-content\/uploads\/2020\/03\/Cabina-sobre-mesa-02-300x300.jpg 300w, https:\/\/culturesconnection.com\/wp-content\/uploads\/2020\/03\/Cabina-sobre-mesa-02-1024x1024.jpg 1024w, https:\/\/culturesconnection.com\/wp-content\/uploads\/2020\/03\/Cabina-sobre-mesa-02-150x150.jpg 150w, https:\/\/culturesconnection.com\/wp-content\/uploads\/2020\/03\/Cabina-sobre-mesa-02-768x768.jpg 768w\" sizes=\"auto, (max-width: 281px) 100vw, 281px\" \/><\/a><\/td><td>\n<p style=\"text-align: left;\">&#8211; Dimensions : 69,5 cm x 69,5 cm x 25,6 cm<br>&#8211; Espace pour un ou deux interpr\u00e8tes<br>&#8211; Parois insonoris\u00e9es<br>&#8211; Montage sans outils<br>&#8211; Aucun technicien requis pour l\u2019installation<br>&#8211; Faibles co\u00fbts de fonctionnement<\/p>\n<\/td><\/tr><\/tbody><\/table><\/figure>\n\n\n\n<p><strong>Valise d\u2019interpr\u00e9tation Infoport<\/strong><br>L\u2019\u00e9quipement Infoport consiste en une valise pourvue d\u2019un micro permettant de s\u2019adresser \u00e0 l\u2019audience et de r\u00e9cepteurs pour les auditeurs. Il s\u2019agit d\u2019un syst\u00e8me infrarouge sans fil, ainsi il ne n\u00e9cessite pas de support technique et il est aussi facile \u00e0 transporter qu\u2019\u00e0 utiliser. Cet outil de travail est utilis\u00e9 pour des \u00e9v\u00e9nements en petits groupes dans de petites salles et qui requi\u00e8rent une interpr\u00e9tation simultan\u00e9e.<\/p>\n\n\n\n<figure class=\"wp-block-table\"><table><tbody><tr><td><a href=\"https:\/\/culturesconnection.com\/wp-content\/uploads\/2020\/03\/Infoport.jpg\"><img loading=\"lazy\" decoding=\"async\" class=\" wp-image-19711\" src=\"https:\/\/culturesconnection.com\/wp-content\/uploads\/2020\/03\/Infoport.jpg\" alt=\"Infoport\" width=\"294\" height=\"289\" srcset=\"https:\/\/culturesconnection.com\/wp-content\/uploads\/2020\/03\/Infoport.jpg 512w, https:\/\/culturesconnection.com\/wp-content\/uploads\/2020\/03\/Infoport-300x295.jpg 300w\" sizes=\"auto, (max-width: 294px) 100vw, 294px\" \/><\/a><\/td><td>&#8211; 1 unit\u00e9 de contr\u00f4le audio infrarouge<br>&#8211; Syst\u00e8me de r\u00e9ception infrarouge<br>&#8211; 1 micro<br>&#8211; 20 casques avec r\u00e9cepteurs<br>&#8211; Montage sans outils<\/td><\/tr><\/tbody><\/table><\/figure>\n\n\n\n<h2 class=\"wp-block-heading\">Syst\u00e8mes audio<\/h2>\n\n\n\n<p>Les syst\u00e8mes audio que nous utilisons pour nos services d\u2019interpr\u00e9tation simultan\u00e9e et d\u2019interpr\u00e9tation cons\u00e9cutive font partie des innovations technologiques les plus r\u00e9centes. Les r\u00e9glages du son, des micros, des haut-parleurs et des casques pour les orateurs et l\u2019audience sont effectu\u00e9s en fonction du type d\u2019\u00e9v\u00e9nement, du nombre de participants et de la configuration de la salle. Il est possible de r\u00e9gler le son de mani\u00e8re digitale, au moyen du syst\u00e8me infrarouge, avec jusqu\u2019\u00e0 32&nbsp;entr\u00e9es audio depuis l\u2019orateur vers les auditeurs (depuis les transmetteurs vers les casques). Ce qui signifie que nous pouvons travailler avec jusqu\u2019\u00e0 32&nbsp;langues \u00e0 la fois&nbsp;!<\/p>\n\n\n\n<figure class=\"wp-block-table\"><table><tbody><tr><td><a href=\"https:\/\/culturesconnection.com\/wp-content\/uploads\/2020\/03\/Equipo-de-sonido.png\"><img loading=\"lazy\" decoding=\"async\" class=\"alignnone wp-image-19720\" src=\"https:\/\/culturesconnection.com\/wp-content\/uploads\/2020\/03\/Equipo-de-sonido.png\" alt=\"Equipo de sonido\" width=\"213\" height=\"231\" srcset=\"https:\/\/culturesconnection.com\/wp-content\/uploads\/2020\/03\/Equipo-de-sonido.png 768w, https:\/\/culturesconnection.com\/wp-content\/uploads\/2020\/03\/Equipo-de-sonido-277x300.png 277w\" sizes=\"auto, (max-width: 213px) 100vw, 213px\" \/><\/a><\/td><td>&#8211; Unit\u00e9 de commande et d\u2019alimentation<br>&#8211; Amplificateur de puissance<br>&#8211; Syst\u00e8me de r\u00e9ception infrarouge<\/td><\/tr><\/tbody><\/table><\/figure>\n\n\n\n<h2 class=\"wp-block-heading\" id=\"anchor\">Nos services d\u2019interpr\u00e9tation<\/h2>\n\n\n\n<p><a href=\"https:\/\/culturesconnection.com\/fr\/liste-de-projets\/\"><\/a>&nbsp;<a href=\"https:\/\/culturesconnection.com\/fr\/category\/prestation\/service-dinterpretation\/\">Consultez nos derni\u00e8res interpr\u00e9tations d\u2019\u00e9v\u00e9nements<\/a><\/p>\n","protected":false},"excerpt":{"rendered":"<p>Un \u00e9quipement technique pour une interpr\u00e9tation de qualit\u00e9 Faire appel \u00e0 des interpr\u00e8tes peut ne pas \u00eatre la seule d\u00e9marche \u00e0 entreprendre pour organiser avec [&#8230;]<\/p>\n<p><a class=\"btn btn-secondary understrap-read-more-link\" href=\"https:\/\/culturesconnection.com\/fr\/notre-materiel-dinterpretation\/\">Lire la suite\u2026<span class=\"screen-reader-text\"> from Notre mat\u00e9riel d\u2019interpr\u00e9tation<\/span><\/a><\/p>\n","protected":false},"author":52,"featured_media":0,"parent":0,"menu_order":0,"comment_status":"closed","ping_status":"closed","template":"","meta":{"_acf_changed":false,"_editorskit_title_hidden":false,"_editorskit_reading_time":3,"_editorskit_is_block_options_detached":false,"_editorskit_block_options_position":"{}","footnotes":""},"class_list":["post-20288","page","type-page","status-publish","hentry"],"acf":[],"_links":{"self":[{"href":"https:\/\/culturesconnection.com\/fr\/wp-json\/wp\/v2\/pages\/20288","targetHints":{"allow":["GET"]}}],"collection":[{"href":"https:\/\/culturesconnection.com\/fr\/wp-json\/wp\/v2\/pages"}],"about":[{"href":"https:\/\/culturesconnection.com\/fr\/wp-json\/wp\/v2\/types\/page"}],"author":[{"embeddable":true,"href":"https:\/\/culturesconnection.com\/fr\/wp-json\/wp\/v2\/users\/52"}],"replies":[{"embeddable":true,"href":"https:\/\/culturesconnection.com\/fr\/wp-json\/wp\/v2\/comments?post=20288"}],"version-history":[{"count":0,"href":"https:\/\/culturesconnection.com\/fr\/wp-json\/wp\/v2\/pages\/20288\/revisions"}],"wp:attachment":[{"href":"https:\/\/culturesconnection.com\/fr\/wp-json\/wp\/v2\/media?parent=20288"}],"curies":[{"name":"wp","href":"https:\/\/api.w.org\/{rel}","templated":true}]}}