{"id":16058,"date":"2019-10-22T14:41:10","date_gmt":"2019-10-22T12:41:10","guid":{"rendered":"http:\/\/culturesconnection.com\/?page_id=16058"},"modified":"2022-11-17T10:10:07","modified_gmt":"2022-11-17T09:10:07","slug":"traduction-de-jeux-video-en-arabe","status":"publish","type":"page","link":"https:\/\/culturesconnection.com\/fr\/services-de-traduction-arabe\/traduction-de-jeux-video-en-arabe\/","title":{"rendered":"Agence de traduction de jeux vid\u00e9o en arabe"},"content":{"rendered":"\n<h2 class=\"wp-block-heading\">Traduction de jeux vid\u00e9o en arabe : optimisez l\u2019exp\u00e9rience de vos joueurs<\/h2>\n\n\n\n<p>Vous aimeriez rendre votre jeu vid\u00e9o accessible aux utilisateurs arabophones ? Offrez-leur la possibilit\u00e9 de jouer dans leur langue maternelle ! Notre <a href=\"https:\/\/culturesconnection.com\/fr\/\">soci\u00e9t\u00e9 de traduction<\/a> se sp\u00e9cialise dans la traduction et la localisation de vos jeux vid\u00e9o en arabe afin que vous puissiez les diffuser \u00e0 l\u2019\u00e9tranger et faire progresser vos ventes. Faites confiance \u00e0 notre savoir-faire reconnu pour d\u00e9livrer votre message avec une qualit\u00e9 in\u00e9galable. Nous sommes votre meilleur alli\u00e9 pour la gestion de votre projet et la ma\u00eetrise de sa traduction et de son adaptation culturelle. Faites confiance \u00e0 nos <a href=\"https:\/\/culturesconnection.com\/fr\/services-de-traduction\/\">services de traduction<\/a> !<\/p>\n\n\n\n<h2 class=\"wp-block-heading\">Notre agence de traduction et de localisation de jeux vid\u00e9o<\/h2>\n\n\n\n<p>Cultures Connection fait rimer rapidit\u00e9 avec efficacit\u00e9. Pour un r\u00e9sultat optimal, nous mobilisons les comp\u00e9tences de nos traducteurs arabe &#8211; fran\u00e7ais ou fran\u00e7ais &#8211; arabe. Ils sont tous locuteurs natifs et assurent par cons\u00e9quent une meilleure adaptation du contenu. Ils sont non seulement qualifi\u00e9s sur le plan linguistique mais ils disposent \u00e9galement d\u2019une exp\u00e9rience prouv\u00e9e dans le domaine de la <a href=\"https:\/\/culturesconnection.com\/fr\/traduction-localisation-jeux-video\/\">traduction de jeux vid\u00e9o<\/a> en arabe. Avec notre entreprise de traduction, vous choisissez la qualit\u00e9 et la s\u00e9curit\u00e9. Nous traduisons et localisons vos jeux vid\u00e9o tout en vous assurant la cr\u00e9dibilit\u00e9 de votre soci\u00e9t\u00e9.<\/p>\n\n\n\n<h2 class=\"wp-block-heading\">Nos services de traduction de jeux vid\u00e9o en arabe<\/h2>\n\n\n\n<p>Cultures Connection vous accompagne dans les projets jeux vid\u00e9o de votre entreprise gr\u00e2ce \u00e0 ses diff\u00e9rentes prestations :<\/p>\n\n\n\n<ul class=\"wp-block-list\"><li>Traduction de jeux vid\u00e9o<\/li><li>Localisation de jeux vid\u00e9o<\/li><li>Gestion de projet<\/li><li>Sous-titrage<\/li><li>Enregistrement et doublage<\/li><li>Contr\u00f4le qualit\u00e9<\/li><\/ul>\n","protected":false},"excerpt":{"rendered":"<p>Traduction de jeux vid\u00e9o en arabe : optimisez l\u2019exp\u00e9rience de vos joueurs Vous aimeriez rendre votre jeu vid\u00e9o accessible aux utilisateurs arabophones ? Offrez-leur la [&#8230;]<\/p>\n<p><a class=\"btn btn-secondary understrap-read-more-link\" href=\"https:\/\/culturesconnection.com\/fr\/services-de-traduction-arabe\/traduction-de-jeux-video-en-arabe\/\">Lire la suite\u2026<span class=\"screen-reader-text\"> from Agence de traduction de jeux vid\u00e9o en arabe<\/span><\/a><\/p>\n","protected":false},"author":52,"featured_media":24329,"parent":5602,"menu_order":0,"comment_status":"closed","ping_status":"closed","template":"","meta":{"_acf_changed":false,"_editorskit_title_hidden":false,"_editorskit_reading_time":0,"_editorskit_is_block_options_detached":false,"_editorskit_block_options_position":"{}","footnotes":""},"class_list":["post-16058","page","type-page","status-publish","has-post-thumbnail","hentry"],"acf":[],"_links":{"self":[{"href":"https:\/\/culturesconnection.com\/fr\/wp-json\/wp\/v2\/pages\/16058","targetHints":{"allow":["GET"]}}],"collection":[{"href":"https:\/\/culturesconnection.com\/fr\/wp-json\/wp\/v2\/pages"}],"about":[{"href":"https:\/\/culturesconnection.com\/fr\/wp-json\/wp\/v2\/types\/page"}],"author":[{"embeddable":true,"href":"https:\/\/culturesconnection.com\/fr\/wp-json\/wp\/v2\/users\/52"}],"replies":[{"embeddable":true,"href":"https:\/\/culturesconnection.com\/fr\/wp-json\/wp\/v2\/comments?post=16058"}],"version-history":[{"count":0,"href":"https:\/\/culturesconnection.com\/fr\/wp-json\/wp\/v2\/pages\/16058\/revisions"}],"up":[{"embeddable":true,"href":"https:\/\/culturesconnection.com\/fr\/wp-json\/wp\/v2\/pages\/5602"}],"wp:featuredmedia":[{"embeddable":true,"href":"https:\/\/culturesconnection.com\/fr\/wp-json\/wp\/v2\/media\/24329"}],"wp:attachment":[{"href":"https:\/\/culturesconnection.com\/fr\/wp-json\/wp\/v2\/media?parent=16058"}],"curies":[{"name":"wp","href":"https:\/\/api.w.org\/{rel}","templated":true}]}}