{"id":15996,"date":"2019-10-15T15:48:14","date_gmt":"2019-10-15T13:48:14","guid":{"rendered":"http:\/\/culturesconnection.com\/?page_id=15996"},"modified":"2025-06-03T10:29:21","modified_gmt":"2025-06-03T08:29:21","slug":"interpretariat-de-liaison","status":"publish","type":"page","link":"https:\/\/culturesconnection.com\/fr\/interpretariat-de-liaison\/","title":{"rendered":"Nos services d\u2019interpr\u00e9tation de liaison"},"content":{"rendered":"\n<h2 class=\"wp-block-heading\" id=\"h-l-interpretation-de-liaison\">L\u2019interpr\u00e9tation de liaison<\/h2>\n\n\n\n<p>Dans le cadre d\u2019un \u00e9v\u00e9nement multilingue (visite de site, n\u00e9gociation commerciale, rendez-vous d\u2019affaires\u2026) o\u00f9 un nombre r\u00e9duit d\u2019interlocuteurs doivent communiquer entre eux, l\u2019interpr\u00e8te de liaison intervient pour assurer le bon d\u00e9roulement des \u00e9changes. L\u2019information doit passer dans un sens, et dans l\u2019autre. En d\u2019autres termes, l\u2019interpr\u00e8te traduit depuis et vers deux langues diff\u00e9rentes. La plupart du temps, il travaille sans prendre de notes, en m\u00e9morisant par petites parties et en les restituant dans la langue cible.<\/p>\n\n\n\n<h2 class=\"wp-block-heading\" id=\"h-un-lien-direct-entre-les-interlocuteurs\">Un lien direct entre les interlocuteurs<\/h2>\n\n\n\n<p><b>L\u2019interpr\u00e9tation de liaison se d\u00e9roule dans des contextes plut\u00f4t informels <\/b>qui favorisent le contact et permettent d\u2019\u00e9tablir des liens directs entre les interlocuteurs. Il s\u2019agit d\u2019une m\u00e9thode simple et chaleureuse qui met l\u2019accent sur les discussions \u00e9troites entre les intervenants. Ici, pas de cabine, pas de casque, pas de micro. Autour d\u2019une m\u00eame table, les \u00e9changes se font les yeux dans les yeux, ce qui permet d\u2019instaurer un climat de confiance&nbsp;id\u00e9al en toutes circonstances.<\/p>\n\n\n\n<h2 class=\"wp-block-heading\" id=\"h-interpretes-de-liaison-a-paris-et-a-l-etranger\">Interpr\u00e8tes de liaison \u00e0 Paris et \u00e0 l\u2019\u00e9tranger<\/h2>\n\n\n\n<p>Cultures Connection met \u00e0 votre disposition un large r\u00e9seau d\u2019interpr\u00e8tes de liaison dans toutes les langues. Nous vous proposons des <a href=\"https:\/\/culturesconnection.com\/fr\/interpretation\/\">services d\u2019interpr\u00e9tation<\/a> dans pr\u00e8s de 80&nbsp;combinaisons linguistiques&nbsp;: fran\u00e7ais, espagnol, croate, chinois, allemand, anglais, russe, arabe, portugais\u2026<\/p>\n\n\n\n<p>Notre <a href=\"https:\/\/culturesconnection.com\/fr\/\">agence d\u2019interpr\u00e9tation<\/a> met un point d\u2019honneur \u00e0 fournir \u00e0 ses clients des prestations sp\u00e9cialement adapt\u00e9es \u00e0 leurs exigences et besoins. Vous pouvez compter sur notre exp\u00e9rience et notre professionnalisme pour s\u00e9lectionner les interpr\u00e8tes qui vous conviendront et rempliront leur mission avec succ\u00e8s. Nos partenaires linguistiques sont tenus au secret professionnel et peuvent \u00eatre soumis \u00e0 des accords de confidentialit\u00e9 si vous le d\u00e9sirez.<\/p>\n\n\n\n<h2 class=\"wp-block-heading\" id=\"h-service-de-chuchotage\">Service de chuchotage<\/h2>\n\n\n\n<p><span style=\"font-weight: 400\">L\u2019interpr\u00e9tation chuchot\u00e9e est une interpr\u00e9tation simultan\u00e9e r\u00e9alis\u00e9e en chuchotant \u00e0 l\u2019oreille des participants. L\u2019interpr\u00e8te se tient assis ou debout et travaille pour un tr\u00e8s petit groupe de personnes se trouvant \u00e0 proximit\u00e9 les unes des autres. <strong>La technique du chuchotage est utilis\u00e9e lors de r\u00e9unions bilat\u00e9rales<\/strong> ou lorsque tr\u00e8s peu de participants poss\u00e8dent une langue commune. Elle est souvent pr\u00e9f\u00e9r\u00e9e \u00e0 l\u2019interpr\u00e9tation cons\u00e9cutive car elle permet de gagner du temps \u00e9tant donn\u00e9 que l\u2019interpr\u00e8te parle en m\u00eame temps que l\u2019orateur. Aucun mat\u00e9riel sp\u00e9cifique n\u2019est n\u00e9cessaire, si ce n\u2019est un casque dans le cas o\u00f9 l\u2019interpr\u00e8te se trouve loin de l\u2019orateur et ne peut donc l\u2019entendre parfaitement.<\/span><\/p>\n\n\n\n<h3 class=\"wp-block-heading\" id=\"h-nbsp\">&nbsp;<\/h3>\n","protected":false},"excerpt":{"rendered":"<p>L\u2019interpr\u00e9tation de liaison Dans le cadre d\u2019un \u00e9v\u00e9nement multilingue (visite de site, n\u00e9gociation commerciale, rendez-vous d\u2019affaires\u2026) o\u00f9 un nombre r\u00e9duit d\u2019interlocuteurs doivent communiquer entre eux, [&#8230;]<\/p>\n<p><a class=\"btn btn-secondary understrap-read-more-link\" href=\"https:\/\/culturesconnection.com\/fr\/interpretariat-de-liaison\/\">Lire la suite\u2026<span class=\"screen-reader-text\"> from Nos services d\u2019interpr\u00e9tation de liaison<\/span><\/a><\/p>\n","protected":false},"author":52,"featured_media":26055,"parent":0,"menu_order":0,"comment_status":"closed","ping_status":"closed","template":"","meta":{"_acf_changed":false,"_editorskit_title_hidden":false,"_editorskit_reading_time":0,"_editorskit_is_block_options_detached":false,"_editorskit_block_options_position":"{}","footnotes":""},"class_list":["post-15996","page","type-page","status-publish","has-post-thumbnail","hentry"],"acf":[],"yoast_head":"<!-- This site is optimized with the Yoast SEO Premium plugin v23.4 (Yoast SEO v27.3) - https:\/\/yoast.com\/product\/yoast-seo-premium-wordpress\/ -->\n<title>Interpr\u00e9tation de liaison - Services en ligne<\/title>\n<meta name=\"description\" content=\"Cultures Connection offre des services d\u2019interpr\u00e9tation de liaison pour des r\u00e9unions multilingues partout dans le monde. Demandez un devis gratuit.\" \/>\n<meta name=\"robots\" content=\"index, follow, max-snippet:-1, max-image-preview:large, max-video-preview:-1\" \/>\n<link rel=\"canonical\" href=\"https:\/\/culturesconnection.com\/fr\/interpretariat-de-liaison\/\" \/>\n<meta property=\"og:locale\" content=\"fr_FR\" \/>\n<meta property=\"og:type\" content=\"article\" \/>\n<meta property=\"og:title\" content=\"Nos services d\u2019interpr\u00e9tation de liaison\" \/>\n<meta property=\"og:description\" content=\"Cultures Connection offre des services d\u2019interpr\u00e9tation de liaison pour des r\u00e9unions multilingues partout dans le monde. Demandez un devis gratuit.\" \/>\n<meta property=\"og:url\" content=\"https:\/\/culturesconnection.com\/fr\/interpretariat-de-liaison\/\" \/>\n<meta property=\"og:site_name\" content=\"Cultures Connection\" \/>\n<meta property=\"article:publisher\" content=\"https:\/\/www.facebook.com\/CulturesConnection\" \/>\n<meta property=\"article:modified_time\" content=\"2025-06-03T08:29:21+00:00\" \/>\n<meta property=\"og:image\" content=\"https:\/\/culturesconnection.com\/wp-content\/uploads\/2016\/05\/background_liaison-interpreting.png\" \/>\n\t<meta property=\"og:image:width\" content=\"1440\" \/>\n\t<meta property=\"og:image:height\" content=\"570\" \/>\n\t<meta property=\"og:image:type\" content=\"image\/png\" \/>\n<meta name=\"twitter:card\" content=\"summary_large_image\" \/>\n<meta name=\"twitter:site\" content=\"@CulturesCo_\" \/>\n<meta name=\"twitter:label1\" content=\"Dur\u00e9e de lecture estim\u00e9e\" \/>\n\t<meta name=\"twitter:data1\" content=\"2 minutes\" \/>\n<script type=\"application\/ld+json\" class=\"yoast-schema-graph\">{\"@context\":\"https:\\\/\\\/schema.org\",\"@graph\":[{\"@type\":\"WebPage\",\"@id\":\"https:\\\/\\\/culturesconnection.com\\\/fr\\\/interpretariat-de-liaison\\\/\",\"url\":\"https:\\\/\\\/culturesconnection.com\\\/fr\\\/interpretariat-de-liaison\\\/\",\"name\":\"Interpr\u00e9tation de liaison - Services en ligne\",\"isPartOf\":{\"@id\":\"https:\\\/\\\/culturesconnection.com\\\/fr\\\/#website\"},\"primaryImageOfPage\":{\"@id\":\"https:\\\/\\\/culturesconnection.com\\\/fr\\\/interpretariat-de-liaison\\\/#primaryimage\"},\"image\":{\"@id\":\"https:\\\/\\\/culturesconnection.com\\\/fr\\\/interpretariat-de-liaison\\\/#primaryimage\"},\"thumbnailUrl\":\"https:\\\/\\\/culturesconnection.com\\\/wp-content\\\/uploads\\\/2016\\\/05\\\/background_liaison-interpreting.png\",\"datePublished\":\"2019-10-15T13:48:14+00:00\",\"dateModified\":\"2025-06-03T08:29:21+00:00\",\"description\":\"Cultures Connection offre des services d\u2019interpr\u00e9tation de liaison pour des r\u00e9unions multilingues partout dans le monde. Demandez un devis gratuit.\",\"breadcrumb\":{\"@id\":\"https:\\\/\\\/culturesconnection.com\\\/fr\\\/interpretariat-de-liaison\\\/#breadcrumb\"},\"inLanguage\":\"fr-FR\",\"potentialAction\":[{\"@type\":\"ReadAction\",\"target\":[\"https:\\\/\\\/culturesconnection.com\\\/fr\\\/interpretariat-de-liaison\\\/\"]}]},{\"@type\":\"ImageObject\",\"inLanguage\":\"fr-FR\",\"@id\":\"https:\\\/\\\/culturesconnection.com\\\/fr\\\/interpretariat-de-liaison\\\/#primaryimage\",\"url\":\"https:\\\/\\\/culturesconnection.com\\\/wp-content\\\/uploads\\\/2016\\\/05\\\/background_liaison-interpreting.png\",\"contentUrl\":\"https:\\\/\\\/culturesconnection.com\\\/wp-content\\\/uploads\\\/2016\\\/05\\\/background_liaison-interpreting.png\",\"width\":1440,\"height\":570,\"caption\":\"background_liaison-interpreting\"},{\"@type\":\"BreadcrumbList\",\"@id\":\"https:\\\/\\\/culturesconnection.com\\\/fr\\\/interpretariat-de-liaison\\\/#breadcrumb\",\"itemListElement\":[{\"@type\":\"ListItem\",\"position\":1,\"name\":\"Home\",\"item\":\"https:\\\/\\\/culturesconnection.com\\\/fr\\\/\"},{\"@type\":\"ListItem\",\"position\":2,\"name\":\"Nos services d\u2019interpr\u00e9tation de liaison\"}]},{\"@type\":\"WebSite\",\"@id\":\"https:\\\/\\\/culturesconnection.com\\\/fr\\\/#website\",\"url\":\"https:\\\/\\\/culturesconnection.com\\\/fr\\\/\",\"name\":\"Cultures Connection\",\"description\":\"Cultures Connection is a translation agency dedicated to the success of its international clients.\",\"publisher\":{\"@id\":\"https:\\\/\\\/culturesconnection.com\\\/fr\\\/#organization\"},\"potentialAction\":[{\"@type\":\"SearchAction\",\"target\":{\"@type\":\"EntryPoint\",\"urlTemplate\":\"https:\\\/\\\/culturesconnection.com\\\/fr\\\/?s={search_term_string}\"},\"query-input\":{\"@type\":\"PropertyValueSpecification\",\"valueRequired\":true,\"valueName\":\"search_term_string\"}}],\"inLanguage\":\"fr-FR\"},{\"@type\":\"Organization\",\"@id\":\"https:\\\/\\\/culturesconnection.com\\\/fr\\\/#organization\",\"name\":\"Cultures Connection\",\"url\":\"https:\\\/\\\/culturesconnection.com\\\/fr\\\/\",\"logo\":{\"@type\":\"ImageObject\",\"inLanguage\":\"fr-FR\",\"@id\":\"https:\\\/\\\/culturesconnection.com\\\/fr\\\/#\\\/schema\\\/logo\\\/image\\\/\",\"url\":\"https:\\\/\\\/culturesconnection.com\\\/wp-content\\\/uploads\\\/2022\\\/06\\\/cropped-favicon512x512.png\",\"contentUrl\":\"https:\\\/\\\/culturesconnection.com\\\/wp-content\\\/uploads\\\/2022\\\/06\\\/cropped-favicon512x512.png\",\"width\":512,\"height\":512,\"caption\":\"Cultures Connection\"},\"image\":{\"@id\":\"https:\\\/\\\/culturesconnection.com\\\/fr\\\/#\\\/schema\\\/logo\\\/image\\\/\"},\"sameAs\":[\"https:\\\/\\\/www.facebook.com\\\/CulturesConnection\",\"https:\\\/\\\/x.com\\\/CulturesCo_\"]}]}<\/script>\n<!-- \/ Yoast SEO Premium plugin. -->","yoast_head_json":{"title":"Interpr\u00e9tation de liaison - Services en ligne","description":"Cultures Connection offre des services d\u2019interpr\u00e9tation de liaison pour des r\u00e9unions multilingues partout dans le monde. Demandez un devis gratuit.","robots":{"index":"index","follow":"follow","max-snippet":"max-snippet:-1","max-image-preview":"max-image-preview:large","max-video-preview":"max-video-preview:-1"},"canonical":"https:\/\/culturesconnection.com\/fr\/interpretariat-de-liaison\/","og_locale":"fr_FR","og_type":"article","og_title":"Nos services d\u2019interpr\u00e9tation de liaison","og_description":"Cultures Connection offre des services d\u2019interpr\u00e9tation de liaison pour des r\u00e9unions multilingues partout dans le monde. Demandez un devis gratuit.","og_url":"https:\/\/culturesconnection.com\/fr\/interpretariat-de-liaison\/","og_site_name":"Cultures Connection","article_publisher":"https:\/\/www.facebook.com\/CulturesConnection","article_modified_time":"2025-06-03T08:29:21+00:00","og_image":[{"width":1440,"height":570,"url":"https:\/\/culturesconnection.com\/wp-content\/uploads\/2016\/05\/background_liaison-interpreting.png","type":"image\/png"}],"twitter_card":"summary_large_image","twitter_site":"@CulturesCo_","twitter_misc":{"Dur\u00e9e de lecture estim\u00e9e":"2 minutes"},"schema":{"@context":"https:\/\/schema.org","@graph":[{"@type":"WebPage","@id":"https:\/\/culturesconnection.com\/fr\/interpretariat-de-liaison\/","url":"https:\/\/culturesconnection.com\/fr\/interpretariat-de-liaison\/","name":"Interpr\u00e9tation de liaison - Services en ligne","isPartOf":{"@id":"https:\/\/culturesconnection.com\/fr\/#website"},"primaryImageOfPage":{"@id":"https:\/\/culturesconnection.com\/fr\/interpretariat-de-liaison\/#primaryimage"},"image":{"@id":"https:\/\/culturesconnection.com\/fr\/interpretariat-de-liaison\/#primaryimage"},"thumbnailUrl":"https:\/\/culturesconnection.com\/wp-content\/uploads\/2016\/05\/background_liaison-interpreting.png","datePublished":"2019-10-15T13:48:14+00:00","dateModified":"2025-06-03T08:29:21+00:00","description":"Cultures Connection offre des services d\u2019interpr\u00e9tation de liaison pour des r\u00e9unions multilingues partout dans le monde. Demandez un devis gratuit.","breadcrumb":{"@id":"https:\/\/culturesconnection.com\/fr\/interpretariat-de-liaison\/#breadcrumb"},"inLanguage":"fr-FR","potentialAction":[{"@type":"ReadAction","target":["https:\/\/culturesconnection.com\/fr\/interpretariat-de-liaison\/"]}]},{"@type":"ImageObject","inLanguage":"fr-FR","@id":"https:\/\/culturesconnection.com\/fr\/interpretariat-de-liaison\/#primaryimage","url":"https:\/\/culturesconnection.com\/wp-content\/uploads\/2016\/05\/background_liaison-interpreting.png","contentUrl":"https:\/\/culturesconnection.com\/wp-content\/uploads\/2016\/05\/background_liaison-interpreting.png","width":1440,"height":570,"caption":"background_liaison-interpreting"},{"@type":"BreadcrumbList","@id":"https:\/\/culturesconnection.com\/fr\/interpretariat-de-liaison\/#breadcrumb","itemListElement":[{"@type":"ListItem","position":1,"name":"Home","item":"https:\/\/culturesconnection.com\/fr\/"},{"@type":"ListItem","position":2,"name":"Nos services d\u2019interpr\u00e9tation de liaison"}]},{"@type":"WebSite","@id":"https:\/\/culturesconnection.com\/fr\/#website","url":"https:\/\/culturesconnection.com\/fr\/","name":"Cultures Connection","description":"Cultures Connection is a translation agency dedicated to the success of its international clients.","publisher":{"@id":"https:\/\/culturesconnection.com\/fr\/#organization"},"potentialAction":[{"@type":"SearchAction","target":{"@type":"EntryPoint","urlTemplate":"https:\/\/culturesconnection.com\/fr\/?s={search_term_string}"},"query-input":{"@type":"PropertyValueSpecification","valueRequired":true,"valueName":"search_term_string"}}],"inLanguage":"fr-FR"},{"@type":"Organization","@id":"https:\/\/culturesconnection.com\/fr\/#organization","name":"Cultures Connection","url":"https:\/\/culturesconnection.com\/fr\/","logo":{"@type":"ImageObject","inLanguage":"fr-FR","@id":"https:\/\/culturesconnection.com\/fr\/#\/schema\/logo\/image\/","url":"https:\/\/culturesconnection.com\/wp-content\/uploads\/2022\/06\/cropped-favicon512x512.png","contentUrl":"https:\/\/culturesconnection.com\/wp-content\/uploads\/2022\/06\/cropped-favicon512x512.png","width":512,"height":512,"caption":"Cultures Connection"},"image":{"@id":"https:\/\/culturesconnection.com\/fr\/#\/schema\/logo\/image\/"},"sameAs":["https:\/\/www.facebook.com\/CulturesConnection","https:\/\/x.com\/CulturesCo_"]}]}},"_links":{"self":[{"href":"https:\/\/culturesconnection.com\/fr\/wp-json\/wp\/v2\/pages\/15996","targetHints":{"allow":["GET"]}}],"collection":[{"href":"https:\/\/culturesconnection.com\/fr\/wp-json\/wp\/v2\/pages"}],"about":[{"href":"https:\/\/culturesconnection.com\/fr\/wp-json\/wp\/v2\/types\/page"}],"author":[{"embeddable":true,"href":"https:\/\/culturesconnection.com\/fr\/wp-json\/wp\/v2\/users\/52"}],"replies":[{"embeddable":true,"href":"https:\/\/culturesconnection.com\/fr\/wp-json\/wp\/v2\/comments?post=15996"}],"version-history":[{"count":0,"href":"https:\/\/culturesconnection.com\/fr\/wp-json\/wp\/v2\/pages\/15996\/revisions"}],"wp:featuredmedia":[{"embeddable":true,"href":"https:\/\/culturesconnection.com\/fr\/wp-json\/wp\/v2\/media\/26055"}],"wp:attachment":[{"href":"https:\/\/culturesconnection.com\/fr\/wp-json\/wp\/v2\/media?parent=15996"}],"curies":[{"name":"wp","href":"https:\/\/api.w.org\/{rel}","templated":true}]}}