{"id":14086,"date":"2019-05-09T15:03:44","date_gmt":"2019-05-09T13:03:44","guid":{"rendered":"http:\/\/culturesconnection.com\/?page_id=14086"},"modified":"2023-05-10T23:57:59","modified_gmt":"2023-05-10T21:57:59","slug":"agence-de-traduction-a-new-york","status":"publish","type":"page","link":"https:\/\/culturesconnection.com\/fr\/agence-de-traduction-a-new-york\/","title":{"rendered":"Notre agence de traduction \u00e0 New York"},"content":{"rendered":"\n<h2 class=\"wp-block-heading\">Cultures Connection, votre agence de traduction de qualit\u00e9 \u00e0 New York<\/h2>\n\n\n\n<p><\/p>\n\n\n\n<p>Vous recherchez une agence de traduction professionnelle \u00e0 New York City&nbsp;? Si vous avez besoin de <a href=\"https:\/\/culturesconnection.com\/fr\/\">services de traduction professionnels<\/a>, Cultures Connection est le bon choix. Notre agence poss\u00e8de une longue exp\u00e9rience dans la traduction de qualit\u00e9 dans tous les tous les secteurs d\u2019activit\u00e9. Nous fournissons des traductions \u00e0 des organisations internationales telles que les Nations Unies, ainsi qu\u2019\u00e0 des entreprises internationales figurant dans le classement Forbes. Chaque ann\u00e9e, nous g\u00e9rons des milliers de projets de traduction aux USA, en France et dans de nombreux autres pays. Pour toutes nos traductions, nous utilisons un processus de traduction de qualit\u00e9, fiable et efficace.<\/p>\n\n\n\n<p><span style=\"font-weight: 400;\">L\u2019une des caract\u00e9ristiques qui rend New York City absolument unique est sa diversit\u00e9. La ville se situe dans l\u2019\u00e9tat \u00e0 la plus forte densit\u00e9 de population aux \u00c9tats-Unis et qui est aussi le quatri\u00e8me \u00e9tat le plus peupl\u00e9, comptant pr\u00e8s de 20&nbsp;millions d\u2019habitants. Porte d\u2019entr\u00e9e historique de mouvements migratoires et centre n\u00e9vralgique de l\u2019\u00e9conomie mondiale depuis la fin du XIXe&nbsp;si\u00e8cle, New York se pr\u00e9vaut d\u2019un large \u00e9ventail de cultures et de richesses linguistiques.<\/span><\/p>\n\n\n\n<p><a href=\"https:\/\/culturesconnection.com\/fr\/\">Cultures Connection<\/a>&nbsp;est pr\u00e9sente \u00e0 New York afin de mettre en relation les entreprises et les institutions qui s\u2019y trouvent ou qui sont implant\u00e9es aux \u00c9tats-Unis. Notre agence offre ses services de traduction et d\u2019interpr\u00e9tation en collaboration avec un r\u00e9seau de plus de 740&nbsp;traducteurs exp\u00e9riment\u00e9s partout dans le monde. Nos traducteurs sont sp\u00e9cialis\u00e9s dans des domaines aussi vari\u00e9s que le marketing, la finance, l\u2019IT et le web, la communication ou la m\u00e9decine, en passant par la localisation de logiciels et le sous-titrage de productions audiovisuelles. Nos services sont de tr\u00e8s grande qualit\u00e9, r\u00e9alis\u00e9s le plus rapidement possible et au meilleur tarif.<\/p>\n\n\n\n<p>\u00c0 vos c\u00f4t\u00e9s aux \u00c9tats-Unis pour vous offrir des traductions qualitatives gr\u00e2ce au travail d&rsquo;experts du secteur, demandez un devis.<\/p>\n\n\n\n<h2 class=\"wp-block-heading\">Services de traduction professionnels dans de nombreuses langues<\/h2>\n\n\n\n<p>Avez-vous besoin d\u2019une traduction de documents, d\u2019un site internet ou d\u2019une pr\u00e9sentation commerciale&nbsp;? Dans la ville qui ne dort jamais, o\u00f9 l\u2019on parle plus de 700&nbsp;langues, notre agence de traduction fournit les traductions dont vous avez besoin pour vos projets.<\/p>\n\n\n\n<p><span style=\"font-weight: 400;\">NYC constitue un foyer de relations internationales, un point de rencontre artistique et un centre d\u2019influence des m\u00e9dias mondiaux.<\/span><\/p>\n\n\n\n<p><span style=\"font-weight: 400;\">Les immeubles de la Grosse Pomme sont occup\u00e9s par les plus puissantes entreprises nationales et internationales. La ville accueille le si\u00e8ge de l\u2019ONU et des bourses de Wall Street et du NASDAQ. Elle est le berceau de deux des trois journaux nationaux du pays. Elle abrite d\u2019extraordinaires espaces artistiques, tels que le Metropolitan Museum of Art, le Lincoln Center ou les th\u00e9\u00e2tres de la c\u00e9l\u00e8bre avenue Broadway.<\/span><\/p>\n\n\n\n<p>L<span style=\"font-weight: 400;\">a pluralit\u00e9 ethnique est si importante que chaque quartier peut \u00eatre distingu\u00e9 de ses voisins par la langue qu\u2019on y parle, comme l\u2019espagnol, l\u2019italien, le fran\u00e7ais, l\u2019arabe ou l\u2019hindi. Les commerces new-yorkais sont tenus par des personnes venant d\u2019une multitude de contr\u00e9es, la signal\u00e9tique des voies publiques est \u00e9crite en une dizaine de langues et des musiques entra\u00eenantes de toutes sortes se font entendre.<\/span><\/p>\n\n\n\n<p><span style=\"font-weight: 400;\">Dans le Quartier chinois, , le fameux Chinatown, avec une majorit\u00e9 de r\u00e9sidents d\u2019origine asiatique, on entend parler non seulement le mandarin, mais aussi le cantonais, le shangha\u00efen ou le ta\u00efwanais. <\/span><\/p>\n\n\n\n<p><span style=\"font-weight: 400;\">La gamme linguistique est si \u00e9tendue que la biblioth\u00e8que publique du Queens poss\u00e8de une \u00e9norme collection d\u2019\u0153uvres en plus de 40&nbsp;langues, y compris environ&nbsp;40&nbsp;000 livres en langues du sud-est de l\u2019Asie, comme le bengali ou l\u2019ourdou.<\/span><\/p>\n\n\n\n<h2 class=\"wp-block-heading\">La traduction est notre point fort<\/h2>\n\n\n\n<p><span style=\"font-weight: 400;\">La <a href=\"https:\/\/culturesconnection.com\/fr\/services-de-traduction\/\">traduction<\/a> est bien plus que le simple passage d\u2019un texte d\u2019une langue \u00e0 l\u2019autre.<\/span> Notre \u00e9quipe de traducteurs est constitu\u00e9e d\u2019experts qui peuvent parler longuement de leurs comp\u00e9tences professionnelles.<\/p>\n\n\n\n<p>En r\u00e9sum\u00e9, la traduction implique un processus de localisation au cours duquel sont d\u00e9tect\u00e9es les particularit\u00e9s linguistiques, les expressions locales et les r\u00e9f\u00e9rences culturelles de la langue d\u2019origine. Le but est de traduire pr\u00e9cis\u00e9ment et le plus naturellement possible les contenus vers la langue sollicit\u00e9e par nos clients.<\/p>\n\n\n\n<p><span style=\"font-weight: 400;\">Nous travaillons dans une atmosph\u00e8re multiculturelle et multilingue. Nous collaborons avec des <a href=\"https:\/\/culturesconnection.com\/fr\/traducteur-professionnel\/\" class=\"ek-link\">traducteurs experts dans plus de 40 paires de langues<\/a>. <\/span>Chaque traducteur est s\u00e9lectionn\u00e9 en fonction de ses comp\u00e9tences dans le domaine du contenu qui doit \u00eatre traduit. Nous traitons vos demandes urgentes, rapidement et avec efficacit\u00e9. Si vous avez besoin d\u2019un service de r\u00e9vision ou d\u2019un service de relecture d\u2019une traduction, nous les proposons \u00e9galement.<\/p>\n\n\n\n<p><span style=\"font-weight: 400;\">Avec Cultures Connection, vos documents sont entre de bonnes mains.<\/span> Confiez-nous votre projet international&nbsp;!<\/p>\n\n\n\n<iframe src=\"https:\/\/www.google.com\/maps\/embed?pb=!1m18!1m12!1m3!1d3022.7301179289816!2d-73.98909418504533!3d40.74596367932826!2m3!1f0!2f0!3f0!3m2!1i1024!2i768!4f13.1!3m3!1m2!1s0x89c259a3d5d5acd1%3A0x11fa9e2895975978!2sCultures%20Connection!5e0!3m2!1sfr!2sar!4v1669315393678!5m2!1sfr!2sar\" width=\"100%\" height=\"400\" frameborder=\"0\" style=\"border:0;\" allowfullscreen=\"\" loading=\"lazy\" referrerpolicy=\"no-referrer-when-downgrade\"><\/iframe>\n\n\n\n<h2 class=\"wp-block-heading\">Interpr\u00e9tation sur mesure dans la m\u00e9tropole<\/h2>\n\n\n\n<p><span style=\"font-weight: 400;\">Vous souhaitez organiser une r\u00e9union informelle avec vos associ\u00e9s internationaux, ou bien une conf\u00e9rence de presse mondiale \u00e0 Manhattan, ou ailleurs<\/span> <span style=\"font-weight: 400;\">dans cette ville d\u2019affaires par excellence&nbsp;?<\/span><\/p>\n\n\n\n<p><span style=\"font-weight: 400;\">Cultures Connection propose des <a href=\"https:\/\/culturesconnection.com\/fr\/interpretation\/\">interpr\u00e9tations<\/a> de conf\u00e9rence, simultan\u00e9e et de liaison en plusieurs langues. Notre agence recrute les meilleurs interpr\u00e8tes sur des crit\u00e8res de s\u00e9lection stricts, en fonction de leur formation linguistique et de leur exp\u00e9rience dans le m\u00e9tier, sur le sujet requis par nos clients. Vous pouvez compter sur notre formidable travail d\u2019\u00e9quipe \u00e0 New York&nbsp;!<\/span><\/p>\n\n\n\n<p><span style=\"font-weight: 400;\">Vous ne poss\u00e9dez pas le mat\u00e9riel n\u00e9cessaire&nbsp;? Nous offrons \u00e9galement un service de location de cabines et d\u2019\u00e9couteurs.<\/span><\/p>\n\n\n\n<p><span style=\"font-weight: 400;\">Avec nous, vos \u00e9v\u00e9nements sont entre de bonnes mains.<\/span><\/p>\n","protected":false},"excerpt":{"rendered":"<p>Cultures Connection, votre agence de traduction de qualit\u00e9 \u00e0 New York Vous recherchez une agence de traduction professionnelle \u00e0 New York City&nbsp;? Si vous avez [&#8230;]<\/p>\n<p><a class=\"btn btn-secondary understrap-read-more-link\" href=\"https:\/\/culturesconnection.com\/fr\/agence-de-traduction-a-new-york\/\">Lire la suite\u2026<span class=\"screen-reader-text\"> from Notre agence de traduction \u00e0 New York<\/span><\/a><\/p>\n","protected":false},"author":52,"featured_media":19637,"parent":0,"menu_order":0,"comment_status":"closed","ping_status":"closed","template":"","meta":{"_acf_changed":false,"_editorskit_title_hidden":false,"_editorskit_reading_time":3,"_editorskit_is_block_options_detached":false,"_editorskit_block_options_position":"{}","footnotes":""},"class_list":["post-14086","page","type-page","status-publish","has-post-thumbnail","hentry"],"acf":[],"yoast_head":"<!-- This site is optimized with the Yoast SEO Premium plugin v23.4 (Yoast SEO v27.3) - https:\/\/yoast.com\/product\/yoast-seo-premium-wordpress\/ -->\n<title>Agence de traduction \u00e0 New York, \u00c9tats-Unis<\/title>\n<meta name=\"description\" content=\"Nos services professionnels sont disponibles dans notre agence de traduction \u00e0 New York. Aux \u00c9tats-Unis et dans le monde entier : le choix de la qualit\u00e9.\" \/>\n<meta name=\"robots\" content=\"index, follow, max-snippet:-1, max-image-preview:large, max-video-preview:-1\" \/>\n<link rel=\"canonical\" href=\"https:\/\/culturesconnection.com\/fr\/agence-de-traduction-a-new-york\/\" \/>\n<meta property=\"og:locale\" content=\"fr_FR\" \/>\n<meta property=\"og:type\" content=\"article\" \/>\n<meta property=\"og:title\" content=\"Notre agence de traduction \u00e0 New York\" \/>\n<meta property=\"og:description\" content=\"Nos services professionnels sont disponibles dans notre agence de traduction \u00e0 New York. Aux \u00c9tats-Unis et dans le monde entier : le choix de la qualit\u00e9.\" \/>\n<meta property=\"og:url\" content=\"https:\/\/culturesconnection.com\/fr\/agence-de-traduction-a-new-york\/\" \/>\n<meta property=\"og:site_name\" content=\"Cultures Connection\" \/>\n<meta property=\"article:publisher\" content=\"https:\/\/www.facebook.com\/CulturesConnection\" \/>\n<meta property=\"article:modified_time\" content=\"2023-05-10T21:57:59+00:00\" \/>\n<meta property=\"og:image\" content=\"https:\/\/culturesconnection.com\/wp-content\/uploads\/2020\/03\/10-Agencia-Nueva-York.png\" \/>\n\t<meta property=\"og:image:width\" content=\"1417\" \/>\n\t<meta property=\"og:image:height\" content=\"561\" \/>\n\t<meta property=\"og:image:type\" content=\"image\/png\" \/>\n<meta name=\"twitter:card\" content=\"summary_large_image\" \/>\n<meta name=\"twitter:site\" content=\"@CulturesCo_\" \/>\n<meta name=\"twitter:label1\" content=\"Dur\u00e9e de lecture estim\u00e9e\" \/>\n\t<meta name=\"twitter:data1\" content=\"5 minutes\" \/>\n<script type=\"application\/ld+json\" class=\"yoast-schema-graph\">{\"@context\":\"https:\\\/\\\/schema.org\",\"@graph\":[{\"@type\":\"WebPage\",\"@id\":\"https:\\\/\\\/culturesconnection.com\\\/fr\\\/agence-de-traduction-a-new-york\\\/\",\"url\":\"https:\\\/\\\/culturesconnection.com\\\/fr\\\/agence-de-traduction-a-new-york\\\/\",\"name\":\"Agence de traduction \u00e0 New York, \u00c9tats-Unis\",\"isPartOf\":{\"@id\":\"https:\\\/\\\/culturesconnection.com\\\/fr\\\/#website\"},\"primaryImageOfPage\":{\"@id\":\"https:\\\/\\\/culturesconnection.com\\\/fr\\\/agence-de-traduction-a-new-york\\\/#primaryimage\"},\"image\":{\"@id\":\"https:\\\/\\\/culturesconnection.com\\\/fr\\\/agence-de-traduction-a-new-york\\\/#primaryimage\"},\"thumbnailUrl\":\"https:\\\/\\\/culturesconnection.com\\\/wp-content\\\/uploads\\\/2020\\\/03\\\/10-Agencia-Nueva-York.png\",\"datePublished\":\"2019-05-09T13:03:44+00:00\",\"dateModified\":\"2023-05-10T21:57:59+00:00\",\"description\":\"Nos services professionnels sont disponibles dans notre agence de traduction \u00e0 New York. Aux \u00c9tats-Unis et dans le monde entier : le choix de la qualit\u00e9.\",\"breadcrumb\":{\"@id\":\"https:\\\/\\\/culturesconnection.com\\\/fr\\\/agence-de-traduction-a-new-york\\\/#breadcrumb\"},\"inLanguage\":\"fr-FR\",\"potentialAction\":[{\"@type\":\"ReadAction\",\"target\":[\"https:\\\/\\\/culturesconnection.com\\\/fr\\\/agence-de-traduction-a-new-york\\\/\"]}]},{\"@type\":\"ImageObject\",\"inLanguage\":\"fr-FR\",\"@id\":\"https:\\\/\\\/culturesconnection.com\\\/fr\\\/agence-de-traduction-a-new-york\\\/#primaryimage\",\"url\":\"https:\\\/\\\/culturesconnection.com\\\/wp-content\\\/uploads\\\/2020\\\/03\\\/10-Agencia-Nueva-York.png\",\"contentUrl\":\"https:\\\/\\\/culturesconnection.com\\\/wp-content\\\/uploads\\\/2020\\\/03\\\/10-Agencia-Nueva-York.png\",\"width\":1417,\"height\":561},{\"@type\":\"BreadcrumbList\",\"@id\":\"https:\\\/\\\/culturesconnection.com\\\/fr\\\/agence-de-traduction-a-new-york\\\/#breadcrumb\",\"itemListElement\":[{\"@type\":\"ListItem\",\"position\":1,\"name\":\"Home\",\"item\":\"https:\\\/\\\/culturesconnection.com\\\/fr\\\/\"},{\"@type\":\"ListItem\",\"position\":2,\"name\":\"Notre agence de traduction \u00e0 New York\"}]},{\"@type\":\"WebSite\",\"@id\":\"https:\\\/\\\/culturesconnection.com\\\/fr\\\/#website\",\"url\":\"https:\\\/\\\/culturesconnection.com\\\/fr\\\/\",\"name\":\"Cultures Connection\",\"description\":\"Cultures Connection is a translation agency dedicated to the success of its international clients.\",\"publisher\":{\"@id\":\"https:\\\/\\\/culturesconnection.com\\\/fr\\\/#organization\"},\"potentialAction\":[{\"@type\":\"SearchAction\",\"target\":{\"@type\":\"EntryPoint\",\"urlTemplate\":\"https:\\\/\\\/culturesconnection.com\\\/fr\\\/?s={search_term_string}\"},\"query-input\":{\"@type\":\"PropertyValueSpecification\",\"valueRequired\":true,\"valueName\":\"search_term_string\"}}],\"inLanguage\":\"fr-FR\"},{\"@type\":\"Organization\",\"@id\":\"https:\\\/\\\/culturesconnection.com\\\/fr\\\/#organization\",\"name\":\"Cultures Connection\",\"url\":\"https:\\\/\\\/culturesconnection.com\\\/fr\\\/\",\"logo\":{\"@type\":\"ImageObject\",\"inLanguage\":\"fr-FR\",\"@id\":\"https:\\\/\\\/culturesconnection.com\\\/fr\\\/#\\\/schema\\\/logo\\\/image\\\/\",\"url\":\"https:\\\/\\\/culturesconnection.com\\\/wp-content\\\/uploads\\\/2022\\\/06\\\/cropped-favicon512x512.png\",\"contentUrl\":\"https:\\\/\\\/culturesconnection.com\\\/wp-content\\\/uploads\\\/2022\\\/06\\\/cropped-favicon512x512.png\",\"width\":512,\"height\":512,\"caption\":\"Cultures Connection\"},\"image\":{\"@id\":\"https:\\\/\\\/culturesconnection.com\\\/fr\\\/#\\\/schema\\\/logo\\\/image\\\/\"},\"sameAs\":[\"https:\\\/\\\/www.facebook.com\\\/CulturesConnection\",\"https:\\\/\\\/x.com\\\/CulturesCo_\"]}]}<\/script>\n<!-- \/ Yoast SEO Premium plugin. -->","yoast_head_json":{"title":"Agence de traduction \u00e0 New York, \u00c9tats-Unis","description":"Nos services professionnels sont disponibles dans notre agence de traduction \u00e0 New York. Aux \u00c9tats-Unis et dans le monde entier : le choix de la qualit\u00e9.","robots":{"index":"index","follow":"follow","max-snippet":"max-snippet:-1","max-image-preview":"max-image-preview:large","max-video-preview":"max-video-preview:-1"},"canonical":"https:\/\/culturesconnection.com\/fr\/agence-de-traduction-a-new-york\/","og_locale":"fr_FR","og_type":"article","og_title":"Notre agence de traduction \u00e0 New York","og_description":"Nos services professionnels sont disponibles dans notre agence de traduction \u00e0 New York. Aux \u00c9tats-Unis et dans le monde entier : le choix de la qualit\u00e9.","og_url":"https:\/\/culturesconnection.com\/fr\/agence-de-traduction-a-new-york\/","og_site_name":"Cultures Connection","article_publisher":"https:\/\/www.facebook.com\/CulturesConnection","article_modified_time":"2023-05-10T21:57:59+00:00","og_image":[{"width":1417,"height":561,"url":"https:\/\/culturesconnection.com\/wp-content\/uploads\/2020\/03\/10-Agencia-Nueva-York.png","type":"image\/png"}],"twitter_card":"summary_large_image","twitter_site":"@CulturesCo_","twitter_misc":{"Dur\u00e9e de lecture estim\u00e9e":"5 minutes"},"schema":{"@context":"https:\/\/schema.org","@graph":[{"@type":"WebPage","@id":"https:\/\/culturesconnection.com\/fr\/agence-de-traduction-a-new-york\/","url":"https:\/\/culturesconnection.com\/fr\/agence-de-traduction-a-new-york\/","name":"Agence de traduction \u00e0 New York, \u00c9tats-Unis","isPartOf":{"@id":"https:\/\/culturesconnection.com\/fr\/#website"},"primaryImageOfPage":{"@id":"https:\/\/culturesconnection.com\/fr\/agence-de-traduction-a-new-york\/#primaryimage"},"image":{"@id":"https:\/\/culturesconnection.com\/fr\/agence-de-traduction-a-new-york\/#primaryimage"},"thumbnailUrl":"https:\/\/culturesconnection.com\/wp-content\/uploads\/2020\/03\/10-Agencia-Nueva-York.png","datePublished":"2019-05-09T13:03:44+00:00","dateModified":"2023-05-10T21:57:59+00:00","description":"Nos services professionnels sont disponibles dans notre agence de traduction \u00e0 New York. Aux \u00c9tats-Unis et dans le monde entier : le choix de la qualit\u00e9.","breadcrumb":{"@id":"https:\/\/culturesconnection.com\/fr\/agence-de-traduction-a-new-york\/#breadcrumb"},"inLanguage":"fr-FR","potentialAction":[{"@type":"ReadAction","target":["https:\/\/culturesconnection.com\/fr\/agence-de-traduction-a-new-york\/"]}]},{"@type":"ImageObject","inLanguage":"fr-FR","@id":"https:\/\/culturesconnection.com\/fr\/agence-de-traduction-a-new-york\/#primaryimage","url":"https:\/\/culturesconnection.com\/wp-content\/uploads\/2020\/03\/10-Agencia-Nueva-York.png","contentUrl":"https:\/\/culturesconnection.com\/wp-content\/uploads\/2020\/03\/10-Agencia-Nueva-York.png","width":1417,"height":561},{"@type":"BreadcrumbList","@id":"https:\/\/culturesconnection.com\/fr\/agence-de-traduction-a-new-york\/#breadcrumb","itemListElement":[{"@type":"ListItem","position":1,"name":"Home","item":"https:\/\/culturesconnection.com\/fr\/"},{"@type":"ListItem","position":2,"name":"Notre agence de traduction \u00e0 New York"}]},{"@type":"WebSite","@id":"https:\/\/culturesconnection.com\/fr\/#website","url":"https:\/\/culturesconnection.com\/fr\/","name":"Cultures Connection","description":"Cultures Connection is a translation agency dedicated to the success of its international clients.","publisher":{"@id":"https:\/\/culturesconnection.com\/fr\/#organization"},"potentialAction":[{"@type":"SearchAction","target":{"@type":"EntryPoint","urlTemplate":"https:\/\/culturesconnection.com\/fr\/?s={search_term_string}"},"query-input":{"@type":"PropertyValueSpecification","valueRequired":true,"valueName":"search_term_string"}}],"inLanguage":"fr-FR"},{"@type":"Organization","@id":"https:\/\/culturesconnection.com\/fr\/#organization","name":"Cultures Connection","url":"https:\/\/culturesconnection.com\/fr\/","logo":{"@type":"ImageObject","inLanguage":"fr-FR","@id":"https:\/\/culturesconnection.com\/fr\/#\/schema\/logo\/image\/","url":"https:\/\/culturesconnection.com\/wp-content\/uploads\/2022\/06\/cropped-favicon512x512.png","contentUrl":"https:\/\/culturesconnection.com\/wp-content\/uploads\/2022\/06\/cropped-favicon512x512.png","width":512,"height":512,"caption":"Cultures Connection"},"image":{"@id":"https:\/\/culturesconnection.com\/fr\/#\/schema\/logo\/image\/"},"sameAs":["https:\/\/www.facebook.com\/CulturesConnection","https:\/\/x.com\/CulturesCo_"]}]}},"_links":{"self":[{"href":"https:\/\/culturesconnection.com\/fr\/wp-json\/wp\/v2\/pages\/14086","targetHints":{"allow":["GET"]}}],"collection":[{"href":"https:\/\/culturesconnection.com\/fr\/wp-json\/wp\/v2\/pages"}],"about":[{"href":"https:\/\/culturesconnection.com\/fr\/wp-json\/wp\/v2\/types\/page"}],"author":[{"embeddable":true,"href":"https:\/\/culturesconnection.com\/fr\/wp-json\/wp\/v2\/users\/52"}],"replies":[{"embeddable":true,"href":"https:\/\/culturesconnection.com\/fr\/wp-json\/wp\/v2\/comments?post=14086"}],"version-history":[{"count":0,"href":"https:\/\/culturesconnection.com\/fr\/wp-json\/wp\/v2\/pages\/14086\/revisions"}],"wp:featuredmedia":[{"embeddable":true,"href":"https:\/\/culturesconnection.com\/fr\/wp-json\/wp\/v2\/media\/19637"}],"wp:attachment":[{"href":"https:\/\/culturesconnection.com\/fr\/wp-json\/wp\/v2\/media?parent=14086"}],"curies":[{"name":"wp","href":"https:\/\/api.w.org\/{rel}","templated":true}]}}