{"id":13839,"date":"2019-01-22T16:35:05","date_gmt":"2019-01-22T15:35:05","guid":{"rendered":"http:\/\/culturesconnection.com\/?page_id=13839"},"modified":"2023-09-07T12:49:52","modified_gmt":"2023-09-07T10:49:52","slug":"services-de-traduction-wordpress","status":"publish","type":"page","link":"https:\/\/culturesconnection.com\/fr\/services-de-traduction-wordpress\/","title":{"rendered":"Localisation de sites Web | Services de Localisation de sites internet WordPress"},"content":{"rendered":"\n<h2 class=\"wp-block-heading\">Le monde utilise WordPress<\/h2>\n\n\n\n<p>Les chiffres sont sans appel. WordPress est utilis\u00e9 dans 60 % des sites Web avec syst\u00e8me de gestion de contenu (CMS) et dans 30 % de toutes les pages Internet. Pour un monde globalis\u00e9, avec un march\u00e9 international croissant de biens, de services et de communications, la traduction de contenus dans ce format est un outil cl\u00e9 pour atteindre un plus grand nombre d&rsquo;utilisateurs sous d&rsquo;autres latitudes.<\/p>\n\n\n\n<p><a href=\"https:\/\/culturesconnection.com\/fr\/\">Cultures Connection<\/a> offre des services de traduction WordPress depuis la cr\u00e9ation de la plateforme en 2004. Que ce soit pour les entreprises de commerce en ligne souhaitant \u00e9tendre leurs activit\u00e9s sur les march\u00e9s \u00e9trangers, ou les organisations gouvernementales ou non gouvernementales utilisant de multiples langues de travail, nous coordonnons un large \u00e9ventail de projets avec un ample r\u00e9seau de professionnels \u00e0 travers le monde, sp\u00e9cialis\u00e9s dans <a href=\"https:\/\/culturesconnection.com\/fr\/traducteur-professionnel\/\">40 langues<\/a>, experts en mati\u00e8re de positionnement SEO et travaillant avec le module d&rsquo;extension <a href=\"https:\/\/wpml.org\/\">WPML<\/a>.<\/p>\n\n\n\n<p>Il n&rsquo;est jamais trop tard pour que votre site Web emploie la langue maternelle de vos lecteurs, qu\u2019elle atteigne une plus grande visibilit\u00e9 et transmette vos messages de fa\u00e7on claire et pr\u00e9cise.<\/p>\n\n\n\n<h2 class=\"wp-block-heading\">La localisation, une \u00e9tape de plus dans l&rsquo;art de la traduction<\/h2>\n\n\n\n<p>L&rsquo;anglais est la principale langue v\u00e9hiculaire sur Internet et est utilis\u00e9 par 25,5 % des quelque 3,885 milliards d&rsquo;utilisateurs qui surfent sur Internet. Et pourtant, de nombreuses autres langues commencent \u00e0 tenir une plus grande pr\u00e9sence en ligne, avec une progression plus forte pour le chinois et l&rsquo;espagnol, les deuxi\u00e8me et troisi\u00e8me langues les plus utilis\u00e9es, respectivement par plus de 773 millions et 315 millions d&rsquo;utilisateurs. Il y a deux tendances \u00e9videntes : les gens pr\u00e9f\u00e8rent lire les pages pr\u00e9sent\u00e9es dans leur langue, et l&rsquo;offre de portails multilingues suit cette demande.<\/p>\n\n\n\n<p>Le travail de Cultures Connection ne se limite pas \u00e0 adapter le contenu de WordPress de mani\u00e8re lin\u00e9aire. Il est fait un travail d\u2019appr\u00e9hension du sens des particularit\u00e9s linguistiques, des expressions locales et des r\u00e9f\u00e9rences culturelles de la langue source afin de les traduire de fa\u00e7on fluide dans la langue demand\u00e9e par nos clients. Comme l\u2019approche relationnelle n\u2019est pas la m\u00eame dans tous les pays et que, par exemple, la fa\u00e7on de mener des n\u00e9gociations commerciales aux \u00c9tats-Unis n&rsquo;est pas la m\u00eame qu&rsquo;au Japon ou qu\u2019en Allemagne, il est tenu compte \u00e9galement des codes propres \u00e0 chaque soci\u00e9t\u00e9.<\/p>\n\n\n\n<p>Si vous avez quelque chose \u00e0 dire au monde, vous devez bien savoir percevoir ces diff\u00e9rentes modalit\u00e9s d\u2019approche. C&rsquo;est toujours la meilleure fa\u00e7on de transmettre des id\u00e9es et des valeurs.<\/p>\n\n\n\n<h2 class=\"wp-block-heading\">WPML, une traduction Web plus facile<\/h2>\n\n\n\n<p><a href=\"https:\/\/wpml.org\/translation-service\/cultures-connection\/\" target=\"_blank\" rel=\"noopener noreferrer\">Cultures Connection et WPML<\/a>, le plugin multilingue leader sur le march\u00e9 avec plus de 600 000 utilisateurs dans le monde, se sont associ\u00e9s pour am\u00e9liorer la qualit\u00e9 des traductions WordPress. Cultures Connection apporte son excellence dans les <a href=\"https:\/\/culturesconnection.com\/fr\/services-de-traduction\/\">services de traduction professionnelle<\/a>, et de son c\u00f4t\u00e9 WPML permet de cr\u00e9er facilement du contenu dans des dizaines de langues gr\u00e2ce \u00e0 son gestionnaire de texte inclus \u00e0 la plateforme. Une combinaison id\u00e9ale pour des traductions plus faciles et plus pr\u00e9cises.<\/p>\n\n\n\n<p>WPML dispose d&rsquo;un panneau de contr\u00f4le proposant plus de 40 langues et vous permettant de contacter Cultures Connection pour demander des devis, commander des traductions et les publier sur votre site Web. Le tout sans quitter WordPress.<\/p>\n\n\n\n<p>Vous voulez conna\u00eetre le co\u00fbt de la traduction de votre site web ? Etant donn\u00e9 que le prix final de la traduction d\u00e9pend du nombre de mots, WPML dispose d&rsquo;un outil pour compter les mots des contenus que vous souhaitez traduire. Faites le calcul avec WPML, mettez-vous en contact avec nous et nous vous enverrons un devis pr\u00e9cis.<\/p>\n\n\n\n<p>Id\u00e9al pour \u00e9viter les probl\u00e8mes avec vos formats de texte, gagner en confidentialit\u00e9 et obtenir un service personnalis\u00e9 imm\u00e9diat, dans votre langue et \u00e0 tout moment.<\/p>\n\n\n\n<h2 class=\"wp-block-heading\">Des traducteurs obs\u00e9d\u00e9s par le SEO<\/h2>\n\n\n\n<p>Ne pas appara\u00eetre sur Google, c&rsquo;est presque la m\u00eame chose que ne pas exister.<\/p>\n\n\n\n<p>Cultures Connection travaille avec des traducteurs qui, lorsqu&rsquo;ils r\u00e9digent leur version du contenu WordPress, tiennent compte des param\u00e8tres \u00e0 partir desquels le moteur de recherche Internet le plus utilis\u00e9 mesure par indexation la conformit\u00e9 d\u2019un site Web avec la recherche d\u2019un internaute et le positionne dans ses recherches.<\/p>\n\n\n\n<p>Utilisez des titres et des m\u00e9ta descriptions attrayants au niveau SEO. Incluez les mots-cl\u00e9s classiques que vos lecteurs potentiels utilisent dans leurs recherches Google, mais faites-le sans exag\u00e9rer. G\u00e9n\u00e9rez des textes riches en informations. Concevez votre contenu \u00e9crit et audiovisuel de fa\u00e7on adapt\u00e9e aux appareils mobiles. Votre WordPress doit \u00eatre fonctionnel mais naturel \u00e0 lire.<\/p>\n\n\n\n<p>Pour \u00eatre num\u00e9ro un, il faut peaufiner les moindres d\u00e9tails.<\/p>\n\n\n\n<h2 class=\"wp-block-heading\">Avez-vous besoin d&rsquo;un Token pour connecter WPML \u00e0 Cultures Connection ? <a rel=\"noopener noreferrer\" href=\"https:\/\/wpml.org?tsid=7ed3f4bbe8a3193a8c81252f3f5a199a\" target=\"_blank\"><\/a><\/h2>\n\n\n\n<p id=\"anchor\"><a href=\"https:\/\/wpml.org?tsid=7ed3f4bbe8a3193a8c81252f3f5a199a\" target=\"_blank\" rel=\"noreferrer noopener\"><img loading=\"lazy\" decoding=\"async\" width=\"150\" height=\"79\" class=\"wp-image-78933\" style=\"width: 150px;\" src=\"https:\/\/culturesconnection.com\/wp-content\/uploads\/2022\/06\/wpml-fb-dark-bg-1.jpg\" alt=\"\" srcset=\"https:\/\/culturesconnection.com\/wp-content\/uploads\/2022\/06\/wpml-fb-dark-bg-1.jpg 1200w, https:\/\/culturesconnection.com\/wp-content\/uploads\/2022\/06\/wpml-fb-dark-bg-1-300x157.jpg 300w, https:\/\/culturesconnection.com\/wp-content\/uploads\/2022\/06\/wpml-fb-dark-bg-1-1024x536.jpg 1024w, https:\/\/culturesconnection.com\/wp-content\/uploads\/2022\/06\/wpml-fb-dark-bg-1-768x402.jpg 768w\" sizes=\"auto, (max-width: 150px) 100vw, 150px\" \/><\/a><\/p>\n","protected":false},"excerpt":{"rendered":"<p>Le monde utilise WordPress Les chiffres sont sans appel. WordPress est utilis\u00e9 dans 60 % des sites Web avec syst\u00e8me de gestion de contenu (CMS) [&#8230;]<\/p>\n<p><a class=\"btn btn-secondary understrap-read-more-link\" href=\"https:\/\/culturesconnection.com\/fr\/services-de-traduction-wordpress\/\">Lire la suite\u2026<span class=\"screen-reader-text\"> from Localisation de sites Web | Services de Localisation de sites internet WordPress<\/span><\/a><\/p>\n","protected":false},"author":42,"featured_media":13840,"parent":0,"menu_order":0,"comment_status":"closed","ping_status":"closed","template":"","meta":{"_acf_changed":false,"_editorskit_title_hidden":false,"_editorskit_reading_time":0,"_editorskit_is_block_options_detached":false,"_editorskit_block_options_position":"{}","footnotes":""},"class_list":["post-13839","page","type-page","status-publish","has-post-thumbnail","hentry"],"acf":[],"yoast_head":"<!-- This site is optimized with the Yoast SEO Premium plugin v23.4 (Yoast SEO v27.3) - https:\/\/yoast.com\/product\/yoast-seo-premium-wordpress\/ -->\n<title>Localisation sites web - Services en ligne<\/title>\n<meta name=\"description\" content=\"Cultures Connection et WPML, le plugin multilingue leader sur le march\u00e9, collaborent pour am\u00e9liorer la qualit\u00e9 des traductions WordPress.\" \/>\n<meta name=\"robots\" content=\"index, follow, max-snippet:-1, max-image-preview:large, max-video-preview:-1\" \/>\n<link rel=\"canonical\" href=\"https:\/\/culturesconnection.com\/fr\/services-de-traduction-wordpress\/\" \/>\n<meta property=\"og:locale\" content=\"fr_FR\" \/>\n<meta property=\"og:type\" content=\"article\" \/>\n<meta property=\"og:title\" content=\"Localisation de sites Web | Services de Localisation de sites internet Wordpress\" \/>\n<meta property=\"og:description\" content=\"Cultures Connection et WPML, le plugin multilingue leader sur le march\u00e9, collaborent pour am\u00e9liorer la qualit\u00e9 des traductions WordPress.\" \/>\n<meta property=\"og:url\" content=\"https:\/\/culturesconnection.com\/fr\/services-de-traduction-wordpress\/\" \/>\n<meta property=\"og:site_name\" content=\"Cultures Connection\" \/>\n<meta property=\"article:publisher\" content=\"https:\/\/www.facebook.com\/CulturesConnection\" \/>\n<meta property=\"article:modified_time\" content=\"2023-09-07T10:49:52+00:00\" \/>\n<meta property=\"og:image\" content=\"https:\/\/culturesconnection.com\/wp-content\/uploads\/2013\/06\/bg_page_service_8.png\" \/>\n\t<meta property=\"og:image:width\" content=\"1440\" \/>\n\t<meta property=\"og:image:height\" content=\"570\" \/>\n\t<meta property=\"og:image:type\" content=\"image\/png\" \/>\n<meta name=\"twitter:card\" content=\"summary_large_image\" \/>\n<meta name=\"twitter:site\" content=\"@CulturesCo_\" \/>\n<meta name=\"twitter:label1\" content=\"Dur\u00e9e de lecture estim\u00e9e\" \/>\n\t<meta name=\"twitter:data1\" content=\"4 minutes\" \/>\n<script type=\"application\/ld+json\" class=\"yoast-schema-graph\">{\"@context\":\"https:\\\/\\\/schema.org\",\"@graph\":[{\"@type\":\"WebPage\",\"@id\":\"https:\\\/\\\/culturesconnection.com\\\/fr\\\/services-de-traduction-wordpress\\\/\",\"url\":\"https:\\\/\\\/culturesconnection.com\\\/fr\\\/services-de-traduction-wordpress\\\/\",\"name\":\"Localisation sites web - Services en ligne\",\"isPartOf\":{\"@id\":\"https:\\\/\\\/culturesconnection.com\\\/fr\\\/#website\"},\"primaryImageOfPage\":{\"@id\":\"https:\\\/\\\/culturesconnection.com\\\/fr\\\/services-de-traduction-wordpress\\\/#primaryimage\"},\"image\":{\"@id\":\"https:\\\/\\\/culturesconnection.com\\\/fr\\\/services-de-traduction-wordpress\\\/#primaryimage\"},\"thumbnailUrl\":\"https:\\\/\\\/culturesconnection.com\\\/wp-content\\\/uploads\\\/2013\\\/06\\\/bg_page_service_8.png\",\"datePublished\":\"2019-01-22T15:35:05+00:00\",\"dateModified\":\"2023-09-07T10:49:52+00:00\",\"description\":\"Cultures Connection et WPML, le plugin multilingue leader sur le march\u00e9, collaborent pour am\u00e9liorer la qualit\u00e9 des traductions WordPress.\",\"breadcrumb\":{\"@id\":\"https:\\\/\\\/culturesconnection.com\\\/fr\\\/services-de-traduction-wordpress\\\/#breadcrumb\"},\"inLanguage\":\"fr-FR\",\"potentialAction\":[{\"@type\":\"ReadAction\",\"target\":[\"https:\\\/\\\/culturesconnection.com\\\/fr\\\/services-de-traduction-wordpress\\\/\"]}]},{\"@type\":\"ImageObject\",\"inLanguage\":\"fr-FR\",\"@id\":\"https:\\\/\\\/culturesconnection.com\\\/fr\\\/services-de-traduction-wordpress\\\/#primaryimage\",\"url\":\"https:\\\/\\\/culturesconnection.com\\\/wp-content\\\/uploads\\\/2013\\\/06\\\/bg_page_service_8.png\",\"contentUrl\":\"https:\\\/\\\/culturesconnection.com\\\/wp-content\\\/uploads\\\/2013\\\/06\\\/bg_page_service_8.png\",\"width\":1440,\"height\":570,\"caption\":\"traducir website\"},{\"@type\":\"BreadcrumbList\",\"@id\":\"https:\\\/\\\/culturesconnection.com\\\/fr\\\/services-de-traduction-wordpress\\\/#breadcrumb\",\"itemListElement\":[{\"@type\":\"ListItem\",\"position\":1,\"name\":\"Home\",\"item\":\"https:\\\/\\\/culturesconnection.com\\\/fr\\\/\"},{\"@type\":\"ListItem\",\"position\":2,\"name\":\"Localisation de sites Web | Services de Localisation de sites internet WordPress\"}]},{\"@type\":\"WebSite\",\"@id\":\"https:\\\/\\\/culturesconnection.com\\\/fr\\\/#website\",\"url\":\"https:\\\/\\\/culturesconnection.com\\\/fr\\\/\",\"name\":\"Cultures Connection\",\"description\":\"Cultures Connection is a translation agency dedicated to the success of its international clients.\",\"publisher\":{\"@id\":\"https:\\\/\\\/culturesconnection.com\\\/fr\\\/#organization\"},\"potentialAction\":[{\"@type\":\"SearchAction\",\"target\":{\"@type\":\"EntryPoint\",\"urlTemplate\":\"https:\\\/\\\/culturesconnection.com\\\/fr\\\/?s={search_term_string}\"},\"query-input\":{\"@type\":\"PropertyValueSpecification\",\"valueRequired\":true,\"valueName\":\"search_term_string\"}}],\"inLanguage\":\"fr-FR\"},{\"@type\":\"Organization\",\"@id\":\"https:\\\/\\\/culturesconnection.com\\\/fr\\\/#organization\",\"name\":\"Cultures Connection\",\"url\":\"https:\\\/\\\/culturesconnection.com\\\/fr\\\/\",\"logo\":{\"@type\":\"ImageObject\",\"inLanguage\":\"fr-FR\",\"@id\":\"https:\\\/\\\/culturesconnection.com\\\/fr\\\/#\\\/schema\\\/logo\\\/image\\\/\",\"url\":\"https:\\\/\\\/culturesconnection.com\\\/wp-content\\\/uploads\\\/2022\\\/06\\\/cropped-favicon512x512.png\",\"contentUrl\":\"https:\\\/\\\/culturesconnection.com\\\/wp-content\\\/uploads\\\/2022\\\/06\\\/cropped-favicon512x512.png\",\"width\":512,\"height\":512,\"caption\":\"Cultures Connection\"},\"image\":{\"@id\":\"https:\\\/\\\/culturesconnection.com\\\/fr\\\/#\\\/schema\\\/logo\\\/image\\\/\"},\"sameAs\":[\"https:\\\/\\\/www.facebook.com\\\/CulturesConnection\",\"https:\\\/\\\/x.com\\\/CulturesCo_\"]}]}<\/script>\n<!-- \/ Yoast SEO Premium plugin. -->","yoast_head_json":{"title":"Localisation sites web - Services en ligne","description":"Cultures Connection et WPML, le plugin multilingue leader sur le march\u00e9, collaborent pour am\u00e9liorer la qualit\u00e9 des traductions WordPress.","robots":{"index":"index","follow":"follow","max-snippet":"max-snippet:-1","max-image-preview":"max-image-preview:large","max-video-preview":"max-video-preview:-1"},"canonical":"https:\/\/culturesconnection.com\/fr\/services-de-traduction-wordpress\/","og_locale":"fr_FR","og_type":"article","og_title":"Localisation de sites Web | Services de Localisation de sites internet Wordpress","og_description":"Cultures Connection et WPML, le plugin multilingue leader sur le march\u00e9, collaborent pour am\u00e9liorer la qualit\u00e9 des traductions WordPress.","og_url":"https:\/\/culturesconnection.com\/fr\/services-de-traduction-wordpress\/","og_site_name":"Cultures Connection","article_publisher":"https:\/\/www.facebook.com\/CulturesConnection","article_modified_time":"2023-09-07T10:49:52+00:00","og_image":[{"width":1440,"height":570,"url":"https:\/\/culturesconnection.com\/wp-content\/uploads\/2013\/06\/bg_page_service_8.png","type":"image\/png"}],"twitter_card":"summary_large_image","twitter_site":"@CulturesCo_","twitter_misc":{"Dur\u00e9e de lecture estim\u00e9e":"4 minutes"},"schema":{"@context":"https:\/\/schema.org","@graph":[{"@type":"WebPage","@id":"https:\/\/culturesconnection.com\/fr\/services-de-traduction-wordpress\/","url":"https:\/\/culturesconnection.com\/fr\/services-de-traduction-wordpress\/","name":"Localisation sites web - Services en ligne","isPartOf":{"@id":"https:\/\/culturesconnection.com\/fr\/#website"},"primaryImageOfPage":{"@id":"https:\/\/culturesconnection.com\/fr\/services-de-traduction-wordpress\/#primaryimage"},"image":{"@id":"https:\/\/culturesconnection.com\/fr\/services-de-traduction-wordpress\/#primaryimage"},"thumbnailUrl":"https:\/\/culturesconnection.com\/wp-content\/uploads\/2013\/06\/bg_page_service_8.png","datePublished":"2019-01-22T15:35:05+00:00","dateModified":"2023-09-07T10:49:52+00:00","description":"Cultures Connection et WPML, le plugin multilingue leader sur le march\u00e9, collaborent pour am\u00e9liorer la qualit\u00e9 des traductions WordPress.","breadcrumb":{"@id":"https:\/\/culturesconnection.com\/fr\/services-de-traduction-wordpress\/#breadcrumb"},"inLanguage":"fr-FR","potentialAction":[{"@type":"ReadAction","target":["https:\/\/culturesconnection.com\/fr\/services-de-traduction-wordpress\/"]}]},{"@type":"ImageObject","inLanguage":"fr-FR","@id":"https:\/\/culturesconnection.com\/fr\/services-de-traduction-wordpress\/#primaryimage","url":"https:\/\/culturesconnection.com\/wp-content\/uploads\/2013\/06\/bg_page_service_8.png","contentUrl":"https:\/\/culturesconnection.com\/wp-content\/uploads\/2013\/06\/bg_page_service_8.png","width":1440,"height":570,"caption":"traducir website"},{"@type":"BreadcrumbList","@id":"https:\/\/culturesconnection.com\/fr\/services-de-traduction-wordpress\/#breadcrumb","itemListElement":[{"@type":"ListItem","position":1,"name":"Home","item":"https:\/\/culturesconnection.com\/fr\/"},{"@type":"ListItem","position":2,"name":"Localisation de sites Web | Services de Localisation de sites internet WordPress"}]},{"@type":"WebSite","@id":"https:\/\/culturesconnection.com\/fr\/#website","url":"https:\/\/culturesconnection.com\/fr\/","name":"Cultures Connection","description":"Cultures Connection is a translation agency dedicated to the success of its international clients.","publisher":{"@id":"https:\/\/culturesconnection.com\/fr\/#organization"},"potentialAction":[{"@type":"SearchAction","target":{"@type":"EntryPoint","urlTemplate":"https:\/\/culturesconnection.com\/fr\/?s={search_term_string}"},"query-input":{"@type":"PropertyValueSpecification","valueRequired":true,"valueName":"search_term_string"}}],"inLanguage":"fr-FR"},{"@type":"Organization","@id":"https:\/\/culturesconnection.com\/fr\/#organization","name":"Cultures Connection","url":"https:\/\/culturesconnection.com\/fr\/","logo":{"@type":"ImageObject","inLanguage":"fr-FR","@id":"https:\/\/culturesconnection.com\/fr\/#\/schema\/logo\/image\/","url":"https:\/\/culturesconnection.com\/wp-content\/uploads\/2022\/06\/cropped-favicon512x512.png","contentUrl":"https:\/\/culturesconnection.com\/wp-content\/uploads\/2022\/06\/cropped-favicon512x512.png","width":512,"height":512,"caption":"Cultures Connection"},"image":{"@id":"https:\/\/culturesconnection.com\/fr\/#\/schema\/logo\/image\/"},"sameAs":["https:\/\/www.facebook.com\/CulturesConnection","https:\/\/x.com\/CulturesCo_"]}]}},"_links":{"self":[{"href":"https:\/\/culturesconnection.com\/fr\/wp-json\/wp\/v2\/pages\/13839","targetHints":{"allow":["GET"]}}],"collection":[{"href":"https:\/\/culturesconnection.com\/fr\/wp-json\/wp\/v2\/pages"}],"about":[{"href":"https:\/\/culturesconnection.com\/fr\/wp-json\/wp\/v2\/types\/page"}],"author":[{"embeddable":true,"href":"https:\/\/culturesconnection.com\/fr\/wp-json\/wp\/v2\/users\/42"}],"replies":[{"embeddable":true,"href":"https:\/\/culturesconnection.com\/fr\/wp-json\/wp\/v2\/comments?post=13839"}],"version-history":[{"count":0,"href":"https:\/\/culturesconnection.com\/fr\/wp-json\/wp\/v2\/pages\/13839\/revisions"}],"wp:featuredmedia":[{"embeddable":true,"href":"https:\/\/culturesconnection.com\/fr\/wp-json\/wp\/v2\/media\/13840"}],"wp:attachment":[{"href":"https:\/\/culturesconnection.com\/fr\/wp-json\/wp\/v2\/media?parent=13839"}],"curies":[{"name":"wp","href":"https:\/\/api.w.org\/{rel}","templated":true}]}}