{"id":12600,"date":"2018-11-02T14:46:49","date_gmt":"2018-11-02T13:46:49","guid":{"rendered":"http:\/\/culturesconnection.com\/?page_id=12600"},"modified":"2022-12-16T11:22:23","modified_gmt":"2022-12-16T10:22:23","slug":"traduction-jeux-video-bulgare","status":"publish","type":"page","link":"https:\/\/culturesconnection.com\/fr\/traduction-jeux-video-bulgare\/","title":{"rendered":"Agence de traduction de jeux vid\u00e9o en bulgare"},"content":{"rendered":"\n<h2 class=\"wp-block-heading\">TRADUCTION DE JEUX VID\u00c9O EN BULGARE<\/h2>\n\n\n\n<p>De nos jours, la multiplication des jeux vid\u00e9o est de plus en plus forte mais pour que les nouvelles cr\u00e9ations attirent un public plus grand, les d\u00e9veloppeurs font appel \u00e0 des agences de traduction sp\u00e9cialis\u00e9es dans ce domaine qui se chargent de faire localiser vos supports par des experts en la mati\u00e8re. La traduction d\u2019un jeu vid\u00e9o est une t\u00e2che particuli\u00e8rement complexe qui rel\u00e8ve davantage de la localisation et donc de l\u2019adaptation du contenu en prenant en compte l\u2019aspect culturel de la communaut\u00e9 de joueurs cibl\u00e9e. Le traducteur se doit donc de comprendre et jongler avec ces diff\u00e9rences culturelles existantes.<\/p>\n\n\n\n<h2 class=\"wp-block-heading\">NOTRE AGENCE DE TRADUCTION ET DE LOCALISATION DE JEUX VID\u00c9O<\/h2>\n\n\n\n<p><a href=\"https:\/\/culturesconnection.com\/fr\/traduction-localisation-jeux-video\/\">La traduction de jeux vid\u00e9o<\/a> est un domaine en plein essor, du fait du nombre grandissant de cr\u00e9ations actuelles dans le monde. Notre agence de traduction met \u00e0 votre disposition un vaste r\u00e9seau de traducteurs professionnels sp\u00e9cialis\u00e9s dans de nombreux domaines de travail. Pour ce qui est du secteur des jeux vid\u00e9o, nombreux sont ceux passionn\u00e9s par cet univers qui justifient d\u2019une grande exp\u00e9rience dans ce domaine. Tous nos traducteurs allient comp\u00e9tences linguistiques et comp\u00e9tences techniques. En effet, ils ma\u00eetrisent parfaitement le fran\u00e7ais et le bulgare et connaissent \u00e9galement toutes les caract\u00e9ristiques techniques li\u00e9es \u00e0 leur profession. Faites confiance \u00e0 nos services de traduction de qualit\u00e9 et confiez \u00e0 <a href=\"https:\/\/culturesconnection.com\/fr\/\">notre agence<\/a>, vos projets de traductions de jeux vid\u00e9o en bulgare.<\/p>\n\n\n\n<h2 class=\"wp-block-heading\">NOS SERVICES DE TRADUCTION DE JEUX VID\u00c9O EN BULGARE<\/h2>\n\n\n\n<p>Cultures Connection propose des services de traduction et de localisation de jeux vid\u00e9o depuis longtemps d\u00e9j\u00e0. Voici quelques exemples de projets r\u00e9alis\u00e9s en bulgare par nos \u00e9quipes&nbsp;:<\/p>\n\n\n\n<ul class=\"wp-block-list\">\n<li>Traduction de jeux vid\u00e9o<\/li>\n\n\n\n<li>Localisation de jeux vid\u00e9o<\/li>\n\n\n\n<li>Gestion de projet<\/li>\n\n\n\n<li>Sous-titrage<\/li>\n\n\n\n<li>Enregistrement et doublage<\/li>\n\n\n\n<li>Contr\u00f4le qualit\u00e9<\/li>\n<\/ul>\n","protected":false},"excerpt":{"rendered":"<p>TRADUCTION DE JEUX VID\u00c9O EN BULGARE De nos jours, la multiplication des jeux vid\u00e9o est de plus en plus forte mais pour que les nouvelles [&#8230;]<\/p>\n<p><a class=\"btn btn-secondary understrap-read-more-link\" href=\"https:\/\/culturesconnection.com\/fr\/traduction-jeux-video-bulgare\/\">Lire la suite\u2026<span class=\"screen-reader-text\"> from Agence de traduction de jeux vid\u00e9o en bulgare<\/span><\/a><\/p>\n","protected":false},"author":42,"featured_media":0,"parent":0,"menu_order":0,"comment_status":"closed","ping_status":"closed","template":"","meta":{"_acf_changed":false,"_editorskit_title_hidden":false,"_editorskit_reading_time":1,"_editorskit_is_block_options_detached":false,"_editorskit_block_options_position":"{}","footnotes":""},"class_list":["post-12600","page","type-page","status-publish","hentry"],"acf":[],"_links":{"self":[{"href":"https:\/\/culturesconnection.com\/fr\/wp-json\/wp\/v2\/pages\/12600","targetHints":{"allow":["GET"]}}],"collection":[{"href":"https:\/\/culturesconnection.com\/fr\/wp-json\/wp\/v2\/pages"}],"about":[{"href":"https:\/\/culturesconnection.com\/fr\/wp-json\/wp\/v2\/types\/page"}],"author":[{"embeddable":true,"href":"https:\/\/culturesconnection.com\/fr\/wp-json\/wp\/v2\/users\/42"}],"replies":[{"embeddable":true,"href":"https:\/\/culturesconnection.com\/fr\/wp-json\/wp\/v2\/comments?post=12600"}],"version-history":[{"count":0,"href":"https:\/\/culturesconnection.com\/fr\/wp-json\/wp\/v2\/pages\/12600\/revisions"}],"wp:attachment":[{"href":"https:\/\/culturesconnection.com\/fr\/wp-json\/wp\/v2\/media?parent=12600"}],"curies":[{"name":"wp","href":"https:\/\/api.w.org\/{rel}","templated":true}]}}