{"id":12595,"date":"2018-11-02T14:46:05","date_gmt":"2018-11-02T13:46:05","guid":{"rendered":"http:\/\/culturesconnection.com\/?page_id=12595"},"modified":"2022-12-16T10:18:15","modified_gmt":"2022-12-16T09:18:15","slug":"traduction-technique-bulgare","status":"publish","type":"page","link":"https:\/\/culturesconnection.com\/fr\/traduction-technique-bulgare\/","title":{"rendered":"Agence de traduction technique en bulgare"},"content":{"rendered":"\n<h2 class=\"wp-block-heading\">DES EXPERTS DE LA TRADUCTION TECHNIQUE BULGARE-FRAN\u00c7AIS \u00c0 VOTRE SERVICE<\/h2>\n\n\n\n<p><a href=\"https:\/\/culturesconnection.com\/fr\/traduction-technique\/\">La traduction technique<\/a> est un exercice ardu \u00e0 r\u00e9aliser qui requiert \u00e9norm\u00e9ment de connaissances techniques. Chez Cultures Connection, notre mission premi\u00e8re est de vous accompagner dans vos processus de d\u00e9veloppement \u00e0 l\u2019international pour que ce soit un succ\u00e8s. Selon nous, la clart\u00e9 et la pr\u00e9cision sont la pierre angulaire de toute traduction technique. Le traducteur doit \u00eatre un expert en la mati\u00e8re pour vous fournir des services de traduction de qualit\u00e9 et les plus exacts possibles afin de vous \u00e9viter tous types de d\u00e9sagr\u00e9ments futurs. Que ce soit une notice d\u2019utilisation ou un cahier des charges, confiez-nous vos projets de traductions techniques d\u00e8s \u00e0 pr\u00e9sent.<\/p>\n\n\n\n<h2 class=\"wp-block-heading\">NOTRE SERVICE DE TRADUCTION TECHNIQUE<\/h2>\n\n\n\n<p>Pour <a href=\"https:\/\/culturesconnection.com\/fr\/\">notre agence de traduction<\/a>, la qualit\u00e9 est primordiale. Ainsi, lorsque vous nous confiez des projets techniques en bulgare, nous faisons appel aux traducteurs les plus adapt\u00e9s qui composent notre carnet d\u2019adresses pour vous fournir des services de traduction fiables, pr\u00e9cis et \u00e0 des prix tr\u00e8s comp\u00e9titifs. Nos traducteurs sont s\u00e9lectionn\u00e9s selon des crit\u00e8res stricts en fonction de leurs comp\u00e9tences et de leurs connaissances dans leur domaine de sp\u00e9cialisation. Ils sont tous natifs et traduisent uniquement vers leur langue maternelle. Que ce soit un projet sur la physique des mat\u00e9riaux ou sur les nanotechnologies, nous vous trouverons toujours le professionnel le plus comp\u00e9tent et le plus exp\u00e9riment\u00e9 pour r\u00e9pondre \u00e0 votre demande. Alors n\u2019h\u00e9sitez plus !<\/p>\n\n\n\n<h2 class=\"wp-block-heading\">VOS DOCUMENTS TECHNIQUES EN BULGARE<\/h2>\n\n\n\n<p>De par la multitude des projets de traductions techniques possibles, voici une liste des quelques traductions qui nous ont \u00e9t\u00e9 confi\u00e9es en bulgare dans le pass\u00e9 :<\/p>\n\n\n\n<ul class=\"wp-block-list\">\n<li>Devis<\/li>\n\n\n\n<li>Textes d\u2019ing\u00e9nierie<\/li>\n\n\n\n<li>Modes d\u2019emploi de machine-outils (ou d\u2019autres types de machines)<\/li>\n\n\n\n<li>Descriptifs et fiches techniques<\/li>\n\n\n\n<li>Normes<\/li>\n\n\n\n<li>Cahiers des charges<\/li>\n\n\n\n<li>Brevets techniques<\/li>\n\n\n\n<li>Notices techniques<\/li>\n\n\n\n<li>Modes d\u2019emploi<\/li>\n\n\n\n<li>Guides d\u2019utilisateurs<\/li>\n<\/ul>\n","protected":false},"excerpt":{"rendered":"<p>DES EXPERTS DE LA TRADUCTION TECHNIQUE BULGARE-FRAN\u00c7AIS \u00c0 VOTRE SERVICE La traduction technique est un exercice ardu \u00e0 r\u00e9aliser qui requiert \u00e9norm\u00e9ment de connaissances techniques. [&#8230;]<\/p>\n<p><a class=\"btn btn-secondary understrap-read-more-link\" href=\"https:\/\/culturesconnection.com\/fr\/traduction-technique-bulgare\/\">Lire la suite\u2026<span class=\"screen-reader-text\"> from Agence de traduction technique en bulgare<\/span><\/a><\/p>\n","protected":false},"author":42,"featured_media":0,"parent":0,"menu_order":0,"comment_status":"closed","ping_status":"closed","template":"","meta":{"_acf_changed":false,"_editorskit_title_hidden":false,"_editorskit_reading_time":0,"_editorskit_is_block_options_detached":false,"_editorskit_block_options_position":"{}","footnotes":""},"class_list":["post-12595","page","type-page","status-publish","hentry"],"acf":[],"_links":{"self":[{"href":"https:\/\/culturesconnection.com\/fr\/wp-json\/wp\/v2\/pages\/12595","targetHints":{"allow":["GET"]}}],"collection":[{"href":"https:\/\/culturesconnection.com\/fr\/wp-json\/wp\/v2\/pages"}],"about":[{"href":"https:\/\/culturesconnection.com\/fr\/wp-json\/wp\/v2\/types\/page"}],"author":[{"embeddable":true,"href":"https:\/\/culturesconnection.com\/fr\/wp-json\/wp\/v2\/users\/42"}],"replies":[{"embeddable":true,"href":"https:\/\/culturesconnection.com\/fr\/wp-json\/wp\/v2\/comments?post=12595"}],"version-history":[{"count":0,"href":"https:\/\/culturesconnection.com\/fr\/wp-json\/wp\/v2\/pages\/12595\/revisions"}],"wp:attachment":[{"href":"https:\/\/culturesconnection.com\/fr\/wp-json\/wp\/v2\/media?parent=12595"}],"curies":[{"name":"wp","href":"https:\/\/api.w.org\/{rel}","templated":true}]}}