{"id":12562,"date":"2018-11-02T14:44:31","date_gmt":"2018-11-02T13:44:31","guid":{"rendered":"http:\/\/culturesconnection.com\/?page_id=12562"},"modified":"2022-12-16T10:29:09","modified_gmt":"2022-12-16T09:29:09","slug":"traduction-financiere-bulgare","status":"publish","type":"page","link":"https:\/\/culturesconnection.com\/fr\/traduction-financiere-bulgare\/","title":{"rendered":"Agence de traduction financi\u00e8re en bulgare"},"content":{"rendered":"\n<h2 class=\"wp-block-heading\">DES PROFESSIONNELS DE LA TRADUCTION FINANCI\u00c8RE BULGARE &#8211; FRAN\u00c7AIS \u00c0 VOTRE SERVICE<\/h2>\n\n\n\n<p>La rigueur et la pr\u00e9cision sont les ma\u00eetres-mots de <a href=\"https:\/\/culturesconnection.com\/fr\/traduction-financiere\/\">la traduction financi\u00e8re<\/a>. La terminologie \u00e9tant tr\u00e8s complexe dans ce domaine, le traducteur sp\u00e9cialis\u00e9 se doit de la ma\u00eetriser sur le bout des doigts. Pour ce faire, il a tr\u00e8s souvent travaill\u00e9 dans le monde des finances pendant un temps ou a tout simplement suivi des formations dans des \u00e9tablissements sp\u00e9cialis\u00e9s dans ce secteur. Une simple erreur de traduction peut avoir de nombreuses cons\u00e9quences et causer un effet n\u00e9gatif sur votre chiffre d\u2019affaires par exemple. Vous devez donc absolument faire appel \u00e0 une agence de traduction professionnelle sp\u00e9cialis\u00e9e dans le milieu financier pour vous assurez que vos projets seront entre de bonnes mains.<\/p>\n\n\n\n<h2 class=\"wp-block-heading\">NOTRE AGENCE DE TRADUCTION<\/h2>\n\n\n\n<p>Au sein de Cultures Connection, nous travaillons en \u00e9troite collaboration avec de nombreux traducteurs sp\u00e9cialis\u00e9s dans le domaine de la finance. Leur recrutement s\u2019op\u00e8re selon des crit\u00e8res de s\u00e9lection tr\u00e8s stricts en fonction de leurs dipl\u00f4mes et de leur exp\u00e9rience. Nos traducteurs sont soit pass\u00e9s sur les bancs d\u2019une \u00e9cole de commerce par exemple et ont, par la suite, travaill\u00e9 quelques ann\u00e9es dans le milieu financier, soit, ils se sont sp\u00e9cialis\u00e9s dans ce domaine apr\u00e8s coup et ont suivi des formations approfondies pour leur permettre de traduire des documents contenant une terminologie tr\u00e8s pr\u00e9cise. Ils traduisent toujours vers leur langue maternelle et poss\u00e8dent un excellent niveau de fran\u00e7ais et de bulgare . Si vous faites le choix de <a href=\"https:\/\/culturesconnection.com\/fr\/\">notre agence de traduction<\/a>, vous avez la garantie de recevoir des services de traduction de tr\u00e8s bonne qualit\u00e9 et aux meilleurs prix.<\/p>\n\n\n\n<h2 class=\"wp-block-heading\">VOS DOCUMENTS FINANCIERS EN LANGUE BULGARE<\/h2>\n\n\n\n<p>La liste qui suit, reprend quelques exemples de traductions financi\u00e8res&nbsp;en bulgare&nbsp;que nous avons d\u00e9j\u00e0 r\u00e9alis\u00e9es :<\/p>\n\n\n\n<ul class=\"wp-block-list\">\n<li>Rapports de fonds d\u2019investissement<\/li>\n\n\n\n<li>Rapports d\u2019activit\u00e9<\/li>\n\n\n\n<li>Bourse<\/li>\n\n\n\n<li>Prospectus<\/li>\n\n\n\n<li>Documents d\u2019informations financi\u00e8res<\/li>\n\n\n\n<li>Lettres bancaires<\/li>\n\n\n\n<li>Documents de gestion du risque et de gestion d\u2019actifs<\/li>\n\n\n\n<li>Documents de fusions et d\u2019acquisitions<\/li>\n\n\n\n<li>Papiers de recherche<\/li>\n\n\n\n<li>Rapports d\u2019audits<\/li>\n\n\n\n<li>Rapports d\u2019activit\u00e9<\/li>\n\n\n\n<li>Bilans<\/li>\n\n\n\n<li>Documents d\u2019informations financi\u00e8res<\/li>\n\n\n\n<li>Documents d\u2019informations cl\u00e9s pour l\u2019investisseur (DICI)<\/li>\n<\/ul>\n","protected":false},"excerpt":{"rendered":"<p>DES PROFESSIONNELS DE LA TRADUCTION FINANCI\u00c8RE BULGARE &#8211; FRAN\u00c7AIS \u00c0 VOTRE SERVICE La rigueur et la pr\u00e9cision sont les ma\u00eetres-mots de la traduction financi\u00e8re. La [&#8230;]<\/p>\n<p><a class=\"btn btn-secondary understrap-read-more-link\" href=\"https:\/\/culturesconnection.com\/fr\/traduction-financiere-bulgare\/\">Lire la suite\u2026<span class=\"screen-reader-text\"> from Agence de traduction financi\u00e8re en bulgare<\/span><\/a><\/p>\n","protected":false},"author":42,"featured_media":0,"parent":0,"menu_order":0,"comment_status":"closed","ping_status":"closed","template":"","meta":{"_acf_changed":false,"_editorskit_title_hidden":false,"_editorskit_reading_time":1,"_editorskit_is_block_options_detached":false,"_editorskit_block_options_position":"{}","footnotes":""},"class_list":["post-12562","page","type-page","status-publish","hentry"],"acf":[],"_links":{"self":[{"href":"https:\/\/culturesconnection.com\/fr\/wp-json\/wp\/v2\/pages\/12562","targetHints":{"allow":["GET"]}}],"collection":[{"href":"https:\/\/culturesconnection.com\/fr\/wp-json\/wp\/v2\/pages"}],"about":[{"href":"https:\/\/culturesconnection.com\/fr\/wp-json\/wp\/v2\/types\/page"}],"author":[{"embeddable":true,"href":"https:\/\/culturesconnection.com\/fr\/wp-json\/wp\/v2\/users\/42"}],"replies":[{"embeddable":true,"href":"https:\/\/culturesconnection.com\/fr\/wp-json\/wp\/v2\/comments?post=12562"}],"version-history":[{"count":0,"href":"https:\/\/culturesconnection.com\/fr\/wp-json\/wp\/v2\/pages\/12562\/revisions"}],"wp:attachment":[{"href":"https:\/\/culturesconnection.com\/fr\/wp-json\/wp\/v2\/media?parent=12562"}],"curies":[{"name":"wp","href":"https:\/\/api.w.org\/{rel}","templated":true}]}}