{"id":12554,"date":"2018-11-02T14:43:39","date_gmt":"2018-11-02T13:43:39","guid":{"rendered":"http:\/\/culturesconnection.com\/?page_id=12554"},"modified":"2022-12-12T13:48:03","modified_gmt":"2022-12-12T12:48:03","slug":"traduction-de-site-web-croate","status":"publish","type":"page","link":"https:\/\/culturesconnection.com\/fr\/traduction-de-site-web-croate\/","title":{"rendered":"Agence de traduction de site web en croate"},"content":{"rendered":"\n<h2 class=\"wp-block-heading\">TRADUCTION DE SITE WEB EN CROATE : LA VISIBILIT\u00c9 DE VOS SUPPORTS INTERNET ASSUR\u00c9E<\/h2>\n\n\n\n<p>Vous avez comme projet d\u2019internationaliser votre entreprise ? Pour cela, votre site internet doit \u00eatre traduit dans la langue cible pour avoir un plus grand effet sur vos futurs clients ou partenaires. En effet, de nombreuses \u00e9tudes ont montr\u00e9 que des clients d\u2019un site de e-commerce achetaient plus facilement des produits si ceux-ci \u00e9taient traduits dans leur langue maternelle plut\u00f4t que dans la langue universelle des \u00e9changes actuels : l\u2019anglais. Le traducteur sp\u00e9cialis\u00e9 dans la traduction de sites web pourra donc vous accompagner dans votre d\u00e9veloppement en vous fournissant des services de traduction de qualit\u00e9 et vous assurer une traduction&nbsp;pr\u00e9cise de vos supports web. Faites donc confiance \u00e0 Cultures Connection pour vos futurs projets de traduction de sites web croates.<\/p>\n\n\n\n<h2 class=\"wp-block-heading\">NOTRE AGENCE DE TRADUCTION DE SITES WEB<\/h2>\n\n\n\n<p>Vous souhaitez d\u00e9velopper votre entreprise \u00e0 l\u2019international et vous avez besoin de faire traduire votre site internet en croate par un traducteur fiable ? N\u2019attendez plus, faites confiance \u00e0 Cultures Connection et \u00e0 son large r\u00e9seau de collaborateurs croates. Dans notre agence de traduction, nous savons \u00e0 quel point il est important de r\u00e9aliser une bonne traduction de votre site web, car ceci refl\u00e8te l\u2019image de votre entreprise. C\u2019est pourquoi, nous employons uniquement des sp\u00e9cialistes natifs qui connaissent pleinement l\u2019aspect linguistique et l\u2019aspect technique de leur m\u00e9tier. Ils traduisent uniquement vers leur langue maternelle. Cultures Connection est donc la r\u00e9ponse \u00e0 vos besoins en <a href=\"https:\/\/culturesconnection.com\/fr\/traduction-site-internet\/\">traduction de sites web<\/a> en croate.<\/p>\n\n\n\n<h2 class=\"wp-block-heading\">VOS SITES WEB EN CROATE<\/h2>\n\n\n\n<p>Voici une liste non exhaustive de sites web en croate que nous avons l\u2019habitude de traduire dans <a href=\"https:\/\/culturesconnection.com\/fr\/\">notre agence<\/a> :<\/p>\n\n\n\n<ul class=\"wp-block-list\">\n<li>Contenus web<\/li>\n\n\n\n<li>Sites e-commerce<\/li>\n\n\n\n<li>Applications mobiles<\/li>\n\n\n\n<li>Plateformes marchandes<\/li>\n\n\n\n<li>Fiches produits<\/li>\n<\/ul>\n","protected":false},"excerpt":{"rendered":"<p>TRADUCTION DE SITE WEB EN CROATE : LA VISIBILIT\u00c9 DE VOS SUPPORTS INTERNET ASSUR\u00c9E Vous avez comme projet d\u2019internationaliser votre entreprise ? Pour cela, votre [&#8230;]<\/p>\n<p><a class=\"btn btn-secondary understrap-read-more-link\" href=\"https:\/\/culturesconnection.com\/fr\/traduction-de-site-web-croate\/\">Lire la suite\u2026<span class=\"screen-reader-text\"> from Agence de traduction de site web en croate<\/span><\/a><\/p>\n","protected":false},"author":42,"featured_media":0,"parent":0,"menu_order":0,"comment_status":"closed","ping_status":"closed","template":"","meta":{"_acf_changed":false,"_editorskit_title_hidden":false,"_editorskit_reading_time":0,"_editorskit_is_block_options_detached":false,"_editorskit_block_options_position":"{}","footnotes":""},"class_list":["post-12554","page","type-page","status-publish","hentry"],"acf":[],"yoast_head":"<!-- This site is optimized with the Yoast SEO Premium plugin v23.4 (Yoast SEO v27.3) - https:\/\/yoast.com\/product\/yoast-seo-premium-wordpress\/ -->\n<title>Services de traduction de site web croate<\/title>\n<meta name=\"description\" content=\"La traduction de site web croate fran\u00e7ais par des professionnels du secteur : contenus web, sites e-commerce, fiches produits. Devis gratuit.\" \/>\n<meta name=\"robots\" content=\"index, follow, max-snippet:-1, max-image-preview:large, max-video-preview:-1\" \/>\n<link rel=\"canonical\" href=\"https:\/\/culturesconnection.com\/fr\/traduction-de-site-web-croate\/\" \/>\n<meta property=\"og:locale\" content=\"fr_FR\" \/>\n<meta property=\"og:type\" content=\"article\" \/>\n<meta property=\"og:title\" content=\"Agence de traduction de site web en croate\" \/>\n<meta property=\"og:description\" content=\"La traduction de site web croate fran\u00e7ais par des professionnels du secteur : contenus web, sites e-commerce, fiches produits. Devis gratuit.\" \/>\n<meta property=\"og:url\" content=\"https:\/\/culturesconnection.com\/fr\/traduction-de-site-web-croate\/\" \/>\n<meta property=\"og:site_name\" content=\"Cultures Connection\" \/>\n<meta property=\"article:publisher\" content=\"https:\/\/www.facebook.com\/CulturesConnection\" \/>\n<meta property=\"article:modified_time\" content=\"2022-12-12T12:48:03+00:00\" \/>\n<meta property=\"og:image\" content=\"https:\/\/culturesconnection.com\/wp-content\/uploads\/2022\/07\/brochure2022.webp\" \/>\n\t<meta property=\"og:image:width\" content=\"1654\" \/>\n\t<meta property=\"og:image:height\" content=\"1169\" \/>\n\t<meta property=\"og:image:type\" content=\"image\/webp\" \/>\n<meta name=\"twitter:card\" content=\"summary_large_image\" \/>\n<meta name=\"twitter:site\" content=\"@CulturesCo_\" \/>\n<meta name=\"twitter:label1\" content=\"Dur\u00e9e de lecture estim\u00e9e\" \/>\n\t<meta name=\"twitter:data1\" content=\"1 minute\" \/>\n<script type=\"application\/ld+json\" class=\"yoast-schema-graph\">{\"@context\":\"https:\\\/\\\/schema.org\",\"@graph\":[{\"@type\":\"WebPage\",\"@id\":\"https:\\\/\\\/culturesconnection.com\\\/fr\\\/traduction-de-site-web-croate\\\/\",\"url\":\"https:\\\/\\\/culturesconnection.com\\\/fr\\\/traduction-de-site-web-croate\\\/\",\"name\":\"Services de traduction de site web croate\",\"isPartOf\":{\"@id\":\"https:\\\/\\\/culturesconnection.com\\\/fr\\\/#website\"},\"datePublished\":\"2018-11-02T13:43:39+00:00\",\"dateModified\":\"2022-12-12T12:48:03+00:00\",\"description\":\"La traduction de site web croate fran\u00e7ais par des professionnels du secteur : contenus web, sites e-commerce, fiches produits. Devis gratuit.\",\"breadcrumb\":{\"@id\":\"https:\\\/\\\/culturesconnection.com\\\/fr\\\/traduction-de-site-web-croate\\\/#breadcrumb\"},\"inLanguage\":\"fr-FR\",\"potentialAction\":[{\"@type\":\"ReadAction\",\"target\":[\"https:\\\/\\\/culturesconnection.com\\\/fr\\\/traduction-de-site-web-croate\\\/\"]}]},{\"@type\":\"BreadcrumbList\",\"@id\":\"https:\\\/\\\/culturesconnection.com\\\/fr\\\/traduction-de-site-web-croate\\\/#breadcrumb\",\"itemListElement\":[{\"@type\":\"ListItem\",\"position\":1,\"name\":\"Home\",\"item\":\"https:\\\/\\\/culturesconnection.com\\\/fr\\\/\"},{\"@type\":\"ListItem\",\"position\":2,\"name\":\"Agence de traduction de site web en croate\"}]},{\"@type\":\"WebSite\",\"@id\":\"https:\\\/\\\/culturesconnection.com\\\/fr\\\/#website\",\"url\":\"https:\\\/\\\/culturesconnection.com\\\/fr\\\/\",\"name\":\"Cultures Connection\",\"description\":\"Cultures Connection is a translation agency dedicated to the success of its international clients.\",\"publisher\":{\"@id\":\"https:\\\/\\\/culturesconnection.com\\\/fr\\\/#organization\"},\"potentialAction\":[{\"@type\":\"SearchAction\",\"target\":{\"@type\":\"EntryPoint\",\"urlTemplate\":\"https:\\\/\\\/culturesconnection.com\\\/fr\\\/?s={search_term_string}\"},\"query-input\":{\"@type\":\"PropertyValueSpecification\",\"valueRequired\":true,\"valueName\":\"search_term_string\"}}],\"inLanguage\":\"fr-FR\"},{\"@type\":\"Organization\",\"@id\":\"https:\\\/\\\/culturesconnection.com\\\/fr\\\/#organization\",\"name\":\"Cultures Connection\",\"url\":\"https:\\\/\\\/culturesconnection.com\\\/fr\\\/\",\"logo\":{\"@type\":\"ImageObject\",\"inLanguage\":\"fr-FR\",\"@id\":\"https:\\\/\\\/culturesconnection.com\\\/fr\\\/#\\\/schema\\\/logo\\\/image\\\/\",\"url\":\"https:\\\/\\\/culturesconnection.com\\\/wp-content\\\/uploads\\\/2022\\\/06\\\/cropped-favicon512x512.png\",\"contentUrl\":\"https:\\\/\\\/culturesconnection.com\\\/wp-content\\\/uploads\\\/2022\\\/06\\\/cropped-favicon512x512.png\",\"width\":512,\"height\":512,\"caption\":\"Cultures Connection\"},\"image\":{\"@id\":\"https:\\\/\\\/culturesconnection.com\\\/fr\\\/#\\\/schema\\\/logo\\\/image\\\/\"},\"sameAs\":[\"https:\\\/\\\/www.facebook.com\\\/CulturesConnection\",\"https:\\\/\\\/x.com\\\/CulturesCo_\"]}]}<\/script>\n<!-- \/ Yoast SEO Premium plugin. -->","yoast_head_json":{"title":"Services de traduction de site web croate","description":"La traduction de site web croate fran\u00e7ais par des professionnels du secteur : contenus web, sites e-commerce, fiches produits. Devis gratuit.","robots":{"index":"index","follow":"follow","max-snippet":"max-snippet:-1","max-image-preview":"max-image-preview:large","max-video-preview":"max-video-preview:-1"},"canonical":"https:\/\/culturesconnection.com\/fr\/traduction-de-site-web-croate\/","og_locale":"fr_FR","og_type":"article","og_title":"Agence de traduction de site web en croate","og_description":"La traduction de site web croate fran\u00e7ais par des professionnels du secteur : contenus web, sites e-commerce, fiches produits. Devis gratuit.","og_url":"https:\/\/culturesconnection.com\/fr\/traduction-de-site-web-croate\/","og_site_name":"Cultures Connection","article_publisher":"https:\/\/www.facebook.com\/CulturesConnection","article_modified_time":"2022-12-12T12:48:03+00:00","og_image":[{"width":1654,"height":1169,"url":"https:\/\/culturesconnection.com\/wp-content\/uploads\/2022\/07\/brochure2022.webp","type":"image\/webp"}],"twitter_card":"summary_large_image","twitter_site":"@CulturesCo_","twitter_misc":{"Dur\u00e9e de lecture estim\u00e9e":"1 minute"},"schema":{"@context":"https:\/\/schema.org","@graph":[{"@type":"WebPage","@id":"https:\/\/culturesconnection.com\/fr\/traduction-de-site-web-croate\/","url":"https:\/\/culturesconnection.com\/fr\/traduction-de-site-web-croate\/","name":"Services de traduction de site web croate","isPartOf":{"@id":"https:\/\/culturesconnection.com\/fr\/#website"},"datePublished":"2018-11-02T13:43:39+00:00","dateModified":"2022-12-12T12:48:03+00:00","description":"La traduction de site web croate fran\u00e7ais par des professionnels du secteur : contenus web, sites e-commerce, fiches produits. Devis gratuit.","breadcrumb":{"@id":"https:\/\/culturesconnection.com\/fr\/traduction-de-site-web-croate\/#breadcrumb"},"inLanguage":"fr-FR","potentialAction":[{"@type":"ReadAction","target":["https:\/\/culturesconnection.com\/fr\/traduction-de-site-web-croate\/"]}]},{"@type":"BreadcrumbList","@id":"https:\/\/culturesconnection.com\/fr\/traduction-de-site-web-croate\/#breadcrumb","itemListElement":[{"@type":"ListItem","position":1,"name":"Home","item":"https:\/\/culturesconnection.com\/fr\/"},{"@type":"ListItem","position":2,"name":"Agence de traduction de site web en croate"}]},{"@type":"WebSite","@id":"https:\/\/culturesconnection.com\/fr\/#website","url":"https:\/\/culturesconnection.com\/fr\/","name":"Cultures Connection","description":"Cultures Connection is a translation agency dedicated to the success of its international clients.","publisher":{"@id":"https:\/\/culturesconnection.com\/fr\/#organization"},"potentialAction":[{"@type":"SearchAction","target":{"@type":"EntryPoint","urlTemplate":"https:\/\/culturesconnection.com\/fr\/?s={search_term_string}"},"query-input":{"@type":"PropertyValueSpecification","valueRequired":true,"valueName":"search_term_string"}}],"inLanguage":"fr-FR"},{"@type":"Organization","@id":"https:\/\/culturesconnection.com\/fr\/#organization","name":"Cultures Connection","url":"https:\/\/culturesconnection.com\/fr\/","logo":{"@type":"ImageObject","inLanguage":"fr-FR","@id":"https:\/\/culturesconnection.com\/fr\/#\/schema\/logo\/image\/","url":"https:\/\/culturesconnection.com\/wp-content\/uploads\/2022\/06\/cropped-favicon512x512.png","contentUrl":"https:\/\/culturesconnection.com\/wp-content\/uploads\/2022\/06\/cropped-favicon512x512.png","width":512,"height":512,"caption":"Cultures Connection"},"image":{"@id":"https:\/\/culturesconnection.com\/fr\/#\/schema\/logo\/image\/"},"sameAs":["https:\/\/www.facebook.com\/CulturesConnection","https:\/\/x.com\/CulturesCo_"]}]}},"_links":{"self":[{"href":"https:\/\/culturesconnection.com\/fr\/wp-json\/wp\/v2\/pages\/12554","targetHints":{"allow":["GET"]}}],"collection":[{"href":"https:\/\/culturesconnection.com\/fr\/wp-json\/wp\/v2\/pages"}],"about":[{"href":"https:\/\/culturesconnection.com\/fr\/wp-json\/wp\/v2\/types\/page"}],"author":[{"embeddable":true,"href":"https:\/\/culturesconnection.com\/fr\/wp-json\/wp\/v2\/users\/42"}],"replies":[{"embeddable":true,"href":"https:\/\/culturesconnection.com\/fr\/wp-json\/wp\/v2\/comments?post=12554"}],"version-history":[{"count":0,"href":"https:\/\/culturesconnection.com\/fr\/wp-json\/wp\/v2\/pages\/12554\/revisions"}],"wp:attachment":[{"href":"https:\/\/culturesconnection.com\/fr\/wp-json\/wp\/v2\/media?parent=12554"}],"curies":[{"name":"wp","href":"https:\/\/api.w.org\/{rel}","templated":true}]}}