{"id":12553,"date":"2018-11-02T14:43:31","date_gmt":"2018-11-02T13:43:31","guid":{"rendered":"http:\/\/culturesconnection.com\/?page_id=12553"},"modified":"2022-12-12T15:05:00","modified_gmt":"2022-12-12T14:05:00","slug":"traduction-marketing-croate","status":"publish","type":"page","link":"https:\/\/culturesconnection.com\/fr\/traduction-marketing-croate\/","title":{"rendered":"Agence de traduction marketing en croate"},"content":{"rendered":"\n<h2 class=\"wp-block-heading\">DES SP\u00c9CIALISTES DE LA TRADUCTION MARKETING CROATE-FRAN\u00c7AIS \u00c0 VOTRE SERVICE<\/h2>\n\n\n\n<p><a href=\"https:\/\/culturesconnection.com\/fr\/traduction-marketing\/\">La traduction marketing<\/a> est un domaine de la traduction dans lequel le traducteur doit s\u2019int\u00e9resser davantage au message qu\u2019aux mots. Ainsi, il conviendrait mieux de parler de localisation marketing, c\u2019est \u00e0 dire, de l\u2019adaptation d\u2019un message en tenant compte des aspects culturels du public cible. Le traducteur est un expert dans le domaine, il conna\u00eet les caract\u00e9ristiques et les subtilit\u00e9s du march\u00e9 cible et ma\u00eetrise parfaitement ces langues de travail. Il sait jongler avec les mots pour localiser vos supports publicitaires tout en suscitant l\u2019int\u00e9r\u00eat du public et en \u00e9vitant tout malentendu dans le r\u00e9sultat final qui pourrait \u00eatre synonyme de pertes \u00e9conomiques pour votre entreprise. Faites donc appel \u00e0 un traducteur professionnel et \u00e0 ses services de traduction fiables.<\/p>\n\n\n\n<h2 class=\"wp-block-heading\">NOTRE AGENCE DE TRADUCTION<\/h2>\n\n\n\n<p>Vous souhaitez lancer votre nouvelle campagne publicitaire en Croatie ? Et vous \u00eates \u00e0 la recherche de services de traduction de qualit\u00e9 ? Ne cherchez plus, Cultures Connection est la solution \u00e0 vos besoins. Nous vous proposons les services de notre large r\u00e9seau de professionnels, sp\u00e9cialis\u00e9s dans le secteur marketing. Ils sont exp\u00e9riment\u00e9s et bilingues, voire plus. Nos traducteurs sont donc tout \u00e0 fait aptes \u00e0 vous aider dans votre d\u00e9veloppement marketing en croate. Ils sauront adapter votre message pour qu\u2019il ait un plus grand impact sur votre march\u00e9 cible. Ne risquez pas la r\u00e9putation de votre entreprise \u00e0 cause d\u2019une erreur de traduction, faites confiance \u00e0 <a href=\"https:\/\/culturesconnection.com\/fr\/\">notre agence de traduction<\/a> pour vos projets marketing \u00e0 destination de la Croatie.<\/p>\n\n\n\n<h2 class=\"wp-block-heading\">LA TRADUCTION DE VOS DOCUMENTS MARKETING EN CROATE<\/h2>\n\n\n\n<p>La liste qui suit \u00e9num\u00e8re quelques exemples de documents marketing d\u00e9j\u00e0 traduits en croate par nos \u00e9quipes :<\/p>\n\n\n\n<ul class=\"wp-block-list\">\n<li>Brochures<\/li>\n\n\n\n<li>Supports publicitaires<\/li>\n\n\n\n<li>Newsletters<\/li>\n\n\n\n<li>Sites e-commerce<\/li>\n\n\n\n<li>Prospectus<\/li>\n\n\n\n<li>Campagnes marketing<\/li>\n\n\n\n<li>Publicit\u00e9s<\/li>\n\n\n\n<li>Sites Web<\/li>\n\n\n\n<li>Slogans<\/li>\n\n\n\n<li>Logotypes<\/li>\n\n\n\n<li>Pr\u00e9sentations<\/li>\n\n\n\n<li>Lancements de produits<\/li>\n\n\n\n<li>Notes de presse<\/li>\n<\/ul>\n","protected":false},"excerpt":{"rendered":"<p>DES SP\u00c9CIALISTES DE LA TRADUCTION MARKETING CROATE-FRAN\u00c7AIS \u00c0 VOTRE SERVICE La traduction marketing est un domaine de la traduction dans lequel le traducteur doit s\u2019int\u00e9resser [&#8230;]<\/p>\n<p><a class=\"btn btn-secondary understrap-read-more-link\" href=\"https:\/\/culturesconnection.com\/fr\/traduction-marketing-croate\/\">Lire la suite\u2026<span class=\"screen-reader-text\"> from Agence de traduction marketing en croate<\/span><\/a><\/p>\n","protected":false},"author":42,"featured_media":0,"parent":0,"menu_order":0,"comment_status":"closed","ping_status":"closed","template":"","meta":{"_acf_changed":false,"_editorskit_title_hidden":false,"_editorskit_reading_time":1,"_editorskit_is_block_options_detached":false,"_editorskit_block_options_position":"{}","footnotes":""},"class_list":["post-12553","page","type-page","status-publish","hentry"],"acf":[],"_links":{"self":[{"href":"https:\/\/culturesconnection.com\/fr\/wp-json\/wp\/v2\/pages\/12553","targetHints":{"allow":["GET"]}}],"collection":[{"href":"https:\/\/culturesconnection.com\/fr\/wp-json\/wp\/v2\/pages"}],"about":[{"href":"https:\/\/culturesconnection.com\/fr\/wp-json\/wp\/v2\/types\/page"}],"author":[{"embeddable":true,"href":"https:\/\/culturesconnection.com\/fr\/wp-json\/wp\/v2\/users\/42"}],"replies":[{"embeddable":true,"href":"https:\/\/culturesconnection.com\/fr\/wp-json\/wp\/v2\/comments?post=12553"}],"version-history":[{"count":0,"href":"https:\/\/culturesconnection.com\/fr\/wp-json\/wp\/v2\/pages\/12553\/revisions"}],"wp:attachment":[{"href":"https:\/\/culturesconnection.com\/fr\/wp-json\/wp\/v2\/media?parent=12553"}],"curies":[{"name":"wp","href":"https:\/\/api.w.org\/{rel}","templated":true}]}}