{"id":12547,"date":"2018-11-02T14:42:39","date_gmt":"2018-11-02T13:42:39","guid":{"rendered":"http:\/\/culturesconnection.com\/?page_id=12547"},"modified":"2022-12-12T12:25:39","modified_gmt":"2022-12-12T11:25:39","slug":"traduction-medicale-croate","status":"publish","type":"page","link":"https:\/\/culturesconnection.com\/fr\/traduction-medicale-croate\/","title":{"rendered":"Agence de traduction m\u00e9dicale en croate"},"content":{"rendered":"\n<h2 class=\"wp-block-heading\">LA TRADUCTION M\u00c9DICALE CROATE-FRAN\u00c7AIS : L\u2019IMPORTANCE DES TERMES EXACTS<\/h2>\n\n\n\n<p>Dans le secteur m\u00e9dical, la terminologie et la complexit\u00e9 du contenu des documents \u00e0 traiter rendent le travail du traducteur extr\u00eamement difficile. En effet, celui-ci doit totalement ma\u00eetriser l\u2019aspect linguistique de la traduction. Le fran\u00e7ais et le croate n\u2019ont plus de secrets pour lui. Mais il doit \u00e9galement ma\u00eetriser le vocabulaire m\u00e9dical pour \u00eatre le plus fid\u00e8le au texte source. Ainsi, pour cela, les traducteurs m\u00e9dicaux ont souvent exerc\u00e9 un m\u00e9tier dans le domaine ou ont suivi des formations intensives. Dans tous les cas, l\u2019exp\u00e9rience acquise leur permet d\u2019\u00e9viter des erreurs de traduction qui peuvent avoir de lourdes cons\u00e9quences par la suite. Faites le choix de la s\u00e9curit\u00e9, faites appel \u00e0 une agence de traduction digne de confiance.<\/p>\n\n\n\n<h2 class=\"wp-block-heading\">BESOIN D\u2019UN TRADUCTEUR M\u00c9DICAL ?<\/h2>\n\n\n\n<p><a href=\"https:\/\/culturesconnection.com\/fr\/\">Notre agence de traduction<\/a> a cr\u00e9\u00e9, au fil des ann\u00e9es, un large r\u00e9seau de traducteurs professionnels sp\u00e9cialis\u00e9s dans des domaines pr\u00e9cis. Gr\u00e2ce \u00e0 cela, nous mettons \u00e0 votre disposition tout leur savoir-faire et leurs connaissances pour vous fournir des services de traduction de haute qualit\u00e9. Dans le domaine de la traduction m\u00e9dicale, il existe de nombreuses sp\u00e9cialisations qui peuvent \u00eatre tr\u00e8s vari\u00e9es, de la chirurgie \u00e0 la m\u00e9decine g\u00e9n\u00e9rale en passant par la radiologie. Chez Cultures Connection, vous avez la garantie que nous trouverons le traducteur le plus qualifi\u00e9 pour s\u2019occuper de votre projet sp\u00e9cifique. Confiez-nous d\u00e8s \u00e0 pr\u00e9sent vos documents m\u00e9dicaux en croates.<\/p>\n\n\n\n<h2 class=\"wp-block-heading\">VOS DOCUMENTS M\u00c9DICAUX EN CROATE<\/h2>\n\n\n\n<p>Voici une liste de quelques exemples de <a href=\"https:\/\/culturesconnection.com\/fr\/traduction-medicale\/\">traductions m\u00e9dicales<\/a> que nous avons d\u00e9j\u00e0 r\u00e9alis\u00e9es en croate chez Cultures Connection:<\/p>\n\n\n\n<ul class=\"wp-block-list\">\n<li>Revues<\/li>\n\n\n\n<li>Rapports de conf\u00e9rence<\/li>\n\n\n\n<li>Publications<\/li>\n\n\n\n<li>Projets et comptes rendus de recherche<\/li>\n\n\n\n<li>R\u00e9sultats d\u2019\u00e9tudes et \u00e9tats de nouvelles recherches<\/li>\n\n\n\n<li>Ouvrages de vulgarisation<\/li>\n\n\n\n<li>Rapports d\u2019essais<\/li>\n\n\n\n<li>Questionnaires<\/li>\n\n\n\n<li>Notices<\/li>\n\n\n\n<li>Posologies de nouveaux produits<\/li>\n\n\n\n<li>R\u00e9sultats d\u2019essais cliniques<\/li>\n\n\n\n<li>R\u00e9glementations pharmaceutiques<\/li>\n\n\n\n<li>Rapports d\u2019expertise m\u00e9dicale<\/li>\n<\/ul>\n","protected":false},"excerpt":{"rendered":"<p>LA TRADUCTION M\u00c9DICALE CROATE-FRAN\u00c7AIS : L\u2019IMPORTANCE DES TERMES EXACTS Dans le secteur m\u00e9dical, la terminologie et la complexit\u00e9 du contenu des documents \u00e0 traiter rendent [&#8230;]<\/p>\n<p><a class=\"btn btn-secondary understrap-read-more-link\" href=\"https:\/\/culturesconnection.com\/fr\/traduction-medicale-croate\/\">Lire la suite\u2026<span class=\"screen-reader-text\"> from Agence de traduction m\u00e9dicale en croate<\/span><\/a><\/p>\n","protected":false},"author":42,"featured_media":0,"parent":0,"menu_order":0,"comment_status":"closed","ping_status":"closed","template":"","meta":{"_acf_changed":false,"_editorskit_title_hidden":false,"_editorskit_reading_time":1,"_editorskit_is_block_options_detached":false,"_editorskit_block_options_position":"{}","footnotes":""},"class_list":["post-12547","page","type-page","status-publish","hentry"],"acf":[],"_links":{"self":[{"href":"https:\/\/culturesconnection.com\/fr\/wp-json\/wp\/v2\/pages\/12547","targetHints":{"allow":["GET"]}}],"collection":[{"href":"https:\/\/culturesconnection.com\/fr\/wp-json\/wp\/v2\/pages"}],"about":[{"href":"https:\/\/culturesconnection.com\/fr\/wp-json\/wp\/v2\/types\/page"}],"author":[{"embeddable":true,"href":"https:\/\/culturesconnection.com\/fr\/wp-json\/wp\/v2\/users\/42"}],"replies":[{"embeddable":true,"href":"https:\/\/culturesconnection.com\/fr\/wp-json\/wp\/v2\/comments?post=12547"}],"version-history":[{"count":0,"href":"https:\/\/culturesconnection.com\/fr\/wp-json\/wp\/v2\/pages\/12547\/revisions"}],"wp:attachment":[{"href":"https:\/\/culturesconnection.com\/fr\/wp-json\/wp\/v2\/media?parent=12547"}],"curies":[{"name":"wp","href":"https:\/\/api.w.org\/{rel}","templated":true}]}}