{"id":12546,"date":"2018-11-02T14:42:33","date_gmt":"2018-11-02T13:42:33","guid":{"rendered":"http:\/\/culturesconnection.com\/?page_id=12546"},"modified":"2022-12-12T13:57:00","modified_gmt":"2022-12-12T12:57:00","slug":"traduction-scientifique-croate","status":"publish","type":"page","link":"https:\/\/culturesconnection.com\/fr\/traduction-scientifique-croate\/","title":{"rendered":"Agence de traduction scientifique en croate"},"content":{"rendered":"\n<h2 class=\"wp-block-heading\">DES EXPERTS DE LA TRADUCTION SCIENTIFIQUE CROATE-FRAN\u00c7AIS \u00c0 VOTRE SERVICE<\/h2>\n\n\n\n<p>La <a href=\"https:\/\/culturesconnection.com\/fr\/traduction-scientifique\/\">traduction scientifique<\/a> repr\u00e9sente un d\u00e9fi de taille du fait de la complexit\u00e9 et de la technicit\u00e9 du vocabulaire sp\u00e9cifique employ\u00e9. En effet, le traducteur expert se doit de conna\u00eetre tous les termes techniques dans les deux langues pour \u00eatre capable de traduire un document scientifique. Et il n\u2019a pas le droit \u00e0 l\u2019erreur car les cons\u00e9quences peuvent&nbsp;parfois s\u2019av\u00e9rer dramatiques. Le traducteur scientifique se sp\u00e9cialise aussi g\u00e9n\u00e9ralement dans un ou plusieurs sous-domaines tels que par exemple, la microbiologie, les neurosciences ou encore l\u2019informatique. Ceci est la garantie pour vous de services de traduction croates pr\u00e9cis, rigoureux et &nbsp;de qualit\u00e9.<\/p>\n\n\n\n<h2 class=\"wp-block-heading\">NOTRE CABINET DE TRADUCTION<\/h2>\n\n\n\n<p>Forte d\u2019une grande exp\u00e9rience dans le domaine de la traduction scientifique, notre <a href=\"https:\/\/culturesconnection.com\/fr\/\">agence de traduction<\/a> vous propose des prestations d\u2019une grande qualit\u00e9 mais avant tout d\u2019une grande pr\u00e9cision. Chez Cultures Connection, nous mettons un point d\u2019honneur \u00e0 s\u00e9lectionner des traducteurs tr\u00e8s comp\u00e9tents qui peuvent attester d\u2019une grande exp\u00e9rience dans le domaine et d\u2019un excellent niveau linguistique tant dans leur langue maternelle que dans la langue cible. Tous nos traducteurs sont sp\u00e9cialis\u00e9s dans leur domaine pour rendre des traductions les plus fiables possibles. Faites donc confiance \u00e0 notre entreprise de traduction pour vos prochaines traductions scientifiques croates.<\/p>\n\n\n\n<h2 class=\"wp-block-heading\">VOS DOCUMENTS SCIENTIFIQUES EN CROATE<\/h2>\n\n\n\n<p>Les types de documents scientifiques \u00e0 traduire sont tr\u00e8s nombreux. En voici quelques exemples&nbsp;:<\/p>\n\n\n\n<ul class=\"wp-block-list\">\n<li>Lexiques, encyclop\u00e9dies scientifiques et glossaires<\/li>\n\n\n\n<li>Documents techniques et articles de recherche<\/li>\n\n\n\n<li>Manuels op\u00e9rateurs et utilisateurs<\/li>\n\n\n\n<li>Essais de laboratoire, protocoles d\u2019essais<\/li>\n\n\n\n<li>Documents juridiques, brevets et directives<\/li>\n\n\n\n<li>Cahiers des charges<\/li>\n\n\n\n<li>Projets et \u00e9tudes de march\u00e9 multipays<\/li>\n\n\n\n<li>Logiciels de simulation (biotech, environnement, r\u00e9habilitation de sites industriels)<\/li>\n\n\n\n<li>Pr\u00e9sentations multim\u00e9dia et vid\u00e9os<\/li>\n\n\n\n<li>Traduction et localisation de sites web<\/li>\n\n\n\n<li>Traduction de notices techniques, pr\u00e9sentation de congr\u00e8s<\/li>\n<\/ul>\n","protected":false},"excerpt":{"rendered":"<p>DES EXPERTS DE LA TRADUCTION SCIENTIFIQUE CROATE-FRAN\u00c7AIS \u00c0 VOTRE SERVICE La traduction scientifique repr\u00e9sente un d\u00e9fi de taille du fait de la complexit\u00e9 et de [&#8230;]<\/p>\n<p><a class=\"btn btn-secondary understrap-read-more-link\" href=\"https:\/\/culturesconnection.com\/fr\/traduction-scientifique-croate\/\">Lire la suite\u2026<span class=\"screen-reader-text\"> from Agence de traduction scientifique en croate<\/span><\/a><\/p>\n","protected":false},"author":42,"featured_media":0,"parent":0,"menu_order":0,"comment_status":"closed","ping_status":"closed","template":"","meta":{"_acf_changed":false,"_editorskit_title_hidden":false,"_editorskit_reading_time":0,"_editorskit_is_block_options_detached":false,"_editorskit_block_options_position":"{}","footnotes":""},"class_list":["post-12546","page","type-page","status-publish","hentry"],"acf":[],"yoast_head":"<!-- This site is optimized with the Yoast SEO Premium plugin v23.4 (Yoast SEO v27.3) - https:\/\/yoast.com\/product\/yoast-seo-premium-wordpress\/ -->\n<title>Services de traduction scientifique croate<\/title>\n<meta name=\"description\" content=\"Besoin d&#039;une traduction scientifique croate-fran\u00e7ais ? Faites confiance \u00e0 Cultures Connection et son large r\u00e9seau de traducteurs professionnels.\" \/>\n<meta name=\"robots\" content=\"index, follow, max-snippet:-1, max-image-preview:large, max-video-preview:-1\" \/>\n<link rel=\"canonical\" href=\"https:\/\/culturesconnection.com\/fr\/traduction-scientifique-croate\/\" \/>\n<meta property=\"og:locale\" content=\"fr_FR\" \/>\n<meta property=\"og:type\" content=\"article\" \/>\n<meta property=\"og:title\" content=\"Agence de traduction scientifique en croate\" \/>\n<meta property=\"og:description\" content=\"Besoin d&#039;une traduction scientifique croate-fran\u00e7ais ? Faites confiance \u00e0 Cultures Connection et son large r\u00e9seau de traducteurs professionnels.\" \/>\n<meta property=\"og:url\" content=\"https:\/\/culturesconnection.com\/fr\/traduction-scientifique-croate\/\" \/>\n<meta property=\"og:site_name\" content=\"Cultures Connection\" \/>\n<meta property=\"article:publisher\" content=\"https:\/\/www.facebook.com\/CulturesConnection\" \/>\n<meta property=\"article:modified_time\" content=\"2022-12-12T12:57:00+00:00\" \/>\n<meta property=\"og:image\" content=\"https:\/\/culturesconnection.com\/wp-content\/uploads\/2022\/07\/brochure2022.webp\" \/>\n\t<meta property=\"og:image:width\" content=\"1654\" \/>\n\t<meta property=\"og:image:height\" content=\"1169\" \/>\n\t<meta property=\"og:image:type\" content=\"image\/webp\" \/>\n<meta name=\"twitter:card\" content=\"summary_large_image\" \/>\n<meta name=\"twitter:site\" content=\"@CulturesCo_\" \/>\n<meta name=\"twitter:label1\" content=\"Dur\u00e9e de lecture estim\u00e9e\" \/>\n\t<meta name=\"twitter:data1\" content=\"2 minutes\" \/>\n<script type=\"application\/ld+json\" class=\"yoast-schema-graph\">{\"@context\":\"https:\\\/\\\/schema.org\",\"@graph\":[{\"@type\":\"WebPage\",\"@id\":\"https:\\\/\\\/culturesconnection.com\\\/fr\\\/traduction-scientifique-croate\\\/\",\"url\":\"https:\\\/\\\/culturesconnection.com\\\/fr\\\/traduction-scientifique-croate\\\/\",\"name\":\"Services de traduction scientifique croate\",\"isPartOf\":{\"@id\":\"https:\\\/\\\/culturesconnection.com\\\/fr\\\/#website\"},\"datePublished\":\"2018-11-02T13:42:33+00:00\",\"dateModified\":\"2022-12-12T12:57:00+00:00\",\"description\":\"Besoin d'une traduction scientifique croate-fran\u00e7ais ? Faites confiance \u00e0 Cultures Connection et son large r\u00e9seau de traducteurs professionnels.\",\"breadcrumb\":{\"@id\":\"https:\\\/\\\/culturesconnection.com\\\/fr\\\/traduction-scientifique-croate\\\/#breadcrumb\"},\"inLanguage\":\"fr-FR\",\"potentialAction\":[{\"@type\":\"ReadAction\",\"target\":[\"https:\\\/\\\/culturesconnection.com\\\/fr\\\/traduction-scientifique-croate\\\/\"]}]},{\"@type\":\"BreadcrumbList\",\"@id\":\"https:\\\/\\\/culturesconnection.com\\\/fr\\\/traduction-scientifique-croate\\\/#breadcrumb\",\"itemListElement\":[{\"@type\":\"ListItem\",\"position\":1,\"name\":\"Home\",\"item\":\"https:\\\/\\\/culturesconnection.com\\\/fr\\\/\"},{\"@type\":\"ListItem\",\"position\":2,\"name\":\"Agence de traduction scientifique en croate\"}]},{\"@type\":\"WebSite\",\"@id\":\"https:\\\/\\\/culturesconnection.com\\\/fr\\\/#website\",\"url\":\"https:\\\/\\\/culturesconnection.com\\\/fr\\\/\",\"name\":\"Cultures Connection\",\"description\":\"Cultures Connection is a translation agency dedicated to the success of its international clients.\",\"publisher\":{\"@id\":\"https:\\\/\\\/culturesconnection.com\\\/fr\\\/#organization\"},\"potentialAction\":[{\"@type\":\"SearchAction\",\"target\":{\"@type\":\"EntryPoint\",\"urlTemplate\":\"https:\\\/\\\/culturesconnection.com\\\/fr\\\/?s={search_term_string}\"},\"query-input\":{\"@type\":\"PropertyValueSpecification\",\"valueRequired\":true,\"valueName\":\"search_term_string\"}}],\"inLanguage\":\"fr-FR\"},{\"@type\":\"Organization\",\"@id\":\"https:\\\/\\\/culturesconnection.com\\\/fr\\\/#organization\",\"name\":\"Cultures Connection\",\"url\":\"https:\\\/\\\/culturesconnection.com\\\/fr\\\/\",\"logo\":{\"@type\":\"ImageObject\",\"inLanguage\":\"fr-FR\",\"@id\":\"https:\\\/\\\/culturesconnection.com\\\/fr\\\/#\\\/schema\\\/logo\\\/image\\\/\",\"url\":\"https:\\\/\\\/culturesconnection.com\\\/wp-content\\\/uploads\\\/2022\\\/06\\\/cropped-favicon512x512.png\",\"contentUrl\":\"https:\\\/\\\/culturesconnection.com\\\/wp-content\\\/uploads\\\/2022\\\/06\\\/cropped-favicon512x512.png\",\"width\":512,\"height\":512,\"caption\":\"Cultures Connection\"},\"image\":{\"@id\":\"https:\\\/\\\/culturesconnection.com\\\/fr\\\/#\\\/schema\\\/logo\\\/image\\\/\"},\"sameAs\":[\"https:\\\/\\\/www.facebook.com\\\/CulturesConnection\",\"https:\\\/\\\/x.com\\\/CulturesCo_\"]}]}<\/script>\n<!-- \/ Yoast SEO Premium plugin. -->","yoast_head_json":{"title":"Services de traduction scientifique croate","description":"Besoin d'une traduction scientifique croate-fran\u00e7ais ? Faites confiance \u00e0 Cultures Connection et son large r\u00e9seau de traducteurs professionnels.","robots":{"index":"index","follow":"follow","max-snippet":"max-snippet:-1","max-image-preview":"max-image-preview:large","max-video-preview":"max-video-preview:-1"},"canonical":"https:\/\/culturesconnection.com\/fr\/traduction-scientifique-croate\/","og_locale":"fr_FR","og_type":"article","og_title":"Agence de traduction scientifique en croate","og_description":"Besoin d'une traduction scientifique croate-fran\u00e7ais ? Faites confiance \u00e0 Cultures Connection et son large r\u00e9seau de traducteurs professionnels.","og_url":"https:\/\/culturesconnection.com\/fr\/traduction-scientifique-croate\/","og_site_name":"Cultures Connection","article_publisher":"https:\/\/www.facebook.com\/CulturesConnection","article_modified_time":"2022-12-12T12:57:00+00:00","og_image":[{"width":1654,"height":1169,"url":"https:\/\/culturesconnection.com\/wp-content\/uploads\/2022\/07\/brochure2022.webp","type":"image\/webp"}],"twitter_card":"summary_large_image","twitter_site":"@CulturesCo_","twitter_misc":{"Dur\u00e9e de lecture estim\u00e9e":"2 minutes"},"schema":{"@context":"https:\/\/schema.org","@graph":[{"@type":"WebPage","@id":"https:\/\/culturesconnection.com\/fr\/traduction-scientifique-croate\/","url":"https:\/\/culturesconnection.com\/fr\/traduction-scientifique-croate\/","name":"Services de traduction scientifique croate","isPartOf":{"@id":"https:\/\/culturesconnection.com\/fr\/#website"},"datePublished":"2018-11-02T13:42:33+00:00","dateModified":"2022-12-12T12:57:00+00:00","description":"Besoin d'une traduction scientifique croate-fran\u00e7ais ? Faites confiance \u00e0 Cultures Connection et son large r\u00e9seau de traducteurs professionnels.","breadcrumb":{"@id":"https:\/\/culturesconnection.com\/fr\/traduction-scientifique-croate\/#breadcrumb"},"inLanguage":"fr-FR","potentialAction":[{"@type":"ReadAction","target":["https:\/\/culturesconnection.com\/fr\/traduction-scientifique-croate\/"]}]},{"@type":"BreadcrumbList","@id":"https:\/\/culturesconnection.com\/fr\/traduction-scientifique-croate\/#breadcrumb","itemListElement":[{"@type":"ListItem","position":1,"name":"Home","item":"https:\/\/culturesconnection.com\/fr\/"},{"@type":"ListItem","position":2,"name":"Agence de traduction scientifique en croate"}]},{"@type":"WebSite","@id":"https:\/\/culturesconnection.com\/fr\/#website","url":"https:\/\/culturesconnection.com\/fr\/","name":"Cultures Connection","description":"Cultures Connection is a translation agency dedicated to the success of its international clients.","publisher":{"@id":"https:\/\/culturesconnection.com\/fr\/#organization"},"potentialAction":[{"@type":"SearchAction","target":{"@type":"EntryPoint","urlTemplate":"https:\/\/culturesconnection.com\/fr\/?s={search_term_string}"},"query-input":{"@type":"PropertyValueSpecification","valueRequired":true,"valueName":"search_term_string"}}],"inLanguage":"fr-FR"},{"@type":"Organization","@id":"https:\/\/culturesconnection.com\/fr\/#organization","name":"Cultures Connection","url":"https:\/\/culturesconnection.com\/fr\/","logo":{"@type":"ImageObject","inLanguage":"fr-FR","@id":"https:\/\/culturesconnection.com\/fr\/#\/schema\/logo\/image\/","url":"https:\/\/culturesconnection.com\/wp-content\/uploads\/2022\/06\/cropped-favicon512x512.png","contentUrl":"https:\/\/culturesconnection.com\/wp-content\/uploads\/2022\/06\/cropped-favicon512x512.png","width":512,"height":512,"caption":"Cultures Connection"},"image":{"@id":"https:\/\/culturesconnection.com\/fr\/#\/schema\/logo\/image\/"},"sameAs":["https:\/\/www.facebook.com\/CulturesConnection","https:\/\/x.com\/CulturesCo_"]}]}},"_links":{"self":[{"href":"https:\/\/culturesconnection.com\/fr\/wp-json\/wp\/v2\/pages\/12546","targetHints":{"allow":["GET"]}}],"collection":[{"href":"https:\/\/culturesconnection.com\/fr\/wp-json\/wp\/v2\/pages"}],"about":[{"href":"https:\/\/culturesconnection.com\/fr\/wp-json\/wp\/v2\/types\/page"}],"author":[{"embeddable":true,"href":"https:\/\/culturesconnection.com\/fr\/wp-json\/wp\/v2\/users\/42"}],"replies":[{"embeddable":true,"href":"https:\/\/culturesconnection.com\/fr\/wp-json\/wp\/v2\/comments?post=12546"}],"version-history":[{"count":0,"href":"https:\/\/culturesconnection.com\/fr\/wp-json\/wp\/v2\/pages\/12546\/revisions"}],"wp:attachment":[{"href":"https:\/\/culturesconnection.com\/fr\/wp-json\/wp\/v2\/media?parent=12546"}],"curies":[{"name":"wp","href":"https:\/\/api.w.org\/{rel}","templated":true}]}}