{"id":12543,"date":"2018-11-02T14:42:24","date_gmt":"2018-11-02T13:42:24","guid":{"rendered":"http:\/\/culturesconnection.com\/?page_id=12543"},"modified":"2022-12-12T13:51:58","modified_gmt":"2022-12-12T12:51:58","slug":"traduction-commerciale-croate","status":"publish","type":"page","link":"https:\/\/culturesconnection.com\/fr\/traduction-commerciale-croate\/","title":{"rendered":"Agence de traduction commerciale en croate"},"content":{"rendered":"\n<h2 class=\"wp-block-heading\">AGENCE DE TRADUCTION COMMERCIALE CROATE &#8211; FRAN\u00c7AIS, POUR VOTRE R\u00c9USSITE \u00c0 L\u2019INTERNATIONAL<\/h2>\n\n\n\n<p>La mondialisation est un ph\u00e9nom\u00e8ne extr\u00eamement pr\u00e9sent dans notre soci\u00e9t\u00e9 depuis quelques ann\u00e9es, qui permet notamment de faciliter les \u00e9changes commerciaux. Toutefois, les barri\u00e8res linguistiques sont nombreuses et la seule mani\u00e8re de les surmonter est de faire appel \u00e0 des traducteurs professionnels qui sont capables de traduire de fa\u00e7on tr\u00e8s pr\u00e9cise et tr\u00e8s efficace tous types de projets. Ainsi, lorsque vous avez en t\u00eate d\u2019\u00e9tendre votre activit\u00e9 \u00e0 l\u2019\u00e9tranger, seul un traducteur sp\u00e9cialiste sera \u00e0 m\u00eame de traduire vos documents commerciaux. Faites toujours confiance aux services de traduction d\u2019une agence, experte dans le domaine dont vous avez besoin !<\/p>\n\n\n\n<h2 class=\"wp-block-heading\">DES TRADUCTEURS CROATE &#8211; FRAN\u00c7AIS \u00c0 VOTRE SERVICE<\/h2>\n\n\n\n<p><a href=\"https:\/\/culturesconnection.com\/fr\/\">Notre agence de traduction<\/a> travaille en \u00e9troite collaboration avec de nombreux traducteurs sp\u00e9cialis\u00e9s dans diverses combinaisons linguistiques. Si vous avez besoin des services d\u2019un traducteur commercial en croate, Cultures Connection est l\u2019agence qu\u2019il vous faut ! Nous s\u00e9lectionnons tous nos collaborateurs selon des crit\u00e8res tr\u00e8s stricts et nous \u00e9valuons leurs comp\u00e9tences linguistiques \u00e0 travers diff\u00e9rents tests. Nos \u00e9quipes sont conscientes de l\u2019importance de vos traductions \u00e0 vos yeux et de ce qu\u2019elles repr\u00e9sentent pour votre entreprise, c\u2019est pourquoi, dans notre agence, nous mettons tout en oeuvre pour vous fournir des services pr\u00e9cis, fiables et de qualit\u00e9.<\/p>\n\n\n\n<h2 class=\"wp-block-heading\">VOS DOCUMENTS COMMERCIAUX TRADUITS EN CROATE<\/h2>\n\n\n\n<p>Voici une liste non exhaustive de projets de <a href=\"https:\/\/culturesconnection.com\/fr\/traduction-commerciale\/\">traduction commerciale<\/a> que notre agence \u00e0 d\u00e9j\u00e0 pris en charge par le pass\u00e9 en croate :<\/p>\n\n\n\n<ul class=\"wp-block-list\">\n<li>Cartes de visite<\/li>\n\n\n\n<li>Campagnes<\/li>\n\n\n\n<li>Brochures<\/li>\n\n\n\n<li>Plaquettes publicitaires<\/li>\n\n\n\n<li>Catalogues publicitaires<\/li>\n\n\n\n<li>Sites web<\/li>\n\n\n\n<li>Communiqu\u00e9s<\/li>\n\n\n\n<li>Pr\u00e9sentations<\/li>\n\n\n\n<li>Lettres d\u2019information commerciales<\/li>\n\n\n\n<li>Supports publicitaires<\/li>\n\n\n\n<li>Publicit\u00e9s<\/li>\n\n\n\n<li>\u00c9tudes de march\u00e9<\/li>\n\n\n\n<li>Livres blancs<\/li>\n<\/ul>\n","protected":false},"excerpt":{"rendered":"<p>AGENCE DE TRADUCTION COMMERCIALE CROATE &#8211; FRAN\u00c7AIS, POUR VOTRE R\u00c9USSITE \u00c0 L\u2019INTERNATIONAL La mondialisation est un ph\u00e9nom\u00e8ne extr\u00eamement pr\u00e9sent dans notre soci\u00e9t\u00e9 depuis quelques ann\u00e9es, [&#8230;]<\/p>\n<p><a class=\"btn btn-secondary understrap-read-more-link\" href=\"https:\/\/culturesconnection.com\/fr\/traduction-commerciale-croate\/\">Lire la suite\u2026<span class=\"screen-reader-text\"> from Agence de traduction commerciale en croate<\/span><\/a><\/p>\n","protected":false},"author":42,"featured_media":0,"parent":0,"menu_order":0,"comment_status":"closed","ping_status":"closed","template":"","meta":{"_acf_changed":false,"_editorskit_title_hidden":false,"_editorskit_reading_time":1,"_editorskit_is_block_options_detached":false,"_editorskit_block_options_position":"{}","footnotes":""},"class_list":["post-12543","page","type-page","status-publish","hentry"],"acf":[],"_links":{"self":[{"href":"https:\/\/culturesconnection.com\/fr\/wp-json\/wp\/v2\/pages\/12543","targetHints":{"allow":["GET"]}}],"collection":[{"href":"https:\/\/culturesconnection.com\/fr\/wp-json\/wp\/v2\/pages"}],"about":[{"href":"https:\/\/culturesconnection.com\/fr\/wp-json\/wp\/v2\/types\/page"}],"author":[{"embeddable":true,"href":"https:\/\/culturesconnection.com\/fr\/wp-json\/wp\/v2\/users\/42"}],"replies":[{"embeddable":true,"href":"https:\/\/culturesconnection.com\/fr\/wp-json\/wp\/v2\/comments?post=12543"}],"version-history":[{"count":0,"href":"https:\/\/culturesconnection.com\/fr\/wp-json\/wp\/v2\/pages\/12543\/revisions"}],"wp:attachment":[{"href":"https:\/\/culturesconnection.com\/fr\/wp-json\/wp\/v2\/media?parent=12543"}],"curies":[{"name":"wp","href":"https:\/\/api.w.org\/{rel}","templated":true}]}}