{"id":12534,"date":"2018-10-30T00:37:48","date_gmt":"2018-10-29T23:37:48","guid":{"rendered":"http:\/\/culturesconnection.com\/?page_id=12534"},"modified":"2022-12-01T14:33:48","modified_gmt":"2022-12-01T13:33:48","slug":"traduction-jeux-video-roumain","status":"publish","type":"page","link":"https:\/\/culturesconnection.com\/fr\/traduction-jeux-video-roumain\/","title":{"rendered":"Agence de traduction de jeux vid\u00e9o en roumain"},"content":{"rendered":"\n<h2 class=\"wp-block-heading\">TRADUCTION DE JEUX VID\u00c9O : FACILITEZ LA DIFFUSION DE VOTRE JEU VID\u00c9O \u00c0 L\u2019\u00c9TRANGER<\/h2>\n\n\n\n<p>Vous \u00eates d\u00e9veloppeur de jeux vid\u00e9o fran\u00e7ais et vous souhaitez lancer votre nouveau produit en Roumanie ? Alors il faut faire localiser votre jeu vid\u00e9o par un sp\u00e9cialiste du secteur. Un expert en gaming sait s\u2019immerger dans l\u2019univers du jeu pour l\u2019adapter au mieux au public cible en modifiant parfois les r\u00e9f\u00e9rences utilis\u00e9es. Toutefois, ces derni\u00e8res doivent \u00eatre partag\u00e9es et comprises par les joueurs pour que la traduction soit r\u00e9ussie. Par cons\u00e9quent, pour tous projets de ce type, faites confiance \u00e0 <a href=\"https:\/\/culturesconnection.com\/fr\/\">notre agence de traduction !<\/a><\/p>\n\n\n\n<h2 class=\"wp-block-heading\">LA LOCALISATION DE VOS JEUX VID\u00c9O EN ROUMAIN<\/h2>\n\n\n\n<p>Chez Cultures Connection, nos traducteurs localisateurs partagent, pour la plupart, votre passion des jeux vid\u00e9o. Ainsi, ils mettront tout en oeuvre pour vous fournir des services de traduction de tr\u00e8s bonne qualit\u00e9. Ils sont tous form\u00e9s dans des \u00e9coles sp\u00e9cialis\u00e9es ou lors de formations acc\u00e9l\u00e9r\u00e9es. Leurs langues de travail, le fran\u00e7ais et le roumain n\u2019ont plus de secrets pour eux et ils connaissent parfaitement les diff\u00e9rences culturelles existantes entre les deux pays. Ils sont donc tout \u00e0 fait qualifi\u00e9s pour r\u00e9aliser vos projets de localisation afin d\u2019optimiser les conditions de jeu de vos joueurs. Si vous avez besoin des services d\u2019un traducteur professionnel pour localiser vos jeux vid\u00e9o, faites appel \u00e0 notre agence de traduction sans plus attendre.<\/p>\n\n\n\n<h2 class=\"wp-block-heading\">NOS SERVICES DE TRADUCTION DE JEUX VID\u00c9O EN ROUMAIN<\/h2>\n\n\n\n<p>Notre agence de traduction vous propose une multitude de services linguistiques de <a href=\"https:\/\/culturesconnection.com\/fr\/traduction-localisation-jeux-video\/\">localisation de vos jeux vid\u00e9o<\/a>. En voici quelques exemples r\u00e9alis\u00e9s en roumain :<\/p>\n\n\n\n<ul class=\"wp-block-list\"><li>Traduction de jeux vid\u00e9o<\/li><li>Localisation de jeux vid\u00e9o<\/li><li>Gestion de projet<\/li><li>Sous-titrage<\/li><li>Enregistrement et doublage<\/li><li>Contr\u00f4le qualit\u00e9<\/li><\/ul>\n\n\n\n<h3 class=\"wp-block-heading\">&nbsp;Traduction de jeux video&nbsp;dans toutes les&nbsp;langues<\/h3>\n\n\n\n<ul class=\"wp-block-list\"><li><a href=\"https:\/\/culturesconnection.com\/fr\/traduction-de-jeux-video-en-anglais\/\">Traduction jeux video&nbsp;anglais<\/a><\/li><li><a href=\"https:\/\/culturesconnection.com\/fr\/traduction-de-jeux-video-en-espagnol\/\">Traduction jeux video espagnol<\/a><\/li><li><a href=\"https:\/\/culturesconnection.com\/fr\/traduction-jeux-video-en-allemand\/\">Traduction jeux video allemand<\/a><\/li><li><a href=\"https:\/\/culturesconnection.com\/fr\/traduction-jeux-video-en-chinois\/\">Traduction jeux video chinois<\/a><\/li><li><a href=\"https:\/\/culturesconnection.com\/fr\/traduction-de-jeux-video-en-arabe\/\">Traduction jeux video arabe<\/a><\/li><li><a href=\"https:\/\/culturesconnection.com\/fr\/traduction-jeux-video-en-portugais\/\">Traduction jeux video portugais<\/a><a href=\"https:\/\/culturesconnection.com\/fr\/traduction-de-jeux-video-en-italien\/\"><\/a><\/li><li><a href=\"https:\/\/culturesconnection.com\/fr\/traduction-jeux-video-en-neerlandais\/\">Traduction jeux video n\u00e9erlandais<\/a><\/li><li><a href=\"https:\/\/culturesconnection.com\/fr\/traduction-de-jeux-video-en-turc\/\">Traduction jeux video turc<\/a><\/li><li><a href=\"https:\/\/culturesconnection.com\/fr\/traduction-jeux-video-en-japonais\/\">Traduction jeux video japonais<\/a><\/li><li><a href=\"https:\/\/culturesconnection.com\/fr\/traduction-jeux-video-en-russe\/\">Traduction jeux video russe<\/a><\/li><\/ul>\n","protected":false},"excerpt":{"rendered":"<p>TRADUCTION DE JEUX VID\u00c9O : FACILITEZ LA DIFFUSION DE VOTRE JEU VID\u00c9O \u00c0 L\u2019\u00c9TRANGER Vous \u00eates d\u00e9veloppeur de jeux vid\u00e9o fran\u00e7ais et vous souhaitez lancer [&#8230;]<\/p>\n<p><a class=\"btn btn-secondary understrap-read-more-link\" href=\"https:\/\/culturesconnection.com\/fr\/traduction-jeux-video-roumain\/\">Lire la suite\u2026<span class=\"screen-reader-text\"> from Agence de traduction de jeux vid\u00e9o en roumain<\/span><\/a><\/p>\n","protected":false},"author":42,"featured_media":24329,"parent":0,"menu_order":0,"comment_status":"closed","ping_status":"closed","template":"","meta":{"_acf_changed":false,"_editorskit_title_hidden":false,"_editorskit_reading_time":1,"_editorskit_is_block_options_detached":false,"_editorskit_block_options_position":"{}","footnotes":""},"class_list":["post-12534","page","type-page","status-publish","has-post-thumbnail","hentry"],"acf":[],"_links":{"self":[{"href":"https:\/\/culturesconnection.com\/fr\/wp-json\/wp\/v2\/pages\/12534","targetHints":{"allow":["GET"]}}],"collection":[{"href":"https:\/\/culturesconnection.com\/fr\/wp-json\/wp\/v2\/pages"}],"about":[{"href":"https:\/\/culturesconnection.com\/fr\/wp-json\/wp\/v2\/types\/page"}],"author":[{"embeddable":true,"href":"https:\/\/culturesconnection.com\/fr\/wp-json\/wp\/v2\/users\/42"}],"replies":[{"embeddable":true,"href":"https:\/\/culturesconnection.com\/fr\/wp-json\/wp\/v2\/comments?post=12534"}],"version-history":[{"count":0,"href":"https:\/\/culturesconnection.com\/fr\/wp-json\/wp\/v2\/pages\/12534\/revisions"}],"wp:featuredmedia":[{"embeddable":true,"href":"https:\/\/culturesconnection.com\/fr\/wp-json\/wp\/v2\/media\/24329"}],"wp:attachment":[{"href":"https:\/\/culturesconnection.com\/fr\/wp-json\/wp\/v2\/media?parent=12534"}],"curies":[{"name":"wp","href":"https:\/\/api.w.org\/{rel}","templated":true}]}}