{"id":12531,"date":"2018-10-30T00:38:20","date_gmt":"2018-10-29T23:38:20","guid":{"rendered":"http:\/\/culturesconnection.com\/?page_id=12531"},"modified":"2022-12-01T15:18:11","modified_gmt":"2022-12-01T14:18:11","slug":"traduction-de-site-web-roumain","status":"publish","type":"page","link":"https:\/\/culturesconnection.com\/fr\/services-de-traduction-roumain\/traduction-de-site-web-roumain\/","title":{"rendered":"Agence de traduction de site web en roumain"},"content":{"rendered":"\n<h2 class=\"wp-block-heading\">Traduction de site web en roumain&nbsp;: pour vos clients en Roumanie<\/h2>\n\n\n\n<p>Aujourd\u2019hui, le ph\u00e9nom\u00e8ne de mondialisation est tel, que vous pouvez lancer un nouveau produit tr\u00e8s facilement sur un nouveau march\u00e9 \u00e9tranger. Il vous suffit simplement de faire traduire votre site internet : une \u00e9tape cruciale \u00e0 ne pas n\u00e9gliger dans votre processus d\u2019internationalisation. Vos produits se vendront plus facilement s\u2019ils sont pr\u00e9sent\u00e9s dans la langue maternelle de vos clients. Le plus important est alors de confier ce travail \u00e0 un traducteur sp\u00e9cialis\u00e9 dans ce domaine qui ma\u00eetrise totalement autant l\u2019aspect linguistique que l\u2019aspect technique de son m\u00e9tier. Il existe de nombreuses diff\u00e9rences culturelles d\u2019un pays \u00e0 un autre, c\u2019est pour cette raison que le traducteur, expert dans la traduction de sites internet, est le seul capable d&rsquo;appr\u00e9hender ces variations et de les valoriser pour que votre d\u00e9veloppement en Roumanie, par exemple, soit une r\u00e9ussite.<\/p>\n\n\n\n<h2 class=\"wp-block-heading\">Notre agence de traduction de pages web<\/h2>\n\n\n\n<p>Cultures Connection est une agence de traduction sp\u00e9cialis\u00e9e dans <a href=\"https:\/\/culturesconnection.com\/fr\/traduction-site-internet\/\" class=\"ek-link\">la traduction de site web<\/a> depuis longtemps maintenant. Forte de son exp\u00e9rience, notre agence professionnelle vous propose des services de qualit\u00e9, dans une large gamme de prestations et aux meilleurs prix. Nous n\u2019employons que des traducteurs localisateurs, habitu\u00e9s \u00e0 ce type de travail et qui font preuve de beaucoup de professionnalisme lorsque nous faisons appel \u00e0 eux pour vos projets. Leurs langues de travail, telles que le fran\u00e7ais et le roumain par exemple, n\u2019ont plus aucun secret pour eux, tout comme les cultures associ\u00e9es. Et l\u2019un des points essentiels \u00e0 nos yeux est le fait que tous nos traducteurs ne travaillent que vers leur langue maternelle pour vous fournir la meilleure pr\u00e9cision et la meilleure fiabilit\u00e9 possibles ! N\u2019attendez plus, contactez Cultures Connection d\u00e8s maintenant !<\/p>\n\n\n\n<h2 class=\"wp-block-heading\">Votre site web traduit en roumain<\/h2>\n\n\n\n<p>Chez <a href=\"https:\/\/culturesconnection.com\/fr\/\">Cultures Connection<\/a>, nous proposons une large gamme de prestations linguistiques en roumain. En voici quelques exemples :<\/p>\n\n\n\n<ul class=\"wp-block-list\"><li>Contenus web<\/li><li>Sites e-commerce<\/li><li>Applications mobiles<\/li><li>Plateformes marchandes<\/li><li>Fiches produits<\/li><\/ul>\n\n\n\n<h3 class=\"wp-block-heading\">&nbsp;Traduction de site web&nbsp;dans toutes les&nbsp;langues<\/h3>\n\n\n\n<ul class=\"wp-block-list\"><li><a href=\"https:\/\/culturesconnection.com\/fr\/traduction-site-web-anglais\/\">Traduction site web&nbsp;anglais<\/a><\/li><li><a href=\"https:\/\/culturesconnection.com\/fr\/traduction-de-site-web-en-espagnol\/\">Traduction site web&nbsp;espagnol<\/a><\/li><li><a href=\"https:\/\/culturesconnection.com\/fr\/traduction-de-site-web-en-allemand\/\">Traduction site web&nbsp;allemand<\/a><\/li><li><a href=\"https:\/\/culturesconnection.com\/fr\/traduction-site-web-chinois\/\">Traduction site web&nbsp;chinois<\/a><\/li><li><a href=\"https:\/\/culturesconnection.com\/fr\/traduction-de-site-web-en-arabe\/\">Traduction site web&nbsp;arabe<\/a><\/li><li><a href=\"https:\/\/culturesconnection.com\/fr\/traduction-site-web-portugais\/\">Traduction site web&nbsp;portugais<\/a><\/li><li><a href=\"https:\/\/culturesconnection.com\/fr\/traduction-de-site-web-en-neerlandais\/\">Traduction site web&nbsp;n\u00e9erlandais<\/a><\/li><li><a href=\"https:\/\/culturesconnection.com\/fr\/traduction-de-site-web-en-turc\/\">Traduction site web&nbsp;turc<\/a><\/li><li><a href=\"https:\/\/culturesconnection.com\/fr\/traduction-de-site-web-en-japonais\/\">Traduction site web&nbsp;japonais<\/a><\/li><li><a href=\"https:\/\/culturesconnection.com\/fr\/traduction-de-site-web-en-russe\/\">Traduction site web russe<\/a><\/li><\/ul>\n","protected":false},"excerpt":{"rendered":"<p>Traduction de site web en roumain&nbsp;: pour vos clients en Roumanie Aujourd\u2019hui, le ph\u00e9nom\u00e8ne de mondialisation est tel, que vous pouvez lancer un nouveau produit [&#8230;]<\/p>\n<p><a class=\"btn btn-secondary understrap-read-more-link\" href=\"https:\/\/culturesconnection.com\/fr\/services-de-traduction-roumain\/traduction-de-site-web-roumain\/\">Lire la suite\u2026<span class=\"screen-reader-text\"> from Agence de traduction de site web en roumain<\/span><\/a><\/p>\n","protected":false},"author":42,"featured_media":24329,"parent":6675,"menu_order":0,"comment_status":"closed","ping_status":"closed","template":"","meta":{"_acf_changed":false,"_editorskit_title_hidden":false,"_editorskit_reading_time":0,"_editorskit_is_block_options_detached":false,"_editorskit_block_options_position":"{}","footnotes":""},"class_list":["post-12531","page","type-page","status-publish","has-post-thumbnail","hentry"],"acf":[],"_links":{"self":[{"href":"https:\/\/culturesconnection.com\/fr\/wp-json\/wp\/v2\/pages\/12531","targetHints":{"allow":["GET"]}}],"collection":[{"href":"https:\/\/culturesconnection.com\/fr\/wp-json\/wp\/v2\/pages"}],"about":[{"href":"https:\/\/culturesconnection.com\/fr\/wp-json\/wp\/v2\/types\/page"}],"author":[{"embeddable":true,"href":"https:\/\/culturesconnection.com\/fr\/wp-json\/wp\/v2\/users\/42"}],"replies":[{"embeddable":true,"href":"https:\/\/culturesconnection.com\/fr\/wp-json\/wp\/v2\/comments?post=12531"}],"version-history":[{"count":0,"href":"https:\/\/culturesconnection.com\/fr\/wp-json\/wp\/v2\/pages\/12531\/revisions"}],"up":[{"embeddable":true,"href":"https:\/\/culturesconnection.com\/fr\/wp-json\/wp\/v2\/pages\/6675"}],"wp:featuredmedia":[{"embeddable":true,"href":"https:\/\/culturesconnection.com\/fr\/wp-json\/wp\/v2\/media\/24329"}],"wp:attachment":[{"href":"https:\/\/culturesconnection.com\/fr\/wp-json\/wp\/v2\/media?parent=12531"}],"curies":[{"name":"wp","href":"https:\/\/api.w.org\/{rel}","templated":true}]}}