{"id":12524,"date":"2018-10-30T00:40:17","date_gmt":"2018-10-29T23:40:17","guid":{"rendered":"http:\/\/culturesconnection.com\/?page_id=12524"},"modified":"2022-11-30T10:19:20","modified_gmt":"2022-11-30T09:19:20","slug":"traduction-technique-roumain","status":"publish","type":"page","link":"https:\/\/culturesconnection.com\/fr\/traduction-technique-roumain\/","title":{"rendered":"Agence de traduction technique en roumain"},"content":{"rendered":"\n<h2 class=\"wp-block-heading\">La traduction technique roumain-fran\u00e7ais<\/h2>\n\n\n\n<p>Si vous souhaitez exporter vos produits ou vos services en Roumanie, vous devez absolument faire traduire vos documents techniques en roumain. Toutefois, ne confiez pas cette t\u00e2che \u00e0 n\u2019importe qui. La traduction technique est un exercice qui requiert rigueur et justesse. Il vous faudra donc avoir recours aux services de traduction d\u2019un professionnel sp\u00e9cialis\u00e9 dans ce domaine qui connaisse sur le bout des doigts la terminologie employ\u00e9e. Chez Cultures Connection, nous vous proposons des services de traduction sp\u00e9cialis\u00e9s et de qualit\u00e9.<\/p>\n\n\n\n<h2 class=\"wp-block-heading\">Notre agence de traduction technique<\/h2>\n\n\n\n<p>La <a href=\"https:\/\/culturesconnection.com\/fr\/traduction-technique\/\">traduction technique<\/a> constitue l\u2019un des domaines de pr\u00e9dilection de notre cabinet de traduction. Au fil du temps, Cultures Connection a su s\u2019entourer de traducteurs professionnels sp\u00e9cialis\u00e9s dans le domaine technique. Tous nos collaborateurs sont s\u00e9lectionn\u00e9s par nos soins en fonction de leurs qualifications, de leur exp\u00e9rience dans le domaine et de leurs dipl\u00f4mes. Ils ont tous acquis leurs comp\u00e9tences et leurs connaissances pendant leurs \u00e9tudes ou lors de formations intensives. Ils ma\u00eetrisent \u00e9galement parfaitement autant le fran\u00e7ais que le roumain et &nbsp;traduisent uniquement vers leur langue maternelle. Faire le choix de Cultures Connection, c\u2019est faire le choix de la pr\u00e9cision et de la fiabilit\u00e9. Alors n\u2019attendez plus !<\/p>\n\n\n\n<h2 class=\"wp-block-heading\">Vos documents techniques traduits en roumain<\/h2>\n\n\n\n<p>Notre <a href=\"https:\/\/culturesconnection.com\/fr\/\">agence de traduction<\/a> r\u00e9alise de nombreuses traductions de documents techniques en roumain. En voici quelques exemples :<\/p>\n\n\n\n<ul class=\"wp-block-list\"><li>Devis<\/li><li>Textes d\u2019ing\u00e9nierie<\/li><li>Modes d\u2019emploi de machines-outils et d\u2019autres types de machines<\/li><li>Descriptifs et fiches techniques<\/li><li>Normes<\/li><li>Cahiers des charges<\/li><li>Brevets techniques<\/li><li>Notices techniques<\/li><li>Modes d\u2019emploi<\/li><li>Guides d\u2019utilisateurs<\/li><\/ul>\n\n\n\n<h3 class=\"wp-block-heading\">&nbsp;Traduction technique dans toutes les langues<\/h3>\n\n\n\n<ul class=\"wp-block-list\"><li><a href=\"https:\/\/culturesconnection.com\/fr\/traduction-technique-anglais\/\">Traduction technique anglais<\/a><\/li><li><a href=\"https:\/\/culturesconnection.com\/fr\/traduction-technique-espagnol\/\">Traduction technique espagnol<\/a><\/li><li><a href=\"https:\/\/culturesconnection.com\/fr\/traduction-technique-chinois\/\">Traduction technique chinois<\/a><\/li><li><a href=\"https:\/\/culturesconnection.com\/fr\/traduction-technique-arabe\/\">Traduction technique arabe<\/a><\/li><li><a href=\"https:\/\/culturesconnection.com\/fr\/traduction-technique-portugais\/\">Traduction technique portugais<\/a><\/li><li><a href=\"https:\/\/culturesconnection.com\/fr\/traduction-technique-italien\/\">Traduction technique italien<\/a><\/li><li><a href=\"https:\/\/culturesconnection.com\/fr\/traduction-technique-neerlandais\/\">Traduction technique n\u00e9erlandais<\/a><\/li><li><a href=\"https:\/\/culturesconnection.com\/fr\/traduction-technique-turc\/\">Traduction technique turc<\/a><\/li><li><a href=\"https:\/\/culturesconnection.com\/fr\/traduction-technique-japonais\/\">Traduction technique japonais<\/a><\/li><li><a href=\"https:\/\/culturesconnection.com\/fr\/traduction-technique-russe\/\">Traduction technique&nbsp;russe<\/a><\/li><\/ul>\n","protected":false},"excerpt":{"rendered":"<p>La traduction technique roumain-fran\u00e7ais Si vous souhaitez exporter vos produits ou vos services en Roumanie, vous devez absolument faire traduire vos documents techniques en roumain. [&#8230;]<\/p>\n<p><a class=\"btn btn-secondary understrap-read-more-link\" href=\"https:\/\/culturesconnection.com\/fr\/traduction-technique-roumain\/\">Lire la suite\u2026<span class=\"screen-reader-text\"> from Agence de traduction technique en roumain<\/span><\/a><\/p>\n","protected":false},"author":42,"featured_media":24329,"parent":0,"menu_order":0,"comment_status":"closed","ping_status":"closed","template":"","meta":{"_acf_changed":false,"_editorskit_title_hidden":false,"_editorskit_reading_time":0,"_editorskit_is_block_options_detached":false,"_editorskit_block_options_position":"{}","footnotes":""},"class_list":["post-12524","page","type-page","status-publish","has-post-thumbnail","hentry"],"acf":[],"_links":{"self":[{"href":"https:\/\/culturesconnection.com\/fr\/wp-json\/wp\/v2\/pages\/12524","targetHints":{"allow":["GET"]}}],"collection":[{"href":"https:\/\/culturesconnection.com\/fr\/wp-json\/wp\/v2\/pages"}],"about":[{"href":"https:\/\/culturesconnection.com\/fr\/wp-json\/wp\/v2\/types\/page"}],"author":[{"embeddable":true,"href":"https:\/\/culturesconnection.com\/fr\/wp-json\/wp\/v2\/users\/42"}],"replies":[{"embeddable":true,"href":"https:\/\/culturesconnection.com\/fr\/wp-json\/wp\/v2\/comments?post=12524"}],"version-history":[{"count":0,"href":"https:\/\/culturesconnection.com\/fr\/wp-json\/wp\/v2\/pages\/12524\/revisions"}],"wp:featuredmedia":[{"embeddable":true,"href":"https:\/\/culturesconnection.com\/fr\/wp-json\/wp\/v2\/media\/24329"}],"wp:attachment":[{"href":"https:\/\/culturesconnection.com\/fr\/wp-json\/wp\/v2\/media?parent=12524"}],"curies":[{"name":"wp","href":"https:\/\/api.w.org\/{rel}","templated":true}]}}