{"id":12520,"date":"2018-10-30T00:41:56","date_gmt":"2018-10-29T23:41:56","guid":{"rendered":"http:\/\/culturesconnection.com\/?page_id=12520"},"modified":"2022-12-01T15:38:37","modified_gmt":"2022-12-01T14:38:37","slug":"traduction-scientifique-roumain","status":"publish","type":"page","link":"https:\/\/culturesconnection.com\/fr\/services-de-traduction-roumain\/traduction-scientifique-roumain\/","title":{"rendered":"Agence de traduction scientifique en roumain"},"content":{"rendered":"\n<h2 class=\"wp-block-heading\">Nos services de traduction scientifique roumain-fran\u00e7ais<\/h2>\n\n\n\n<p>Dans le domaine de la <a href=\"https:\/\/culturesconnection.com\/fr\/traduction-scientifique\/\">traduction scientifique<\/a>, la terminologie prime avant tout. Le traducteur doit effectuer de nombreuses recherches de termes et de concepts pour \u00eatre \u00e0 m\u00eame de rendre un produit final de qualit\u00e9. La pr\u00e9cision et la rigueur sont essentielles dans ce type de travail car les erreurs de traduction peuvent \u00eatre lourdes de cons\u00e9quences. Il est fondamental de faire appel \u00e0 un traducteur sp\u00e9cialis\u00e9 dans le secteur qui ma\u00eetrise totalement la terminologie. Prenez le temps de bien choisir l\u2019agence de traduction pour vous assurer une traduction irr\u00e9prochable.<\/p>\n\n\n\n<h2 class=\"wp-block-heading\">Notre agence de traduction<\/h2>\n\n\n\n<p>Notre <a href=\"https:\/\/culturesconnection.com\/fr\/\">agence de traduction<\/a> vous propose les services de traducteurs sp\u00e9cialis\u00e9s dans la traduction scientifique pour qui le fran\u00e7ais et le roumain n\u2019ont plus de secrets. Ils traduisent tous uniquement vers leur langue maternelle pour vous assurer des services de qualit\u00e9. Les sp\u00e9cialisations sont nombreuses dans le monde scientifique, que votre projet traite de la biodiversit\u00e9, du domaine m\u00e9dical ou encore de l\u2019environnement, nous avons l\u2019expert qu\u2019il vous faut. Ainsi, si vous avez un document scientifique \u00e0 faire traduire du roumain vers le fran\u00e7ais ou du fran\u00e7ais vers le roumain, n\u2019h\u00e9sitez pas \u00e0 faire appel \u00e0 notre agence de traduction.<\/p>\n\n\n\n<h2 class=\"wp-block-heading\">La traduction de vos documents scientifiques en roumain<\/h2>\n\n\n\n<p>Il existe une grande diversit\u00e9 de documents scientifiques, Cultures Connection vous propose une large gamme de traductions. Voici quelques exemples de traductions scientifiques r\u00e9alis\u00e9es en roumain :<\/p>\n\n\n\n<ul class=\"wp-block-list\"><li>Lexiques, encyclop\u00e9dies scientifiques et glossaires<\/li><li>Documents techniques et articles de recherche<\/li><li>Manuels op\u00e9rateurs et utilisateurs<\/li><li>Essais de laboratoire, protocoles d\u2019essais<\/li><li>Documents juridiques, brevets et directives<\/li><li>Cahiers des charges<\/li><li>Projets et \u00e9tudes de march\u00e9 multipays<\/li><li>Logiciels de simulation (biotech, environnement, r\u00e9habilitation de sites industriels)<\/li><li>Pr\u00e9sentations multim\u00e9dia et vid\u00e9os<\/li><li>Traduction et localisation de sites Web<\/li><li>Traduction de notices techniques, pr\u00e9sentation de congr\u00e8s<\/li><\/ul>\n\n\n\n<h3 class=\"wp-block-heading\">&nbsp;Traduction scientifique&nbsp;dans toutes les&nbsp;langues<\/h3>\n\n\n\n<ul class=\"wp-block-list\"><li><a href=\"https:\/\/culturesconnection.com\/fr\/traduction-scientifique-anglais\/\">Traduction scientifique&nbsp;anglais<\/a><\/li><li><a href=\"https:\/\/culturesconnection.com\/fr\/traduction-scientifique-espagnol\/\">Traduction scientifique espagnol<\/a><\/li><li><a href=\"https:\/\/culturesconnection.com\/fr\/traduction-scientifique-allemand\/\">Traduction scientifique&nbsp;allemand<\/a><\/li><li><a href=\"https:\/\/culturesconnection.com\/fr\/traduction-scientifique-chinois\/\">Traduction scientifique&nbsp;chinois<\/a><\/li><li><a href=\"https:\/\/culturesconnection.com\/fr\/traduction-scientifique-arabe\/\">Traduction scientifique&nbsp;arabe<\/a><\/li><li><a href=\"https:\/\/culturesconnection.com\/fr\/traduction-scientifique-portugais\/\">Traduction scientifique&nbsp;portugais<\/a><\/li><li><a href=\"https:\/\/culturesconnection.com\/fr\/traduction-scientifique-italien\/\">Traduction scientifique&nbsp;italien<\/a><\/li><li><a href=\"https:\/\/culturesconnection.com\/fr\/traduction-scientifique-neerlandais\/\">Traduction scientifique&nbsp;n\u00e9erlandais<\/a><\/li><li><a href=\"https:\/\/culturesconnection.com\/fr\/traduction-scientifique-turc\/\">Traduction scientifique&nbsp;turc<\/a><\/li><li><a href=\"https:\/\/culturesconnection.com\/fr\/traduction-scientifique-japonais\/\">Traduction scientifique&nbsp;japonais<\/a><\/li><li><a href=\"https:\/\/culturesconnection.com\/fr\/traduction-scientifique-russe\/\">Traduction scientifique&nbsp;russe<\/a><\/li><\/ul>\n","protected":false},"excerpt":{"rendered":"<p>Nos services de traduction scientifique roumain-fran\u00e7ais Dans le domaine de la traduction scientifique, la terminologie prime avant tout. Le traducteur doit effectuer de nombreuses recherches [&#8230;]<\/p>\n<p><a class=\"btn btn-secondary understrap-read-more-link\" href=\"https:\/\/culturesconnection.com\/fr\/services-de-traduction-roumain\/traduction-scientifique-roumain\/\">Lire la suite\u2026<span class=\"screen-reader-text\"> from Agence de traduction scientifique en roumain<\/span><\/a><\/p>\n","protected":false},"author":42,"featured_media":24329,"parent":6675,"menu_order":0,"comment_status":"closed","ping_status":"closed","template":"","meta":{"_acf_changed":false,"_editorskit_title_hidden":false,"_editorskit_reading_time":1,"_editorskit_is_block_options_detached":false,"_editorskit_block_options_position":"{}","footnotes":""},"class_list":["post-12520","page","type-page","status-publish","has-post-thumbnail","hentry"],"acf":[],"_links":{"self":[{"href":"https:\/\/culturesconnection.com\/fr\/wp-json\/wp\/v2\/pages\/12520","targetHints":{"allow":["GET"]}}],"collection":[{"href":"https:\/\/culturesconnection.com\/fr\/wp-json\/wp\/v2\/pages"}],"about":[{"href":"https:\/\/culturesconnection.com\/fr\/wp-json\/wp\/v2\/types\/page"}],"author":[{"embeddable":true,"href":"https:\/\/culturesconnection.com\/fr\/wp-json\/wp\/v2\/users\/42"}],"replies":[{"embeddable":true,"href":"https:\/\/culturesconnection.com\/fr\/wp-json\/wp\/v2\/comments?post=12520"}],"version-history":[{"count":0,"href":"https:\/\/culturesconnection.com\/fr\/wp-json\/wp\/v2\/pages\/12520\/revisions"}],"up":[{"embeddable":true,"href":"https:\/\/culturesconnection.com\/fr\/wp-json\/wp\/v2\/pages\/6675"}],"wp:featuredmedia":[{"embeddable":true,"href":"https:\/\/culturesconnection.com\/fr\/wp-json\/wp\/v2\/media\/24329"}],"wp:attachment":[{"href":"https:\/\/culturesconnection.com\/fr\/wp-json\/wp\/v2\/media?parent=12520"}],"curies":[{"name":"wp","href":"https:\/\/api.w.org\/{rel}","templated":true}]}}