{"id":12515,"date":"2018-10-30T00:40:40","date_gmt":"2018-10-29T23:40:40","guid":{"rendered":"http:\/\/culturesconnection.com\/?page_id=12515"},"modified":"2022-12-01T15:29:35","modified_gmt":"2022-12-01T14:29:35","slug":"traduction-commerciale-roumain","status":"publish","type":"page","link":"https:\/\/culturesconnection.com\/fr\/services-de-traduction-roumain\/traduction-commerciale-roumain\/","title":{"rendered":"Agence de traduction commerciale en roumain"},"content":{"rendered":"\n<h2 class=\"wp-block-heading\">La traduction commerciale roumain &#8211; fran\u00e7ais, votre meilleur atout<\/h2>\n\n\n\n<p><a href=\"https:\/\/culturesconnection.com\/fr\/traduction-commerciale\/\">La traduction commerciale<\/a> est de plus en plus indispensable avec la mont\u00e9e en puissance du ph\u00e9nom\u00e8ne de mondialisation actuelle. Si vous souhaitez d\u00e9velopper votre activit\u00e9 en Roumanie, vous devrez faire traduire tous vos documents commerciaux en roumain. Ceux-ci auront plus d\u2019impact s\u2019ils sont r\u00e9dig\u00e9s dans la langue maternelle de votre march\u00e9 cible par exemple. D\u2019autre part, la traduction commerciale comporte une dimension suppl\u00e9mentaire en comparaison avec d\u2019autres domaines. En effet, le traducteur commercial se doit \u00e9galement d\u2019ajouter l\u2019aspect culturel \u00e0 son travail. Il s\u2019agit l\u00e0 d\u2019adapter le message au public cible selon les couleurs locales. Faites donc appel aux services de traduction d\u2019un expert en la mati\u00e8re.<\/p>\n\n\n\n<h2 class=\"wp-block-heading\">Notre agence de traduction<\/h2>\n\n\n\n<p>L&rsquo;\u00e9quipe de Cultures Connection met un point d\u2019honneur \u00e0 choisir des traducteurs sur la base de leurs dipl\u00f4mes et de leurs exp\u00e9riences. La plupart des traducteurs ont travaill\u00e9 dans le domaine avant de se sp\u00e9cialiser dans la traduction et sont donc tout \u00e0 fait aptes \u00e0 r\u00e9aliser vos traductions commerciales de la meilleure qualit\u00e9 possible. Ils traduisent tous uniquement vers la langue qu&rsquo;ils connaissent le mieux, c\u2019est \u00e0 dire leur langue maternelle et ma\u00eetrisent parfaitement leurs autres langues de travail. Tous ces crit\u00e8res vous garantissent des services de traduction de qualit\u00e9 et \u00e0 des prix comp\u00e9titifs. Faire le choix de <a href=\"https:\/\/culturesconnection.com\/fr\/\">notre agence de traduction<\/a>, c\u2019est l\u2019assurance de recevoir des produits commerciaux en roumain \u00e0 la hauteur de vos esp\u00e9rances. &nbsp;<\/p>\n\n\n\n<h2 class=\"wp-block-heading\">Vos documents commerciaux en roumain<\/h2>\n\n\n\n<p>Voici une liste d&rsquo;exemples de traductions commerciales que nous r\u00e9alisons en roumain chez Cultures Connection :<\/p>\n\n\n\n<ul class=\"wp-block-list\"><li>Brochures<\/li><li>\u00c9tudes de march\u00e9<\/li><li>Lettres d\u2019information commerciales<\/li><li>Campagnes<\/li><li>Communiqu\u00e9s<\/li><li>Sites web<\/li><li>Pr\u00e9sentations<\/li><li>Catalogues<\/li><li>Cartes de visite<\/li><li>Plaquettes<\/li><li>Supports publicitaires<\/li><li>Publicit\u00e9s<\/li><li>Livres blancs<\/li><\/ul>\n\n\n\n<h3 class=\"wp-block-heading\">&nbsp;Traduction commerciale&nbsp;dans toutes les&nbsp;langues<\/h3>\n\n\n\n<ul class=\"wp-block-list\"><li><a href=\"https:\/\/culturesconnection.com\/fr\/traduction-commerciale-anglais\/\">Traduction commerciale&nbsp;anglais<\/a><\/li><li><a href=\"https:\/\/culturesconnection.com\/fr\/traduction-commerciale-espagnol\/\">Traduction commerciale&nbsp;espagnol<\/a><\/li><li><a href=\"https:\/\/culturesconnection.com\/fr\/traduction-commerciale-allemand\/\">Traduction commerciale&nbsp;allemand<\/a><\/li><li><a href=\"https:\/\/culturesconnection.com\/fr\/traduction-commerciale-chinois\/\">Traduction commerciale&nbsp;chinois<\/a><\/li><li><a href=\"https:\/\/culturesconnection.com\/fr\/traduction-commerciale-arabe\/\">Traduction commerciale&nbsp;arabe<\/a><\/li><li><a href=\"https:\/\/culturesconnection.com\/fr\/traduction-commerciale-portugais\/\">Traduction commerciale&nbsp;portugais<\/a><\/li><li><a href=\"https:\/\/culturesconnection.com\/fr\/traduction-commerciale-neerlandais\/\">Traduction commerciale&nbsp;n\u00e9erlandais<\/a><\/li><li><a href=\"https:\/\/culturesconnection.com\/fr\/traduction-commerciale-turc\/\">Traduction commerciale&nbsp;turc<\/a><\/li><li><a href=\"https:\/\/culturesconnection.com\/fr\/traduction-commerciale-japonais\/\">Traduction commerciale&nbsp;japonais<\/a><\/li><li><a href=\"https:\/\/culturesconnection.com\/fr\/traduction-commerciale-russe\/\">Traduction commerciale&nbsp;russe<\/a><\/li><\/ul>\n","protected":false},"excerpt":{"rendered":"<p>La traduction commerciale roumain &#8211; fran\u00e7ais, votre meilleur atout La traduction commerciale est de plus en plus indispensable avec la mont\u00e9e en puissance du ph\u00e9nom\u00e8ne [&#8230;]<\/p>\n<p><a class=\"btn btn-secondary understrap-read-more-link\" href=\"https:\/\/culturesconnection.com\/fr\/services-de-traduction-roumain\/traduction-commerciale-roumain\/\">Lire la suite\u2026<span class=\"screen-reader-text\"> from Agence de traduction commerciale en roumain<\/span><\/a><\/p>\n","protected":false},"author":42,"featured_media":24329,"parent":6675,"menu_order":0,"comment_status":"closed","ping_status":"closed","template":"","meta":{"_acf_changed":false,"_editorskit_title_hidden":false,"_editorskit_reading_time":1,"_editorskit_is_block_options_detached":false,"_editorskit_block_options_position":"{}","footnotes":""},"class_list":["post-12515","page","type-page","status-publish","has-post-thumbnail","hentry"],"acf":[],"_links":{"self":[{"href":"https:\/\/culturesconnection.com\/fr\/wp-json\/wp\/v2\/pages\/12515","targetHints":{"allow":["GET"]}}],"collection":[{"href":"https:\/\/culturesconnection.com\/fr\/wp-json\/wp\/v2\/pages"}],"about":[{"href":"https:\/\/culturesconnection.com\/fr\/wp-json\/wp\/v2\/types\/page"}],"author":[{"embeddable":true,"href":"https:\/\/culturesconnection.com\/fr\/wp-json\/wp\/v2\/users\/42"}],"replies":[{"embeddable":true,"href":"https:\/\/culturesconnection.com\/fr\/wp-json\/wp\/v2\/comments?post=12515"}],"version-history":[{"count":0,"href":"https:\/\/culturesconnection.com\/fr\/wp-json\/wp\/v2\/pages\/12515\/revisions"}],"up":[{"embeddable":true,"href":"https:\/\/culturesconnection.com\/fr\/wp-json\/wp\/v2\/pages\/6675"}],"wp:featuredmedia":[{"embeddable":true,"href":"https:\/\/culturesconnection.com\/fr\/wp-json\/wp\/v2\/media\/24329"}],"wp:attachment":[{"href":"https:\/\/culturesconnection.com\/fr\/wp-json\/wp\/v2\/media?parent=12515"}],"curies":[{"name":"wp","href":"https:\/\/api.w.org\/{rel}","templated":true}]}}