{"id":12512,"date":"2018-10-30T00:43:29","date_gmt":"2018-10-29T23:43:29","guid":{"rendered":"http:\/\/culturesconnection.com\/?page_id=12512"},"modified":"2022-11-18T14:00:45","modified_gmt":"2022-11-18T13:00:45","slug":"traduction-audiovisuelle-hongrois","status":"publish","type":"page","link":"https:\/\/culturesconnection.com\/fr\/services-de-traduction-hongrois\/traduction-audiovisuelle-hongrois\/","title":{"rendered":"Agence de traduction audiovisuelle et de sous-titres en hongrois"},"content":{"rendered":"\n<h2 class=\"wp-block-heading\">TRADUCTION AUDIOVISUELLE HONGROIS &#8211; FRAN\u00c7AIS : LA VERSION HONGROISE DE VOS M\u00c9DIAS<\/h2>\n\n\n\n<p>Aujourd\u2019hui, les m\u00e9dias prennent une place tr\u00e8s importante dans notre vie quotidienne. Le temps pass\u00e9 devant nos \u00e9crans est de plus en plus long et le travail du traducteur est alors indispensable pour nous permettre d\u2019appr\u00e9cier le contenu multim\u00e9dia et de le comprendre. Si votre soci\u00e9t\u00e9 de production souhaite lancer un nouveau film en Hongrie, il convient de faire appel \u00e0 un traducteur audiovisuel, expert dans ce domaine et qui a d\u00e9j\u00e0 de nombreuses traductions de ce type \u00e0 son actif. Il a pour mission de traduire et d\u2019adapter votre support audio et visuel pour le rendre accessible au plus grand nombre dans votre march\u00e9 cible. Confiez vos projets de <a href=\"https:\/\/culturesconnection.com\/fr\/traduction-audiovisuelle\/\">traduction audiovisuelle<\/a> \u00e0 une agence de traduction sp\u00e9cialis\u00e9e dans ce domaine.<\/p>\n\n\n\n<h2 class=\"wp-block-heading\">NOS SERVICES DE SOUS-TITRAGE EN HONGROIS<\/h2>\n\n\n\n<p>Que votre projet traite de transcription, de sous-titrage ou encore de voix-off, vous avez besoin de services de traduction de qualit\u00e9 et fiables. Chez Cultures Connection, nous mettons tout en oeuvre pour vous trouver le traducteur sp\u00e9cialis\u00e9 dans l\u2019audiovisuel qui sera le plus comp\u00e9tent et le plus qualifi\u00e9, tant sur le plan linguistique que sur le plan technique afin de r\u00e9pondre au mieux \u00e0 vos besoins. Tous nos traducteurs ma\u00eetrisent parfaitement autant le fran\u00e7ais que le hongrois et ne traduisent que vers leur langue maternelle pour vous assurer une qualit\u00e9 irr\u00e9prochable du rendu final. Faites confiance \u00e0 <a href=\"https:\/\/culturesconnection.com\/fr\/\">notre agence de traduction<\/a> pour vos prochains contenus audiovisuels.<\/p>\n\n\n\n<h2 class=\"wp-block-heading\">NOS SUPPORTS AUDIOVISUELS EN HONGROIS<\/h2>\n\n\n\n<p>Voici une liste non exhaustive de projets en hongrois d\u00e9j\u00e0 pris en charge par Cultures Connection :<\/p>\n\n\n\n<ul class=\"wp-block-list\"><li>Textes audio<\/li><li>Vid\u00e9os commerciales et publicitaires<\/li><li>Vid\u00e9os institutionnelles<\/li><li>Interviews<\/li><li>Documentaires<\/li><li>Jeux vid\u00e9o<\/li><li>Films d\u2019entreprise<\/li><\/ul>\n\n\n\n<h3 class=\"wp-block-heading\"><strong>&nbsp;Services de sous-titrage dans toutes les langues<\/strong><\/h3>\n\n\n\n<ul class=\"wp-block-list\"><li><a href=\"https:\/\/culturesconnection.com\/fr\/traduction-audiovisuelle-anglais\/\">Services de sous-titrage anglais<\/a><\/li><li><a href=\"https:\/\/culturesconnection.com\/fr\/traduction-audiovisuelle-espagnol\/\">Services de sous-titrage espagnol<\/a><\/li><li><a href=\"https:\/\/culturesconnection.com\/fr\/traduction-audiovisuelle-allemand\/\">Services de sous-titrage allemand<\/a><\/li><li><a href=\"https:\/\/culturesconnection.com\/fr\/traduction-audiovisuelle-chinois\/\">Services de sous-titrage chinois<\/a><\/li><li><a href=\"https:\/\/culturesconnection.com\/fr\/traduction-audiovisuelle-arabe\/\">Services de sous-titrage arabe<\/a><\/li><li><a href=\"https:\/\/culturesconnection.com\/fr\/traduction-audiovisuelle-portugais\/\">Services de sous-titrage portugais<\/a><\/li><li><a href=\"https:\/\/culturesconnection.com\/fr\/traduction-audiovisuelle-italien\/\">Services de sous-titrage italien<\/a><\/li><li><a href=\"https:\/\/culturesconnection.com\/fr\/traduction-audiovisuelle-neerlandais\/\">Services de sous-titrage n\u00e9erlandais<\/a><a href=\"https:\/\/culturesconnection.com\/fr\/traduction-audiovisuelle-turc\/\"><\/a><\/li><li><a href=\"https:\/\/culturesconnection.com\/fr\/traduction-audiovisuelle-japonais\/\">Services de sous-titrage japonais<\/a><\/li><li><a href=\"https:\/\/culturesconnection.com\/fr\/traduction-audiovisuelle-russe\/\">Services de sous-titrage russe<\/a><\/li><\/ul>\n","protected":false},"excerpt":{"rendered":"<p>TRADUCTION AUDIOVISUELLE HONGROIS &#8211; FRAN\u00c7AIS : LA VERSION HONGROISE DE VOS M\u00c9DIAS Aujourd\u2019hui, les m\u00e9dias prennent une place tr\u00e8s importante dans notre vie quotidienne. Le [&#8230;]<\/p>\n<p><a class=\"btn btn-secondary understrap-read-more-link\" href=\"https:\/\/culturesconnection.com\/fr\/services-de-traduction-hongrois\/traduction-audiovisuelle-hongrois\/\">Lire la suite\u2026<span class=\"screen-reader-text\"> from Agence de traduction audiovisuelle et de sous-titres en hongrois<\/span><\/a><\/p>\n","protected":false},"author":42,"featured_media":24329,"parent":6731,"menu_order":0,"comment_status":"closed","ping_status":"closed","template":"","meta":{"_acf_changed":false,"_editorskit_title_hidden":false,"_editorskit_reading_time":1,"_editorskit_is_block_options_detached":false,"_editorskit_block_options_position":"{}","footnotes":""},"class_list":["post-12512","page","type-page","status-publish","has-post-thumbnail","hentry"],"acf":[],"_links":{"self":[{"href":"https:\/\/culturesconnection.com\/fr\/wp-json\/wp\/v2\/pages\/12512","targetHints":{"allow":["GET"]}}],"collection":[{"href":"https:\/\/culturesconnection.com\/fr\/wp-json\/wp\/v2\/pages"}],"about":[{"href":"https:\/\/culturesconnection.com\/fr\/wp-json\/wp\/v2\/types\/page"}],"author":[{"embeddable":true,"href":"https:\/\/culturesconnection.com\/fr\/wp-json\/wp\/v2\/users\/42"}],"replies":[{"embeddable":true,"href":"https:\/\/culturesconnection.com\/fr\/wp-json\/wp\/v2\/comments?post=12512"}],"version-history":[{"count":0,"href":"https:\/\/culturesconnection.com\/fr\/wp-json\/wp\/v2\/pages\/12512\/revisions"}],"up":[{"embeddable":true,"href":"https:\/\/culturesconnection.com\/fr\/wp-json\/wp\/v2\/pages\/6731"}],"wp:featuredmedia":[{"embeddable":true,"href":"https:\/\/culturesconnection.com\/fr\/wp-json\/wp\/v2\/media\/24329"}],"wp:attachment":[{"href":"https:\/\/culturesconnection.com\/fr\/wp-json\/wp\/v2\/media?parent=12512"}],"curies":[{"name":"wp","href":"https:\/\/api.w.org\/{rel}","templated":true}]}}