{"id":12497,"date":"2018-10-30T00:46:37","date_gmt":"2018-10-29T23:46:37","guid":{"rendered":"http:\/\/culturesconnection.com\/?page_id=12497"},"modified":"2022-11-18T13:52:29","modified_gmt":"2022-11-18T12:52:29","slug":"traduction-commerciale-hongrois","status":"publish","type":"page","link":"https:\/\/culturesconnection.com\/fr\/services-de-traduction-hongrois\/traduction-commerciale-hongrois\/","title":{"rendered":"Agence de traduction commerciale en hongrois"},"content":{"rendered":"\n<h2 class=\"wp-block-heading\">LA TRADUCTION COMMERCIALE HONGROIS &#8211; FRAN\u00c7AIS, UN CHALLENGE CULTUREL ET LINGUISTIQUE<\/h2>\n\n\n\n<p>Si vous souhaitez \u00e9tendre vos activit\u00e9s \u00e0 l\u2019\u00e9tranger et lier de nouvelles relations commerciales en Hongrie, il est tr\u00e8s important de faire traduire vos documents en hongrois. En effet, vos futurs partenaires commerciaux appr\u00e9cieront l\u2019effort et vos relations seront facilit\u00e9es si vos documents sont traduits dans la langue maternelle de vos collaborateurs. De plus, vous ne travaillez pas de la m\u00eame mani\u00e8re avec des entreprises fran\u00e7aises qu\u2019avec des entreprises hongroises. Toutes ces raisons font que vous devez avoir recours aux services d\u2019un traducteur professionnel qui soit sp\u00e9cialis\u00e9 dans le domaine commercial, ayant une connaissance approfondie des langues et des cultures et qui puisse donc vous fournir des prestations linguistiques de qualit\u00e9.<\/p>\n\n\n\n<h2 class=\"wp-block-heading\">NOTRE AGENCE DE TRADUCTION<\/h2>\n\n\n\n<p>Cultures Connection est une agence sp\u00e9cialis\u00e9e dans <a href=\"https:\/\/culturesconnection.com\/fr\/traduction-commerciale\/\">la traduction commerciale<\/a> depuis longtemps d\u00e9j\u00e0. Ainsi, nous avons su cr\u00e9er au fil des ann\u00e9es un vaste r\u00e9seau d\u2019experts dans ce domaine, qui ma\u00eetrisent l\u2019aspect linguistique mais aussi l\u2019aspect culturel de leur m\u00e9tier. En effet, nos traducteurs savent jongler avec les diff\u00e9rences existantes entre les deux cultures et sont donc les plus \u00e0 m\u00eame de traduire vos documents commerciaux avec une pr\u00e9cision et une rigueur irr\u00e9prochables. Ne risquez pas vos prochains partenariats commerciaux avec la Hongrie. Pour des services linguistiques fiables et de qualit\u00e9, confiez vos projets \u00e0 <a href=\"https:\/\/culturesconnection.com\/fr\/\">notre agence de traduction<\/a>.<\/p>\n\n\n\n<h2 class=\"wp-block-heading\">VOS DOCUMENTS COMMERCIAUX EN HONGROIS<\/h2>\n\n\n\n<p>La liste des traductions possibles dans le domaine commercial est longue. Voici quelques exemples de traductions commerciales que notre agence de traduction r\u00e9alise :<\/p>\n\n\n\n<ul class=\"wp-block-list\"><li>Publicit\u00e9s<\/li><li>Livres blancs<\/li><li>Lettres d\u2019informations commerciales<\/li><li>Plaquettes<\/li><li>Cartes de visite<\/li><li>Brochures<\/li><li>Communiqu\u00e9s<\/li><li>Campagnes<\/li><li>Supports publicitaires<\/li><li>\u00c9tudes de march\u00e9<\/li><li>Catalogues<\/li><li>Sites web<\/li><li>Pr\u00e9sentations<\/li><\/ul>\n\n\n\n<h3 class=\"wp-block-heading\">&nbsp;Traduction commerciale&nbsp;dans toutes les&nbsp;langues<\/h3>\n\n\n\n<ul class=\"wp-block-list\"><li><a href=\"https:\/\/culturesconnection.com\/fr\/traduction-commerciale-anglais\/\">Traduction commerciale&nbsp;anglais<\/a><\/li><li><a href=\"https:\/\/culturesconnection.com\/fr\/traduction-commerciale-espagnol\/\">Traduction commerciale&nbsp;espagnol<\/a><\/li><li><a href=\"https:\/\/culturesconnection.com\/fr\/traduction-commerciale-allemand\/\">Traduction commerciale&nbsp;allemand<\/a><\/li><li><a href=\"https:\/\/culturesconnection.com\/fr\/traduction-commerciale-chinois\/\">Traduction commerciale&nbsp;chinois<\/a><\/li><li><a href=\"https:\/\/culturesconnection.com\/fr\/traduction-commerciale-arabe\/\">Traduction commerciale&nbsp;arabe<\/a><\/li><li><a href=\"https:\/\/culturesconnection.com\/fr\/traduction-commerciale-portugais\/\">Traduction commerciale&nbsp;portugais<\/a><\/li><li><a href=\"https:\/\/culturesconnection.com\/fr\/traduction-commerciale-neerlandais\/\">Traduction commerciale&nbsp;n\u00e9erlandais<\/a><\/li><li><a href=\"https:\/\/culturesconnection.com\/fr\/traduction-commerciale-turc\/\">Traduction commerciale&nbsp;turc<\/a><\/li><li><a href=\"https:\/\/culturesconnection.com\/fr\/traduction-commerciale-japonais\/\">Traduction commerciale&nbsp;japonais<\/a><\/li><li><a href=\"https:\/\/culturesconnection.com\/fr\/traduction-commerciale-russe\/\">Traduction commerciale&nbsp;russe<\/a><\/li><\/ul>\n","protected":false},"excerpt":{"rendered":"<p>LA TRADUCTION COMMERCIALE HONGROIS &#8211; FRAN\u00c7AIS, UN CHALLENGE CULTUREL ET LINGUISTIQUE Si vous souhaitez \u00e9tendre vos activit\u00e9s \u00e0 l\u2019\u00e9tranger et lier de nouvelles relations commerciales [&#8230;]<\/p>\n<p><a class=\"btn btn-secondary understrap-read-more-link\" href=\"https:\/\/culturesconnection.com\/fr\/services-de-traduction-hongrois\/traduction-commerciale-hongrois\/\">Lire la suite\u2026<span class=\"screen-reader-text\"> from Agence de traduction commerciale en hongrois<\/span><\/a><\/p>\n","protected":false},"author":42,"featured_media":24329,"parent":6731,"menu_order":0,"comment_status":"closed","ping_status":"closed","template":"","meta":{"_acf_changed":false,"_editorskit_title_hidden":false,"_editorskit_reading_time":1,"_editorskit_is_block_options_detached":false,"_editorskit_block_options_position":"{}","footnotes":""},"class_list":["post-12497","page","type-page","status-publish","has-post-thumbnail","hentry"],"acf":[],"_links":{"self":[{"href":"https:\/\/culturesconnection.com\/fr\/wp-json\/wp\/v2\/pages\/12497","targetHints":{"allow":["GET"]}}],"collection":[{"href":"https:\/\/culturesconnection.com\/fr\/wp-json\/wp\/v2\/pages"}],"about":[{"href":"https:\/\/culturesconnection.com\/fr\/wp-json\/wp\/v2\/types\/page"}],"author":[{"embeddable":true,"href":"https:\/\/culturesconnection.com\/fr\/wp-json\/wp\/v2\/users\/42"}],"replies":[{"embeddable":true,"href":"https:\/\/culturesconnection.com\/fr\/wp-json\/wp\/v2\/comments?post=12497"}],"version-history":[{"count":0,"href":"https:\/\/culturesconnection.com\/fr\/wp-json\/wp\/v2\/pages\/12497\/revisions"}],"up":[{"embeddable":true,"href":"https:\/\/culturesconnection.com\/fr\/wp-json\/wp\/v2\/pages\/6731"}],"wp:featuredmedia":[{"embeddable":true,"href":"https:\/\/culturesconnection.com\/fr\/wp-json\/wp\/v2\/media\/24329"}],"wp:attachment":[{"href":"https:\/\/culturesconnection.com\/fr\/wp-json\/wp\/v2\/media?parent=12497"}],"curies":[{"name":"wp","href":"https:\/\/api.w.org\/{rel}","templated":true}]}}