{"id":12456,"date":"2018-11-01T16:42:38","date_gmt":"2018-11-01T15:42:38","guid":{"rendered":"http:\/\/culturesconnection.com\/?page_id=12456"},"modified":"2022-12-20T10:13:46","modified_gmt":"2022-12-20T09:13:46","slug":"traduction-financiere-bosniaque","status":"publish","type":"page","link":"https:\/\/culturesconnection.com\/fr\/services-de-traduction-bosniaque-bosnien\/traduction-financiere-bosniaque\/","title":{"rendered":"Agence de traduction financi\u00e8re en bosniaque"},"content":{"rendered":"\n<h2 class=\"wp-block-heading\">DES PROFESSIONNELS DE LA TRADUCTION FINANCI\u00c8RE BOSNIAQUE &#8211; FRAN\u00c7AIS \u00c0 VOTRE SERVICE<\/h2>\n\n\n\n<p><a href=\"https:\/\/culturesconnection.com\/fr\/traduction-financiere\/\">La traduction financi\u00e8re<\/a> est un domaine exigeant qui requiert beaucoup de pr\u00e9cision et d\u2019exactitude. Toute erreur de traduction dans ce secteur peut avoir beaucoup d\u2019effets n\u00e9gatifs sur votre entreprise mais \u00e9galement sur des futurs partenariats financiers par exemple. C\u2019est pour cette raison, que vous devez toujours confier vos documents \u00e0 traduire \u00e0 des professionnels qui ma\u00eetrisent totalement la terminologie employ\u00e9e, mais aussi tous les concepts utilis\u00e9s dans ce domaine. Le choix de la bonne agence de traduction est donc tr\u00e8s important et Cultures Connection met \u00e0 votre disposition de nombreux traducteurs sp\u00e9cialis\u00e9s dans la traduction financi\u00e8re.<\/p>\n\n\n\n<h2 class=\"wp-block-heading\">NOTRE AGENCE DE TRADUCTION<\/h2>\n\n\n\n<p><a href=\"https:\/\/culturesconnection.com\/fr\/\">Notre agence de traduction<\/a> travaille en \u00e9troite collaboration avec de nombreux traducteurs sp\u00e9cialis\u00e9s dans le secteur financier qui partagent nos valeurs fondamentales, qui sont la rigueur et la pr\u00e9cision. Nous s\u00e9lectionnons tous nos collaborateurs selon des crit\u00e8res tr\u00e8s stricts bas\u00e9s sur leurs dipl\u00f4mes et leurs qualifications acquises lors de formations en acc\u00e9l\u00e9r\u00e9 ou pendant leurs \u00e9tudes dans le secteur financier. Ils ma\u00eetrisent sur le bout des doigts le fran\u00e7ais et le bosniaque et traduisent uniquement vers leur langue maternelle. Ceci nous permet de vous proposer des services de traduction fiables et de qualit\u00e9. Par ailleurs, la question de la confidentialit\u00e9 de vos documents financiers est \u00e9galement tr\u00e8s importante \u00e0 nos yeux. N\u2019h\u00e9sitez plus, faites appel \u00e0 notre agence d\u00e8s \u00e0 pr\u00e9sent pour vos prochains projets de traduction financi\u00e8re en bosniaque !<\/p>\n\n\n\n<h2 class=\"wp-block-heading\">VOS DOCUMENTS FINANCIERS EN BOSNIAQUE<\/h2>\n\n\n\n<p>Au sein de Cultures Connection, nous proposons \u00e0 nos clients une large gamme de prestations linguistiques dans le domaine financier. Voici quelques exemples de traductions en bosniaque d\u00e9j\u00e0 trait\u00e9es par notre \u00e9quipe :<\/p>\n\n\n\n<ul class=\"wp-block-list\">\n<li>Documents d\u2019informations cl\u00e9s pour l\u2019investisseur (DICI)<\/li>\n\n\n\n<li>Prospectus<\/li>\n\n\n\n<li>Rapports de fonds d\u2019investissement<\/li>\n\n\n\n<li>Rapports d\u2019activit\u00e9<\/li>\n\n\n\n<li>Bilans<\/li>\n\n\n\n<li>Bourse<\/li>\n\n\n\n<li>Papiers bancaires<\/li>\n\n\n\n<li>Lettres d\u2019informations financi\u00e8res<\/li>\n\n\n\n<li>Papiers de recherche<\/li>\n\n\n\n<li>Documents de gestion du risque et d\u2019actifs<\/li>\n\n\n\n<li>Rapports d\u2019audits<\/li>\n\n\n\n<li>Bilans<\/li>\n\n\n\n<li>Papiers de recherche<\/li>\n\n\n\n<li>Documents de fusions et d\u2019acquisitions<\/li>\n<\/ul>\n","protected":false},"excerpt":{"rendered":"<p>DES PROFESSIONNELS DE LA TRADUCTION FINANCI\u00c8RE BOSNIAQUE &#8211; FRAN\u00c7AIS \u00c0 VOTRE SERVICE La traduction financi\u00e8re est un domaine exigeant qui requiert beaucoup de pr\u00e9cision et [&#8230;]<\/p>\n<p><a class=\"btn btn-secondary understrap-read-more-link\" href=\"https:\/\/culturesconnection.com\/fr\/services-de-traduction-bosniaque-bosnien\/traduction-financiere-bosniaque\/\">Lire la suite\u2026<span class=\"screen-reader-text\"> from Agence de traduction financi\u00e8re en bosniaque<\/span><\/a><\/p>\n","protected":false},"author":42,"featured_media":24329,"parent":6587,"menu_order":0,"comment_status":"closed","ping_status":"closed","template":"","meta":{"_acf_changed":false,"_editorskit_title_hidden":false,"_editorskit_reading_time":1,"_editorskit_is_block_options_detached":false,"_editorskit_block_options_position":"{}","footnotes":""},"class_list":["post-12456","page","type-page","status-publish","has-post-thumbnail","hentry"],"acf":[],"yoast_head":"<!-- This site is optimized with the Yoast SEO Premium plugin v23.4 (Yoast SEO v27.3) - https:\/\/yoast.com\/product\/yoast-seo-premium-wordpress\/ -->\n<title>Services de traduction financi\u00e8re bosniaque<\/title>\n<meta name=\"description\" content=\"Besoin d&#039;une traduction financi\u00e8re bosniaque fran\u00e7ais ? Faites confiance \u00e0 Cultures Connection et son large r\u00e9seau de traducteurs professionnels.\" \/>\n<meta name=\"robots\" content=\"index, follow, max-snippet:-1, max-image-preview:large, max-video-preview:-1\" \/>\n<link rel=\"canonical\" href=\"https:\/\/culturesconnection.com\/fr\/services-de-traduction-bosniaque-bosnien\/traduction-financiere-bosniaque\/\" \/>\n<meta property=\"og:locale\" content=\"fr_FR\" \/>\n<meta property=\"og:type\" content=\"article\" \/>\n<meta property=\"og:title\" content=\"Agence de traduction financi\u00e8re en bosniaque\" \/>\n<meta property=\"og:description\" content=\"Besoin d&#039;une traduction financi\u00e8re bosniaque fran\u00e7ais ? Faites confiance \u00e0 Cultures Connection et son large r\u00e9seau de traducteurs professionnels.\" \/>\n<meta property=\"og:url\" content=\"https:\/\/culturesconnection.com\/fr\/services-de-traduction-bosniaque-bosnien\/traduction-financiere-bosniaque\/\" \/>\n<meta property=\"og:site_name\" content=\"Cultures Connection\" \/>\n<meta property=\"article:publisher\" content=\"https:\/\/www.facebook.com\/CulturesConnection\" \/>\n<meta property=\"article:modified_time\" content=\"2022-12-20T09:13:46+00:00\" \/>\n<meta property=\"og:image\" content=\"https:\/\/culturesconnection.com\/wp-content\/uploads\/2020\/09\/P\u00e1gina_Subservicios_de_traducci\u00f3n_por_idioma.png\" \/>\n\t<meta property=\"og:image:width\" content=\"1417\" \/>\n\t<meta property=\"og:image:height\" content=\"561\" \/>\n\t<meta property=\"og:image:type\" content=\"image\/png\" \/>\n<meta name=\"twitter:card\" content=\"summary_large_image\" \/>\n<meta name=\"twitter:site\" content=\"@CulturesCo_\" \/>\n<meta name=\"twitter:label1\" content=\"Dur\u00e9e de lecture estim\u00e9e\" \/>\n\t<meta name=\"twitter:data1\" content=\"2 minutes\" \/>\n<script type=\"application\/ld+json\" class=\"yoast-schema-graph\">{\"@context\":\"https:\\\/\\\/schema.org\",\"@graph\":[{\"@type\":\"WebPage\",\"@id\":\"https:\\\/\\\/culturesconnection.com\\\/fr\\\/services-de-traduction-bosniaque-bosnien\\\/traduction-financiere-bosniaque\\\/\",\"url\":\"https:\\\/\\\/culturesconnection.com\\\/fr\\\/services-de-traduction-bosniaque-bosnien\\\/traduction-financiere-bosniaque\\\/\",\"name\":\"Services de traduction financi\u00e8re bosniaque\",\"isPartOf\":{\"@id\":\"https:\\\/\\\/culturesconnection.com\\\/fr\\\/#website\"},\"primaryImageOfPage\":{\"@id\":\"https:\\\/\\\/culturesconnection.com\\\/fr\\\/services-de-traduction-bosniaque-bosnien\\\/traduction-financiere-bosniaque\\\/#primaryimage\"},\"image\":{\"@id\":\"https:\\\/\\\/culturesconnection.com\\\/fr\\\/services-de-traduction-bosniaque-bosnien\\\/traduction-financiere-bosniaque\\\/#primaryimage\"},\"thumbnailUrl\":\"https:\\\/\\\/culturesconnection.com\\\/wp-content\\\/uploads\\\/2020\\\/09\\\/P\u00e1gina_Subservicios_de_traducci\u00f3n_por_idioma.png\",\"datePublished\":\"2018-11-01T15:42:38+00:00\",\"dateModified\":\"2022-12-20T09:13:46+00:00\",\"description\":\"Besoin d'une traduction financi\u00e8re bosniaque fran\u00e7ais ? Faites confiance \u00e0 Cultures Connection et son large r\u00e9seau de traducteurs professionnels.\",\"breadcrumb\":{\"@id\":\"https:\\\/\\\/culturesconnection.com\\\/fr\\\/services-de-traduction-bosniaque-bosnien\\\/traduction-financiere-bosniaque\\\/#breadcrumb\"},\"inLanguage\":\"fr-FR\",\"potentialAction\":[{\"@type\":\"ReadAction\",\"target\":[\"https:\\\/\\\/culturesconnection.com\\\/fr\\\/services-de-traduction-bosniaque-bosnien\\\/traduction-financiere-bosniaque\\\/\"]}]},{\"@type\":\"ImageObject\",\"inLanguage\":\"fr-FR\",\"@id\":\"https:\\\/\\\/culturesconnection.com\\\/fr\\\/services-de-traduction-bosniaque-bosnien\\\/traduction-financiere-bosniaque\\\/#primaryimage\",\"url\":\"https:\\\/\\\/culturesconnection.com\\\/wp-content\\\/uploads\\\/2020\\\/09\\\/P\u00e1gina_Subservicios_de_traducci\u00f3n_por_idioma.png\",\"contentUrl\":\"https:\\\/\\\/culturesconnection.com\\\/wp-content\\\/uploads\\\/2020\\\/09\\\/P\u00e1gina_Subservicios_de_traducci\u00f3n_por_idioma.png\",\"width\":1417,\"height\":561},{\"@type\":\"BreadcrumbList\",\"@id\":\"https:\\\/\\\/culturesconnection.com\\\/fr\\\/services-de-traduction-bosniaque-bosnien\\\/traduction-financiere-bosniaque\\\/#breadcrumb\",\"itemListElement\":[{\"@type\":\"ListItem\",\"position\":1,\"name\":\"Home\",\"item\":\"https:\\\/\\\/culturesconnection.com\\\/fr\\\/\"},{\"@type\":\"ListItem\",\"position\":2,\"name\":\"Agence de traduction en bosniaque &#8211; bosnien\",\"item\":\"https:\\\/\\\/culturesconnection.com\\\/fr\\\/services-de-traduction-bosniaque-bosnien\\\/\"},{\"@type\":\"ListItem\",\"position\":3,\"name\":\"Agence de traduction financi\u00e8re en bosniaque\"}]},{\"@type\":\"WebSite\",\"@id\":\"https:\\\/\\\/culturesconnection.com\\\/fr\\\/#website\",\"url\":\"https:\\\/\\\/culturesconnection.com\\\/fr\\\/\",\"name\":\"Cultures Connection\",\"description\":\"Cultures Connection is a translation agency dedicated to the success of its international clients.\",\"publisher\":{\"@id\":\"https:\\\/\\\/culturesconnection.com\\\/fr\\\/#organization\"},\"potentialAction\":[{\"@type\":\"SearchAction\",\"target\":{\"@type\":\"EntryPoint\",\"urlTemplate\":\"https:\\\/\\\/culturesconnection.com\\\/fr\\\/?s={search_term_string}\"},\"query-input\":{\"@type\":\"PropertyValueSpecification\",\"valueRequired\":true,\"valueName\":\"search_term_string\"}}],\"inLanguage\":\"fr-FR\"},{\"@type\":\"Organization\",\"@id\":\"https:\\\/\\\/culturesconnection.com\\\/fr\\\/#organization\",\"name\":\"Cultures Connection\",\"url\":\"https:\\\/\\\/culturesconnection.com\\\/fr\\\/\",\"logo\":{\"@type\":\"ImageObject\",\"inLanguage\":\"fr-FR\",\"@id\":\"https:\\\/\\\/culturesconnection.com\\\/fr\\\/#\\\/schema\\\/logo\\\/image\\\/\",\"url\":\"https:\\\/\\\/culturesconnection.com\\\/wp-content\\\/uploads\\\/2022\\\/06\\\/cropped-favicon512x512.png\",\"contentUrl\":\"https:\\\/\\\/culturesconnection.com\\\/wp-content\\\/uploads\\\/2022\\\/06\\\/cropped-favicon512x512.png\",\"width\":512,\"height\":512,\"caption\":\"Cultures Connection\"},\"image\":{\"@id\":\"https:\\\/\\\/culturesconnection.com\\\/fr\\\/#\\\/schema\\\/logo\\\/image\\\/\"},\"sameAs\":[\"https:\\\/\\\/www.facebook.com\\\/CulturesConnection\",\"https:\\\/\\\/x.com\\\/CulturesCo_\"]}]}<\/script>\n<!-- \/ Yoast SEO Premium plugin. -->","yoast_head_json":{"title":"Services de traduction financi\u00e8re bosniaque","description":"Besoin d'une traduction financi\u00e8re bosniaque fran\u00e7ais ? Faites confiance \u00e0 Cultures Connection et son large r\u00e9seau de traducteurs professionnels.","robots":{"index":"index","follow":"follow","max-snippet":"max-snippet:-1","max-image-preview":"max-image-preview:large","max-video-preview":"max-video-preview:-1"},"canonical":"https:\/\/culturesconnection.com\/fr\/services-de-traduction-bosniaque-bosnien\/traduction-financiere-bosniaque\/","og_locale":"fr_FR","og_type":"article","og_title":"Agence de traduction financi\u00e8re en bosniaque","og_description":"Besoin d'une traduction financi\u00e8re bosniaque fran\u00e7ais ? Faites confiance \u00e0 Cultures Connection et son large r\u00e9seau de traducteurs professionnels.","og_url":"https:\/\/culturesconnection.com\/fr\/services-de-traduction-bosniaque-bosnien\/traduction-financiere-bosniaque\/","og_site_name":"Cultures Connection","article_publisher":"https:\/\/www.facebook.com\/CulturesConnection","article_modified_time":"2022-12-20T09:13:46+00:00","og_image":[{"width":1417,"height":561,"url":"https:\/\/culturesconnection.com\/wp-content\/uploads\/2020\/09\/P\u00e1gina_Subservicios_de_traducci\u00f3n_por_idioma.png","type":"image\/png"}],"twitter_card":"summary_large_image","twitter_site":"@CulturesCo_","twitter_misc":{"Dur\u00e9e de lecture estim\u00e9e":"2 minutes"},"schema":{"@context":"https:\/\/schema.org","@graph":[{"@type":"WebPage","@id":"https:\/\/culturesconnection.com\/fr\/services-de-traduction-bosniaque-bosnien\/traduction-financiere-bosniaque\/","url":"https:\/\/culturesconnection.com\/fr\/services-de-traduction-bosniaque-bosnien\/traduction-financiere-bosniaque\/","name":"Services de traduction financi\u00e8re bosniaque","isPartOf":{"@id":"https:\/\/culturesconnection.com\/fr\/#website"},"primaryImageOfPage":{"@id":"https:\/\/culturesconnection.com\/fr\/services-de-traduction-bosniaque-bosnien\/traduction-financiere-bosniaque\/#primaryimage"},"image":{"@id":"https:\/\/culturesconnection.com\/fr\/services-de-traduction-bosniaque-bosnien\/traduction-financiere-bosniaque\/#primaryimage"},"thumbnailUrl":"https:\/\/culturesconnection.com\/wp-content\/uploads\/2020\/09\/P\u00e1gina_Subservicios_de_traducci\u00f3n_por_idioma.png","datePublished":"2018-11-01T15:42:38+00:00","dateModified":"2022-12-20T09:13:46+00:00","description":"Besoin d'une traduction financi\u00e8re bosniaque fran\u00e7ais ? Faites confiance \u00e0 Cultures Connection et son large r\u00e9seau de traducteurs professionnels.","breadcrumb":{"@id":"https:\/\/culturesconnection.com\/fr\/services-de-traduction-bosniaque-bosnien\/traduction-financiere-bosniaque\/#breadcrumb"},"inLanguage":"fr-FR","potentialAction":[{"@type":"ReadAction","target":["https:\/\/culturesconnection.com\/fr\/services-de-traduction-bosniaque-bosnien\/traduction-financiere-bosniaque\/"]}]},{"@type":"ImageObject","inLanguage":"fr-FR","@id":"https:\/\/culturesconnection.com\/fr\/services-de-traduction-bosniaque-bosnien\/traduction-financiere-bosniaque\/#primaryimage","url":"https:\/\/culturesconnection.com\/wp-content\/uploads\/2020\/09\/P\u00e1gina_Subservicios_de_traducci\u00f3n_por_idioma.png","contentUrl":"https:\/\/culturesconnection.com\/wp-content\/uploads\/2020\/09\/P\u00e1gina_Subservicios_de_traducci\u00f3n_por_idioma.png","width":1417,"height":561},{"@type":"BreadcrumbList","@id":"https:\/\/culturesconnection.com\/fr\/services-de-traduction-bosniaque-bosnien\/traduction-financiere-bosniaque\/#breadcrumb","itemListElement":[{"@type":"ListItem","position":1,"name":"Home","item":"https:\/\/culturesconnection.com\/fr\/"},{"@type":"ListItem","position":2,"name":"Agence de traduction en bosniaque &#8211; bosnien","item":"https:\/\/culturesconnection.com\/fr\/services-de-traduction-bosniaque-bosnien\/"},{"@type":"ListItem","position":3,"name":"Agence de traduction financi\u00e8re en bosniaque"}]},{"@type":"WebSite","@id":"https:\/\/culturesconnection.com\/fr\/#website","url":"https:\/\/culturesconnection.com\/fr\/","name":"Cultures Connection","description":"Cultures Connection is a translation agency dedicated to the success of its international clients.","publisher":{"@id":"https:\/\/culturesconnection.com\/fr\/#organization"},"potentialAction":[{"@type":"SearchAction","target":{"@type":"EntryPoint","urlTemplate":"https:\/\/culturesconnection.com\/fr\/?s={search_term_string}"},"query-input":{"@type":"PropertyValueSpecification","valueRequired":true,"valueName":"search_term_string"}}],"inLanguage":"fr-FR"},{"@type":"Organization","@id":"https:\/\/culturesconnection.com\/fr\/#organization","name":"Cultures Connection","url":"https:\/\/culturesconnection.com\/fr\/","logo":{"@type":"ImageObject","inLanguage":"fr-FR","@id":"https:\/\/culturesconnection.com\/fr\/#\/schema\/logo\/image\/","url":"https:\/\/culturesconnection.com\/wp-content\/uploads\/2022\/06\/cropped-favicon512x512.png","contentUrl":"https:\/\/culturesconnection.com\/wp-content\/uploads\/2022\/06\/cropped-favicon512x512.png","width":512,"height":512,"caption":"Cultures Connection"},"image":{"@id":"https:\/\/culturesconnection.com\/fr\/#\/schema\/logo\/image\/"},"sameAs":["https:\/\/www.facebook.com\/CulturesConnection","https:\/\/x.com\/CulturesCo_"]}]}},"_links":{"self":[{"href":"https:\/\/culturesconnection.com\/fr\/wp-json\/wp\/v2\/pages\/12456","targetHints":{"allow":["GET"]}}],"collection":[{"href":"https:\/\/culturesconnection.com\/fr\/wp-json\/wp\/v2\/pages"}],"about":[{"href":"https:\/\/culturesconnection.com\/fr\/wp-json\/wp\/v2\/types\/page"}],"author":[{"embeddable":true,"href":"https:\/\/culturesconnection.com\/fr\/wp-json\/wp\/v2\/users\/42"}],"replies":[{"embeddable":true,"href":"https:\/\/culturesconnection.com\/fr\/wp-json\/wp\/v2\/comments?post=12456"}],"version-history":[{"count":0,"href":"https:\/\/culturesconnection.com\/fr\/wp-json\/wp\/v2\/pages\/12456\/revisions"}],"up":[{"embeddable":true,"href":"https:\/\/culturesconnection.com\/fr\/wp-json\/wp\/v2\/pages\/6587"}],"wp:featuredmedia":[{"embeddable":true,"href":"https:\/\/culturesconnection.com\/fr\/wp-json\/wp\/v2\/media\/24329"}],"wp:attachment":[{"href":"https:\/\/culturesconnection.com\/fr\/wp-json\/wp\/v2\/media?parent=12456"}],"curies":[{"name":"wp","href":"https:\/\/api.w.org\/{rel}","templated":true}]}}