{"id":12454,"date":"2018-11-01T16:47:20","date_gmt":"2018-11-01T15:47:20","guid":{"rendered":"http:\/\/culturesconnection.com\/?page_id=12454"},"modified":"2022-12-20T10:18:56","modified_gmt":"2022-12-20T09:18:56","slug":"traduction-scientifique-bosniaque","status":"publish","type":"page","link":"https:\/\/culturesconnection.com\/fr\/services-de-traduction-bosniaque-bosnien\/traduction-scientifique-bosniaque\/","title":{"rendered":"Agence de traduction scientifique en bosniaque"},"content":{"rendered":"\n<h2 class=\"wp-block-heading\">TRADUCTION SCIENTIFIQUE BOSNIAQUE-FRAN\u00c7AIS : LA RIGUEUR AVANT TOUT<\/h2>\n\n\n\n<p>Dans le domaine de <a href=\"https:\/\/culturesconnection.com\/fr\/traduction-scientifique\/\">la traduction scientifique<\/a>, la terminologie prime avant tout. Le traducteur doit effectuer de nombreuses recherches de termes et de concepts pour \u00eatre \u00e0 m\u00eame de rendre un produit final de qualit\u00e9. Seul un traducteur sp\u00e9cialis\u00e9 dans ce secteur est apte \u00e0 vous fournir un rendu final \u00e0 la hauteur de vos exigences. Prenez le temps de bien choisir l\u2019agence de traduction pour vous assurer une traduction irr\u00e9prochable, et qui vous garantira&nbsp;pr\u00e9cision et fiabilit\u00e9.<\/p>\n\n\n\n<h2 class=\"wp-block-heading\">NOTRE CABINET DE TRADUCTION<\/h2>\n\n\n\n<p><a href=\"https:\/\/culturesconnection.com\/fr\/\">Notre agence de traduction<\/a> vous propose les services de traducteurs sp\u00e9cialis\u00e9s dans la traduction scientifique pour qui le fran\u00e7ais et le bosniaque n\u2019ont plus de secrets. Ils traduisent tous uniquement vers leur langue maternelle pour vous assurer des services de qualit\u00e9. De plus, tous nos traducteurs sont des experts du milieu scientifique et se sont sp\u00e9cialis\u00e9s au fur et \u00e0 mesure dans des sous-domaines aussi vari\u00e9s que la biochimie, la botanique ou encore l\u2019astronomie. Leur recrutement se fait selon leurs dipl\u00f4mes, leur exp\u00e9rience ou encore leurs qualifications. Notre agence vous propose ainsi des services de traduction de qualit\u00e9.<\/p>\n\n\n\n<h2 class=\"wp-block-heading\">VOS DOCUMENTS SCIENTIFIQUES TRADUITS EN BOSNIAQUE<\/h2>\n\n\n\n<p>Les documents scientifiques puevent \u00eatre tr\u00e8s vari\u00e9s, c\u2019est pourquoi Cultures Connection vous propose un large choix de traductions dans ce domaine. En voici quelques exemples d\u00e9j\u00e0 traduits en bosniaque par nos \u00e9quipes d\u2019experts :<\/p>\n\n\n\n<ul class=\"wp-block-list\">\n<li>Lexiques, encyclop\u00e9dies scientifiques et glossaires<\/li>\n\n\n\n<li>Documents techniques et articles de recherche<\/li>\n\n\n\n<li>Manuels op\u00e9rateurs et utilisateurs<\/li>\n\n\n\n<li>Essais de laboratoire, protocoles d\u2019essais<\/li>\n\n\n\n<li>Documents juridiques, brevets et directives<\/li>\n\n\n\n<li>Cahiers des charges<\/li>\n\n\n\n<li>Projets et \u00e9tudes de march\u00e9 multipays<\/li>\n\n\n\n<li>Logiciels de simulation (biotech, environnement, r\u00e9habilitation de sites industriels)<\/li>\n\n\n\n<li>Pr\u00e9sentations multim\u00e9dia et vid\u00e9os<\/li>\n\n\n\n<li>Traduction et localisation de sites web<\/li>\n\n\n\n<li>Traduction de notices techniques, pr\u00e9sentation de congr\u00e8s<\/li>\n<\/ul>\n","protected":false},"excerpt":{"rendered":"<p>TRADUCTION SCIENTIFIQUE BOSNIAQUE-FRAN\u00c7AIS : LA RIGUEUR AVANT TOUT Dans le domaine de la traduction scientifique, la terminologie prime avant tout. Le traducteur doit effectuer de [&#8230;]<\/p>\n<p><a class=\"btn btn-secondary understrap-read-more-link\" href=\"https:\/\/culturesconnection.com\/fr\/services-de-traduction-bosniaque-bosnien\/traduction-scientifique-bosniaque\/\">Lire la suite\u2026<span class=\"screen-reader-text\"> from Agence de traduction scientifique en bosniaque<\/span><\/a><\/p>\n","protected":false},"author":42,"featured_media":24329,"parent":6587,"menu_order":0,"comment_status":"closed","ping_status":"closed","template":"","meta":{"_acf_changed":false,"_editorskit_title_hidden":false,"_editorskit_reading_time":0,"_editorskit_is_block_options_detached":false,"_editorskit_block_options_position":"{}","footnotes":""},"class_list":["post-12454","page","type-page","status-publish","has-post-thumbnail","hentry"],"acf":[],"_links":{"self":[{"href":"https:\/\/culturesconnection.com\/fr\/wp-json\/wp\/v2\/pages\/12454","targetHints":{"allow":["GET"]}}],"collection":[{"href":"https:\/\/culturesconnection.com\/fr\/wp-json\/wp\/v2\/pages"}],"about":[{"href":"https:\/\/culturesconnection.com\/fr\/wp-json\/wp\/v2\/types\/page"}],"author":[{"embeddable":true,"href":"https:\/\/culturesconnection.com\/fr\/wp-json\/wp\/v2\/users\/42"}],"replies":[{"embeddable":true,"href":"https:\/\/culturesconnection.com\/fr\/wp-json\/wp\/v2\/comments?post=12454"}],"version-history":[{"count":0,"href":"https:\/\/culturesconnection.com\/fr\/wp-json\/wp\/v2\/pages\/12454\/revisions"}],"up":[{"embeddable":true,"href":"https:\/\/culturesconnection.com\/fr\/wp-json\/wp\/v2\/pages\/6587"}],"wp:featuredmedia":[{"embeddable":true,"href":"https:\/\/culturesconnection.com\/fr\/wp-json\/wp\/v2\/media\/24329"}],"wp:attachment":[{"href":"https:\/\/culturesconnection.com\/fr\/wp-json\/wp\/v2\/media?parent=12454"}],"curies":[{"name":"wp","href":"https:\/\/api.w.org\/{rel}","templated":true}]}}