{"id":12452,"date":"2018-11-01T16:50:45","date_gmt":"2018-11-01T15:50:45","guid":{"rendered":"http:\/\/culturesconnection.com\/?page_id=12452"},"modified":"2022-12-20T10:07:44","modified_gmt":"2022-12-20T09:07:44","slug":"traduction-medicale-bosniaque","status":"publish","type":"page","link":"https:\/\/culturesconnection.com\/fr\/services-de-traduction-bosniaque-bosnien\/traduction-medicale-bosniaque\/","title":{"rendered":"Agence de traduction m\u00e9dicale en bosniaque"},"content":{"rendered":"\n<h2 class=\"wp-block-heading\">LA TRADUCTION M\u00c9DICALE BOSNIAQUE-FRAN\u00c7AIS : L\u2019IMPORTANCE DES TERMES EXACTS<\/h2>\n\n\n\n<p><a href=\"https:\/\/culturesconnection.com\/fr\/traduction-medicale\/\">La traduction m\u00e9dicale<\/a> repr\u00e9sente probablement l\u2019un des exercices les plus complexes dans le domaine de la traduction. En effet, la terminologie est d\u2019une importance capitale car si un terme n\u2019est pas traduit de fa\u00e7on pr\u00e9cise, cela peut entra\u00eener des cons\u00e9quences tr\u00e8s graves pour la vie des patients. C\u2019est pour cette raison qu\u2019il est primordial de confier votre projet \u00e0 un traducteur sp\u00e9cialis\u00e9 dans le m\u00e9dical, qui justifie d\u2019une exp\u00e9rience dans le milieu la plupart du temps. Il s\u2019agit de la meilleure mani\u00e8re de ma\u00eetriser le jargon utilis\u00e9 et de comprendre toutes les caract\u00e9ristiques du texte source.<\/p>\n\n\n\n<h2 class=\"wp-block-heading\">BESOIN D\u2019UN TRADUCTEUR M\u00c9DICAL BOSNIEN ?<\/h2>\n\n\n\n<p><a href=\"https:\/\/culturesconnection.com\/fr\/\">Notre agence de traduction<\/a> s&rsquo;est cr\u00e9\u00e9, au fil des ann\u00e9es, un large r\u00e9seau de traducteurs professionnels sp\u00e9cialis\u00e9s dans des domaines pr\u00e9cis. Gr\u00e2ce \u00e0 cela, nous mettons \u00e0 votre disposition tout leur savoir-faire et leurs connaissances pour vous fournir des services de traduction de haute qualit\u00e9. Dans le domaine de la traduction m\u00e9dicale, il existe de nombreuses sp\u00e9cialisations qui peuvent \u00eatre tr\u00e8s vari\u00e9es, de la chirurgie \u00e0 la m\u00e9decine g\u00e9n\u00e9rale en passant par la radiologie. Chez Cultures Connection, vous avez la garantie que nous trouverons le traducteur le plus qualifi\u00e9 pour s\u2019occuper de votre projet m\u00e9dical. Si vous avez un projet de traduction m\u00e9dicale en bosniaque, ne cherchez plus, notre \u00e9quipe est l\u00e0 pour vous aider !<\/p>\n\n\n\n<h2 class=\"wp-block-heading\">VOS DOCUMENTS M\u00c9DICAUX EN BOSNIAQUE<\/h2>\n\n\n\n<p>Voici une liste de quelques exemples de traductions m\u00e9dicales que nous avons d\u00e9j\u00e0 r\u00e9alis\u00e9es en bosniaque chez Cultures Connection :<\/p>\n\n\n\n<ul class=\"wp-block-list\">\n<li>Revues<\/li>\n\n\n\n<li>Rapports de conf\u00e9rence<\/li>\n\n\n\n<li>Publications<\/li>\n\n\n\n<li>Projets et comptes rendus de recherche<\/li>\n\n\n\n<li>R\u00e9sultats d\u2019\u00e9tudes et \u00e9tats de nouvelles recherches<\/li>\n\n\n\n<li>Ouvrages de vulgarisation<\/li>\n\n\n\n<li>Rapports d\u2019essais<\/li>\n\n\n\n<li>Questionnaires<\/li>\n\n\n\n<li>Notices<\/li>\n\n\n\n<li>Posologies de nouveaux produits<\/li>\n\n\n\n<li>R\u00e9sultats d\u2019essais cliniques<\/li>\n\n\n\n<li>R\u00e9glementations pharmaceutiques<\/li>\n\n\n\n<li>Rapports d\u2019expertise m\u00e9dicale<\/li>\n<\/ul>\n","protected":false},"excerpt":{"rendered":"<p>LA TRADUCTION M\u00c9DICALE BOSNIAQUE-FRAN\u00c7AIS : L\u2019IMPORTANCE DES TERMES EXACTS La traduction m\u00e9dicale repr\u00e9sente probablement l\u2019un des exercices les plus complexes dans le domaine de la [&#8230;]<\/p>\n<p><a class=\"btn btn-secondary understrap-read-more-link\" href=\"https:\/\/culturesconnection.com\/fr\/services-de-traduction-bosniaque-bosnien\/traduction-medicale-bosniaque\/\">Lire la suite\u2026<span class=\"screen-reader-text\"> from Agence de traduction m\u00e9dicale en bosniaque<\/span><\/a><\/p>\n","protected":false},"author":42,"featured_media":24329,"parent":6587,"menu_order":0,"comment_status":"closed","ping_status":"closed","template":"","meta":{"_acf_changed":false,"_editorskit_title_hidden":false,"_editorskit_reading_time":0,"_editorskit_is_block_options_detached":false,"_editorskit_block_options_position":"{}","footnotes":""},"class_list":["post-12452","page","type-page","status-publish","has-post-thumbnail","hentry"],"acf":[],"_links":{"self":[{"href":"https:\/\/culturesconnection.com\/fr\/wp-json\/wp\/v2\/pages\/12452","targetHints":{"allow":["GET"]}}],"collection":[{"href":"https:\/\/culturesconnection.com\/fr\/wp-json\/wp\/v2\/pages"}],"about":[{"href":"https:\/\/culturesconnection.com\/fr\/wp-json\/wp\/v2\/types\/page"}],"author":[{"embeddable":true,"href":"https:\/\/culturesconnection.com\/fr\/wp-json\/wp\/v2\/users\/42"}],"replies":[{"embeddable":true,"href":"https:\/\/culturesconnection.com\/fr\/wp-json\/wp\/v2\/comments?post=12452"}],"version-history":[{"count":0,"href":"https:\/\/culturesconnection.com\/fr\/wp-json\/wp\/v2\/pages\/12452\/revisions"}],"up":[{"embeddable":true,"href":"https:\/\/culturesconnection.com\/fr\/wp-json\/wp\/v2\/pages\/6587"}],"wp:featuredmedia":[{"embeddable":true,"href":"https:\/\/culturesconnection.com\/fr\/wp-json\/wp\/v2\/media\/24329"}],"wp:attachment":[{"href":"https:\/\/culturesconnection.com\/fr\/wp-json\/wp\/v2\/media?parent=12452"}],"curies":[{"name":"wp","href":"https:\/\/api.w.org\/{rel}","templated":true}]}}