{"id":12447,"date":"2018-11-01T16:51:22","date_gmt":"2018-11-01T15:51:22","guid":{"rendered":"http:\/\/culturesconnection.com\/?page_id=12447"},"modified":"2022-12-20T10:23:27","modified_gmt":"2022-12-20T09:23:27","slug":"traduction-marketing-bosniaque","status":"publish","type":"page","link":"https:\/\/culturesconnection.com\/fr\/services-de-traduction-bosniaque-bosnien\/traduction-marketing-bosniaque\/","title":{"rendered":"Agence de traduction marketing en bosniaque"},"content":{"rendered":"\n<h2 class=\"wp-block-heading\">DES SP\u00c9CIALISTES DE LA TRADUCTION MARKETING BOSNIAQUE-FRAN\u00c7AIS<\/h2>\n\n\n\n<p><a href=\"https:\/\/culturesconnection.com\/fr\/traduction-marketing\/\">La traduction marketing<\/a> est un domaine qui rel\u00e8ve davantage de la localisation. Le traducteur localisateur a en r\u00e9alit\u00e9 pour mission d\u2019adapter le message en tenant compte des diff\u00e9rences culturelles de la langue cible. Il s\u2019agit d\u2019une t\u00e2che relativement ardue qui n\u00e9cessite bon nombre de connaissances et de comp\u00e9tences. Le traducteur se doit de conna\u00eetre parfaitement les caract\u00e9ristiques du march\u00e9 cibl\u00e9 afin d\u2019adapter au mieux vos supports marketing.Vous l\u2019aurez donc compris, pour ce type d\u2019exercice, les services d\u2019un traducteur professionnel exp\u00e9riment\u00e9 dans le domaine marketing sont essentiels.<\/p>\n\n\n\n<h2 class=\"wp-block-heading\">SERVICES DE LOCALISATION MARKETING<\/h2>\n\n\n\n<p>Vous souhaitez lancer votre nouveau produit en Bosnie mais tout votre plan marketing est en fran\u00e7ais ? Cultures Connection est la solution \u00e0 votre probl\u00e8me. <a href=\"https:\/\/culturesconnection.com\/fr\/\">Notre cabinet de traduction<\/a> vous fournit des services de traduction marketing de qualit\u00e9 et aux meilleurs prix gr\u00e2ce aux nombreux traducteurs sp\u00e9cialis\u00e9s. L\u2019image de votre entreprise est \u00e9troitement li\u00e9e \u00e0 la qualit\u00e9 des traductions de vos documents marketing. En effet, une localisation de mauvaise qualit\u00e9 peut entacher grandement la cr\u00e9dibilit\u00e9 de votre soci\u00e9t\u00e9 et de vos offres de services. Ne risquez donc pas la r\u00e9putation de votre entreprise avec une traduction marketing impr\u00e9cise, faites appel \u00e0 Cultures Connection pour vos prochains projets en bosniaque.<\/p>\n\n\n\n<h2 class=\"wp-block-heading\">VOS DOCUMENTS MARKETING EN BOSNIAQUE<\/h2>\n\n\n\n<p>Chez Cultures Connection, nous vous proposons un large choix de prestations linguistiques dans le domaine marketing. La liste ci-dessous \u00e9num\u00e8re quelques types de documents d\u00e9j\u00e0 traduits en bosniaque :<\/p>\n\n\n\n<ul class=\"wp-block-list\">\n<li>Brochures<\/li>\n\n\n\n<li>Supports publicitaires<\/li>\n\n\n\n<li>Newsletters<\/li>\n\n\n\n<li>Sites e-commerce<\/li>\n\n\n\n<li>Prospectus<\/li>\n\n\n\n<li>Campagnes marketing<\/li>\n\n\n\n<li>Publicit\u00e9s<\/li>\n\n\n\n<li>Sites Web<\/li>\n\n\n\n<li>Slogans<\/li>\n\n\n\n<li>Logotypes<\/li>\n\n\n\n<li>Pr\u00e9sentations<\/li>\n\n\n\n<li>Lancements de produits<\/li>\n\n\n\n<li>Notes de presse<\/li>\n\n\n\n<li>E-book<\/li>\n<\/ul>\n","protected":false},"excerpt":{"rendered":"<p>DES SP\u00c9CIALISTES DE LA TRADUCTION MARKETING BOSNIAQUE-FRAN\u00c7AIS La traduction marketing est un domaine qui rel\u00e8ve davantage de la localisation. Le traducteur localisateur a en r\u00e9alit\u00e9 [&#8230;]<\/p>\n<p><a class=\"btn btn-secondary understrap-read-more-link\" href=\"https:\/\/culturesconnection.com\/fr\/services-de-traduction-bosniaque-bosnien\/traduction-marketing-bosniaque\/\">Lire la suite\u2026<span class=\"screen-reader-text\"> from Agence de traduction marketing en bosniaque<\/span><\/a><\/p>\n","protected":false},"author":42,"featured_media":24329,"parent":6587,"menu_order":0,"comment_status":"closed","ping_status":"closed","template":"","meta":{"_acf_changed":false,"_editorskit_title_hidden":false,"_editorskit_reading_time":0,"_editorskit_is_block_options_detached":false,"_editorskit_block_options_position":"{}","footnotes":""},"class_list":["post-12447","page","type-page","status-publish","has-post-thumbnail","hentry"],"acf":[],"yoast_head":"<!-- This site is optimized with the Yoast SEO Premium plugin v23.4 (Yoast SEO v27.3) - https:\/\/yoast.com\/product\/yoast-seo-premium-wordpress\/ -->\n<title>Services de traduction marketing bosniaque<\/title>\n<meta name=\"description\" content=\"La traduction marketing bosniaque-fran\u00e7ais par des professionnels du secteur : brochures, logotypes, notes de presse, e-book. Devis gratuit.\" \/>\n<meta name=\"robots\" content=\"index, follow, max-snippet:-1, max-image-preview:large, max-video-preview:-1\" \/>\n<link rel=\"canonical\" href=\"https:\/\/culturesconnection.com\/fr\/services-de-traduction-bosniaque-bosnien\/traduction-marketing-bosniaque\/\" \/>\n<meta property=\"og:locale\" content=\"fr_FR\" \/>\n<meta property=\"og:type\" content=\"article\" \/>\n<meta property=\"og:title\" content=\"Agence de traduction marketing en bosniaque\" \/>\n<meta property=\"og:description\" content=\"La traduction marketing bosniaque-fran\u00e7ais par des professionnels du secteur : brochures, logotypes, notes de presse, e-book. Devis gratuit.\" \/>\n<meta property=\"og:url\" content=\"https:\/\/culturesconnection.com\/fr\/services-de-traduction-bosniaque-bosnien\/traduction-marketing-bosniaque\/\" \/>\n<meta property=\"og:site_name\" content=\"Cultures Connection\" \/>\n<meta property=\"article:publisher\" content=\"https:\/\/www.facebook.com\/CulturesConnection\" \/>\n<meta property=\"article:modified_time\" content=\"2022-12-20T09:23:27+00:00\" \/>\n<meta property=\"og:image\" content=\"https:\/\/culturesconnection.com\/wp-content\/uploads\/2020\/09\/P\u00e1gina_Subservicios_de_traducci\u00f3n_por_idioma.png\" \/>\n\t<meta property=\"og:image:width\" content=\"1417\" \/>\n\t<meta property=\"og:image:height\" content=\"561\" \/>\n\t<meta property=\"og:image:type\" content=\"image\/png\" \/>\n<meta name=\"twitter:card\" content=\"summary_large_image\" \/>\n<meta name=\"twitter:site\" content=\"@CulturesCo_\" \/>\n<meta name=\"twitter:label1\" content=\"Dur\u00e9e de lecture estim\u00e9e\" \/>\n\t<meta name=\"twitter:data1\" content=\"1 minute\" \/>\n<script type=\"application\/ld+json\" class=\"yoast-schema-graph\">{\"@context\":\"https:\\\/\\\/schema.org\",\"@graph\":[{\"@type\":\"WebPage\",\"@id\":\"https:\\\/\\\/culturesconnection.com\\\/fr\\\/services-de-traduction-bosniaque-bosnien\\\/traduction-marketing-bosniaque\\\/\",\"url\":\"https:\\\/\\\/culturesconnection.com\\\/fr\\\/services-de-traduction-bosniaque-bosnien\\\/traduction-marketing-bosniaque\\\/\",\"name\":\"Services de traduction marketing bosniaque\",\"isPartOf\":{\"@id\":\"https:\\\/\\\/culturesconnection.com\\\/fr\\\/#website\"},\"primaryImageOfPage\":{\"@id\":\"https:\\\/\\\/culturesconnection.com\\\/fr\\\/services-de-traduction-bosniaque-bosnien\\\/traduction-marketing-bosniaque\\\/#primaryimage\"},\"image\":{\"@id\":\"https:\\\/\\\/culturesconnection.com\\\/fr\\\/services-de-traduction-bosniaque-bosnien\\\/traduction-marketing-bosniaque\\\/#primaryimage\"},\"thumbnailUrl\":\"https:\\\/\\\/culturesconnection.com\\\/wp-content\\\/uploads\\\/2020\\\/09\\\/P\u00e1gina_Subservicios_de_traducci\u00f3n_por_idioma.png\",\"datePublished\":\"2018-11-01T15:51:22+00:00\",\"dateModified\":\"2022-12-20T09:23:27+00:00\",\"description\":\"La traduction marketing bosniaque-fran\u00e7ais par des professionnels du secteur : brochures, logotypes, notes de presse, e-book. Devis gratuit.\",\"breadcrumb\":{\"@id\":\"https:\\\/\\\/culturesconnection.com\\\/fr\\\/services-de-traduction-bosniaque-bosnien\\\/traduction-marketing-bosniaque\\\/#breadcrumb\"},\"inLanguage\":\"fr-FR\",\"potentialAction\":[{\"@type\":\"ReadAction\",\"target\":[\"https:\\\/\\\/culturesconnection.com\\\/fr\\\/services-de-traduction-bosniaque-bosnien\\\/traduction-marketing-bosniaque\\\/\"]}]},{\"@type\":\"ImageObject\",\"inLanguage\":\"fr-FR\",\"@id\":\"https:\\\/\\\/culturesconnection.com\\\/fr\\\/services-de-traduction-bosniaque-bosnien\\\/traduction-marketing-bosniaque\\\/#primaryimage\",\"url\":\"https:\\\/\\\/culturesconnection.com\\\/wp-content\\\/uploads\\\/2020\\\/09\\\/P\u00e1gina_Subservicios_de_traducci\u00f3n_por_idioma.png\",\"contentUrl\":\"https:\\\/\\\/culturesconnection.com\\\/wp-content\\\/uploads\\\/2020\\\/09\\\/P\u00e1gina_Subservicios_de_traducci\u00f3n_por_idioma.png\",\"width\":1417,\"height\":561},{\"@type\":\"BreadcrumbList\",\"@id\":\"https:\\\/\\\/culturesconnection.com\\\/fr\\\/services-de-traduction-bosniaque-bosnien\\\/traduction-marketing-bosniaque\\\/#breadcrumb\",\"itemListElement\":[{\"@type\":\"ListItem\",\"position\":1,\"name\":\"Home\",\"item\":\"https:\\\/\\\/culturesconnection.com\\\/fr\\\/\"},{\"@type\":\"ListItem\",\"position\":2,\"name\":\"Agence de traduction en bosniaque &#8211; bosnien\",\"item\":\"https:\\\/\\\/culturesconnection.com\\\/fr\\\/services-de-traduction-bosniaque-bosnien\\\/\"},{\"@type\":\"ListItem\",\"position\":3,\"name\":\"Agence de traduction marketing en bosniaque\"}]},{\"@type\":\"WebSite\",\"@id\":\"https:\\\/\\\/culturesconnection.com\\\/fr\\\/#website\",\"url\":\"https:\\\/\\\/culturesconnection.com\\\/fr\\\/\",\"name\":\"Cultures Connection\",\"description\":\"Cultures Connection is a translation agency dedicated to the success of its international clients.\",\"publisher\":{\"@id\":\"https:\\\/\\\/culturesconnection.com\\\/fr\\\/#organization\"},\"potentialAction\":[{\"@type\":\"SearchAction\",\"target\":{\"@type\":\"EntryPoint\",\"urlTemplate\":\"https:\\\/\\\/culturesconnection.com\\\/fr\\\/?s={search_term_string}\"},\"query-input\":{\"@type\":\"PropertyValueSpecification\",\"valueRequired\":true,\"valueName\":\"search_term_string\"}}],\"inLanguage\":\"fr-FR\"},{\"@type\":\"Organization\",\"@id\":\"https:\\\/\\\/culturesconnection.com\\\/fr\\\/#organization\",\"name\":\"Cultures Connection\",\"url\":\"https:\\\/\\\/culturesconnection.com\\\/fr\\\/\",\"logo\":{\"@type\":\"ImageObject\",\"inLanguage\":\"fr-FR\",\"@id\":\"https:\\\/\\\/culturesconnection.com\\\/fr\\\/#\\\/schema\\\/logo\\\/image\\\/\",\"url\":\"https:\\\/\\\/culturesconnection.com\\\/wp-content\\\/uploads\\\/2022\\\/06\\\/cropped-favicon512x512.png\",\"contentUrl\":\"https:\\\/\\\/culturesconnection.com\\\/wp-content\\\/uploads\\\/2022\\\/06\\\/cropped-favicon512x512.png\",\"width\":512,\"height\":512,\"caption\":\"Cultures Connection\"},\"image\":{\"@id\":\"https:\\\/\\\/culturesconnection.com\\\/fr\\\/#\\\/schema\\\/logo\\\/image\\\/\"},\"sameAs\":[\"https:\\\/\\\/www.facebook.com\\\/CulturesConnection\",\"https:\\\/\\\/x.com\\\/CulturesCo_\"]}]}<\/script>\n<!-- \/ Yoast SEO Premium plugin. -->","yoast_head_json":{"title":"Services de traduction marketing bosniaque","description":"La traduction marketing bosniaque-fran\u00e7ais par des professionnels du secteur : brochures, logotypes, notes de presse, e-book. Devis gratuit.","robots":{"index":"index","follow":"follow","max-snippet":"max-snippet:-1","max-image-preview":"max-image-preview:large","max-video-preview":"max-video-preview:-1"},"canonical":"https:\/\/culturesconnection.com\/fr\/services-de-traduction-bosniaque-bosnien\/traduction-marketing-bosniaque\/","og_locale":"fr_FR","og_type":"article","og_title":"Agence de traduction marketing en bosniaque","og_description":"La traduction marketing bosniaque-fran\u00e7ais par des professionnels du secteur : brochures, logotypes, notes de presse, e-book. Devis gratuit.","og_url":"https:\/\/culturesconnection.com\/fr\/services-de-traduction-bosniaque-bosnien\/traduction-marketing-bosniaque\/","og_site_name":"Cultures Connection","article_publisher":"https:\/\/www.facebook.com\/CulturesConnection","article_modified_time":"2022-12-20T09:23:27+00:00","og_image":[{"width":1417,"height":561,"url":"https:\/\/culturesconnection.com\/wp-content\/uploads\/2020\/09\/P\u00e1gina_Subservicios_de_traducci\u00f3n_por_idioma.png","type":"image\/png"}],"twitter_card":"summary_large_image","twitter_site":"@CulturesCo_","twitter_misc":{"Dur\u00e9e de lecture estim\u00e9e":"1 minute"},"schema":{"@context":"https:\/\/schema.org","@graph":[{"@type":"WebPage","@id":"https:\/\/culturesconnection.com\/fr\/services-de-traduction-bosniaque-bosnien\/traduction-marketing-bosniaque\/","url":"https:\/\/culturesconnection.com\/fr\/services-de-traduction-bosniaque-bosnien\/traduction-marketing-bosniaque\/","name":"Services de traduction marketing bosniaque","isPartOf":{"@id":"https:\/\/culturesconnection.com\/fr\/#website"},"primaryImageOfPage":{"@id":"https:\/\/culturesconnection.com\/fr\/services-de-traduction-bosniaque-bosnien\/traduction-marketing-bosniaque\/#primaryimage"},"image":{"@id":"https:\/\/culturesconnection.com\/fr\/services-de-traduction-bosniaque-bosnien\/traduction-marketing-bosniaque\/#primaryimage"},"thumbnailUrl":"https:\/\/culturesconnection.com\/wp-content\/uploads\/2020\/09\/P\u00e1gina_Subservicios_de_traducci\u00f3n_por_idioma.png","datePublished":"2018-11-01T15:51:22+00:00","dateModified":"2022-12-20T09:23:27+00:00","description":"La traduction marketing bosniaque-fran\u00e7ais par des professionnels du secteur : brochures, logotypes, notes de presse, e-book. Devis gratuit.","breadcrumb":{"@id":"https:\/\/culturesconnection.com\/fr\/services-de-traduction-bosniaque-bosnien\/traduction-marketing-bosniaque\/#breadcrumb"},"inLanguage":"fr-FR","potentialAction":[{"@type":"ReadAction","target":["https:\/\/culturesconnection.com\/fr\/services-de-traduction-bosniaque-bosnien\/traduction-marketing-bosniaque\/"]}]},{"@type":"ImageObject","inLanguage":"fr-FR","@id":"https:\/\/culturesconnection.com\/fr\/services-de-traduction-bosniaque-bosnien\/traduction-marketing-bosniaque\/#primaryimage","url":"https:\/\/culturesconnection.com\/wp-content\/uploads\/2020\/09\/P\u00e1gina_Subservicios_de_traducci\u00f3n_por_idioma.png","contentUrl":"https:\/\/culturesconnection.com\/wp-content\/uploads\/2020\/09\/P\u00e1gina_Subservicios_de_traducci\u00f3n_por_idioma.png","width":1417,"height":561},{"@type":"BreadcrumbList","@id":"https:\/\/culturesconnection.com\/fr\/services-de-traduction-bosniaque-bosnien\/traduction-marketing-bosniaque\/#breadcrumb","itemListElement":[{"@type":"ListItem","position":1,"name":"Home","item":"https:\/\/culturesconnection.com\/fr\/"},{"@type":"ListItem","position":2,"name":"Agence de traduction en bosniaque &#8211; bosnien","item":"https:\/\/culturesconnection.com\/fr\/services-de-traduction-bosniaque-bosnien\/"},{"@type":"ListItem","position":3,"name":"Agence de traduction marketing en bosniaque"}]},{"@type":"WebSite","@id":"https:\/\/culturesconnection.com\/fr\/#website","url":"https:\/\/culturesconnection.com\/fr\/","name":"Cultures Connection","description":"Cultures Connection is a translation agency dedicated to the success of its international clients.","publisher":{"@id":"https:\/\/culturesconnection.com\/fr\/#organization"},"potentialAction":[{"@type":"SearchAction","target":{"@type":"EntryPoint","urlTemplate":"https:\/\/culturesconnection.com\/fr\/?s={search_term_string}"},"query-input":{"@type":"PropertyValueSpecification","valueRequired":true,"valueName":"search_term_string"}}],"inLanguage":"fr-FR"},{"@type":"Organization","@id":"https:\/\/culturesconnection.com\/fr\/#organization","name":"Cultures Connection","url":"https:\/\/culturesconnection.com\/fr\/","logo":{"@type":"ImageObject","inLanguage":"fr-FR","@id":"https:\/\/culturesconnection.com\/fr\/#\/schema\/logo\/image\/","url":"https:\/\/culturesconnection.com\/wp-content\/uploads\/2022\/06\/cropped-favicon512x512.png","contentUrl":"https:\/\/culturesconnection.com\/wp-content\/uploads\/2022\/06\/cropped-favicon512x512.png","width":512,"height":512,"caption":"Cultures Connection"},"image":{"@id":"https:\/\/culturesconnection.com\/fr\/#\/schema\/logo\/image\/"},"sameAs":["https:\/\/www.facebook.com\/CulturesConnection","https:\/\/x.com\/CulturesCo_"]}]}},"_links":{"self":[{"href":"https:\/\/culturesconnection.com\/fr\/wp-json\/wp\/v2\/pages\/12447","targetHints":{"allow":["GET"]}}],"collection":[{"href":"https:\/\/culturesconnection.com\/fr\/wp-json\/wp\/v2\/pages"}],"about":[{"href":"https:\/\/culturesconnection.com\/fr\/wp-json\/wp\/v2\/types\/page"}],"author":[{"embeddable":true,"href":"https:\/\/culturesconnection.com\/fr\/wp-json\/wp\/v2\/users\/42"}],"replies":[{"embeddable":true,"href":"https:\/\/culturesconnection.com\/fr\/wp-json\/wp\/v2\/comments?post=12447"}],"version-history":[{"count":0,"href":"https:\/\/culturesconnection.com\/fr\/wp-json\/wp\/v2\/pages\/12447\/revisions"}],"up":[{"embeddable":true,"href":"https:\/\/culturesconnection.com\/fr\/wp-json\/wp\/v2\/pages\/6587"}],"wp:featuredmedia":[{"embeddable":true,"href":"https:\/\/culturesconnection.com\/fr\/wp-json\/wp\/v2\/media\/24329"}],"wp:attachment":[{"href":"https:\/\/culturesconnection.com\/fr\/wp-json\/wp\/v2\/media?parent=12447"}],"curies":[{"name":"wp","href":"https:\/\/api.w.org\/{rel}","templated":true}]}}