{"id":12445,"date":"2018-11-01T16:51:08","date_gmt":"2018-11-01T15:51:08","guid":{"rendered":"http:\/\/culturesconnection.com\/?page_id=12445"},"modified":"2022-12-20T10:31:27","modified_gmt":"2022-12-20T09:31:27","slug":"traduction-de-site-web-bosniaque","status":"publish","type":"page","link":"https:\/\/culturesconnection.com\/fr\/services-de-traduction-bosniaque-bosnien\/traduction-de-site-web-bosniaque\/","title":{"rendered":"Agence de traduction de site web en bosniaque"},"content":{"rendered":"\n<h2 class=\"wp-block-heading\">TRADUCTION DE SITE WEB EN BOSNIAQUE : DIRECTION LE MARCHE DE LA BOSNIE<\/h2>\n\n\n\n<p>Aujourd\u2019hui, le ph\u00e9nom\u00e8ne de mondialisation est tel, que vous pouvez lancer un nouveau produit tr\u00e8s facilement sur un nouveau march\u00e9 \u00e9tranger. Il vous suffit simplement de faire traduire votre site internet : une \u00e9tape cruciale \u00e0 ne pas n\u00e9gliger dans votre processus d\u2019internationalisation. Vos produits se vendront plus facilement s\u2019ils sont pr\u00e9sent\u00e9s dans la langue maternelle de vos clients. Le plus important est alors de confier ce travail \u00e0 un traducteur sp\u00e9cialis\u00e9 dans ce domaine qui ma\u00eetrise totalement autant l\u2019aspect linguistique que l\u2019aspect technique de son m\u00e9tier. Il existe de nombreuses diff\u00e9rences culturelles d\u2019un pays \u00e0 un autre, c\u2019est pour cette raison que le traducteur, expert dans la traduction de sites internet, est le seul capable d&rsquo;appr\u00e9hender ces variations et de les valoriser pour que votre d\u00e9veloppement en Bosnie, par exemple, soit une r\u00e9ussite.<\/p>\n\n\n\n<h2 class=\"wp-block-heading\">NOS SERVICES DE TRADUCTION DE SITE INTERNET<\/h2>\n\n\n\n<p>Chez Cultures Connection, nous sommes conscients que votre site internet a une importance capitale pour votre entreprise. En effet, il s\u2019agit de la premi\u00e8re image que verra vos futurs clients et si sa traduction est mauvaise, les cons\u00e9quences peuvent \u00eatre terribles pour votre chiffre d\u2019affaires par exemple. Ne passez pas \u00e0 c\u00f4t\u00e9 de ce processus d\u00e9terminant et confiez cette t\u00e2che \u00e0<a href=\"https:\/\/culturesconnection.com\/fr\/\"> notre agence de traduction<\/a>. Nous ne travaillons qu\u2019avec des traducteurs experts dans ce domaine qui justifient d\u2019une grande exp\u00e9rience dans leur profession. Ceci leur permet de mener \u00e0 bien tous les projets que nous leur remettons et de vous fournir des services de traduction d\u2019une tr\u00e8s grande qualit\u00e9.<\/p>\n\n\n\n<h2 class=\"wp-block-heading\">VOTRE SITE WEB EN BOSNIAQUE<\/h2>\n\n\n\n<p>L\u2019offre de services dans le domaine de <a href=\"https:\/\/culturesconnection.com\/fr\/traduction-site-internet\/\">la traduction de site web<\/a> est large. Voici une liste de quelques exemples de projets&nbsp;en bosniaque d\u00e9j\u00e0 pris en charge par Cultures Connection :<\/p>\n\n\n\n<ul class=\"wp-block-list\">\n<li>Contenus web<\/li>\n\n\n\n<li>Sites e-commerce<\/li>\n\n\n\n<li>Applications mobiles<\/li>\n\n\n\n<li>Plateformes marchandes<\/li>\n\n\n\n<li>Fiches produits<\/li>\n<\/ul>\n","protected":false},"excerpt":{"rendered":"<p>TRADUCTION DE SITE WEB EN BOSNIAQUE : DIRECTION LE MARCHE DE LA BOSNIE Aujourd\u2019hui, le ph\u00e9nom\u00e8ne de mondialisation est tel, que vous pouvez lancer un [&#8230;]<\/p>\n<p><a class=\"btn btn-secondary understrap-read-more-link\" href=\"https:\/\/culturesconnection.com\/fr\/services-de-traduction-bosniaque-bosnien\/traduction-de-site-web-bosniaque\/\">Lire la suite\u2026<span class=\"screen-reader-text\"> from Agence de traduction de site web en bosniaque<\/span><\/a><\/p>\n","protected":false},"author":42,"featured_media":24329,"parent":6587,"menu_order":0,"comment_status":"closed","ping_status":"closed","template":"","meta":{"_acf_changed":false,"_editorskit_title_hidden":false,"_editorskit_reading_time":1,"_editorskit_is_block_options_detached":false,"_editorskit_block_options_position":"{}","footnotes":""},"class_list":["post-12445","page","type-page","status-publish","has-post-thumbnail","hentry"],"acf":[],"_links":{"self":[{"href":"https:\/\/culturesconnection.com\/fr\/wp-json\/wp\/v2\/pages\/12445","targetHints":{"allow":["GET"]}}],"collection":[{"href":"https:\/\/culturesconnection.com\/fr\/wp-json\/wp\/v2\/pages"}],"about":[{"href":"https:\/\/culturesconnection.com\/fr\/wp-json\/wp\/v2\/types\/page"}],"author":[{"embeddable":true,"href":"https:\/\/culturesconnection.com\/fr\/wp-json\/wp\/v2\/users\/42"}],"replies":[{"embeddable":true,"href":"https:\/\/culturesconnection.com\/fr\/wp-json\/wp\/v2\/comments?post=12445"}],"version-history":[{"count":0,"href":"https:\/\/culturesconnection.com\/fr\/wp-json\/wp\/v2\/pages\/12445\/revisions"}],"up":[{"embeddable":true,"href":"https:\/\/culturesconnection.com\/fr\/wp-json\/wp\/v2\/pages\/6587"}],"wp:featuredmedia":[{"embeddable":true,"href":"https:\/\/culturesconnection.com\/fr\/wp-json\/wp\/v2\/media\/24329"}],"wp:attachment":[{"href":"https:\/\/culturesconnection.com\/fr\/wp-json\/wp\/v2\/media?parent=12445"}],"curies":[{"name":"wp","href":"https:\/\/api.w.org\/{rel}","templated":true}]}}