{"id":12442,"date":"2018-11-02T14:40:52","date_gmt":"2018-11-02T13:40:52","guid":{"rendered":"http:\/\/culturesconnection.com\/?page_id=12442"},"modified":"2022-12-14T13:47:00","modified_gmt":"2022-12-14T12:47:00","slug":"traduction-de-site-web-tcheque","status":"publish","type":"page","link":"https:\/\/culturesconnection.com\/fr\/services-de-traduction-tcheque\/traduction-de-site-web-tcheque\/","title":{"rendered":"Agence de traduction de site web en tch\u00e8que"},"content":{"rendered":"\n<h2 class=\"wp-block-heading\">TRADUCTION DE SITE WEB EN TCH\u00c8QUE : \u00c0 LA CONQU\u00caTE DU MARCH\u00c9 INTERNET TCH\u00c8QUE<\/h2>\n\n\n\n<p>Le ph\u00e9nom\u00e8ne de mondialisation permet aujourd\u2019hui de faciliter les \u00e9changes commerciaux. En effet, Internet n\u2019a pas de fronti\u00e8res et peut vous aider \u00e0 d\u00e9velopper votre entreprise \u00e0 l\u2019\u00e9tranger. Si vous souhaitez \u00eatre plus pr\u00e9sent sur la toile, faites traduire votre site internet par un traducteur expert qui vous permettra d\u2019atteindre davantage d\u2019audience. En effet, tr\u00e8s souvent, les internautes expliquent qu\u2019ils pr\u00e9f\u00e8rent acheter des produits sur un site web qui est traduit dans leur langue maternelle. Ne faites donc pas les choses \u00e0 moiti\u00e9 et r\u00e9alisez cet effort dont les avantages seront nombreux sur le long terme. Confiez la traduction de votre page internet \u00e0 une agence de traduction sp\u00e9cialis\u00e9e telle que Cultures Connection.<\/p>\n\n\n\n<h2 class=\"wp-block-heading\">AGENCE DE TRADUCTION DE PAGES WEB<\/h2>\n\n\n\n<p><a href=\"https:\/\/culturesconnection.com\/fr\/\">Notre agence de traduction<\/a> s\u2019est entour\u00e9e de nombreux traducteurs sp\u00e9cialis\u00e9s dans le domaine de la traduction de site web en tch\u00e8que &#8211; fran\u00e7ais et fran\u00e7ais &#8211; tch\u00e8que. Ils sont tous natifs et ma\u00eetrisent donc la culture de leur langue maternelle mais aussi celle de leurs langues de travail. Chez Cultures Connection, nous mettons un point d\u2019honneur \u00e0 vous fournir des services de traduction de qualit\u00e9 qui r\u00e9pondront \u00e0 vos besoins et aux standards du march\u00e9 actuel. C\u2019est pourquoi, nous n\u2019employons que des traducteurs extr\u00eamement exp\u00e9riment\u00e9s dans leur domaine de sp\u00e9cialisation. Ils ont pour la plupart suivi des formations intensives ou ont acquis leurs connaissances et leurs comp\u00e9tences gr\u00e2ce \u00e0 leurs ann\u00e9es d\u2019\u00e9tudes dans le secteur. La dimension culturelle est tr\u00e8s importante dans la traduction de pages internet, beaucoup de d\u00e9tails comptent tels que les couleurs, les images, la typographie et bien \u00e9videmment les termes employ\u00e9s. Pour vous assurer un maximum d\u2019impact sur le public tch\u00e8que, confiez la traduction de votre site web \u00e0 notre agence de traduction d\u00e8s maintenant !<\/p>\n\n\n\n<h2 class=\"wp-block-heading\">VOTRE SITE WEB TRADUIT EN TCH\u00c8QUE<\/h2>\n\n\n\n<p>Cultures Connection propose un large \u00e9ventail de services linguistiques. En voici quelques exemples dans le domaine de la traduction et de <a href=\"https:\/\/culturesconnection.com\/fr\/traduction-site-internet\/\">la localisation de site web<\/a> en tch\u00e8que :<\/p>\n\n\n\n<ul class=\"wp-block-list\">\n<li>Contenus web<\/li>\n\n\n\n<li>Sites e-commerce<\/li>\n\n\n\n<li>Applications mobiles<\/li>\n\n\n\n<li>Plateformes marchandes<\/li>\n\n\n\n<li>Fiches produits<\/li>\n<\/ul>\n","protected":false},"excerpt":{"rendered":"<p>TRADUCTION DE SITE WEB EN TCH\u00c8QUE : \u00c0 LA CONQU\u00caTE DU MARCH\u00c9 INTERNET TCH\u00c8QUE Le ph\u00e9nom\u00e8ne de mondialisation permet aujourd\u2019hui de faciliter les \u00e9changes commerciaux. [&#8230;]<\/p>\n<p><a class=\"btn btn-secondary understrap-read-more-link\" href=\"https:\/\/culturesconnection.com\/fr\/services-de-traduction-tcheque\/traduction-de-site-web-tcheque\/\">Lire la suite\u2026<span class=\"screen-reader-text\"> from Agence de traduction de site web en tch\u00e8que<\/span><\/a><\/p>\n","protected":false},"author":42,"featured_media":24329,"parent":6600,"menu_order":0,"comment_status":"closed","ping_status":"closed","template":"","meta":{"_acf_changed":false,"_editorskit_title_hidden":false,"_editorskit_reading_time":0,"_editorskit_is_block_options_detached":false,"_editorskit_block_options_position":"{}","footnotes":""},"class_list":["post-12442","page","type-page","status-publish","has-post-thumbnail","hentry"],"acf":[],"_links":{"self":[{"href":"https:\/\/culturesconnection.com\/fr\/wp-json\/wp\/v2\/pages\/12442","targetHints":{"allow":["GET"]}}],"collection":[{"href":"https:\/\/culturesconnection.com\/fr\/wp-json\/wp\/v2\/pages"}],"about":[{"href":"https:\/\/culturesconnection.com\/fr\/wp-json\/wp\/v2\/types\/page"}],"author":[{"embeddable":true,"href":"https:\/\/culturesconnection.com\/fr\/wp-json\/wp\/v2\/users\/42"}],"replies":[{"embeddable":true,"href":"https:\/\/culturesconnection.com\/fr\/wp-json\/wp\/v2\/comments?post=12442"}],"version-history":[{"count":0,"href":"https:\/\/culturesconnection.com\/fr\/wp-json\/wp\/v2\/pages\/12442\/revisions"}],"up":[{"embeddable":true,"href":"https:\/\/culturesconnection.com\/fr\/wp-json\/wp\/v2\/pages\/6600"}],"wp:featuredmedia":[{"embeddable":true,"href":"https:\/\/culturesconnection.com\/fr\/wp-json\/wp\/v2\/media\/24329"}],"wp:attachment":[{"href":"https:\/\/culturesconnection.com\/fr\/wp-json\/wp\/v2\/media?parent=12442"}],"curies":[{"name":"wp","href":"https:\/\/api.w.org\/{rel}","templated":true}]}}