{"id":10708,"date":"2018-11-02T14:39:53","date_gmt":"2018-11-02T13:39:53","guid":{"rendered":"http:\/\/culturesconnection.com\/?page_id=10708"},"modified":"2022-12-14T11:42:56","modified_gmt":"2022-12-14T10:42:56","slug":"traduction-technique-tcheque","status":"publish","type":"page","link":"https:\/\/culturesconnection.com\/fr\/services-de-traduction-tcheque\/traduction-technique-tcheque\/","title":{"rendered":"Agence de traduction technique en tch\u00e8que"},"content":{"rendered":"\n<h2 class=\"wp-block-heading\">LA TRADUCTION TECHNIQUE TCH\u00c8QUE-FRAN\u00c7AIS, UN V\u00c9RITABLE CHALLENGE<\/h2>\n\n\n\n<p><a href=\"https:\/\/culturesconnection.com\/fr\/traduction-technique\/\">La traduction technique<\/a> est devenue indispensable du fait de la mondialisation et donc de la forte exportation de produits vers l\u2019\u00e9tranger. Si votre entreprise souhaite \u00e9tendre ses activit\u00e9s en R\u00e9publique tch\u00e8que par exemple, la traduction en tch\u00e8que de vos documents techniques constitue une \u00e9tape primordiale pour votre succ\u00e8s \u00e0 l\u2019\u00e9tranger. Toutefois, ceci n\u2019est pas une mince affaire. Seul un traducteur sp\u00e9cialis\u00e9 dans ce domaine est capable de traduire vos documents sans encombres, car toute erreur de traduction ou simple impr\u00e9cision pourrait entra\u00eener de lourdes cons\u00e9quences. Pensez \u00e0 un produit dangereux par exemple, dont la notice d\u2019utilisation ne serait pas traduite de fa\u00e7on adapt\u00e9e. Ne prenez donc aucun risque et confiez vos documents uniquement \u00e0 des experts de la traduction technique.<\/p>\n\n\n\n<h2 class=\"wp-block-heading\">NOTRE SOCI\u00c9T\u00c9 DE TRADUCTION TECHNIQUE<\/h2>\n\n\n\n<p>Vous \u00eates \u00e0 la recherche d\u2019un traducteur tch\u00e8que-fran\u00e7ais ou fran\u00e7ais-tch\u00e8que pour vos documents techniques ? Contactez notre agence de traduction sans plus attendre. Nos \u00e9quipes travaillent d\u2019arrache-pied pour vous fournir des services de traduction de haute qualit\u00e9 dans le domaine technique. Gr\u00e2ce \u00e0 notre large r\u00e9seau de traducteurs experts, nous vous garantissons des produits finis tr\u00e8s fiables et pr\u00e9cis qui r\u00e9pondent \u00e0 tous les standards appliqu\u00e9s actuellement dans le secteur technique. Nos traducteurs ma\u00eetrisent totalement la terminologie utilis\u00e9e, souvent gr\u00e2ce \u00e0 des \u00e9tudes dans le milieu ou lors de formations approfondies. Ils sont donc tous extr\u00eamement exp\u00e9riment\u00e9s dans la traduction technique. Que votre projet traite des \u00e9nergies renouvelables, de l\u2019automobile ou des nanotechnologies, faites confiance \u00e0 <a href=\"https:\/\/culturesconnection.com\/fr\/\">notre agence<\/a> pour le faire traduire !<\/p>\n\n\n\n<h2 class=\"wp-block-heading\">LA TRADUCTION DE VOS DOCUMENTS TECHNIQUES EN TCH\u00c8QUE<\/h2>\n\n\n\n<p>La liste ci-dessous \u00e9num\u00e8re certains exemples de traductions techniques que Cultures Connection propose \u00e0 ses clients en tch\u00e8que et dans de nombreuses autres langues :<\/p>\n\n\n\n<ul class=\"wp-block-list\">\n<li>Devis<\/li>\n\n\n\n<li>Textes d\u2019ing\u00e9nierie<\/li>\n\n\n\n<li>Modes d\u2019emploi de machine-outils (ou d\u2019autres types de machines)<\/li>\n\n\n\n<li>Descriptifs et fiches techniques<\/li>\n\n\n\n<li>Normes<\/li>\n\n\n\n<li>Cahiers des charges<\/li>\n\n\n\n<li>Brevets techniques<\/li>\n\n\n\n<li>Notices techniques<\/li>\n\n\n\n<li>Modes d\u2019emploi<\/li>\n\n\n\n<li>Guides d\u2019utilisateurs<\/li>\n<\/ul>\n","protected":false},"excerpt":{"rendered":"<p>LA TRADUCTION TECHNIQUE TCH\u00c8QUE-FRAN\u00c7AIS, UN V\u00c9RITABLE CHALLENGE La traduction technique est devenue indispensable du fait de la mondialisation et donc de la forte exportation de [&#8230;]<\/p>\n<p><a class=\"btn btn-secondary understrap-read-more-link\" href=\"https:\/\/culturesconnection.com\/fr\/services-de-traduction-tcheque\/traduction-technique-tcheque\/\">Lire la suite\u2026<span class=\"screen-reader-text\"> from Agence de traduction technique en tch\u00e8que<\/span><\/a><\/p>\n","protected":false},"author":42,"featured_media":24329,"parent":6600,"menu_order":0,"comment_status":"closed","ping_status":"closed","template":"","meta":{"_acf_changed":false,"_editorskit_title_hidden":false,"_editorskit_reading_time":1,"_editorskit_is_block_options_detached":false,"_editorskit_block_options_position":"{}","footnotes":""},"class_list":["post-10708","page","type-page","status-publish","has-post-thumbnail","hentry"],"acf":[],"_links":{"self":[{"href":"https:\/\/culturesconnection.com\/fr\/wp-json\/wp\/v2\/pages\/10708","targetHints":{"allow":["GET"]}}],"collection":[{"href":"https:\/\/culturesconnection.com\/fr\/wp-json\/wp\/v2\/pages"}],"about":[{"href":"https:\/\/culturesconnection.com\/fr\/wp-json\/wp\/v2\/types\/page"}],"author":[{"embeddable":true,"href":"https:\/\/culturesconnection.com\/fr\/wp-json\/wp\/v2\/users\/42"}],"replies":[{"embeddable":true,"href":"https:\/\/culturesconnection.com\/fr\/wp-json\/wp\/v2\/comments?post=10708"}],"version-history":[{"count":0,"href":"https:\/\/culturesconnection.com\/fr\/wp-json\/wp\/v2\/pages\/10708\/revisions"}],"up":[{"embeddable":true,"href":"https:\/\/culturesconnection.com\/fr\/wp-json\/wp\/v2\/pages\/6600"}],"wp:featuredmedia":[{"embeddable":true,"href":"https:\/\/culturesconnection.com\/fr\/wp-json\/wp\/v2\/media\/24329"}],"wp:attachment":[{"href":"https:\/\/culturesconnection.com\/fr\/wp-json\/wp\/v2\/media?parent=10708"}],"curies":[{"name":"wp","href":"https:\/\/api.w.org\/{rel}","templated":true}]}}