{"id":10703,"date":"2018-11-02T14:39:17","date_gmt":"2018-11-02T13:39:17","guid":{"rendered":"http:\/\/culturesconnection.com\/?page_id=10703"},"modified":"2022-12-14T11:46:52","modified_gmt":"2022-12-14T10:46:52","slug":"traduction-medicale-tcheque","status":"publish","type":"page","link":"https:\/\/culturesconnection.com\/fr\/services-de-traduction-tcheque\/traduction-medicale-tcheque\/","title":{"rendered":"Agence de traduction m\u00e9dicale en tch\u00e8que"},"content":{"rendered":"\n<h2 class=\"wp-block-heading\">DES SP\u00c9CIALISTES DE LA TRADUCTION M\u00c9DICALE TCH\u00c8QUE-FRAN\u00c7AIS<\/h2>\n\n\n\n<p>La m\u00e9decine est un domaine qui s\u2019internationalise \u00e9norm\u00e9ment. La traduction dans ce milieu est donc essentielle au partage des connaissances et des comp\u00e9tences nouvelles pour que tous les pays en b\u00e9n\u00e9ficient. Toutefois, tout comme dans le monde m\u00e9dical, la traduction de documents sp\u00e9cifiques ne peut pas se permettre de contenir la moindre erreur. En effet, dans le cas contraire, les cons\u00e9quences seraient dramatiques, et pourrait mettre en danger la vie des patients. C\u2019est pour cette raison que vous devez absolument faire appel \u00e0 un traducteur professionnel, sp\u00e9cialis\u00e9 dans ce secteur, qui ma\u00eetrise parfaitement le jargon employ\u00e9 et qui comprenne les diff\u00e9rentes notions utilis\u00e9es.<\/p>\n\n\n\n<h2 class=\"wp-block-heading\">BESOIN D\u2019UN TRADUCTEUR M\u00c9DICAL ?<\/h2>\n\n\n\n<p><a href=\"https:\/\/culturesconnection.com\/fr\/\">Notre agence de traduction<\/a> est sp\u00e9cialis\u00e9e dans le domaine m\u00e9dical depuis de nombreuses ann\u00e9es d\u00e9j\u00e0. Notre important carnet d\u2019adresses de traducteurs experts nous permet de vous proposer des services de traduction fiables et de qualit\u00e9. Nos traducteurs sont tous sp\u00e9cialis\u00e9s dans des sous-domaines de la traduction m\u00e9dicale tels que la chirurgie, la neurochirurgie ou encore la radiologie. Ainsi, quelque soit la sp\u00e9cialisation de votre document \u00e0 traduire, chez Cultures Connection, nous sommes certains de recruter le sp\u00e9cialiste le plus adapt\u00e9 et le plus comp\u00e9tent pour r\u00e9pondre \u00e0 votre demande. Faites donc confiance \u00e0 notre agence de traduction pour vos futurs projets m\u00e9dicaux en tch\u00e8que.<\/p>\n\n\n\n<h2 class=\"wp-block-heading\">VOS DOCUMENTS M\u00c9DICAUX EN TCH\u00c8QUE<\/h2>\n\n\n\n<p>Notre agence de traduction vous propose de nombreuses prestations linguistiques dans le domaine m\u00e9dical. En voici quelques exemples, d\u00e9j\u00e0 r\u00e9alis\u00e9s en tch\u00e8que :<\/p>\n\n\n\n<ul class=\"wp-block-list\">\n<li>Revues<\/li>\n\n\n\n<li>Rapports de conf\u00e9rence<\/li>\n\n\n\n<li>Publications<\/li>\n\n\n\n<li>Projets et comptes rendus de recherche<\/li>\n\n\n\n<li>R\u00e9sultats d\u2019\u00e9tudes et \u00e9tats de nouvelles recherches<\/li>\n\n\n\n<li>Ouvrages de vulgarisation<\/li>\n\n\n\n<li>Rapports d\u2019essais<\/li>\n\n\n\n<li>Questionnaires<\/li>\n\n\n\n<li>Notices<\/li>\n\n\n\n<li>Posologies de nouveaux produits<\/li>\n\n\n\n<li>R\u00e9sultats d\u2019essais cliniques<\/li>\n\n\n\n<li>R\u00e9glementations pharmaceutiques<\/li>\n\n\n\n<li>Rapports d\u2019expertise m\u00e9dicale<\/li>\n<\/ul>\n","protected":false},"excerpt":{"rendered":"<p>DES SP\u00c9CIALISTES DE LA TRADUCTION M\u00c9DICALE TCH\u00c8QUE-FRAN\u00c7AIS La m\u00e9decine est un domaine qui s\u2019internationalise \u00e9norm\u00e9ment. La traduction dans ce milieu est donc essentielle au partage [&#8230;]<\/p>\n<p><a class=\"btn btn-secondary understrap-read-more-link\" href=\"https:\/\/culturesconnection.com\/fr\/services-de-traduction-tcheque\/traduction-medicale-tcheque\/\">Lire la suite\u2026<span class=\"screen-reader-text\"> from Agence de traduction m\u00e9dicale en tch\u00e8que<\/span><\/a><\/p>\n","protected":false},"author":42,"featured_media":24329,"parent":6600,"menu_order":0,"comment_status":"closed","ping_status":"closed","template":"","meta":{"_acf_changed":false,"_editorskit_title_hidden":false,"_editorskit_reading_time":1,"_editorskit_is_block_options_detached":false,"_editorskit_block_options_position":"{}","footnotes":""},"class_list":["post-10703","page","type-page","status-publish","has-post-thumbnail","hentry"],"acf":[],"_links":{"self":[{"href":"https:\/\/culturesconnection.com\/fr\/wp-json\/wp\/v2\/pages\/10703","targetHints":{"allow":["GET"]}}],"collection":[{"href":"https:\/\/culturesconnection.com\/fr\/wp-json\/wp\/v2\/pages"}],"about":[{"href":"https:\/\/culturesconnection.com\/fr\/wp-json\/wp\/v2\/types\/page"}],"author":[{"embeddable":true,"href":"https:\/\/culturesconnection.com\/fr\/wp-json\/wp\/v2\/users\/42"}],"replies":[{"embeddable":true,"href":"https:\/\/culturesconnection.com\/fr\/wp-json\/wp\/v2\/comments?post=10703"}],"version-history":[{"count":0,"href":"https:\/\/culturesconnection.com\/fr\/wp-json\/wp\/v2\/pages\/10703\/revisions"}],"up":[{"embeddable":true,"href":"https:\/\/culturesconnection.com\/fr\/wp-json\/wp\/v2\/pages\/6600"}],"wp:featuredmedia":[{"embeddable":true,"href":"https:\/\/culturesconnection.com\/fr\/wp-json\/wp\/v2\/media\/24329"}],"wp:attachment":[{"href":"https:\/\/culturesconnection.com\/fr\/wp-json\/wp\/v2\/media?parent=10703"}],"curies":[{"name":"wp","href":"https:\/\/api.w.org\/{rel}","templated":true}]}}