{"id":10699,"date":"2018-11-02T14:40:57","date_gmt":"2018-11-02T13:40:57","guid":{"rendered":"http:\/\/culturesconnection.com\/?page_id=10699"},"modified":"2022-12-14T12:29:42","modified_gmt":"2022-12-14T11:29:42","slug":"traduction-commerciale-tcheque","status":"publish","type":"page","link":"https:\/\/culturesconnection.com\/fr\/services-de-traduction-tcheque\/traduction-commerciale-tcheque\/","title":{"rendered":"Agence de traduction commerciale en tch\u00e8que"},"content":{"rendered":"\n<h2 class=\"wp-block-heading\">LA TRADUCTION COMMERCIALE TCH\u00c8QUE &#8211; FRAN\u00c7AIS, UN D\u00c9FI LINGUISTIQUE ET CULTUREL<\/h2>\n\n\n\n<p><a href=\"https:\/\/culturesconnection.com\/fr\/traduction-commerciale\/\">La traduction commerciale<\/a> est un moment cl\u00e9 de votre d\u00e9veloppement vers l\u2019international. Si vous souhaitez cr\u00e9er de nouveaux partenariats commerciaux en R\u00e9publique tch\u00e8que par exemple, il est essentiel de faire traduire tous vos documents en tch\u00e8que. En effet, de nombreuses \u00e9tudes montrent que des documents r\u00e9dig\u00e9s dans la langue maternelle de vos interlocuteurs favorisaient les \u00e9changes commerciaux. Faites donc appel \u00e0 un traducteur sp\u00e9cialis\u00e9 dans ce domaine qui sera \u00e0 m\u00eame de r\u00e9aliser vos traductions dans les meilleures conditions et qui pourra vous garantir un r\u00e9sultat final de qualit\u00e9. Il localisera vos documents en tenant compte des diff\u00e9rences culturelles existantes entre la France et la R\u00e9publique tch\u00e8que par exemple. Choisissez avec soin l\u2019agence de traduction que vous emploierez, ceci fait partie int\u00e9grante de votre processus d\u2019internationalisation.<\/p>\n\n\n\n<h2 class=\"wp-block-heading\">NOTRE CABINET DE TRADUCTION<\/h2>\n\n\n\n<p>Vous \u00eates \u00e0 la recherche d\u2019un traducteur commercial tch\u00e8que ? Ne cherchez plus, <a href=\"https:\/\/culturesconnection.com\/fr\/\">notre agence de traduction<\/a> est la r\u00e9ponse \u00e0 vos besoins ! Nous mettons \u00e0 votre disposition notre vaste r\u00e9seau de traducteurs professionnels extr\u00eamement exp\u00e9riment\u00e9s et en qui nous avons enti\u00e8rement confiance pour fournir un rendu final de qualit\u00e9. Tous nos collaborateurs sont chevronn\u00e9s et tr\u00e8s qualifi\u00e9s dans le secteur commercial, c\u2019est \u00e0 dire, qu\u2019ils ont, pour la plupart, exerc\u00e9 une profession dans ce domaine, ce qui leur conf\u00e8re le rang d\u2019experts. Le fran\u00e7ais et le tch\u00e8que n\u2019ont bien entendu plus aucun secret pour eux et, afin de suivre la r\u00e8gle de base en traduction, tous nos traducteurs travaillent uniquement vers leur langue maternelle. Faites donc confiance \u00e0 Cultures Connection et \u00e0 nos services de traduction de qualit\u00e9.<\/p>\n\n\n\n<h2 class=\"wp-block-heading\">VOS DOCUMENTS COMMERCIAUX EN TCH\u00c8QUE<\/h2>\n\n\n\n<p>Cultures Connection vous propose ses services de traduction commerciale pour de nombreux types de documents. La liste qui suit reprend quelques exemples de projets&nbsp;en tch\u00e8que que notre agence a d\u00e9j\u00e0 traduits&nbsp; :<\/p>\n\n\n\n<ul class=\"wp-block-list\">\n<li>Publicit\u00e9s<\/li>\n\n\n\n<li>Livres blancs<\/li>\n\n\n\n<li>Lettres d\u2019informations commerciales<\/li>\n\n\n\n<li>Plaquettes<\/li>\n\n\n\n<li>Cartes de visite<\/li>\n\n\n\n<li>Brochures<\/li>\n\n\n\n<li>Communiqu\u00e9s<\/li>\n\n\n\n<li>Campagnes<\/li>\n\n\n\n<li>Supports publicitaires<\/li>\n\n\n\n<li>\u00c9tudes de march\u00e9<\/li>\n\n\n\n<li>Catalogues<\/li>\n\n\n\n<li>Sites web<\/li>\n\n\n\n<li>Pr\u00e9sentations<\/li>\n<\/ul>\n","protected":false},"excerpt":{"rendered":"<p>LA TRADUCTION COMMERCIALE TCH\u00c8QUE &#8211; FRAN\u00c7AIS, UN D\u00c9FI LINGUISTIQUE ET CULTUREL La traduction commerciale est un moment cl\u00e9 de votre d\u00e9veloppement vers l\u2019international. Si vous [&#8230;]<\/p>\n<p><a class=\"btn btn-secondary understrap-read-more-link\" href=\"https:\/\/culturesconnection.com\/fr\/services-de-traduction-tcheque\/traduction-commerciale-tcheque\/\">Lire la suite\u2026<span class=\"screen-reader-text\"> from Agence de traduction commerciale en tch\u00e8que<\/span><\/a><\/p>\n","protected":false},"author":42,"featured_media":24329,"parent":6600,"menu_order":0,"comment_status":"closed","ping_status":"closed","template":"","meta":{"_acf_changed":false,"_editorskit_title_hidden":false,"_editorskit_reading_time":1,"_editorskit_is_block_options_detached":false,"_editorskit_block_options_position":"{}","footnotes":""},"class_list":["post-10699","page","type-page","status-publish","has-post-thumbnail","hentry"],"acf":[],"_links":{"self":[{"href":"https:\/\/culturesconnection.com\/fr\/wp-json\/wp\/v2\/pages\/10699","targetHints":{"allow":["GET"]}}],"collection":[{"href":"https:\/\/culturesconnection.com\/fr\/wp-json\/wp\/v2\/pages"}],"about":[{"href":"https:\/\/culturesconnection.com\/fr\/wp-json\/wp\/v2\/types\/page"}],"author":[{"embeddable":true,"href":"https:\/\/culturesconnection.com\/fr\/wp-json\/wp\/v2\/users\/42"}],"replies":[{"embeddable":true,"href":"https:\/\/culturesconnection.com\/fr\/wp-json\/wp\/v2\/comments?post=10699"}],"version-history":[{"count":0,"href":"https:\/\/culturesconnection.com\/fr\/wp-json\/wp\/v2\/pages\/10699\/revisions"}],"up":[{"embeddable":true,"href":"https:\/\/culturesconnection.com\/fr\/wp-json\/wp\/v2\/pages\/6600"}],"wp:featuredmedia":[{"embeddable":true,"href":"https:\/\/culturesconnection.com\/fr\/wp-json\/wp\/v2\/media\/24329"}],"wp:attachment":[{"href":"https:\/\/culturesconnection.com\/fr\/wp-json\/wp\/v2\/media?parent=10699"}],"curies":[{"name":"wp","href":"https:\/\/api.w.org\/{rel}","templated":true}]}}