{"id":10668,"date":"2018-10-30T00:49:36","date_gmt":"2018-10-29T23:49:36","guid":{"rendered":"http:\/\/culturesconnection.com\/?page_id=10668"},"modified":"2022-12-01T15:53:46","modified_gmt":"2022-12-01T14:53:46","slug":"traduction-technique-polonais","status":"publish","type":"page","link":"https:\/\/culturesconnection.com\/fr\/service-de-traduction-polonais\/traduction-technique-polonais\/","title":{"rendered":"Agence de traduction technique en polonais"},"content":{"rendered":"\n<h2 class=\"wp-block-heading\">Traduction technique polonais-fran\u00e7ais\u00a0: une terminologie primordiale<\/h2>\n\n\n\n<p>\u00c0 l\u2019instar de beaucoup d\u2019autres domaines, <a href=\"https:\/\/culturesconnection.com\/fr\/traduction-technique\/\">la traduction technique<\/a> est caract\u00e9ris\u00e9e par une terminologie extr\u00eamement complexe qu\u2019il faut absolument ma\u00eetriser sur le bout des doigts pour \u00eatre capable de r\u00e9aliser une traduction de qualit\u00e9. Ajoutez \u00e0 cela le fait que le traducteur en charge de traduire le document doit tout comprendre pour rendre un produit final pr\u00e9cis, c\u2019est \u00e0 dire qu\u2019il doit par exemple comprendre le fonctionnement du produit pour pouvoir traduire sa notice d\u2019utilisation, il est par cons\u00e9quent essentiel de faire appel \u00e0 un traducteur professionnel sp\u00e9cialis\u00e9 dans le domaine.<\/p>\n\n\n\n<h2 class=\"wp-block-heading\">Notre service de traduction technique<\/h2>\n\n\n\n<p><a href=\"https:\/\/culturesconnection.com\/fr\/\">Notre agence de traduction<\/a> est sp\u00e9cialis\u00e9e dans la traduction technique depuis longtemps d\u00e9j\u00e0 et compte parmi ses \u00e9quipes de nombreux traducteurs experts dans ce domaine. Chez Cultures Connection, nous sommes conscients que la terminologie est primordiale dans le secteur technique, c\u2019est la raison pour laquelle nous ne travaillons qu\u2019avec des traducteurs de confiance, dont les valeurs fondamentales sont la pr\u00e9cision et la fiabilit\u00e9. Ils proviennent, pour la plupart, du milieu professionnel et ont donc acquis de nombreuses connaissances et comp\u00e9tences sur le terrain. Que votre projet traite de l\u2019a\u00e9ronautique, des nanotechnologies ou encore de l\u2019informatique, nous vous garantissons de trouver le traducteur le plus comp\u00e9tent et le plus adapt\u00e9 \u00e0 votre demande. Gardez bien \u00e0 l\u2019esprit que votre public est avant tout compos\u00e9 de sp\u00e9cialistes qui ma\u00eetrisent \u00e9galement les termes dans leur langue maternelle et qui en ont besoin de leur m\u00e9tier au quotidien. Confiez donc vos documents techniques en polonais \u00e0 nos experts : ils vous fourniront des services de traduction d\u2019une tr\u00e8s grande qualit\u00e9 et d\u2019une tr\u00e8s grande clart\u00e9.<\/p>\n\n\n\n<h2 class=\"wp-block-heading\">Nos documents techniques en polonais<\/h2>\n\n\n\n<p>Dans la liste qui suit, figurent de nombreux exemples de traductions techniques professionnelles que notre agence r\u00e9alise depuis et vers le polonais :<\/p>\n\n\n\n<ul class=\"wp-block-list\"><li>Devis<\/li><li>Textes d\u2019ing\u00e9nierie<\/li><li>Modes d\u2019emploi de machines-outils (ou d\u2019autres types de machines)<\/li><li>Descriptifs et fiches techniques<\/li><li>Normes<\/li><li>Cahiers des charges<\/li><li>Brevets techniques<\/li><li>Notices techniques<\/li><li>Modes d\u2019emploi<\/li><li>Guides d\u2019utilisateurs<\/li><\/ul>\n","protected":false},"excerpt":{"rendered":"<p>Traduction technique polonais-fran\u00e7ais\u00a0: une terminologie primordiale \u00c0 l\u2019instar de beaucoup d\u2019autres domaines, la traduction technique est caract\u00e9ris\u00e9e par une terminologie extr\u00eamement complexe qu\u2019il faut absolument [&#8230;]<\/p>\n<p><a class=\"btn btn-secondary understrap-read-more-link\" href=\"https:\/\/culturesconnection.com\/fr\/service-de-traduction-polonais\/traduction-technique-polonais\/\">Lire la suite\u2026<span class=\"screen-reader-text\"> from Agence de traduction technique en polonais<\/span><\/a><\/p>\n","protected":false},"author":42,"featured_media":24329,"parent":6562,"menu_order":0,"comment_status":"closed","ping_status":"closed","template":"","meta":{"_acf_changed":false,"_editorskit_title_hidden":false,"_editorskit_reading_time":1,"_editorskit_is_block_options_detached":false,"_editorskit_block_options_position":"{}","footnotes":""},"class_list":["post-10668","page","type-page","status-publish","has-post-thumbnail","hentry"],"acf":[],"_links":{"self":[{"href":"https:\/\/culturesconnection.com\/fr\/wp-json\/wp\/v2\/pages\/10668","targetHints":{"allow":["GET"]}}],"collection":[{"href":"https:\/\/culturesconnection.com\/fr\/wp-json\/wp\/v2\/pages"}],"about":[{"href":"https:\/\/culturesconnection.com\/fr\/wp-json\/wp\/v2\/types\/page"}],"author":[{"embeddable":true,"href":"https:\/\/culturesconnection.com\/fr\/wp-json\/wp\/v2\/users\/42"}],"replies":[{"embeddable":true,"href":"https:\/\/culturesconnection.com\/fr\/wp-json\/wp\/v2\/comments?post=10668"}],"version-history":[{"count":0,"href":"https:\/\/culturesconnection.com\/fr\/wp-json\/wp\/v2\/pages\/10668\/revisions"}],"up":[{"embeddable":true,"href":"https:\/\/culturesconnection.com\/fr\/wp-json\/wp\/v2\/pages\/6562"}],"wp:featuredmedia":[{"embeddable":true,"href":"https:\/\/culturesconnection.com\/fr\/wp-json\/wp\/v2\/media\/24329"}],"wp:attachment":[{"href":"https:\/\/culturesconnection.com\/fr\/wp-json\/wp\/v2\/media?parent=10668"}],"curies":[{"name":"wp","href":"https:\/\/api.w.org\/{rel}","templated":true}]}}