{"id":10619,"date":"2018-10-30T00:48:25","date_gmt":"2018-10-29T23:48:25","guid":{"rendered":"http:\/\/culturesconnection.com\/?page_id=10619"},"modified":"2022-12-01T15:59:50","modified_gmt":"2022-12-01T14:59:50","slug":"traduction-medicale-polonais","status":"publish","type":"page","link":"https:\/\/culturesconnection.com\/fr\/service-de-traduction-polonais\/traduction-medicale-polonais\/","title":{"rendered":"Agence de traduction m\u00e9dicale en polonais"},"content":{"rendered":"\n<h2 class=\"wp-block-heading\">LA TRADUCTION M\u00c9DICALE POLONAIS-FRAN\u00c7AIS<\/h2>\n\n\n\n<p>La terminologie employ\u00e9e dans le domaine m\u00e9dical est une terminologie tr\u00e8s pointue et tr\u00e8s pr\u00e9cise. Vous ne pouvez donc pas confier vos documents \u00e0 traduire \u00e0 n\u2019importe qui. <a href=\"https:\/\/culturesconnection.com\/fr\/traduction-medicale\/\">La traduction m\u00e9dicale<\/a> requiert de nombreuses comp\u00e9tences et connaissances dont seul un traducteur sp\u00e9cialis\u00e9 dans ce domaine dispose. Celui-ci ma\u00eetrise parfaitement les termes et les notions utilis\u00e9s dans ce domaine et saura tout \u00e0 fait vous fournir des services de traduction de haute qualit\u00e9.<\/p>\n\n\n\n<h2 class=\"wp-block-heading\">VOUS RECHERCHEZ UN TRADUCTEUR M\u00c9DICAL ?<\/h2>\n\n\n\n<p>Vous \u00eates \u00e0 la recherche d\u2019un traducteur m\u00e9dical fran\u00e7ais-polonais ? Et vous ne savez pas qui engager pour votre projet ? Ne cherchez plus ! Cultures Connection est l\u2019agence de traduction dont vous avez besoin. Nous vous proposons les services de traducteurs hautement qualifi\u00e9s et exp\u00e9riment\u00e9s dans le milieu m\u00e9dical qui connaissent totalement le jargon utilis\u00e9. Ils travaillent depuis longtemps avec notre agence et ont su montrer beaucoup de professionnalisme et de rigueur \u00e0 chaque fois que nous avons fait appel \u00e0 eux. Leur s\u00e9lection s\u2019est op\u00e9r\u00e9e sur la base de leurs dipl\u00f4mes et de leurs qualifications dans le secteur mais aussi de leur exp\u00e9rience. Leurs langues de travail n\u2019ont plus de secrets pour eux. Chez Cultures Connection, nous vous livrons donc des services de traduction d\u2019une qualit\u00e9 et d\u2019une pr\u00e9cision irr\u00e9prochables. Contactez <a href=\"https:\/\/culturesconnection.com\/fr\/\">notre agence<\/a> pour obtenir toutes les informations utiles !<\/p>\n\n\n\n<h2 class=\"wp-block-heading\">VOS DOCUMENTS M\u00c9DICAUX EN POLONAIS<\/h2>\n\n\n\n<p>La liste ci-dessous \u00e9num\u00e8re des exemples de documents m\u00e9dicaux que nos \u00e9quipes prennent r\u00e9guli\u00e8rement en charge&nbsp; :<\/p>\n\n\n\n<ul class=\"wp-block-list\"><li>Revues<\/li><li>Rapports de conf\u00e9rence<\/li><li>Publications<\/li><li>Projets et comptes rendus de recherche<\/li><li>R\u00e9sultats d\u2019\u00e9tudes et \u00e9tats de nouvelles recherches<\/li><li>Ouvrages de vulgarisation<\/li><li>Rapports d\u2019essais<\/li><li>Questionnaires<\/li><li>Notices<\/li><li>Posologies de nouveaux produits<\/li><li>R\u00e9sultats d\u2019essais cliniques<\/li><li>R\u00e9glementations pharmaceutiques<\/li><li>Rapports d\u2019expertise m\u00e9dicale<\/li><\/ul>\n","protected":false},"excerpt":{"rendered":"<p>LA TRADUCTION M\u00c9DICALE POLONAIS-FRAN\u00c7AIS La terminologie employ\u00e9e dans le domaine m\u00e9dical est une terminologie tr\u00e8s pointue et tr\u00e8s pr\u00e9cise. Vous ne pouvez donc pas confier [&#8230;]<\/p>\n<p><a class=\"btn btn-secondary understrap-read-more-link\" href=\"https:\/\/culturesconnection.com\/fr\/service-de-traduction-polonais\/traduction-medicale-polonais\/\">Lire la suite\u2026<span class=\"screen-reader-text\"> from Agence de traduction m\u00e9dicale en polonais<\/span><\/a><\/p>\n","protected":false},"author":42,"featured_media":24329,"parent":6562,"menu_order":0,"comment_status":"closed","ping_status":"closed","template":"","meta":{"_acf_changed":false,"_editorskit_title_hidden":false,"_editorskit_reading_time":1,"_editorskit_is_block_options_detached":false,"_editorskit_block_options_position":"{}","footnotes":""},"class_list":["post-10619","page","type-page","status-publish","has-post-thumbnail","hentry"],"acf":[],"_links":{"self":[{"href":"https:\/\/culturesconnection.com\/fr\/wp-json\/wp\/v2\/pages\/10619","targetHints":{"allow":["GET"]}}],"collection":[{"href":"https:\/\/culturesconnection.com\/fr\/wp-json\/wp\/v2\/pages"}],"about":[{"href":"https:\/\/culturesconnection.com\/fr\/wp-json\/wp\/v2\/types\/page"}],"author":[{"embeddable":true,"href":"https:\/\/culturesconnection.com\/fr\/wp-json\/wp\/v2\/users\/42"}],"replies":[{"embeddable":true,"href":"https:\/\/culturesconnection.com\/fr\/wp-json\/wp\/v2\/comments?post=10619"}],"version-history":[{"count":0,"href":"https:\/\/culturesconnection.com\/fr\/wp-json\/wp\/v2\/pages\/10619\/revisions"}],"up":[{"embeddable":true,"href":"https:\/\/culturesconnection.com\/fr\/wp-json\/wp\/v2\/pages\/6562"}],"wp:featuredmedia":[{"embeddable":true,"href":"https:\/\/culturesconnection.com\/fr\/wp-json\/wp\/v2\/media\/24329"}],"wp:attachment":[{"href":"https:\/\/culturesconnection.com\/fr\/wp-json\/wp\/v2\/media?parent=10619"}],"curies":[{"name":"wp","href":"https:\/\/api.w.org\/{rel}","templated":true}]}}