{"id":10597,"date":"2018-10-30T01:06:13","date_gmt":"2018-10-30T00:06:13","guid":{"rendered":"http:\/\/culturesconnection.com\/?page_id=10597"},"modified":"2022-12-07T11:20:03","modified_gmt":"2022-12-07T10:20:03","slug":"traduction-de-jeux-video-en-norvegien","status":"publish","type":"page","link":"https:\/\/culturesconnection.com\/fr\/services-de-traduction-norvegien\/traduction-de-jeux-video-en-norvegien\/","title":{"rendered":"Agence de traduction de jeux vid\u00e9o en norv\u00e9gien"},"content":{"rendered":"\n<h2 class=\"wp-block-heading\">TRADUCTION DE JEUX VID\u00c9O EN NORV\u00c9GIEN : FAVORISEZ LEUR DIFFUSION \u00c0 L\u2019\u00c9TRANGER<\/h2>\n\n\n\n<p>Si vous souhaitez diffuser votre jeu vid\u00e9o sur un nouveau march\u00e9, en Norv\u00e8ge par exemple, vous devez absolument le faire localiser. Cela signifie que vous devez faire appel \u00e0 un traducteur sp\u00e9cialis\u00e9 dans ce domaine qui aura pour mission de traduire votre cr\u00e9ation tout en l\u2019adaptant au public cibl\u00e9. L\u2019aspect culturel est fondamental et doit toujours \u00eatre pris en compte dans ce type de travail. Le traducteur doit donc allier connaissances techniques et connaissances culturelles et linguistiques approfondies dans ses langues de travail.<\/p>\n\n\n\n<h2 class=\"wp-block-heading\">LA LOCALISATION DE VOS JEUX VID\u00c9O EN NORV\u00c9GIEN<\/h2>\n\n\n\n<p><a href=\"https:\/\/culturesconnection.com\/fr\/\">Notre agence de traduction<\/a> travaille en \u00e9troite collaboration avec de nombreux traducteurs experts dans la traduction de jeux vid\u00e9o en fran\u00e7ais &#8211; norv\u00e9gien et en norv\u00e9gien &#8211; fran\u00e7ais. La plupart d\u2019entre eux sont des joueurs inv\u00e9t\u00e9r\u00e9s, passionn\u00e9s par le gaming et tout l\u2019univers des jeux vid\u00e9o, qui ont appris les nombreuses techniques de traduction dans ce secteur. Ils disposent de connaissances approfondies sur les cultures de leurs langues de travail, ce qui les aide \u00e0 \u00e9viter toute erreur de traduction qui pourrait entraver la compr\u00e9hension de vos joueurs. Trop de jeux vid\u00e9o sont aujourd\u2019hui connus pour leurs erreurs de traduction plut\u00f4t que pour leur qualit\u00e9. Ne faites pas cette erreur et confiez-nous vos projets d\u00e8s maintenant !<\/p>\n\n\n\n<h2 class=\"wp-block-heading\">NOS SERVICES DE TRADUCTION DE JEUX VID\u00c9O EN NORV\u00c9GIEN<\/h2>\n\n\n\n<p>Cultures Connection propose de nombreux services de traduction et de <a href=\"https:\/\/culturesconnection.com\/fr\/traduction-localisation-jeux-video\/\">localisation de jeux vid\u00e9o<\/a>. En voici quelques exemples d\u00e9j\u00e0 r\u00e9alis\u00e9s en norv\u00e9gien :<\/p>\n\n\n\n<ul class=\"wp-block-list\"><li>Traduction de jeux vid\u00e9o<\/li><li>Localisation de jeux vid\u00e9o<\/li><li>Gestion de projet<\/li><li>Sous-titrage<\/li><li>Enregistrement et doublage<\/li><li>Contr\u00f4le qualit\u00e9<\/li><\/ul>\n","protected":false},"excerpt":{"rendered":"<p>TRADUCTION DE JEUX VID\u00c9O EN NORV\u00c9GIEN : FAVORISEZ LEUR DIFFUSION \u00c0 L\u2019\u00c9TRANGER Si vous souhaitez diffuser votre jeu vid\u00e9o sur un nouveau march\u00e9, en Norv\u00e8ge [&#8230;]<\/p>\n<p><a class=\"btn btn-secondary understrap-read-more-link\" href=\"https:\/\/culturesconnection.com\/fr\/services-de-traduction-norvegien\/traduction-de-jeux-video-en-norvegien\/\">Lire la suite\u2026<span class=\"screen-reader-text\"> from Agence de traduction de jeux vid\u00e9o en norv\u00e9gien<\/span><\/a><\/p>\n","protected":false},"author":42,"featured_media":24329,"parent":6583,"menu_order":0,"comment_status":"closed","ping_status":"closed","template":"","meta":{"_acf_changed":false,"_editorskit_title_hidden":false,"_editorskit_reading_time":1,"_editorskit_is_block_options_detached":false,"_editorskit_block_options_position":"{}","footnotes":""},"class_list":["post-10597","page","type-page","status-publish","has-post-thumbnail","hentry"],"acf":[],"_links":{"self":[{"href":"https:\/\/culturesconnection.com\/fr\/wp-json\/wp\/v2\/pages\/10597","targetHints":{"allow":["GET"]}}],"collection":[{"href":"https:\/\/culturesconnection.com\/fr\/wp-json\/wp\/v2\/pages"}],"about":[{"href":"https:\/\/culturesconnection.com\/fr\/wp-json\/wp\/v2\/types\/page"}],"author":[{"embeddable":true,"href":"https:\/\/culturesconnection.com\/fr\/wp-json\/wp\/v2\/users\/42"}],"replies":[{"embeddable":true,"href":"https:\/\/culturesconnection.com\/fr\/wp-json\/wp\/v2\/comments?post=10597"}],"version-history":[{"count":0,"href":"https:\/\/culturesconnection.com\/fr\/wp-json\/wp\/v2\/pages\/10597\/revisions"}],"up":[{"embeddable":true,"href":"https:\/\/culturesconnection.com\/fr\/wp-json\/wp\/v2\/pages\/6583"}],"wp:featuredmedia":[{"embeddable":true,"href":"https:\/\/culturesconnection.com\/fr\/wp-json\/wp\/v2\/media\/24329"}],"wp:attachment":[{"href":"https:\/\/culturesconnection.com\/fr\/wp-json\/wp\/v2\/media?parent=10597"}],"curies":[{"name":"wp","href":"https:\/\/api.w.org\/{rel}","templated":true}]}}