{"id":10593,"date":"2018-10-30T01:05:21","date_gmt":"2018-10-30T00:05:21","guid":{"rendered":"http:\/\/culturesconnection.com\/?page_id=10593"},"modified":"2022-12-07T10:55:06","modified_gmt":"2022-12-07T09:55:06","slug":"traduction-de-site-web-en-norvegien","status":"publish","type":"page","link":"https:\/\/culturesconnection.com\/fr\/services-de-traduction-norvegien\/traduction-de-site-web-en-norvegien\/","title":{"rendered":"Agence de traduction de site web en norv\u00e9gien"},"content":{"rendered":"\n<h2 class=\"wp-block-heading\">TRADUCTION DE SITE WEB EN NORV\u00c9GIEN<\/h2>\n\n\n\n<p>La traduction de votre site internet est une \u00e9tape essentielle si vous souhaitez \u00e9tendre votre offre de services \u00e0 l\u2019international. Cependant de nombreux aspects sont \u00e0 prendre en compte, c\u2019est la raison pour laquelle, vous devez confier cette t\u00e2che \u00e0 un professionnel de la traduction, qui dispose d\u2019exp\u00e9rience et qui ait l\u2019habitude de ce type de travail. Le traducteur doit prendre en compte la culture du pays de la langue cible pour adapter le site web, au niveau des mots, mais aussi au niveau des couleurs et de la mise en page pour \u00e9viter tout probl\u00e8me de compr\u00e9hension ou des malentendus par la suite.<\/p>\n\n\n\n<h2 class=\"wp-block-heading\">NOS SERVICES DE TRADUCTION DE SITES INTERNET<\/h2>\n\n\n\n<p>Chez Cultures Connection, nous sommes conscients que votre site internet a une importance capitale pour votre entreprise. En effet, il s\u2019agit de la premi\u00e8re image que verra vos futurs clients et si sa traduction est mauvaise, les cons\u00e9quences peuvent \u00eatre terribles pour votre chiffre d\u2019affaires, par exemple. Ne passez pas \u00e0 c\u00f4t\u00e9 de ce processus d\u00e9terminant et confiez cette t\u00e2che \u00e0 <a href=\"https:\/\/culturesconnection.com\/fr\/\">notre agence de traduction<\/a>. Nous ne travaillons qu\u2019avec des traducteurs experts dans ce domaine qui justifient d\u2019une grande exp\u00e9rience dans leur profession. Ceci leur permet de mener \u00e0 bien tous les projets que nous leur remettons et de vous fournir des services de traduction d\u2019une tr\u00e8s grande qualit\u00e9.<\/p>\n\n\n\n<h2 class=\"wp-block-heading\">VOTRE SITE WEB EN NORV\u00c9GIEN<\/h2>\n\n\n\n<p>L\u2019offre de services dans le domaine de<a href=\"https:\/\/culturesconnection.com\/fr\/traduction-site-internet\/\"> la traduction de site web<\/a> est large. Voici une liste de quelques exemples de projets\u00a0en norv\u00e9gien d\u00e9j\u00e0 pris en charge par l&rsquo;\u00e9quipe de Cultures Connection :<\/p>\n\n\n\n<ul class=\"wp-block-list\"><li>Contenus web, blogs<\/li><li>Sites e-commerce<\/li><li>Applications mobiles<\/li><li>Plateformes marchandes<\/li><li>Fiches produits<\/li><\/ul>\n","protected":false},"excerpt":{"rendered":"<p>TRADUCTION DE SITE WEB EN NORV\u00c9GIEN La traduction de votre site internet est une \u00e9tape essentielle si vous souhaitez \u00e9tendre votre offre de services \u00e0 [&#8230;]<\/p>\n<p><a class=\"btn btn-secondary understrap-read-more-link\" href=\"https:\/\/culturesconnection.com\/fr\/services-de-traduction-norvegien\/traduction-de-site-web-en-norvegien\/\">Lire la suite\u2026<span class=\"screen-reader-text\"> from Agence de traduction de site web en norv\u00e9gien<\/span><\/a><\/p>\n","protected":false},"author":42,"featured_media":24329,"parent":6583,"menu_order":0,"comment_status":"closed","ping_status":"closed","template":"","meta":{"_acf_changed":false,"_editorskit_title_hidden":false,"_editorskit_reading_time":1,"_editorskit_is_block_options_detached":false,"_editorskit_block_options_position":"{}","footnotes":""},"class_list":["post-10593","page","type-page","status-publish","has-post-thumbnail","hentry"],"acf":[],"_links":{"self":[{"href":"https:\/\/culturesconnection.com\/fr\/wp-json\/wp\/v2\/pages\/10593","targetHints":{"allow":["GET"]}}],"collection":[{"href":"https:\/\/culturesconnection.com\/fr\/wp-json\/wp\/v2\/pages"}],"about":[{"href":"https:\/\/culturesconnection.com\/fr\/wp-json\/wp\/v2\/types\/page"}],"author":[{"embeddable":true,"href":"https:\/\/culturesconnection.com\/fr\/wp-json\/wp\/v2\/users\/42"}],"replies":[{"embeddable":true,"href":"https:\/\/culturesconnection.com\/fr\/wp-json\/wp\/v2\/comments?post=10593"}],"version-history":[{"count":0,"href":"https:\/\/culturesconnection.com\/fr\/wp-json\/wp\/v2\/pages\/10593\/revisions"}],"up":[{"embeddable":true,"href":"https:\/\/culturesconnection.com\/fr\/wp-json\/wp\/v2\/pages\/6583"}],"wp:featuredmedia":[{"embeddable":true,"href":"https:\/\/culturesconnection.com\/fr\/wp-json\/wp\/v2\/media\/24329"}],"wp:attachment":[{"href":"https:\/\/culturesconnection.com\/fr\/wp-json\/wp\/v2\/media?parent=10593"}],"curies":[{"name":"wp","href":"https:\/\/api.w.org\/{rel}","templated":true}]}}