{"id":10590,"date":"2018-10-30T01:03:09","date_gmt":"2018-10-30T00:03:09","guid":{"rendered":"http:\/\/culturesconnection.com\/?page_id=10590"},"modified":"2022-12-07T10:36:28","modified_gmt":"2022-12-07T09:36:28","slug":"traduction-technique-norvegien","status":"publish","type":"page","link":"https:\/\/culturesconnection.com\/fr\/services-de-traduction-norvegien\/traduction-technique-norvegien\/","title":{"rendered":"Agence de traduction technique en norv\u00e9gien"},"content":{"rendered":"\n<h2 class=\"wp-block-heading\">TRADUCTION TECHNIQUE NORV\u00c9GIEN-FRAN\u00c7AIS<\/h2>\n\n\n\n<p><a href=\"https:\/\/culturesconnection.com\/fr\/traduction-technique\/\">La traduction technique<\/a> est un exercice particuli\u00e8rement difficile \u00e0 r\u00e9aliser, caract\u00e9ris\u00e9e par une terminologie et des notions tr\u00e8s complexes. Si vous disposez d\u2019un document technique et que vous souhaitez le faire traduire, vous avez l\u2019obligation de le confier \u00e0 un professionnel de la traduction qui soit sp\u00e9cialis\u00e9 dans ce secteur, si vous voulez \u00eatre certain de la qualit\u00e9 du produit final. Le traducteur doit conna\u00eetre parfaitement la terminologie employ\u00e9e mais surtout, il doit comprendre tout ce qu\u2019il traduit. Par exemple, pour la traduction d\u2019une notice d\u2019utilisation, le traducteur doit s\u2019assurer qu\u2019il comprenne lui-m\u00eame tous les d\u00e9tails du produit pour \u00eatre capable de traduire le texte source de fa\u00e7on appropri\u00e9e.<\/p>\n\n\n\n<h2 class=\"wp-block-heading\">NOTRE AGENCE DE TRADUCTION TECHNIQUE<\/h2>\n\n\n\n<p><a href=\"https:\/\/culturesconnection.com\/fr\/\">Notre agence de traduction<\/a> met un point d\u2019honneur \u00e0 vous fournir des services de traduction de qualit\u00e9 et aux meilleurs prix. Au travers de nombreux collaborateurs hautement qualifi\u00e9s, Cultures Connection est fi\u00e8re de pouvoir vous fournir une pr\u00e9cision irr\u00e9prochable et une grande fiabilit\u00e9 dans le domaine de la traduction technique. Nos traducteurs techniques sont sp\u00e9cialis\u00e9s dans leur secteur depuis longtemps, ce qui leur conf\u00e8re une exp\u00e9rience notable dans le milieu. Ils ma\u00eetrisent parfaitement la terminologie utilis\u00e9e et bien \u00e9videmment, ils ma\u00eetrisent parfaitement leurs langues de travail, telles que le fran\u00e7ais et le norv\u00e9gien par exemple. Faites le choix de la s\u00e9curit\u00e9 et de la fiabilit\u00e9, confiez vos documents techniques en norv\u00e9gien \u00e0 nos \u00e9quipes d\u2019experts !<\/p>\n\n\n\n<h2 class=\"wp-block-heading\">VOS DOCUMENTS TECHNIQUES TRADUITS EN NORV\u00c9GIEN<\/h2>\n\n\n\n<p>De par la diversit\u00e9 des documents et contenus dans le domaine technique, Cultures Connection vous propose un large \u00e9ventail de services de traduction en norv\u00e9gien :<\/p>\n\n\n\n<ul class=\"wp-block-list\"><li>Devis<\/li><li>Textes d\u2019ing\u00e9nierie<\/li><li>Modes d\u2019emploi de machines-outils (ou d\u2019autres types de machines)<\/li><li>Descriptifs et fiches techniques<\/li><li>Normes<\/li><li>Cahiers des charges<\/li><li>Brevets techniques<\/li><li>Notices techniques<\/li><li>Modes d\u2019emploi<\/li><li>Guides d\u2019utilisateurs<\/li><\/ul>\n","protected":false},"excerpt":{"rendered":"<p>TRADUCTION TECHNIQUE NORV\u00c9GIEN-FRAN\u00c7AIS La traduction technique est un exercice particuli\u00e8rement difficile \u00e0 r\u00e9aliser, caract\u00e9ris\u00e9e par une terminologie et des notions tr\u00e8s complexes. Si vous disposez [&#8230;]<\/p>\n<p><a class=\"btn btn-secondary understrap-read-more-link\" href=\"https:\/\/culturesconnection.com\/fr\/services-de-traduction-norvegien\/traduction-technique-norvegien\/\">Lire la suite\u2026<span class=\"screen-reader-text\"> from Agence de traduction technique en norv\u00e9gien<\/span><\/a><\/p>\n","protected":false},"author":42,"featured_media":24329,"parent":6583,"menu_order":0,"comment_status":"closed","ping_status":"closed","template":"","meta":{"_acf_changed":false,"_editorskit_title_hidden":false,"_editorskit_reading_time":1,"_editorskit_is_block_options_detached":false,"_editorskit_block_options_position":"{}","footnotes":""},"class_list":["post-10590","page","type-page","status-publish","has-post-thumbnail","hentry"],"acf":[],"yoast_head":"<!-- This site is optimized with the Yoast SEO Premium plugin v23.4 (Yoast SEO v27.3) - https:\/\/yoast.com\/product\/yoast-seo-premium-wordpress\/ -->\n<title>Services de traduction technique norv\u00e9gien<\/title>\n<meta name=\"description\" content=\"Vous avez besoin d\u2019une traduction technique norv\u00e9gien-fran\u00e7ais ? Cultures Connection se charge de votre projet. Demandez votre devis gratuit ici.\" \/>\n<meta name=\"robots\" content=\"index, follow, max-snippet:-1, max-image-preview:large, max-video-preview:-1\" \/>\n<link rel=\"canonical\" href=\"https:\/\/culturesconnection.com\/fr\/services-de-traduction-norvegien\/traduction-technique-norvegien\/\" \/>\n<meta property=\"og:locale\" content=\"fr_FR\" \/>\n<meta property=\"og:type\" content=\"article\" \/>\n<meta property=\"og:title\" content=\"Agence de traduction technique en norv\u00e9gien\" \/>\n<meta property=\"og:description\" content=\"Vous avez besoin d\u2019une traduction technique norv\u00e9gien-fran\u00e7ais ? Cultures Connection se charge de votre projet. Demandez votre devis gratuit ici.\" \/>\n<meta property=\"og:url\" content=\"https:\/\/culturesconnection.com\/fr\/services-de-traduction-norvegien\/traduction-technique-norvegien\/\" \/>\n<meta property=\"og:site_name\" content=\"Cultures Connection\" \/>\n<meta property=\"article:publisher\" content=\"https:\/\/www.facebook.com\/CulturesConnection\" \/>\n<meta property=\"article:modified_time\" content=\"2022-12-07T09:36:28+00:00\" \/>\n<meta property=\"og:image\" content=\"https:\/\/culturesconnection.com\/wp-content\/uploads\/2020\/09\/P\u00e1gina_Subservicios_de_traducci\u00f3n_por_idioma.png\" \/>\n\t<meta property=\"og:image:width\" content=\"1417\" \/>\n\t<meta property=\"og:image:height\" content=\"561\" \/>\n\t<meta property=\"og:image:type\" content=\"image\/png\" \/>\n<meta name=\"twitter:card\" content=\"summary_large_image\" \/>\n<meta name=\"twitter:site\" content=\"@CulturesCo_\" \/>\n<meta name=\"twitter:label1\" content=\"Dur\u00e9e de lecture estim\u00e9e\" \/>\n\t<meta name=\"twitter:data1\" content=\"2 minutes\" \/>\n<script type=\"application\/ld+json\" class=\"yoast-schema-graph\">{\"@context\":\"https:\\\/\\\/schema.org\",\"@graph\":[{\"@type\":\"WebPage\",\"@id\":\"https:\\\/\\\/culturesconnection.com\\\/fr\\\/services-de-traduction-norvegien\\\/traduction-technique-norvegien\\\/\",\"url\":\"https:\\\/\\\/culturesconnection.com\\\/fr\\\/services-de-traduction-norvegien\\\/traduction-technique-norvegien\\\/\",\"name\":\"Services de traduction technique norv\u00e9gien\",\"isPartOf\":{\"@id\":\"https:\\\/\\\/culturesconnection.com\\\/fr\\\/#website\"},\"primaryImageOfPage\":{\"@id\":\"https:\\\/\\\/culturesconnection.com\\\/fr\\\/services-de-traduction-norvegien\\\/traduction-technique-norvegien\\\/#primaryimage\"},\"image\":{\"@id\":\"https:\\\/\\\/culturesconnection.com\\\/fr\\\/services-de-traduction-norvegien\\\/traduction-technique-norvegien\\\/#primaryimage\"},\"thumbnailUrl\":\"https:\\\/\\\/culturesconnection.com\\\/wp-content\\\/uploads\\\/2020\\\/09\\\/P\u00e1gina_Subservicios_de_traducci\u00f3n_por_idioma.png\",\"datePublished\":\"2018-10-30T00:03:09+00:00\",\"dateModified\":\"2022-12-07T09:36:28+00:00\",\"description\":\"Vous avez besoin d\u2019une traduction technique norv\u00e9gien-fran\u00e7ais ? Cultures Connection se charge de votre projet. Demandez votre devis gratuit ici.\",\"breadcrumb\":{\"@id\":\"https:\\\/\\\/culturesconnection.com\\\/fr\\\/services-de-traduction-norvegien\\\/traduction-technique-norvegien\\\/#breadcrumb\"},\"inLanguage\":\"fr-FR\",\"potentialAction\":[{\"@type\":\"ReadAction\",\"target\":[\"https:\\\/\\\/culturesconnection.com\\\/fr\\\/services-de-traduction-norvegien\\\/traduction-technique-norvegien\\\/\"]}]},{\"@type\":\"ImageObject\",\"inLanguage\":\"fr-FR\",\"@id\":\"https:\\\/\\\/culturesconnection.com\\\/fr\\\/services-de-traduction-norvegien\\\/traduction-technique-norvegien\\\/#primaryimage\",\"url\":\"https:\\\/\\\/culturesconnection.com\\\/wp-content\\\/uploads\\\/2020\\\/09\\\/P\u00e1gina_Subservicios_de_traducci\u00f3n_por_idioma.png\",\"contentUrl\":\"https:\\\/\\\/culturesconnection.com\\\/wp-content\\\/uploads\\\/2020\\\/09\\\/P\u00e1gina_Subservicios_de_traducci\u00f3n_por_idioma.png\",\"width\":1417,\"height\":561},{\"@type\":\"BreadcrumbList\",\"@id\":\"https:\\\/\\\/culturesconnection.com\\\/fr\\\/services-de-traduction-norvegien\\\/traduction-technique-norvegien\\\/#breadcrumb\",\"itemListElement\":[{\"@type\":\"ListItem\",\"position\":1,\"name\":\"Home\",\"item\":\"https:\\\/\\\/culturesconnection.com\\\/fr\\\/\"},{\"@type\":\"ListItem\",\"position\":2,\"name\":\"Agence de traduction en norv\u00e9gien\",\"item\":\"https:\\\/\\\/culturesconnection.com\\\/fr\\\/services-de-traduction-norvegien\\\/\"},{\"@type\":\"ListItem\",\"position\":3,\"name\":\"Agence de traduction technique en norv\u00e9gien\"}]},{\"@type\":\"WebSite\",\"@id\":\"https:\\\/\\\/culturesconnection.com\\\/fr\\\/#website\",\"url\":\"https:\\\/\\\/culturesconnection.com\\\/fr\\\/\",\"name\":\"Cultures Connection\",\"description\":\"Cultures Connection is a translation agency dedicated to the success of its international clients.\",\"publisher\":{\"@id\":\"https:\\\/\\\/culturesconnection.com\\\/fr\\\/#organization\"},\"potentialAction\":[{\"@type\":\"SearchAction\",\"target\":{\"@type\":\"EntryPoint\",\"urlTemplate\":\"https:\\\/\\\/culturesconnection.com\\\/fr\\\/?s={search_term_string}\"},\"query-input\":{\"@type\":\"PropertyValueSpecification\",\"valueRequired\":true,\"valueName\":\"search_term_string\"}}],\"inLanguage\":\"fr-FR\"},{\"@type\":\"Organization\",\"@id\":\"https:\\\/\\\/culturesconnection.com\\\/fr\\\/#organization\",\"name\":\"Cultures Connection\",\"url\":\"https:\\\/\\\/culturesconnection.com\\\/fr\\\/\",\"logo\":{\"@type\":\"ImageObject\",\"inLanguage\":\"fr-FR\",\"@id\":\"https:\\\/\\\/culturesconnection.com\\\/fr\\\/#\\\/schema\\\/logo\\\/image\\\/\",\"url\":\"https:\\\/\\\/culturesconnection.com\\\/wp-content\\\/uploads\\\/2022\\\/06\\\/cropped-favicon512x512.png\",\"contentUrl\":\"https:\\\/\\\/culturesconnection.com\\\/wp-content\\\/uploads\\\/2022\\\/06\\\/cropped-favicon512x512.png\",\"width\":512,\"height\":512,\"caption\":\"Cultures Connection\"},\"image\":{\"@id\":\"https:\\\/\\\/culturesconnection.com\\\/fr\\\/#\\\/schema\\\/logo\\\/image\\\/\"},\"sameAs\":[\"https:\\\/\\\/www.facebook.com\\\/CulturesConnection\",\"https:\\\/\\\/x.com\\\/CulturesCo_\"]}]}<\/script>\n<!-- \/ Yoast SEO Premium plugin. -->","yoast_head_json":{"title":"Services de traduction technique norv\u00e9gien","description":"Vous avez besoin d\u2019une traduction technique norv\u00e9gien-fran\u00e7ais ? Cultures Connection se charge de votre projet. Demandez votre devis gratuit ici.","robots":{"index":"index","follow":"follow","max-snippet":"max-snippet:-1","max-image-preview":"max-image-preview:large","max-video-preview":"max-video-preview:-1"},"canonical":"https:\/\/culturesconnection.com\/fr\/services-de-traduction-norvegien\/traduction-technique-norvegien\/","og_locale":"fr_FR","og_type":"article","og_title":"Agence de traduction technique en norv\u00e9gien","og_description":"Vous avez besoin d\u2019une traduction technique norv\u00e9gien-fran\u00e7ais ? Cultures Connection se charge de votre projet. Demandez votre devis gratuit ici.","og_url":"https:\/\/culturesconnection.com\/fr\/services-de-traduction-norvegien\/traduction-technique-norvegien\/","og_site_name":"Cultures Connection","article_publisher":"https:\/\/www.facebook.com\/CulturesConnection","article_modified_time":"2022-12-07T09:36:28+00:00","og_image":[{"width":1417,"height":561,"url":"https:\/\/culturesconnection.com\/wp-content\/uploads\/2020\/09\/P\u00e1gina_Subservicios_de_traducci\u00f3n_por_idioma.png","type":"image\/png"}],"twitter_card":"summary_large_image","twitter_site":"@CulturesCo_","twitter_misc":{"Dur\u00e9e de lecture estim\u00e9e":"2 minutes"},"schema":{"@context":"https:\/\/schema.org","@graph":[{"@type":"WebPage","@id":"https:\/\/culturesconnection.com\/fr\/services-de-traduction-norvegien\/traduction-technique-norvegien\/","url":"https:\/\/culturesconnection.com\/fr\/services-de-traduction-norvegien\/traduction-technique-norvegien\/","name":"Services de traduction technique norv\u00e9gien","isPartOf":{"@id":"https:\/\/culturesconnection.com\/fr\/#website"},"primaryImageOfPage":{"@id":"https:\/\/culturesconnection.com\/fr\/services-de-traduction-norvegien\/traduction-technique-norvegien\/#primaryimage"},"image":{"@id":"https:\/\/culturesconnection.com\/fr\/services-de-traduction-norvegien\/traduction-technique-norvegien\/#primaryimage"},"thumbnailUrl":"https:\/\/culturesconnection.com\/wp-content\/uploads\/2020\/09\/P\u00e1gina_Subservicios_de_traducci\u00f3n_por_idioma.png","datePublished":"2018-10-30T00:03:09+00:00","dateModified":"2022-12-07T09:36:28+00:00","description":"Vous avez besoin d\u2019une traduction technique norv\u00e9gien-fran\u00e7ais ? Cultures Connection se charge de votre projet. Demandez votre devis gratuit ici.","breadcrumb":{"@id":"https:\/\/culturesconnection.com\/fr\/services-de-traduction-norvegien\/traduction-technique-norvegien\/#breadcrumb"},"inLanguage":"fr-FR","potentialAction":[{"@type":"ReadAction","target":["https:\/\/culturesconnection.com\/fr\/services-de-traduction-norvegien\/traduction-technique-norvegien\/"]}]},{"@type":"ImageObject","inLanguage":"fr-FR","@id":"https:\/\/culturesconnection.com\/fr\/services-de-traduction-norvegien\/traduction-technique-norvegien\/#primaryimage","url":"https:\/\/culturesconnection.com\/wp-content\/uploads\/2020\/09\/P\u00e1gina_Subservicios_de_traducci\u00f3n_por_idioma.png","contentUrl":"https:\/\/culturesconnection.com\/wp-content\/uploads\/2020\/09\/P\u00e1gina_Subservicios_de_traducci\u00f3n_por_idioma.png","width":1417,"height":561},{"@type":"BreadcrumbList","@id":"https:\/\/culturesconnection.com\/fr\/services-de-traduction-norvegien\/traduction-technique-norvegien\/#breadcrumb","itemListElement":[{"@type":"ListItem","position":1,"name":"Home","item":"https:\/\/culturesconnection.com\/fr\/"},{"@type":"ListItem","position":2,"name":"Agence de traduction en norv\u00e9gien","item":"https:\/\/culturesconnection.com\/fr\/services-de-traduction-norvegien\/"},{"@type":"ListItem","position":3,"name":"Agence de traduction technique en norv\u00e9gien"}]},{"@type":"WebSite","@id":"https:\/\/culturesconnection.com\/fr\/#website","url":"https:\/\/culturesconnection.com\/fr\/","name":"Cultures Connection","description":"Cultures Connection is a translation agency dedicated to the success of its international clients.","publisher":{"@id":"https:\/\/culturesconnection.com\/fr\/#organization"},"potentialAction":[{"@type":"SearchAction","target":{"@type":"EntryPoint","urlTemplate":"https:\/\/culturesconnection.com\/fr\/?s={search_term_string}"},"query-input":{"@type":"PropertyValueSpecification","valueRequired":true,"valueName":"search_term_string"}}],"inLanguage":"fr-FR"},{"@type":"Organization","@id":"https:\/\/culturesconnection.com\/fr\/#organization","name":"Cultures Connection","url":"https:\/\/culturesconnection.com\/fr\/","logo":{"@type":"ImageObject","inLanguage":"fr-FR","@id":"https:\/\/culturesconnection.com\/fr\/#\/schema\/logo\/image\/","url":"https:\/\/culturesconnection.com\/wp-content\/uploads\/2022\/06\/cropped-favicon512x512.png","contentUrl":"https:\/\/culturesconnection.com\/wp-content\/uploads\/2022\/06\/cropped-favicon512x512.png","width":512,"height":512,"caption":"Cultures Connection"},"image":{"@id":"https:\/\/culturesconnection.com\/fr\/#\/schema\/logo\/image\/"},"sameAs":["https:\/\/www.facebook.com\/CulturesConnection","https:\/\/x.com\/CulturesCo_"]}]}},"_links":{"self":[{"href":"https:\/\/culturesconnection.com\/fr\/wp-json\/wp\/v2\/pages\/10590","targetHints":{"allow":["GET"]}}],"collection":[{"href":"https:\/\/culturesconnection.com\/fr\/wp-json\/wp\/v2\/pages"}],"about":[{"href":"https:\/\/culturesconnection.com\/fr\/wp-json\/wp\/v2\/types\/page"}],"author":[{"embeddable":true,"href":"https:\/\/culturesconnection.com\/fr\/wp-json\/wp\/v2\/users\/42"}],"replies":[{"embeddable":true,"href":"https:\/\/culturesconnection.com\/fr\/wp-json\/wp\/v2\/comments?post=10590"}],"version-history":[{"count":0,"href":"https:\/\/culturesconnection.com\/fr\/wp-json\/wp\/v2\/pages\/10590\/revisions"}],"up":[{"embeddable":true,"href":"https:\/\/culturesconnection.com\/fr\/wp-json\/wp\/v2\/pages\/6583"}],"wp:featuredmedia":[{"embeddable":true,"href":"https:\/\/culturesconnection.com\/fr\/wp-json\/wp\/v2\/media\/24329"}],"wp:attachment":[{"href":"https:\/\/culturesconnection.com\/fr\/wp-json\/wp\/v2\/media?parent=10590"}],"curies":[{"name":"wp","href":"https:\/\/api.w.org\/{rel}","templated":true}]}}