{"id":10589,"date":"2018-10-30T00:52:54","date_gmt":"2018-10-29T23:52:54","guid":{"rendered":"http:\/\/culturesconnection.com\/?page_id=10589"},"modified":"2022-12-07T10:49:47","modified_gmt":"2022-12-07T09:49:47","slug":"traduction-medicale-norvegien","status":"publish","type":"page","link":"https:\/\/culturesconnection.com\/fr\/services-de-traduction-norvegien\/traduction-medicale-norvegien\/","title":{"rendered":"Agence de traduction m\u00e9dicale en norv\u00e9gien"},"content":{"rendered":"\n<h2 class=\"wp-block-heading\">AGENCE DE TRADUCTION M\u00c9DICALE NORV\u00c9GIEN-FRAN\u00c7AIS \u00c0 VOTRE SERVICE<\/h2>\n\n\n\n<p><a href=\"https:\/\/culturesconnection.com\/fr\/traduction-medicale\/\">La traduction m\u00e9dicale<\/a> est un domaine tr\u00e8s important car il permet le partage des connaissances, des nouvelles techniques d\u00e9couvertes dans le secteur m\u00e9dical, ou encore des recherches r\u00e9alis\u00e9es d\u2019un pays \u00e0 un autre. Il est donc crucial que ce soit un traducteur professionnel sp\u00e9cialis\u00e9 dans le domaine qui s\u2019attelle \u00e0 cette t\u00e2che, car la terminologie employ\u00e9e est extr\u00eamement pr\u00e9cise. D&rsquo;\u00e9ventuelles erreurs de traduction auraient des cons\u00e9quences dramatiques, sur la vie des patients par exemple. Faites donc appel aux services d\u2019un traducteur expert dans ce domaine afin d\u2019\u00e9viter tout risque inutile.<\/p>\n\n\n\n<h2 class=\"wp-block-heading\">VOUS RECHERCHEZ UN TRADUCTEUR M\u00c9DICAL ?<\/h2>\n\n\n\n<p>Que votre projet traite de neurologie, de m\u00e9decine g\u00e9n\u00e9rale ou encore de chirurgie, <a href=\"https:\/\/culturesconnection.com\/fr\/\">notre agence de traduction<\/a> a la garantie de trouver le traducteur le plus qualifi\u00e9 et le plus comp\u00e9tent parmi notre large r\u00e9seau de traducteurs sp\u00e9cialis\u00e9s dans ce domaine. Nous les s\u00e9lectionnons en fonction de leurs comp\u00e9tences et de leur exp\u00e9rience. La plupart d\u2019entre eux ont travaill\u00e9 dans le milieu apr\u00e8s avoir suivi des ann\u00e9es d\u2019\u00e9tudes dans le secteur m\u00e9dical. Ceci leur permet de traduire vos projets m\u00e9dicaux avec un grand professionnalisme et une grande rigueur. Ils ne laissent rien au hasard, nous&nbsp; assurant de pouvoir vous fournir des services de traduction d\u2019une grande qualit\u00e9 et d\u2019une grande fiabilit\u00e9.<\/p>\n\n\n\n<h2 class=\"wp-block-heading\">VOS DOCUMENTS M\u00c9DICAUX EN NORV\u00c9GIEN<\/h2>\n\n\n\n<p>La liste ci-dessous reprend certains exemples de traductions m\u00e9dicales d\u00e9j\u00e0 prises en charge par nos \u00e9quipes de traduction en norv\u00e9gien :<\/p>\n\n\n\n<ul class=\"wp-block-list\"><li>Revues<\/li><li>Rapports de conf\u00e9rence<\/li><li>Publications<\/li><li>Projets et comptes rendus de recherche<\/li><li>R\u00e9sultats d\u2019\u00e9tudes et \u00e9tats de nouvelles recherches<\/li><li>Ouvrages de vulgarisation<\/li><li>Rapports d\u2019essais<\/li><li>Questionnaires<\/li><li>Notices<\/li><li>Posologies de nouveaux produits<\/li><li>R\u00e9sultats d\u2019essais cliniques<\/li><li>R\u00e9glementations pharmaceutiques<\/li><li>Rapports d\u2019expertise m\u00e9dicale<\/li><\/ul>\n","protected":false},"excerpt":{"rendered":"<p>AGENCE DE TRADUCTION M\u00c9DICALE NORV\u00c9GIEN-FRAN\u00c7AIS \u00c0 VOTRE SERVICE La traduction m\u00e9dicale est un domaine tr\u00e8s important car il permet le partage des connaissances, des nouvelles [&#8230;]<\/p>\n<p><a class=\"btn btn-secondary understrap-read-more-link\" href=\"https:\/\/culturesconnection.com\/fr\/services-de-traduction-norvegien\/traduction-medicale-norvegien\/\">Lire la suite\u2026<span class=\"screen-reader-text\"> from Agence de traduction m\u00e9dicale en norv\u00e9gien<\/span><\/a><\/p>\n","protected":false},"author":42,"featured_media":24329,"parent":6583,"menu_order":0,"comment_status":"closed","ping_status":"closed","template":"","meta":{"_acf_changed":false,"_editorskit_title_hidden":false,"_editorskit_reading_time":0,"_editorskit_is_block_options_detached":false,"_editorskit_block_options_position":"{}","footnotes":""},"class_list":["post-10589","page","type-page","status-publish","has-post-thumbnail","hentry"],"acf":[],"_links":{"self":[{"href":"https:\/\/culturesconnection.com\/fr\/wp-json\/wp\/v2\/pages\/10589","targetHints":{"allow":["GET"]}}],"collection":[{"href":"https:\/\/culturesconnection.com\/fr\/wp-json\/wp\/v2\/pages"}],"about":[{"href":"https:\/\/culturesconnection.com\/fr\/wp-json\/wp\/v2\/types\/page"}],"author":[{"embeddable":true,"href":"https:\/\/culturesconnection.com\/fr\/wp-json\/wp\/v2\/users\/42"}],"replies":[{"embeddable":true,"href":"https:\/\/culturesconnection.com\/fr\/wp-json\/wp\/v2\/comments?post=10589"}],"version-history":[{"count":0,"href":"https:\/\/culturesconnection.com\/fr\/wp-json\/wp\/v2\/pages\/10589\/revisions"}],"up":[{"embeddable":true,"href":"https:\/\/culturesconnection.com\/fr\/wp-json\/wp\/v2\/pages\/6583"}],"wp:featuredmedia":[{"embeddable":true,"href":"https:\/\/culturesconnection.com\/fr\/wp-json\/wp\/v2\/media\/24329"}],"wp:attachment":[{"href":"https:\/\/culturesconnection.com\/fr\/wp-json\/wp\/v2\/media?parent=10589"}],"curies":[{"name":"wp","href":"https:\/\/api.w.org\/{rel}","templated":true}]}}