{"id":10586,"date":"2018-10-30T01:05:37","date_gmt":"2018-10-30T00:05:37","guid":{"rendered":"http:\/\/culturesconnection.com\/?page_id=10586"},"modified":"2022-12-07T11:25:35","modified_gmt":"2022-12-07T10:25:35","slug":"traduction-commerciale-norvegien","status":"publish","type":"page","link":"https:\/\/culturesconnection.com\/fr\/services-de-traduction-norvegien\/traduction-commerciale-norvegien\/","title":{"rendered":"Agence de traduction commerciale en norv\u00e9gien"},"content":{"rendered":"\n<h2 class=\"wp-block-heading\">DES SP\u00c9CIALISTES DE LA TRADUCTION COMMERCIALE NORV\u00c9GIEN &#8211; FRAN\u00c7AIS \u00c0 VOTRE SERVICE<\/h2>\n\n\n\n<p>La traduction commerciale est devenue un moyen indispensable pour les entreprises d\u2019\u00e9tendre leur activit\u00e9 \u00e0 l\u2019international, en raison de la globalisation. Vos futurs clients ou vos futurs partenaires commerciaux appr\u00e9cieront d\u2019autant plus de se retrouver face \u00e0 un document r\u00e9dig\u00e9 dans leur langue maternelle plut\u00f4t que dans la langue universelle, qui est l\u2019anglais. Les avantages et les b\u00e9n\u00e9fices que vous en tirerez sur le long terme sont inestimables. Il vous suffit donc d\u2019avoir recours aux services d\u2019un traducteur professionnel sp\u00e9cialis\u00e9 dans le domaine commercial qui sera \u00e0 m\u00eame de r\u00e9aliser tous vos projets dans les meilleures conditions pour vous rendre un travail de qualit\u00e9.<\/p>\n\n\n\n<h2 class=\"wp-block-heading\">NOTRE BUREAU DE TRADUCTION<\/h2>\n\n\n\n<p><a href=\"https:\/\/culturesconnection.com\/fr\/\">Notre agence de traduction<\/a> vous propose les services de traducteurs professionnels sp\u00e9cialis\u00e9s dans le domaine commercial. Ils peuvent tous justifier d\u2019une exp\u00e9rience dans le milieu commercial ou poss\u00e8dent de solides connaissances acquises lors de leurs \u00e9tudes sp\u00e9cialis\u00e9es. Dans tous les cas, ils sont hautement qualifi\u00e9s pour r\u00e9pondre \u00e0 tous vos besoins en mati\u00e8re de traduction commerciale. Chez Cultures Connection, la pr\u00e9cision est une valeur importante \u00e0 nos yeux, c\u2019est pourquoi nos traducteurs traduisent uniquement vers leur langue maternelle, pour \u00eatre capable de jouer avec les subtilit\u00e9s du texte source. Ne vous posez plus de questions et faites appel \u00e0 notre agence d\u00e8s \u00e0 pr\u00e9sent !<\/p>\n\n\n\n<h2 class=\"wp-block-heading\">LA TRADUCTION DE VOS DOCUMENTS COMMERCIAUX EN NORV\u00c9GIEN<\/h2>\n\n\n\n<p><a href=\"https:\/\/culturesconnection.com\/fr\/traduction-commerciale\/\">La traduction commerciale<\/a> est un domaine vaste dans lequel il existe de nombreuses prestations linguistiques possibles. Voici quelques exemples de documents qui ont d\u00e9j\u00e0 \u00e9t\u00e9 trait\u00e9s en norv\u00e9gien par nos \u00e9quipes au sein de Cultures Connection :<\/p>\n\n\n\n<ul class=\"wp-block-list\"><li>Sites web<\/li><li>Pr\u00e9sentations<\/li><li>Catalogues<\/li><li>\u00c9tudes de march\u00e9<\/li><li>Supports publicitaires<\/li><li>Lettres d\u2019information commerciales<\/li><li>Publicit\u00e9s<\/li><li>Livres blancs<\/li><li>Plaquettes<\/li><li>Brochures<\/li><li>Cartes de visite<\/li><li>Campagnes m\u00e9dias<\/li><li>Communiqu\u00e9s<\/li><\/ul>\n","protected":false},"excerpt":{"rendered":"<p>DES SP\u00c9CIALISTES DE LA TRADUCTION COMMERCIALE NORV\u00c9GIEN &#8211; FRAN\u00c7AIS \u00c0 VOTRE SERVICE La traduction commerciale est devenue un moyen indispensable pour les entreprises d\u2019\u00e9tendre leur [&#8230;]<\/p>\n<p><a class=\"btn btn-secondary understrap-read-more-link\" href=\"https:\/\/culturesconnection.com\/fr\/services-de-traduction-norvegien\/traduction-commerciale-norvegien\/\">Lire la suite\u2026<span class=\"screen-reader-text\"> from Agence de traduction commerciale en norv\u00e9gien<\/span><\/a><\/p>\n","protected":false},"author":42,"featured_media":24329,"parent":6583,"menu_order":0,"comment_status":"closed","ping_status":"closed","template":"","meta":{"_acf_changed":false,"_editorskit_title_hidden":false,"_editorskit_reading_time":1,"_editorskit_is_block_options_detached":false,"_editorskit_block_options_position":"{}","footnotes":""},"class_list":["post-10586","page","type-page","status-publish","has-post-thumbnail","hentry"],"acf":[],"_links":{"self":[{"href":"https:\/\/culturesconnection.com\/fr\/wp-json\/wp\/v2\/pages\/10586","targetHints":{"allow":["GET"]}}],"collection":[{"href":"https:\/\/culturesconnection.com\/fr\/wp-json\/wp\/v2\/pages"}],"about":[{"href":"https:\/\/culturesconnection.com\/fr\/wp-json\/wp\/v2\/types\/page"}],"author":[{"embeddable":true,"href":"https:\/\/culturesconnection.com\/fr\/wp-json\/wp\/v2\/users\/42"}],"replies":[{"embeddable":true,"href":"https:\/\/culturesconnection.com\/fr\/wp-json\/wp\/v2\/comments?post=10586"}],"version-history":[{"count":0,"href":"https:\/\/culturesconnection.com\/fr\/wp-json\/wp\/v2\/pages\/10586\/revisions"}],"up":[{"embeddable":true,"href":"https:\/\/culturesconnection.com\/fr\/wp-json\/wp\/v2\/pages\/6583"}],"wp:featuredmedia":[{"embeddable":true,"href":"https:\/\/culturesconnection.com\/fr\/wp-json\/wp\/v2\/media\/24329"}],"wp:attachment":[{"href":"https:\/\/culturesconnection.com\/fr\/wp-json\/wp\/v2\/media?parent=10586"}],"curies":[{"name":"wp","href":"https:\/\/api.w.org\/{rel}","templated":true}]}}