{"id":10580,"date":"2018-10-30T01:07:38","date_gmt":"2018-10-30T00:07:38","guid":{"rendered":"http:\/\/culturesconnection.com\/?page_id=10580"},"modified":"2022-12-09T11:51:14","modified_gmt":"2022-12-09T10:51:14","slug":"traduction-juridique-danois","status":"publish","type":"page","link":"https:\/\/culturesconnection.com\/fr\/services-de-traduction-danois\/traduction-juridique-danois\/","title":{"rendered":"Agence de traduction juridique en danois"},"content":{"rendered":"\n<h2 class=\"wp-block-heading\">UN TRAVAIL R\u00c9ALIS\u00c9 PAR DES SP\u00c9CIALISTES DE LA TRADUCTION JURIDIQUE DANOIS &#8211; FRAN\u00c7AIS<\/h2>\n\n\n\n<p><a href=\"https:\/\/culturesconnection.com\/fr\/traduction-juridique\/\">La traduction juridique<\/a> est loin d\u2019\u00eatre l\u2019exercice le plus simple \u00e0 r\u00e9aliser. En effet, il est souvent difficile de trouver des \u00e9quivalents entre le texte source et le texte cible pour certains termes, du fait des nombreuses diff\u00e9rences entre les syst\u00e8mes juridiques existants dans le monde. Les documents juridiques ont \u00e9galement une grande valeur l\u00e9gale. La mission du traducteur est donc de reproduire cette m\u00eame valeur l\u00e9gale dans le document cible. Pour toutes ces raisons il convient de faire appel \u00e0 un traducteur sp\u00e9cialis\u00e9 dans ce secteur, qui ma\u00eetrise totalement la terminologie et les normes en vigueur. Choisissez une agence de traduction en laquelle vous avez pleinement confiance pour vous garantir des services linguistiques de qualit\u00e9 et les plus fiables possibles.<\/p>\n\n\n\n<h2 class=\"wp-block-heading\">NOTRE AGENCE DE TRADUCTION JURIDIQUE<\/h2>\n\n\n\n<p>Faire le choix de Cultures Connection pour vos documents juridiques en danois, c\u2019est faire le choix de la qualit\u00e9, de la pr\u00e9cision et de la fiabilit\u00e9. En effet, notre agence de traduction n\u2019emploie que des traducteurs sp\u00e9cialis\u00e9s dans le domaine juridique, qui ont acquis leurs connaissances \u00e0 travers des formations sp\u00e9cifiques ou apr\u00e8s une exp\u00e9rience professionnelle en tant qu\u2019avocats ou juristes par exemple. Ils traduisent toujours vers leur langue maternelle pour vous garantir un produit final de la meilleure qualit\u00e9. Dans <a href=\"https:\/\/culturesconnection.com\/fr\/\">notre agence de traduction<\/a>, nous mettons un point d\u2019honneur \u00e0 vous proposer des services de traduction de haute qualit\u00e9. Si vous disposez d\u2019un document juridique en danois et que vous souhaitez le faire traduire en fran\u00e7ais ou inversement, faites appel \u00e0 notre agence et \u00e0 nos \u00e9quipes d\u2019experts !<\/p>\n\n\n\n<h2 class=\"wp-block-heading\">VOS DOCUMENTS JURIDIQUES TRADUITS EN DANOIS<\/h2>\n\n\n\n<p>Voici quelques exemples de traductions juridiques professionnelles r\u00e9alis\u00e9es en danois par Cultures Connection :<\/p>\n\n\n\n<ul class=\"wp-block-list\">\n<li>Contrats de distribution, de vente et de travail<\/li>\n\n\n\n<li>D\u00e9p\u00f4ts de plaintes<\/li>\n\n\n\n<li>Proc\u00e9dures judiciaires<\/li>\n\n\n\n<li>Conditions g\u00e9n\u00e9rales<\/li>\n\n\n\n<li>Rapports d\u2019expertises<\/li>\n\n\n\n<li>R\u00e9glementation<\/li>\n\n\n\n<li>Dossiers d\u2019h\u00e9ritage<\/li>\n\n\n\n<li>Demandes de divorce<\/li>\n\n\n\n<li>Clauses de non-concurrence et de non-confidentialit\u00e9<\/li>\n\n\n\n<li>Lettres d\u2019intention<\/li>\n\n\n\n<li>Procurations<\/li>\n\n\n\n<li>Mainlev\u00e9es judiciaires<\/li>\n\n\n\n<li>Statuts de soci\u00e9t\u00e9<\/li>\n<\/ul>\n","protected":false},"excerpt":{"rendered":"<p>UN TRAVAIL R\u00c9ALIS\u00c9 PAR DES SP\u00c9CIALISTES DE LA TRADUCTION JURIDIQUE DANOIS &#8211; FRAN\u00c7AIS La traduction juridique est loin d\u2019\u00eatre l\u2019exercice le plus simple \u00e0 r\u00e9aliser. [&#8230;]<\/p>\n<p><a class=\"btn btn-secondary understrap-read-more-link\" href=\"https:\/\/culturesconnection.com\/fr\/services-de-traduction-danois\/traduction-juridique-danois\/\">Lire la suite\u2026<span class=\"screen-reader-text\"> from Agence de traduction juridique en danois<\/span><\/a><\/p>\n","protected":false},"author":42,"featured_media":24329,"parent":6570,"menu_order":0,"comment_status":"closed","ping_status":"closed","template":"","meta":{"_acf_changed":false,"_editorskit_title_hidden":false,"_editorskit_reading_time":0,"_editorskit_is_block_options_detached":false,"_editorskit_block_options_position":"{}","footnotes":""},"class_list":["post-10580","page","type-page","status-publish","has-post-thumbnail","hentry"],"acf":[],"_links":{"self":[{"href":"https:\/\/culturesconnection.com\/fr\/wp-json\/wp\/v2\/pages\/10580","targetHints":{"allow":["GET"]}}],"collection":[{"href":"https:\/\/culturesconnection.com\/fr\/wp-json\/wp\/v2\/pages"}],"about":[{"href":"https:\/\/culturesconnection.com\/fr\/wp-json\/wp\/v2\/types\/page"}],"author":[{"embeddable":true,"href":"https:\/\/culturesconnection.com\/fr\/wp-json\/wp\/v2\/users\/42"}],"replies":[{"embeddable":true,"href":"https:\/\/culturesconnection.com\/fr\/wp-json\/wp\/v2\/comments?post=10580"}],"version-history":[{"count":0,"href":"https:\/\/culturesconnection.com\/fr\/wp-json\/wp\/v2\/pages\/10580\/revisions"}],"up":[{"embeddable":true,"href":"https:\/\/culturesconnection.com\/fr\/wp-json\/wp\/v2\/pages\/6570"}],"wp:featuredmedia":[{"embeddable":true,"href":"https:\/\/culturesconnection.com\/fr\/wp-json\/wp\/v2\/media\/24329"}],"wp:attachment":[{"href":"https:\/\/culturesconnection.com\/fr\/wp-json\/wp\/v2\/media?parent=10580"}],"curies":[{"name":"wp","href":"https:\/\/api.w.org\/{rel}","templated":true}]}}