{"id":10579,"date":"2018-10-30T01:07:20","date_gmt":"2018-10-30T00:07:20","guid":{"rendered":"http:\/\/culturesconnection.com\/?page_id=10579"},"modified":"2022-12-09T11:45:42","modified_gmt":"2022-12-09T10:45:42","slug":"traduction-technique-danois","status":"publish","type":"page","link":"https:\/\/culturesconnection.com\/fr\/services-de-traduction-danois\/traduction-technique-danois\/","title":{"rendered":"Agence de traduction technique en danois"},"content":{"rendered":"\n<h2 class=\"wp-block-heading\">LA TRADUCTION TECHNIQUE DANOIS-FRAN\u00c7AIS, UN D\u00c9FI DE TAILLE<\/h2>\n\n\n\n<p>Du fait de la complexit\u00e9 et de la pr\u00e9cision de la terminologie,<a href=\"https:\/\/culturesconnection.com\/fr\/traduction-technique\/\"> la traduction technique<\/a> est un travail particuli\u00e8rement ardu. Vous ne pouvez pas confier ce projet \u00e0 n\u2019importe qui. Il convient de faire appel \u00e0 un traducteur sp\u00e9cialis\u00e9 en qui vous pouvez avoir confiance en mati\u00e8re de fiabilit\u00e9 et de justesse. Dans ce domaine, il ne s\u2019agit pas seulement de traduire les mots techniques, il faut aussi les comprendre pour pouvoir les retranscrire de la mani\u00e8re la plus pr\u00e9cise possible. Les recherches terminologiques sont donc nombreuses et tout \u00e0 fait courantes. Mais le traducteur doit bien entendu poss\u00e9der une importante connaissance des termes employ\u00e9s dans le milieu et des normes et des standards en vigueur.<\/p>\n\n\n\n<h2 class=\"wp-block-heading\">NOTRE AGENCE DE TRADUCTION TECHNIQUE<\/h2>\n\n\n\n<p>Dans <a href=\"https:\/\/culturesconnection.com\/fr\/\">notre agence de traduction<\/a>, lorsque vous faites appel \u00e0 nos services, nous confions vos projets techniques au traducteur le plus apte et le plus qualifi\u00e9 parmi notre r\u00e9seau pour r\u00e9pondre \u00e0 votre demande. Notre \u00e9quipe vous fournit des traductions de qualit\u00e9, \u00e0 la hauteur de vos exigences. Tous nos collaborateurs sont des traducteurs professionnels, recrut\u00e9s selon des crit\u00e8res de s\u00e9lection tr\u00e8s stricts. Nous les choisissons en fonction de leurs dipl\u00f4mes et de leur exp\u00e9rience, tr\u00e8s souvent acquise lors de formations intensives ou de longues \u00e9tudes sp\u00e9cialis\u00e9es dans le domaine. Ils ne traduisent \u00e9galement que vers leur langue maternelle. Tout ceci leur donne les capacit\u00e9s et les comp\u00e9tences requises pour vous proposer des services de traduction de qualit\u00e9 et aux meilleurs prix. N\u2019attendez plus et faites confiance \u00e0 Cultures Connection pour vos futurs projets de traduction technique en danois.<\/p>\n\n\n\n<h2 class=\"wp-block-heading\">VOS DOCUMENTS TECHNIQUES EN DANOIS<\/h2>\n\n\n\n<p>La liste qui suit \u00e9num\u00e8re certains des projets de traduction technique d\u00e9j\u00e0 r\u00e9alis\u00e9s chez Cultures Connection en danois par le pass\u00e9 :<\/p>\n\n\n\n<ul class=\"wp-block-list\">\n<li>Devis<\/li>\n\n\n\n<li>Textes d\u2019ing\u00e9nierie<\/li>\n\n\n\n<li>Modes d\u2019emploi de machine-outils (ou d\u2019autres types de machines)<\/li>\n\n\n\n<li>Descriptifs et fiches techniques<\/li>\n\n\n\n<li>Normes<\/li>\n\n\n\n<li>Cahiers des charges<\/li>\n\n\n\n<li>Brevets techniques<\/li>\n\n\n\n<li>Notices techniques<\/li>\n\n\n\n<li>Modes d\u2019emploi<\/li>\n\n\n\n<li>Guides d\u2019utilisateurs<\/li>\n<\/ul>\n","protected":false},"excerpt":{"rendered":"<p>LA TRADUCTION TECHNIQUE DANOIS-FRAN\u00c7AIS, UN D\u00c9FI DE TAILLE Du fait de la complexit\u00e9 et de la pr\u00e9cision de la terminologie, la traduction technique est un [&#8230;]<\/p>\n<p><a class=\"btn btn-secondary understrap-read-more-link\" href=\"https:\/\/culturesconnection.com\/fr\/services-de-traduction-danois\/traduction-technique-danois\/\">Lire la suite\u2026<span class=\"screen-reader-text\"> from Agence de traduction technique en danois<\/span><\/a><\/p>\n","protected":false},"author":42,"featured_media":24329,"parent":6570,"menu_order":0,"comment_status":"closed","ping_status":"closed","template":"","meta":{"_acf_changed":false,"_editorskit_title_hidden":false,"_editorskit_reading_time":1,"_editorskit_is_block_options_detached":false,"_editorskit_block_options_position":"{}","footnotes":""},"class_list":["post-10579","page","type-page","status-publish","has-post-thumbnail","hentry"],"acf":[],"_links":{"self":[{"href":"https:\/\/culturesconnection.com\/fr\/wp-json\/wp\/v2\/pages\/10579","targetHints":{"allow":["GET"]}}],"collection":[{"href":"https:\/\/culturesconnection.com\/fr\/wp-json\/wp\/v2\/pages"}],"about":[{"href":"https:\/\/culturesconnection.com\/fr\/wp-json\/wp\/v2\/types\/page"}],"author":[{"embeddable":true,"href":"https:\/\/culturesconnection.com\/fr\/wp-json\/wp\/v2\/users\/42"}],"replies":[{"embeddable":true,"href":"https:\/\/culturesconnection.com\/fr\/wp-json\/wp\/v2\/comments?post=10579"}],"version-history":[{"count":0,"href":"https:\/\/culturesconnection.com\/fr\/wp-json\/wp\/v2\/pages\/10579\/revisions"}],"up":[{"embeddable":true,"href":"https:\/\/culturesconnection.com\/fr\/wp-json\/wp\/v2\/pages\/6570"}],"wp:featuredmedia":[{"embeddable":true,"href":"https:\/\/culturesconnection.com\/fr\/wp-json\/wp\/v2\/media\/24329"}],"wp:attachment":[{"href":"https:\/\/culturesconnection.com\/fr\/wp-json\/wp\/v2\/media?parent=10579"}],"curies":[{"name":"wp","href":"https:\/\/api.w.org\/{rel}","templated":true}]}}