{"id":10578,"date":"2018-10-30T01:09:01","date_gmt":"2018-10-30T00:09:01","guid":{"rendered":"http:\/\/culturesconnection.com\/?page_id=10578"},"modified":"2022-12-09T11:49:16","modified_gmt":"2022-12-09T10:49:16","slug":"traduction-medicale-danois","status":"publish","type":"page","link":"https:\/\/culturesconnection.com\/fr\/services-de-traduction-danois\/traduction-medicale-danois\/","title":{"rendered":"Agence de traduction m\u00e9dicale en danois"},"content":{"rendered":"\n<h2 class=\"wp-block-heading\">DES SP\u00c9CIALISTES DE LA TRADUCTION M\u00c9DICALE DANOIS-FRAN\u00c7AIS<\/h2>\n\n\n\n<p><a href=\"https:\/\/culturesconnection.com\/fr\/traduction-medicale\/\">La traduction m\u00e9dicale<\/a> repr\u00e9sente probablement l\u2019un des exercices les plus complexes dans le domaine de la traduction. En effet, la terminologie y est d\u2019une importance capitale, car si un terme n\u2019est pas traduit de fa\u00e7on pr\u00e9cise, cela peut entra\u00eener des cons\u00e9quences tr\u00e8s graves pour la vie des patients. C\u2019est pour cette raison qu\u2019il est primordial de confier votre projet \u00e0 un traducteur sp\u00e9cialis\u00e9 dans le m\u00e9dical, qui justifie&nbsp;la plupart du temps&nbsp;d\u2019une exp\u00e9rience dans le milieu. Il s\u2019agit de la meilleure mani\u00e8re de ma\u00eetriser le jargon utilis\u00e9 et de comprendre toutes les caract\u00e9ristiques du texte source.<\/p>\n\n\n\n<h2 class=\"wp-block-heading\">BESOIN D\u2019UN TRADUCTEUR M\u00c9DICAL ? CONTACTEZ NOTRE AGENCE !<\/h2>\n\n\n\n<p><a href=\"https:\/\/culturesconnection.com\/fr\/\">Notre agence de traduction<\/a> travaille en collaboration avec un vaste r\u00e9seau de traducteurs sp\u00e9cialis\u00e9s qui allient comp\u00e9tences m\u00e9dicales et comp\u00e9tences linguistiques, dans le but de vous fournir des services de traduction fiables, pr\u00e9cis et de qualit\u00e9. Nos traducteurs sont tous natifs, c\u2019est \u00e0 dire qu\u2019ils traduisent uniquement vers leur langue maternelle. Chez Cultures Connection, nos experts sont \u00e9galement sp\u00e9cialis\u00e9s dans de nombreux sous-domaines, ce qui nous permet de r\u00e9pondre \u00e0 l&rsquo;actuelle demande, toujours plus grandissante. Si vous avez un projet de traduction m\u00e9dicale en danois, ne cherchez plus, notre \u00e9quipe est l\u00e0 pour vous aider !<\/p>\n\n\n\n<h2 class=\"wp-block-heading\">VOS DOCUMENTS M\u00c9DICAUX EN DANOIS<\/h2>\n\n\n\n<p>Voici une liste non exhaustive de documents m\u00e9dicaux d\u00e9j\u00e0 traduits par notre \u00e9quipe en danois :<\/p>\n\n\n\n<ul class=\"wp-block-list\">\n<li>Revues<\/li>\n\n\n\n<li>Rapports de conf\u00e9rence<\/li>\n\n\n\n<li>Publications<\/li>\n\n\n\n<li>Projets et comptes rendus de recherche<\/li>\n\n\n\n<li>R\u00e9sultats d\u2019\u00e9tudes et \u00e9tats de nouvelles recherches<\/li>\n\n\n\n<li>Ouvrages de vulgarisation<\/li>\n\n\n\n<li>Rapports d\u2019essais<\/li>\n\n\n\n<li>Questionnaires<\/li>\n\n\n\n<li>Notices<\/li>\n\n\n\n<li>Posologies de nouveaux produits<\/li>\n\n\n\n<li>R\u00e9sultats d\u2019essais cliniques<\/li>\n\n\n\n<li>R\u00e9glementations pharmaceutiques<\/li>\n\n\n\n<li>Rapports d\u2019expertise m\u00e9dicale<\/li>\n<\/ul>\n","protected":false},"excerpt":{"rendered":"<p>DES SP\u00c9CIALISTES DE LA TRADUCTION M\u00c9DICALE DANOIS-FRAN\u00c7AIS La traduction m\u00e9dicale repr\u00e9sente probablement l\u2019un des exercices les plus complexes dans le domaine de la traduction. En [&#8230;]<\/p>\n<p><a class=\"btn btn-secondary understrap-read-more-link\" href=\"https:\/\/culturesconnection.com\/fr\/services-de-traduction-danois\/traduction-medicale-danois\/\">Lire la suite\u2026<span class=\"screen-reader-text\"> from Agence de traduction m\u00e9dicale en danois<\/span><\/a><\/p>\n","protected":false},"author":42,"featured_media":24329,"parent":6570,"menu_order":0,"comment_status":"closed","ping_status":"closed","template":"","meta":{"_acf_changed":false,"_editorskit_title_hidden":false,"_editorskit_reading_time":1,"_editorskit_is_block_options_detached":false,"_editorskit_block_options_position":"{}","footnotes":""},"class_list":["post-10578","page","type-page","status-publish","has-post-thumbnail","hentry"],"acf":[],"_links":{"self":[{"href":"https:\/\/culturesconnection.com\/fr\/wp-json\/wp\/v2\/pages\/10578","targetHints":{"allow":["GET"]}}],"collection":[{"href":"https:\/\/culturesconnection.com\/fr\/wp-json\/wp\/v2\/pages"}],"about":[{"href":"https:\/\/culturesconnection.com\/fr\/wp-json\/wp\/v2\/types\/page"}],"author":[{"embeddable":true,"href":"https:\/\/culturesconnection.com\/fr\/wp-json\/wp\/v2\/users\/42"}],"replies":[{"embeddable":true,"href":"https:\/\/culturesconnection.com\/fr\/wp-json\/wp\/v2\/comments?post=10578"}],"version-history":[{"count":0,"href":"https:\/\/culturesconnection.com\/fr\/wp-json\/wp\/v2\/pages\/10578\/revisions"}],"up":[{"embeddable":true,"href":"https:\/\/culturesconnection.com\/fr\/wp-json\/wp\/v2\/pages\/6570"}],"wp:featuredmedia":[{"embeddable":true,"href":"https:\/\/culturesconnection.com\/fr\/wp-json\/wp\/v2\/media\/24329"}],"wp:attachment":[{"href":"https:\/\/culturesconnection.com\/fr\/wp-json\/wp\/v2\/media?parent=10578"}],"curies":[{"name":"wp","href":"https:\/\/api.w.org\/{rel}","templated":true}]}}